{"id":1428,"date":"2025-03-27T10:13:23","date_gmt":"2025-03-27T10:13:23","guid":{"rendered":"https:\/\/dubaidatesnutrition.com\/ergaenzungen-zur-verstaerkung"},"modified":"2025-03-27T10:13:23","modified_gmt":"2025-03-27T10:13:23","slug":"ergaenzungen-zur-verstaerkung","status":"publish","type":"page","link":"https:\/\/dubaidatesnutrition.com\/de\/ergaenzungen-zur-verstaerkung","title":{"rendered":"Erg\u00e4nzungen zur Verst\u00e4rkung"},"content":{"rendered":"<p>[et_pb_section fb_built=&#8220;1&#8243; _builder_version=&#8220;4.27.0&#8243; _module_preset=&#8220;default&#8220; custom_padding=&#8220;0px||0px||true|false&#8220; global_colors_info=&#8220;{}&#8220;][et_pb_row _builder_version=&#8220;4.27.0&#8243; _module_preset=&#8220;default&#8220; width=&#8220;90%&#8220; max_width=&#8220;90%&#8220; custom_margin=&#8220;0%||||false|false&#8220; custom_padding=&#8220;0px||0px||true|false&#8220; global_colors_info=&#8220;{}&#8220;][et_pb_column type=&#8220;4_4&#8243; _builder_version=&#8220;4.27.0&#8243; _module_preset=&#8220;default&#8220; global_colors_info=&#8220;{}&#8220;][et_pb_text _builder_version=&#8220;4.27.0&#8243; _module_preset=&#8220;default&#8220; header_font=&#8220;uninova bold||||||||&#8220; header_text_color=&#8220;#FFFFFF&#8220; header_font_size=&#8220;120px&#8220; custom_margin=&#8220;-6%||||false|false&#8220; custom_margin_tablet=&#8220;-6%||||false|false&#8220; custom_margin_phone=&#8220;-25%||||false|false&#8220; custom_margin_last_edited=&#8220;on|phone&#8220; header_font_size_tablet=&#8220;120px&#8220; header_font_size_phone=&#8220;50px&#8220; header_font_size_last_edited=&#8220;on|phone&#8220; global_colors_info=&#8220;{}&#8220;]<\/p>\n<h1>Erg\u00e4nzungen zur Verst\u00e4rkung<\/h1>\n<p>[\/et_pb_text][\/et_pb_column][\/et_pb_row][\/et_pb_section][et_pb_section fb_built=&#8220;1&#8243; custom_padding_last_edited=&#8220;on|phone&#8220; _builder_version=&#8220;4.27.0&#8243; _module_preset=&#8220;default&#8220; custom_padding_tablet=&#8220;&#8220; custom_padding_phone=&#8220;10%||||false|false&#8220; global_colors_info=&#8220;{}&#8220;][et_pb_row _builder_version=&#8220;4.27.0&#8243; _module_preset=&#8220;default&#8220; width=&#8220;90%&#8220; max_width=&#8220;90%&#8220; custom_padding=&#8220;0px||0px||true|false&#8220; global_colors_info=&#8220;{}&#8220;][et_pb_column type=&#8220;4_4&#8243; _builder_version=&#8220;4.27.0&#8243; _module_preset=&#8220;default&#8220; global_colors_info=&#8220;{}&#8220;][et_pb_text _builder_version=&#8220;4.27.4&#8243; _module_preset=&#8220;default&#8220; header_font=&#8220;uninova bold||||||||&#8220; header_text_color=&#8220;#2b2b2b&#8220; header_font_size=&#8220;70px&#8220; custom_margin=&#8220;||||false|false&#8220; custom_margin_tablet=&#8220;-6%||||false|false&#8220; custom_margin_phone=&#8220;0%||||false|false&#8220; custom_margin_last_edited=&#8220;on|phone&#8220; hover_enabled=&#8220;0&#8243; header_font_size_tablet=&#8220;120px&#8220; header_font_size_phone=&#8220;26px&#8220; header_font_size_last_edited=&#8220;on|phone&#8220; global_colors_info=&#8220;{}&#8220; theme_builder_area=&#8220;post_content&#8220; sticky_enabled=&#8220;0&#8243;]<\/p>\n<h1>Erg\u00e4nzungen zur Verst\u00e4rkung<\/h1>\n<p>[\/et_pb_text][et_pb_shop type=&#8220;product_category&#8220; show_pagination=&#8220;on&#8220; include_categories=&#8220;40&#8243; columns_number=&#8220;4&#8243; orderby=&#8220;date-desc&#8220; icon_hover_color=&#8220;RGBA(255,255,255,0)&#8220; hover_overlay_color=&#8220;RGBA(255,255,255,0)&#8220; show_rating=&#8220;off&#8220; _builder_version=&#8220;4.27.0&#8243; _module_preset=&#8220;default&#8220; title_font=&#8220;uninanova regular|100|||||||&#8220; title_text_color=&#8220;#000000&#8243; title_font_size=&#8220;16px&#8220; price_font=&#8220;uninanova medium||||||||&#8220; price_text_color=&#8220;#000000&#8243; price_font_size=&#8220;16px&#8220; background_enable_color=&#8220;off&#8220; title_font_size_tablet=&#8220;20px&#8220; title_font_size_phone=&#8220;16px&#8220; title_font_size_last_edited=&#8220;on|phone&#8220; price_font_size_tablet=&#8220;16px&#8220; price_font_size_phone=&#8220;12px&#8220; price_font_size_last_edited=&#8220;on|phone&#8220; custom_css_product=&#8220;background:#f6f6f6;||padding-bottom:20px !important;||border-radius:20px !important;&#8220; custom_css_image=&#8220;border-top-right-radius:20px !important;||border-top-left-radius:20px !important;&#8220; custom_css_title=&#8220;padding-left:30px !important;&#8220; border_radii_image=&#8220;off|20px|20px||&#8220; global_colors_info=&#8220;{}&#8220; custom_css_price_last_edited=&#8220;on|phone&#8220; custom_css_price_phone=&#8220; &#8220; custom_css_title_last_edited=&#8220;on|phone&#8220; custom_css_title_phone=&#8220;padding-left:30px !important;||padding-right:30px !important;&#8220; custom_css_product_last_edited=&#8220;on|phone&#8220; custom_css_product_phone=&#8220;background:#f6f6f6;||padding-bottom:20px !important;||border-radius:20px !important;&#8220; custom_css_price_tablet=&#8220;padding-left:30px !important;&#8220; custom_css_title_tablet=&#8220;padding-left:30px !important;&#8220; custom_css_product_tablet=&#8220;background:#f6f6f6;||padding-bottom:20px !important;||border-radius:20px !important;&#8220;][\/et_pb_shop][\/et_pb_column][\/et_pb_row][\/et_pb_section][et_pb_section fb_built=&#8220;1&#8243; _builder_version=&#8220;4.27.0&#8243; _module_preset=&#8220;default&#8220; border_width_top=&#8220;1px&#8220; border_color_top=&#8220;#d8d8d8&#8243; global_colors_info=&#8220;{}&#8220;][et_pb_row column_structure=&#8220;1_4,1_4,1_4,1_4&#8243; use_custom_gutter=&#8220;on&#8220; gutter_width=&#8220;2&#8243; make_equal=&#8220;on&#8220; custom_padding_last_edited=&#8220;on|phone&#8220; _builder_version=&#8220;4.27.0&#8243; _module_preset=&#8220;default&#8220; width=&#8220;90%&#8220; max_width=&#8220;90%&#8220; custom_padding_tablet=&#8220;&#8220; custom_padding_phone=&#8220;0px||||false|false&#8220; global_colors_info=&#8220;{}&#8220;][et_pb_column type=&#8220;1_4&#8243; _builder_version=&#8220;4.27.0&#8243; _module_preset=&#8220;default&#8220; custom_padding_tablet=&#8220;&#8220; custom_padding_phone=&#8220;||5%||false|false&#8220; custom_padding_last_edited=&#8220;on|phone&#8220; border_width_right=&#8220;1px&#8220; border_color_right=&#8220;#d8d8d8&#8243; border_color_bottom=&#8220;#d8d8d8&#8243; border_width_right_tablet=&#8220;1px&#8220; border_width_right_phone=&#8220;0px&#8220; border_width_right_last_edited=&#8220;on|phone&#8220; border_width_bottom_tablet=&#8220;&#8220; border_width_bottom_phone=&#8220;1px&#8220; border_width_bottom_last_edited=&#8220;on|phone&#8220; global_colors_info=&#8220;{}&#8220;][et_pb_blurb title=&#8220;Hochwertige Zutaten&#8220; image=&#8220;https:\/\/dubaidatesnutrition.com\/wp-content\/uploads\/2024\/08\/proteina-de-suero.png&#8220; icon_placement=&#8220;left&#8220; _builder_version=&#8220;4.27.0&#8243; _module_preset=&#8220;default&#8220; header_font=&#8220;uninanova medium||||||||&#8220; header_text_color=&#8220;#000000&#8243; header_font_size=&#8220;20px&#8220; body_font=&#8220;uninanova light||||||||&#8220; body_text_color=&#8220;#000000&#8243; custom_padding=&#8220;|2%|||false|false&#8220; header_font_size_tablet=&#8220;20px&#8220; header_font_size_phone=&#8220;16px&#8220; header_font_size_last_edited=&#8220;on|phone&#8220; border_color_right=&#8220;#EAEAEA&#8220; global_colors_info=&#8220;{}&#8220;]<\/p>\n<p>Sie ern\u00e4hren sich mit der besten Sportern\u00e4hrung.<\/p>\n<p>[\/et_pb_blurb][\/et_pb_column][et_pb_column type=&#8220;1_4&#8243; _builder_version=&#8220;4.27.0&#8243; _module_preset=&#8220;default&#8220; custom_padding_tablet=&#8220;&#8220; custom_padding_phone=&#8220;||5%||false|false&#8220; custom_padding_last_edited=&#8220;on|phone&#8220; border_width_right=&#8220;1px&#8220; border_color_right=&#8220;#d8d8d8&#8243; border_color_bottom=&#8220;#d8d8d8&#8243; border_width_right_tablet=&#8220;1px&#8220; border_width_right_phone=&#8220;0px&#8220; border_width_right_last_edited=&#8220;on|phone&#8220; border_width_bottom_tablet=&#8220;&#8220; border_width_bottom_phone=&#8220;1px&#8220; border_width_bottom_last_edited=&#8220;on|phone&#8220; global_colors_info=&#8220;{}&#8220;][et_pb_blurb title=&#8220;Schneller Versand&#8220; image=&#8220;https:\/\/dubaidatesnutrition.com\/wp-content\/uploads\/2024\/08\/proteccion.png&#8220; icon_placement=&#8220;left&#8220; _builder_version=&#8220;4.27.0&#8243; _module_preset=&#8220;default&#8220; header_font=&#8220;uninanova medium||||||||&#8220; header_text_color=&#8220;#000000&#8243; header_font_size=&#8220;20px&#8220; body_font=&#8220;uninanova light||||||||&#8220; body_text_color=&#8220;#000000&#8243; header_font_size_tablet=&#8220;20px&#8220; header_font_size_phone=&#8220;16px&#8220; header_font_size_last_edited=&#8220;on|phone&#8220; border_color_right=&#8220;#EAEAEA&#8220; global_colors_info=&#8220;{}&#8220;]<\/p>\n<p>Schnelle und zuverl\u00e4ssige Lieferung, um Ihren Komfort zu gew\u00e4hrleisten.<\/p>\n<p>[\/et_pb_blurb][\/et_pb_column][et_pb_column type=&#8220;1_4&#8243; _builder_version=&#8220;4.27.0&#8243; _module_preset=&#8220;default&#8220; custom_padding_tablet=&#8220;&#8220; custom_padding_phone=&#8220;||5%||false|false&#8220; custom_padding_last_edited=&#8220;on|phone&#8220; border_width_right=&#8220;1px&#8220; border_color_right=&#8220;#d8d8d8&#8243; border_color_bottom=&#8220;#d8d8d8&#8243; border_width_right_tablet=&#8220;1px&#8220; border_width_right_phone=&#8220;0px&#8220; border_width_right_last_edited=&#8220;on|phone&#8220; border_width_bottom_tablet=&#8220;&#8220; border_width_bottom_phone=&#8220;1px&#8220; border_width_bottom_last_edited=&#8220;on|phone&#8220; global_colors_info=&#8220;{}&#8220;][et_pb_blurb title=&#8220;Engagierte Unterst\u00fctzung&#8220; image=&#8220;https:\/\/dubaidatesnutrition.com\/wp-content\/uploads\/2024\/08\/servicio-al-cliente.png&#8220; icon_placement=&#8220;left&#8220; _builder_version=&#8220;4.27.0&#8243; _module_preset=&#8220;default&#8220; header_font=&#8220;uninanova medium||||||||&#8220; header_text_color=&#8220;#000000&#8243; header_font_size=&#8220;20px&#8220; body_font=&#8220;uninanova light||||||||&#8220; body_text_color=&#8220;#000000&#8243; body_link_font=&#8220;||||on||||&#8220; body_link_text_color=&#8220;#000000&#8243; custom_padding=&#8220;|5%|||false|false&#8220; header_font_size_tablet=&#8220;20px&#8220; header_font_size_phone=&#8220;16px&#8220; header_font_size_last_edited=&#8220;on|phone&#8220; border_color_right=&#8220;#EAEAEA&#8220; global_colors_info=&#8220;{}&#8220;]<\/p>\n<p>Wenn Sie Fragen oder Anmerkungen haben, wenden Sie sich bitte an uns <a href=\"mailto:info@dubaidatesnutrition.com\">email<\/a> oder per Whatsapp \u00fcber die Schaltfl\u00e4che in der linken unteren Ecke.<\/p>\n<p>[\/et_pb_blurb][\/et_pb_column][et_pb_column type=&#8220;1_4&#8243; _builder_version=&#8220;4.27.0&#8243; _module_preset=&#8220;default&#8220; border_color_right=&#8220;#d8d8d8&#8243; border_color_bottom=&#8220;#d8d8d8&#8243; border_width_right_tablet=&#8220;1px&#8220; border_width_right_phone=&#8220;0px&#8220; border_width_right_last_edited=&#8220;on|phone&#8220; global_colors_info=&#8220;{}&#8220;][et_pb_blurb title=&#8220;Sichere Bezahlung&#8220; image=&#8220;https:\/\/dubaidatesnutrition.com\/wp-content\/uploads\/2024\/08\/tarjeta-bancaria.png&#8220; icon_placement=&#8220;left&#8220; _builder_version=&#8220;4.27.0&#8243; _module_preset=&#8220;default&#8220; header_font=&#8220;uninanova medium||||||||&#8220; header_text_color=&#8220;#000000&#8243; header_font_size=&#8220;20px&#8220; body_font=&#8220;uninanova light||||||||&#8220; body_text_color=&#8220;#000000&#8243; header_font_size_tablet=&#8220;20px&#8220; header_font_size_phone=&#8220;16px&#8220; header_font_size_last_edited=&#8220;on|phone&#8220; border_color_right=&#8220;#EAEAEA&#8220; global_colors_info=&#8220;{}&#8220;]<\/p>\n<p>Ihre Zahlungsinformationen werden sicher und reibungslos verarbeitet.<\/p>\n<p>[\/et_pb_blurb][\/et_pb_column][\/et_pb_row][\/et_pb_section]<\/p>\n","protected":false},"excerpt":{"rendered":"<p>Erg\u00e4nzungen zur Verst\u00e4rkungErg\u00e4nzungen zur Verst\u00e4rkungSie ern\u00e4hren sich mit der besten Sportern\u00e4hrung.Schnelle und zuverl\u00e4ssige Lieferung, um Ihren Komfort zu gew\u00e4hrleisten.Wenn Sie Fragen oder Anmerkungen haben, wenden Sie sich bitte an uns email oder per Whatsapp \u00fcber die Schaltfl\u00e4che in der linken unteren Ecke.Ihre Zahlungsinformationen werden sicher und reibungslos verarbeitet.<\/p>\n","protected":false},"author":1,"featured_media":0,"parent":0,"menu_order":0,"comment_status":"closed","ping_status":"closed","template":"","meta":{"_acf_changed":false,"_et_pb_use_builder":"on","_et_pb_old_content":"","_et_gb_content_width":"","footnotes":""},"class_list":["post-1428","page","type-page","status-publish","hentry"],"acf":[],"yoast_head":"<!-- This site is optimized with the Yoast SEO plugin v26.9 - https:\/\/yoast.com\/product\/yoast-seo-wordpress\/ -->\n<title>Erg\u00e4nzungen zur Verst\u00e4rkung - Dubai Dates Nutrition<\/title>\n<meta name=\"robots\" content=\"index, follow, max-snippet:-1, max-image-preview:large, max-video-preview:-1\" \/>\n<link rel=\"canonical\" href=\"https:\/\/dubaidatesnutrition.com\/suplementos-de-refuerzo\" \/>\n<meta property=\"og:locale\" content=\"de_DE\" \/>\n<meta property=\"og:type\" content=\"article\" \/>\n<meta property=\"og:title\" content=\"Erg\u00e4nzungen zur Verst\u00e4rkung - Dubai Dates Nutrition\" \/>\n<meta property=\"og:description\" content=\"Erg\u00e4nzungen zur Verst\u00e4rkungErg\u00e4nzungen zur Verst\u00e4rkungSie ern\u00e4hren sich mit der besten Sportern\u00e4hrung.Schnelle und zuverl\u00e4ssige Lieferung, um Ihren Komfort zu gew\u00e4hrleisten.Wenn Sie Fragen oder Anmerkungen haben, wenden Sie sich bitte an uns email oder per Whatsapp \u00fcber die Schaltfl\u00e4che in der linken unteren Ecke.Ihre Zahlungsinformationen werden sicher und reibungslos verarbeitet.\" \/>\n<meta property=\"og:url\" content=\"https:\/\/dubaidatesnutrition.com\/suplementos-de-refuerzo\" \/>\n<meta property=\"og:site_name\" content=\"Dubai Dates Nutrition\" \/>\n<meta name=\"twitter:card\" content=\"summary_large_image\" \/>\n<meta name=\"twitter:label1\" content=\"Gesch\u00e4tzte Lesezeit\" \/>\n\t<meta name=\"twitter:data1\" content=\"6\u00a0Minuten\" \/>\n<script type=\"application\/ld+json\" class=\"yoast-schema-graph\">{\"@context\":\"https:\/\/schema.org\",\"@graph\":[{\"@type\":\"WebPage\",\"@id\":\"https:\/\/dubaidatesnutrition.com\/suplementos-de-refuerzo\",\"url\":\"https:\/\/dubaidatesnutrition.com\/suplementos-de-refuerzo\",\"name\":\"Erg\u00e4nzungen zur Verst\u00e4rkung - Dubai Dates Nutrition\",\"isPartOf\":{\"@id\":\"https:\/\/dubaidatesnutrition.com\/#website\"},\"datePublished\":\"2025-03-27T10:13:23+00:00\",\"breadcrumb\":{\"@id\":\"https:\/\/dubaidatesnutrition.com\/suplementos-de-refuerzo#breadcrumb\"},\"inLanguage\":\"de\",\"potentialAction\":[{\"@type\":\"ReadAction\",\"target\":[\"https:\/\/dubaidatesnutrition.com\/suplementos-de-refuerzo\"]}]},{\"@type\":\"BreadcrumbList\",\"@id\":\"https:\/\/dubaidatesnutrition.com\/suplementos-de-refuerzo#breadcrumb\",\"itemListElement\":[{\"@type\":\"ListItem\",\"position\":1,\"name\":\"Portada\",\"item\":\"https:\/\/dubaidatesnutrition.com\/\"},{\"@type\":\"ListItem\",\"position\":2,\"name\":\"Erg\u00e4nzungen zur Verst\u00e4rkung\"}]},{\"@type\":\"WebSite\",\"@id\":\"https:\/\/dubaidatesnutrition.com\/#website\",\"url\":\"https:\/\/dubaidatesnutrition.com\/\",\"name\":\"Dubai Dates Nutrition\",\"description\":\"\",\"potentialAction\":[{\"@type\":\"SearchAction\",\"target\":{\"@type\":\"EntryPoint\",\"urlTemplate\":\"https:\/\/dubaidatesnutrition.com\/?s={search_term_string}\"},\"query-input\":{\"@type\":\"PropertyValueSpecification\",\"valueRequired\":true,\"valueName\":\"search_term_string\"}}],\"inLanguage\":\"de\"}]}<\/script>\n<!-- \/ Yoast SEO plugin. -->","yoast_head_json":{"title":"Erg\u00e4nzungen zur Verst\u00e4rkung - Dubai Dates Nutrition","robots":{"index":"index","follow":"follow","max-snippet":"max-snippet:-1","max-image-preview":"max-image-preview:large","max-video-preview":"max-video-preview:-1"},"canonical":"https:\/\/dubaidatesnutrition.com\/suplementos-de-refuerzo","og_locale":"de_DE","og_type":"article","og_title":"Erg\u00e4nzungen zur Verst\u00e4rkung - Dubai Dates Nutrition","og_description":"Erg\u00e4nzungen zur Verst\u00e4rkungErg\u00e4nzungen zur Verst\u00e4rkungSie ern\u00e4hren sich mit der besten Sportern\u00e4hrung.Schnelle und zuverl\u00e4ssige Lieferung, um Ihren Komfort zu gew\u00e4hrleisten.Wenn Sie Fragen oder Anmerkungen haben, wenden Sie sich bitte an uns email oder per Whatsapp \u00fcber die Schaltfl\u00e4che in der linken unteren Ecke.Ihre Zahlungsinformationen werden sicher und reibungslos verarbeitet.","og_url":"https:\/\/dubaidatesnutrition.com\/suplementos-de-refuerzo","og_site_name":"Dubai Dates Nutrition","twitter_card":"summary_large_image","twitter_misc":{"Gesch\u00e4tzte Lesezeit":"6\u00a0Minuten"},"schema":{"@context":"https:\/\/schema.org","@graph":[{"@type":"WebPage","@id":"https:\/\/dubaidatesnutrition.com\/suplementos-de-refuerzo","url":"https:\/\/dubaidatesnutrition.com\/suplementos-de-refuerzo","name":"Erg\u00e4nzungen zur Verst\u00e4rkung - Dubai Dates Nutrition","isPartOf":{"@id":"https:\/\/dubaidatesnutrition.com\/#website"},"datePublished":"2025-03-27T10:13:23+00:00","breadcrumb":{"@id":"https:\/\/dubaidatesnutrition.com\/suplementos-de-refuerzo#breadcrumb"},"inLanguage":"de","potentialAction":[{"@type":"ReadAction","target":["https:\/\/dubaidatesnutrition.com\/suplementos-de-refuerzo"]}]},{"@type":"BreadcrumbList","@id":"https:\/\/dubaidatesnutrition.com\/suplementos-de-refuerzo#breadcrumb","itemListElement":[{"@type":"ListItem","position":1,"name":"Portada","item":"https:\/\/dubaidatesnutrition.com\/"},{"@type":"ListItem","position":2,"name":"Erg\u00e4nzungen zur Verst\u00e4rkung"}]},{"@type":"WebSite","@id":"https:\/\/dubaidatesnutrition.com\/#website","url":"https:\/\/dubaidatesnutrition.com\/","name":"Dubai Dates Nutrition","description":"","potentialAction":[{"@type":"SearchAction","target":{"@type":"EntryPoint","urlTemplate":"https:\/\/dubaidatesnutrition.com\/?s={search_term_string}"},"query-input":{"@type":"PropertyValueSpecification","valueRequired":true,"valueName":"search_term_string"}}],"inLanguage":"de"}]}},"_links":{"self":[{"href":"https:\/\/dubaidatesnutrition.com\/de\/wp-json\/wp\/v2\/pages\/1428","targetHints":{"allow":["GET"]}}],"collection":[{"href":"https:\/\/dubaidatesnutrition.com\/de\/wp-json\/wp\/v2\/pages"}],"about":[{"href":"https:\/\/dubaidatesnutrition.com\/de\/wp-json\/wp\/v2\/types\/page"}],"author":[{"embeddable":true,"href":"https:\/\/dubaidatesnutrition.com\/de\/wp-json\/wp\/v2\/users\/1"}],"replies":[{"embeddable":true,"href":"https:\/\/dubaidatesnutrition.com\/de\/wp-json\/wp\/v2\/comments?post=1428"}],"version-history":[{"count":2,"href":"https:\/\/dubaidatesnutrition.com\/de\/wp-json\/wp\/v2\/pages\/1428\/revisions"}],"predecessor-version":[{"id":1430,"href":"https:\/\/dubaidatesnutrition.com\/de\/wp-json\/wp\/v2\/pages\/1428\/revisions\/1430"}],"wp:attachment":[{"href":"https:\/\/dubaidatesnutrition.com\/de\/wp-json\/wp\/v2\/media?parent=1428"}],"curies":[{"name":"wp","href":"https:\/\/api.w.org\/{rel}","templated":true}]}}