{"id":1464,"date":"2025-03-27T10:40:00","date_gmt":"2025-03-27T10:40:00","guid":{"rendered":"https:\/\/dubaidatesnutrition.com\/gewichtsverlust"},"modified":"2025-07-17T08:01:08","modified_gmt":"2025-07-17T08:01:08","slug":"gewichtsverlust","status":"publish","type":"page","link":"https:\/\/dubaidatesnutrition.com\/de\/zielsetzungen\/gewichtsverlust","title":{"rendered":"Gewichtsverlust"},"content":{"rendered":"<p>[et_pb_section fb_built=&#8220;1&#8243; disabled_on=&#8220;on|on|off&#8220; _builder_version=&#8220;4.27.4&#8243; _module_preset=&#8220;default&#8220; custom_padding=&#8220;0%||0.1%||false|false&#8220; global_colors_info=&#8220;{}&#8220;][et_pb_row column_structure=&#8220;1_3,1_3,1_3&#8243; use_custom_gutter=&#8220;on&#8220; gutter_width=&#8220;1&#8243; _builder_version=&#8220;4.27.4&#8243; _module_preset=&#8220;default&#8220; width=&#8220;100%&#8220; max_width=&#8220;100%&#8220; custom_padding=&#8220;0px||0px||true|true&#8220; global_colors_info=&#8220;{}&#8220;][et_pb_column type=&#8220;1_3&#8243; _builder_version=&#8220;4.27.0&#8243; _module_preset=&#8220;default&#8220; custom_css_main_element=&#8220;display:flex !important;||justify-content: center !important;||align-items: center !important;&#8220; global_colors_info=&#8220;{}&#8220;][et_pb_blurb title=&#8220;Gewichtsverlust&#8220; image=&#8220;https:\/\/dubaidatesnutrition.com\/wp-content\/uploads\/2024\/10\/saludable-5.png&#8220; image_icon_width=&#8220;15%&#8220; _builder_version=&#8220;4.27.4&#8243; _module_preset=&#8220;default&#8220; header_font=&#8220;uninanova regular|300|||||||&#8220; header_text_align=&#8220;center&#8220; header_text_color=&#8220;#FFFFFF&#8220; header_font_size=&#8220;16px&#8220; background_color=&#8220;#000000&#8243; width=&#8220;100%&#8220; module_alignment=&#8220;right&#8220; custom_css_blurb_title=&#8220;margin-top:-5% !important;&#8220; border_color_all=&#8220;#bababa&#8220; global_colors_info=&#8220;{}&#8220; border_color_all__hover_enabled=&#8220;on|hover&#8220; border_color_all__hover=&#8220;#2b2b2b&#8220;][\/et_pb_blurb][\/et_pb_column][et_pb_column type=&#8220;1_3&#8243; _builder_version=&#8220;4.27.0&#8243; _module_preset=&#8220;default&#8220; custom_css_main_element=&#8220;display:flex !important;||justify-content: center !important;||align-items: center !important;&#8220; global_colors_info=&#8220;{}&#8220;][et_pb_blurb title=&#8220;Muskelaufbau&#8220; url=&#8220;@ET-DC@eyJkeW5hbWljIjp0cnVlLCJjb250ZW50IjoicG9zdF9saW5rX3VybF9wYWdlIiwic2V0dGluZ3MiOnsicG9zdF9pZCI6IjQ3OSJ9fQ==@&#8220; image=&#8220;https:\/\/dubaidatesnutrition.com\/wp-content\/uploads\/2024\/10\/saludable-2.png&#8220; image_icon_width=&#8220;15%&#8220; _builder_version=&#8220;4.27.4&#8243; _dynamic_attributes=&#8220;url,link_option_url&#8220; _module_preset=&#8220;default&#8220; header_font=&#8220;uninanova regular|300|||||||&#8220; header_text_align=&#8220;center&#8220; header_text_color=&#8220;#000000&#8243; header_font_size=&#8220;16px&#8220; background_enable_color=&#8220;off&#8220; width=&#8220;100%&#8220; link_option_url=&#8220;@ET-DC@eyJkeW5hbWljIjp0cnVlLCJjb250ZW50IjoicG9zdF9saW5rX3VybF9wYWdlIiwic2V0dGluZ3MiOnsicG9zdF9pZCI6IjQ3OSJ9fQ==@&#8220; custom_css_blurb_title=&#8220;margin-top:-5% !important;&#8220; global_colors_info=&#8220;{}&#8220;][\/et_pb_blurb][\/et_pb_column][et_pb_column type=&#8220;1_3&#8243; _builder_version=&#8220;4.27.0&#8243; _module_preset=&#8220;default&#8220; custom_css_main_element=&#8220;display:flex !important;||justify-content: center !important;||align-items: center !important;&#8220; global_colors_info=&#8220;{}&#8220;][et_pb_blurb title=&#8220;Gesundheit und Selbstf\u00fcrsorge&#8220; url=&#8220;@ET-DC@eyJkeW5hbWljIjp0cnVlLCJjb250ZW50IjoicG9zdF9saW5rX3VybF9wYWdlIiwic2V0dGluZ3MiOnsicG9zdF9pZCI6IjQ4MSJ9fQ==@&#8220; image=&#8220;https:\/\/dubaidatesnutrition.com\/wp-content\/uploads\/2024\/10\/saludable.png&#8220; image_icon_width=&#8220;15%&#8220; _builder_version=&#8220;4.27.4&#8243; _dynamic_attributes=&#8220;url,link_option_url&#8220; _module_preset=&#8220;default&#8220; header_font=&#8220;uninanova regular|300|||||||&#8220; header_text_align=&#8220;center&#8220; header_text_color=&#8220;#2B2B2B&#8220; header_font_size=&#8220;16px&#8220; background_color=&#8220;RGBA(255,255,255,0)&#8220; width=&#8220;100%&#8220; module_alignment=&#8220;right&#8220; link_option_url=&#8220;@ET-DC@eyJkeW5hbWljIjp0cnVlLCJjb250ZW50IjoicG9zdF9saW5rX3VybF9wYWdlIiwic2V0dGluZ3MiOnsicG9zdF9pZCI6IjQ4MSJ9fQ==@&#8220; custom_css_blurb_title=&#8220;margin-top:-5% !important;&#8220; border_color_all=&#8220;#bababa&#8220; global_colors_info=&#8220;{}&#8220; border_color_all__hover=&#8220;#2b2b2b&#8220; border_color_all__hover_enabled=&#8220;on|hover&#8220;][\/et_pb_blurb][\/et_pb_column][\/et_pb_row][\/et_pb_section][et_pb_section fb_built=&#8220;1&#8243; _builder_version=&#8220;4.27.0&#8243; _module_preset=&#8220;default&#8220; custom_padding=&#8220;0px||0px||true|false&#8220; global_colors_info=&#8220;{}&#8220;][et_pb_row column_structure=&#8220;1_2,1_2&#8243; use_custom_gutter=&#8220;on&#8220; gutter_width=&#8220;1&#8243; make_equal=&#8220;on&#8220; _builder_version=&#8220;4.27.4&#8243; _module_preset=&#8220;default&#8220; width=&#8220;100%&#8220; max_width=&#8220;100%&#8220; custom_padding=&#8220;0px||0px||true|false&#8220; global_colors_info=&#8220;{}&#8220; custom_css_main_element_last_edited=&#8220;on|phone&#8220; custom_css_main_element_phone=&#8220;display:flex;||flex-direction:column-reverse;&#8220;][et_pb_column type=&#8220;1_2&#8243; _builder_version=&#8220;4.27.4&#8243; _module_preset=&#8220;default&#8220; background_color=&#8220;#000000&#8243; custom_padding=&#8220;10%|5%|10%|5%|true|true&#8220; global_colors_info=&#8220;{}&#8220;][et_pb_text _builder_version=&#8220;4.27.0&#8243; _module_preset=&#8220;default&#8220; text_font=&#8220;|300|||||||&#8220; text_text_color=&#8220;#FFFFFF&#8220; header_text_color=&#8220;#FFFFFF&#8220; header_font_size=&#8220;45px&#8220; header_font_size_tablet=&#8220;45px&#8220; header_font_size_phone=&#8220;24px&#8220; header_font_size_last_edited=&#8220;on|phone&#8220; global_colors_info=&#8220;{}&#8220;]<\/p>\n<h1>Gewichtsverlust<\/h1>\n<p>[\/et_pb_text][et_pb_divider color=&#8220;#FFFFFF&#8220; _builder_version=&#8220;4.27.0&#8243; _module_preset=&#8220;default&#8220; global_colors_info=&#8220;{}&#8220;][\/et_pb_divider][et_pb_text _builder_version=&#8220;4.27.4&#8243; _module_preset=&#8220;default&#8220; text_font=&#8220;|300|||||||&#8220; text_text_color=&#8220;#FFFFFF&#8220; header_text_color=&#8220;#FFFFFF&#8220; header_font_size=&#8220;45px&#8220; hover_enabled=&#8220;0&#8243; text_font_size_tablet=&#8220;&#8220; text_font_size_phone=&#8220;12px&#8220; text_font_size_last_edited=&#8220;on|phone&#8220; global_colors_info=&#8220;{}&#8220; sticky_enabled=&#8220;0&#8243;]<strong>M\u00f6chten Sie Fett verlieren, ohne an Energie einzub\u00fc\u00dfen?<\/strong><br \/>Bei Dubai Dates Nutrition unterst\u00fctzen wir Sie bei Ihrem Ziel mit Nahrungserg\u00e4nzungsmitteln zum Abnehmen,<br \/> die Ihren Stoffwechsel ankurbeln, den Appetit kontrollieren und die Fettverbrennung auf nat\u00fcrliche Weise f\u00f6rdern.<br \/> Entwickelt f\u00fcr Sportler, aber f\u00fcr alle geeignet.<br \/>Genie\u00dfen Sie echte Aromen, leichte Texturen und eine hohe L\u00f6slichkeit, die sich in<br \/>Sekunden aufl\u00f6st. Ideal f\u00fcr alle, die Muskeldefinition, mehr Vitalit\u00e4t und weniger Hei\u00dfhunger suchen.<br \/>Wirkt von innen, zeigt sich von au\u00dfen.<\/p>\n<p>Entscheiden Sie sich f\u00fcr Qualit\u00e4t, entscheiden Sie sich f\u00fcr Ver\u00e4nderung.[\/et_pb_text][\/et_pb_column][et_pb_column type=&#8220;1_2&#8243; _builder_version=&#8220;4.27.4&#8243; _module_preset=&#8220;default&#8220; background_image=&#8220;https:\/\/dubaidatesnutrition.com\/wp-content\/uploads\/2025\/03\/3.jpg&#8220; background_position=&#8220;bottom_center&#8220; custom_padding=&#8220;10%||10%||true|false&#8220; custom_padding_tablet=&#8220;10%||10%||true|false&#8220; custom_padding_phone=&#8220;30%||30%||true|false&#8220; custom_padding_last_edited=&#8220;on|phone&#8220; global_colors_info=&#8220;{}&#8220;][et_pb_text _builder_version=&#8220;4.27.0&#8243; _module_preset=&#8220;default&#8220; global_colors_info=&#8220;{}&#8220;][\/et_pb_text][\/et_pb_column][\/et_pb_row][\/et_pb_section][et_pb_section fb_built=&#8220;1&#8243; _builder_version=&#8220;4.27.0&#8243; _module_preset=&#8220;default&#8220; custom_padding=&#8220;0px||||false|false&#8220; global_colors_info=&#8220;{}&#8220;][et_pb_row _builder_version=&#8220;4.27.2&#8243; _module_preset=&#8220;default&#8220; width=&#8220;90%&#8220; max_width=&#8220;90%&#8220; global_colors_info=&#8220;{}&#8220;][et_pb_column type=&#8220;4_4&#8243; _builder_version=&#8220;4.27.0&#8243; _module_preset=&#8220;default&#8220; global_colors_info=&#8220;{}&#8220;][et_pb_shop type=&#8220;product_category&#8220; posts_number=&#8220;9999&#8243; show_pagination=&#8220;on&#8220; include_categories=&#8220;47&#8243; columns_number=&#8220;4&#8243; orderby=&#8220;date-desc&#8220; icon_hover_color=&#8220;RGBA(255,255,255,0)&#8220; hover_overlay_color=&#8220;RGBA(255,255,255,0)&#8220; show_rating=&#8220;off&#8220; _builder_version=&#8220;4.27.2&#8243; _module_preset=&#8220;default&#8220; title_font=&#8220;uninanova regular|100|||||||&#8220; title_text_color=&#8220;#000000&#8243; title_font_size=&#8220;16px&#8220; price_font=&#8220;uninanova medium||||||||&#8220; price_text_color=&#8220;#000000&#8243; price_font_size=&#8220;16px&#8220; background_enable_color=&#8220;off&#8220; title_font_size_tablet=&#8220;20px&#8220; title_font_size_phone=&#8220;16px&#8220; title_font_size_last_edited=&#8220;on|phone&#8220; price_font_size_tablet=&#8220;16px&#8220; price_font_size_phone=&#8220;12px&#8220; price_font_size_last_edited=&#8220;on|phone&#8220; custom_css_product=&#8220;background:#f6f6f6;||padding-bottom:20px !important;||border-radius:20px !important;&#8220; custom_css_image=&#8220;border-top-right-radius:20px !important;||border-top-left-radius:20px !important;&#8220; custom_css_title=&#8220;padding-left:30px !important;&#8220; border_radii_image=&#8220;off|20px|20px||&#8220; locked=&#8220;off&#8220; global_colors_info=&#8220;{}&#8220; custom_css_price_last_edited=&#8220;on|phone&#8220; custom_css_price_phone=&#8220; &#8220; custom_css_title_last_edited=&#8220;on|phone&#8220; custom_css_title_phone=&#8220;padding-left:30px !important;||padding-right:30px !important;&#8220; custom_css_product_last_edited=&#8220;on|phone&#8220; custom_css_product_phone=&#8220;background:#f6f6f6;||padding-bottom:20px !important;||border-radius:20px !important;&#8220; custom_css_price_tablet=&#8220;padding-left:30px !important;&#8220; custom_css_title_tablet=&#8220;padding-left:30px !important;&#8220; custom_css_product_tablet=&#8220;background:#f6f6f6;||padding-bottom:20px !important;||border-radius:20px !important;&#8220;][\/et_pb_shop][\/et_pb_column][\/et_pb_row][\/et_pb_section][et_pb_section fb_built=&#8220;1&#8243; custom_padding_last_edited=&#8220;on|phone&#8220; disabled_on=&#8220;off|off|on&#8220; _builder_version=&#8220;4.27.0&#8243; _module_preset=&#8220;default&#8220; custom_padding_tablet=&#8220;&#8220; custom_padding_phone=&#8220;0px||||false|false&#8220; global_colors_info=&#8220;{}&#8220;][et_pb_row column_structure=&#8220;1_3,1_3,1_3&#8243; use_custom_gutter=&#8220;on&#8220; gutter_width=&#8220;2&#8243; custom_padding_last_edited=&#8220;on|phone&#8220; _builder_version=&#8220;4.27.0&#8243; _module_preset=&#8220;default&#8220; width=&#8220;90%&#8220; max_width=&#8220;90%&#8220; custom_padding=&#8220;0px||0px||true|true&#8220; custom_padding_tablet=&#8220;0px||0px||true|true&#8220; custom_padding_phone=&#8220;5%||0%||false|true&#8220; border_color_top=&#8220;#000000&#8243; border_width_top_tablet=&#8220;&#8220; border_width_top_phone=&#8220;1px&#8220; border_width_top_last_edited=&#8220;on|phone&#8220; global_colors_info=&#8220;{}&#8220;][et_pb_column type=&#8220;1_3&#8243; _builder_version=&#8220;4.27.0&#8243; _module_preset=&#8220;default&#8220; custom_css_main_element=&#8220;display:flex !important;||justify-content: center !important;||align-items: center !important;&#8220; global_colors_info=&#8220;{}&#8220;][et_pb_text _builder_version=&#8220;4.27.0&#8243; _module_preset=&#8220;default&#8220; text_font=&#8220;uninova bold||||||||&#8220; text_text_color=&#8220;#000000&#8243; text_font_size=&#8220;26px&#8220; global_colors_info=&#8220;{}&#8220;]<\/p>\n<p>Andere Ziele<\/p>\n<p>[\/et_pb_text][\/et_pb_column][et_pb_column type=&#8220;1_3&#8243; _builder_version=&#8220;4.27.0&#8243; _module_preset=&#8220;default&#8220; custom_css_main_element=&#8220;display:flex !important;||justify-content: center !important;||align-items: center !important;&#8220; global_colors_info=&#8220;{}&#8220;][et_pb_blurb title=&#8220;Muskelaufbau&#8220; url=&#8220;@ET-DC@eyJkeW5hbWljIjp0cnVlLCJjb250ZW50IjoicG9zdF9saW5rX3VybF9wYWdlIiwic2V0dGluZ3MiOnsicG9zdF9pZCI6IjQ3OSJ9fQ==@&#8220; image=&#8220;https:\/\/dubaidatesnutrition.com\/wp-content\/uploads\/2024\/10\/saludable-2.png&#8220; image_icon_width=&#8220;15%&#8220; _builder_version=&#8220;4.27.0&#8243; _dynamic_attributes=&#8220;url,link_option_url&#8220; _module_preset=&#8220;default&#8220; header_font=&#8220;uninanova regular|300|||||||&#8220; header_text_align=&#8220;center&#8220; header_text_color=&#8220;#2B2B2B&#8220; header_font_size=&#8220;16px&#8220; background_color=&#8220;RGBA(255,255,255,0)&#8220; width=&#8220;100%&#8220; module_alignment=&#8220;right&#8220; link_option_url=&#8220;@ET-DC@eyJkeW5hbWljIjp0cnVlLCJjb250ZW50IjoicG9zdF9saW5rX3VybF9wYWdlIiwic2V0dGluZ3MiOnsicG9zdF9pZCI6IjQ3OSJ9fQ==@&#8220; custom_css_blurb_title=&#8220;margin-top:-5% !important;&#8220; border_radii=&#8220;on|10px|10px|10px|10px&#8220; border_width_all=&#8220;1px&#8220; border_color_all=&#8220;#bababa&#8220; global_colors_info=&#8220;{}&#8220; border_color_all__hover_enabled=&#8220;on|hover&#8220; border_color_all__hover=&#8220;#2b2b2b&#8220;][\/et_pb_blurb][\/et_pb_column][et_pb_column type=&#8220;1_3&#8243; _builder_version=&#8220;4.27.0&#8243; _module_preset=&#8220;default&#8220; custom_css_main_element=&#8220;display:flex !important;||justify-content: center !important;||align-items: center !important;&#8220; global_colors_info=&#8220;{}&#8220;][et_pb_blurb title=&#8220;Gesundheit und Selbstf\u00fcrsorge&#8220; url=&#8220;@ET-DC@eyJkeW5hbWljIjp0cnVlLCJjb250ZW50IjoicG9zdF9saW5rX3VybF9wYWdlIiwic2V0dGluZ3MiOnsicG9zdF9pZCI6IjQ4MSJ9fQ==@&#8220; image=&#8220;https:\/\/dubaidatesnutrition.com\/wp-content\/uploads\/2024\/10\/saludable.png&#8220; image_icon_width=&#8220;15%&#8220; _builder_version=&#8220;4.27.0&#8243; _dynamic_attributes=&#8220;url,link_option_url&#8220; _module_preset=&#8220;default&#8220; header_font=&#8220;uninanova regular|300|||||||&#8220; header_text_align=&#8220;center&#8220; header_text_color=&#8220;#2B2B2B&#8220; header_font_size=&#8220;16px&#8220; background_color=&#8220;RGBA(255,255,255,0)&#8220; width=&#8220;100%&#8220; module_alignment=&#8220;right&#8220; link_option_url=&#8220;@ET-DC@eyJkeW5hbWljIjp0cnVlLCJjb250ZW50IjoicG9zdF9saW5rX3VybF9wYWdlIiwic2V0dGluZ3MiOnsicG9zdF9pZCI6IjQ4MSJ9fQ==@&#8220; custom_css_blurb_title=&#8220;margin-top:-5% !important;&#8220; border_radii=&#8220;on|10px|10px|10px|10px&#8220; border_width_all=&#8220;1px&#8220; border_color_all=&#8220;#bababa&#8220; global_colors_info=&#8220;{}&#8220; border_color_all__hover=&#8220;#2b2b2b&#8220; border_color_all__hover_enabled=&#8220;on|hover&#8220;][\/et_pb_blurb][\/et_pb_column][\/et_pb_row][\/et_pb_section]<\/p>\n","protected":false},"excerpt":{"rendered":"<p>GewichtsverlustM\u00f6chten Sie Fett verlieren, ohne an Energie einzub\u00fc\u00dfen?Bei Dubai Dates Nutrition unterst\u00fctzen wir Sie bei Ihrem Ziel mit Nahrungserg\u00e4nzungsmitteln zum Abnehmen, die Ihren Stoffwechsel ankurbeln, den Appetit kontrollieren und die Fettverbrennung auf nat\u00fcrliche Weise f\u00f6rdern. Entwickelt f\u00fcr Sportler, aber f\u00fcr alle geeignet.Genie\u00dfen Sie echte Aromen, leichte Texturen und eine hohe L\u00f6slichkeit, die sich inSekunden aufl\u00f6st. [&hellip;]<\/p>\n","protected":false},"author":1,"featured_media":0,"parent":1839,"menu_order":0,"comment_status":"closed","ping_status":"closed","template":"","meta":{"_acf_changed":false,"_et_pb_use_builder":"on","_et_pb_old_content":"","_et_gb_content_width":"","footnotes":""},"class_list":["post-1464","page","type-page","status-publish","hentry"],"acf":[],"yoast_head":"<!-- This site is optimized with the Yoast SEO plugin v26.9 - https:\/\/yoast.com\/product\/yoast-seo-wordpress\/ -->\n<title>Gewichtsverlust - Dubai Dates Nutrition<\/title>\n<meta name=\"robots\" content=\"index, follow, max-snippet:-1, max-image-preview:large, max-video-preview:-1\" \/>\n<link rel=\"canonical\" href=\"https:\/\/dubaidatesnutrition.com\/objetivos\/perdida-de-peso\" \/>\n<meta property=\"og:locale\" content=\"de_DE\" \/>\n<meta property=\"og:type\" content=\"article\" \/>\n<meta property=\"og:title\" content=\"Gewichtsverlust - Dubai Dates Nutrition\" \/>\n<meta property=\"og:description\" content=\"GewichtsverlustM\u00f6chten Sie Fett verlieren, ohne an Energie einzub\u00fc\u00dfen?Bei Dubai Dates Nutrition unterst\u00fctzen wir Sie bei Ihrem Ziel mit Nahrungserg\u00e4nzungsmitteln zum Abnehmen, die Ihren Stoffwechsel ankurbeln, den Appetit kontrollieren und die Fettverbrennung auf nat\u00fcrliche Weise f\u00f6rdern. Entwickelt f\u00fcr Sportler, aber f\u00fcr alle geeignet.Genie\u00dfen Sie echte Aromen, leichte Texturen und eine hohe L\u00f6slichkeit, die sich inSekunden aufl\u00f6st. [&hellip;]\" \/>\n<meta property=\"og:url\" content=\"https:\/\/dubaidatesnutrition.com\/objetivos\/perdida-de-peso\" \/>\n<meta property=\"og:site_name\" content=\"Dubai Dates Nutrition\" \/>\n<meta property=\"article:modified_time\" content=\"2025-07-17T08:01:08+00:00\" \/>\n<meta name=\"twitter:card\" content=\"summary_large_image\" \/>\n<meta name=\"twitter:label1\" content=\"Gesch\u00e4tzte Lesezeit\" \/>\n\t<meta name=\"twitter:data1\" content=\"8\u00a0Minuten\" \/>\n<script type=\"application\/ld+json\" class=\"yoast-schema-graph\">{\"@context\":\"https:\/\/schema.org\",\"@graph\":[{\"@type\":\"WebPage\",\"@id\":\"https:\/\/dubaidatesnutrition.com\/objetivos\/perdida-de-peso\",\"url\":\"https:\/\/dubaidatesnutrition.com\/objetivos\/perdida-de-peso\",\"name\":\"Gewichtsverlust - Dubai Dates Nutrition\",\"isPartOf\":{\"@id\":\"https:\/\/dubaidatesnutrition.com\/#website\"},\"datePublished\":\"2025-03-27T10:40:00+00:00\",\"dateModified\":\"2025-07-17T08:01:08+00:00\",\"breadcrumb\":{\"@id\":\"https:\/\/dubaidatesnutrition.com\/objetivos\/perdida-de-peso#breadcrumb\"},\"inLanguage\":\"de\",\"potentialAction\":[{\"@type\":\"ReadAction\",\"target\":[\"https:\/\/dubaidatesnutrition.com\/objetivos\/perdida-de-peso\"]}]},{\"@type\":\"BreadcrumbList\",\"@id\":\"https:\/\/dubaidatesnutrition.com\/objetivos\/perdida-de-peso#breadcrumb\",\"itemListElement\":[{\"@type\":\"ListItem\",\"position\":1,\"name\":\"Portada\",\"item\":\"https:\/\/dubaidatesnutrition.com\/\"},{\"@type\":\"ListItem\",\"position\":2,\"name\":\"Zielsetzungen\",\"item\":\"https:\/\/dubaidatesnutrition.com\/objetivos\"},{\"@type\":\"ListItem\",\"position\":3,\"name\":\"Gewichtsverlust\"}]},{\"@type\":\"WebSite\",\"@id\":\"https:\/\/dubaidatesnutrition.com\/#website\",\"url\":\"https:\/\/dubaidatesnutrition.com\/\",\"name\":\"Dubai Dates Nutrition\",\"description\":\"\",\"potentialAction\":[{\"@type\":\"SearchAction\",\"target\":{\"@type\":\"EntryPoint\",\"urlTemplate\":\"https:\/\/dubaidatesnutrition.com\/?s={search_term_string}\"},\"query-input\":{\"@type\":\"PropertyValueSpecification\",\"valueRequired\":true,\"valueName\":\"search_term_string\"}}],\"inLanguage\":\"de\"}]}<\/script>\n<!-- \/ Yoast SEO plugin. -->","yoast_head_json":{"title":"Gewichtsverlust - Dubai Dates Nutrition","robots":{"index":"index","follow":"follow","max-snippet":"max-snippet:-1","max-image-preview":"max-image-preview:large","max-video-preview":"max-video-preview:-1"},"canonical":"https:\/\/dubaidatesnutrition.com\/objetivos\/perdida-de-peso","og_locale":"de_DE","og_type":"article","og_title":"Gewichtsverlust - Dubai Dates Nutrition","og_description":"GewichtsverlustM\u00f6chten Sie Fett verlieren, ohne an Energie einzub\u00fc\u00dfen?Bei Dubai Dates Nutrition unterst\u00fctzen wir Sie bei Ihrem Ziel mit Nahrungserg\u00e4nzungsmitteln zum Abnehmen, die Ihren Stoffwechsel ankurbeln, den Appetit kontrollieren und die Fettverbrennung auf nat\u00fcrliche Weise f\u00f6rdern. Entwickelt f\u00fcr Sportler, aber f\u00fcr alle geeignet.Genie\u00dfen Sie echte Aromen, leichte Texturen und eine hohe L\u00f6slichkeit, die sich inSekunden aufl\u00f6st. [&hellip;]","og_url":"https:\/\/dubaidatesnutrition.com\/objetivos\/perdida-de-peso","og_site_name":"Dubai Dates Nutrition","article_modified_time":"2025-07-17T08:01:08+00:00","twitter_card":"summary_large_image","twitter_misc":{"Gesch\u00e4tzte Lesezeit":"8\u00a0Minuten"},"schema":{"@context":"https:\/\/schema.org","@graph":[{"@type":"WebPage","@id":"https:\/\/dubaidatesnutrition.com\/objetivos\/perdida-de-peso","url":"https:\/\/dubaidatesnutrition.com\/objetivos\/perdida-de-peso","name":"Gewichtsverlust - Dubai Dates Nutrition","isPartOf":{"@id":"https:\/\/dubaidatesnutrition.com\/#website"},"datePublished":"2025-03-27T10:40:00+00:00","dateModified":"2025-07-17T08:01:08+00:00","breadcrumb":{"@id":"https:\/\/dubaidatesnutrition.com\/objetivos\/perdida-de-peso#breadcrumb"},"inLanguage":"de","potentialAction":[{"@type":"ReadAction","target":["https:\/\/dubaidatesnutrition.com\/objetivos\/perdida-de-peso"]}]},{"@type":"BreadcrumbList","@id":"https:\/\/dubaidatesnutrition.com\/objetivos\/perdida-de-peso#breadcrumb","itemListElement":[{"@type":"ListItem","position":1,"name":"Portada","item":"https:\/\/dubaidatesnutrition.com\/"},{"@type":"ListItem","position":2,"name":"Zielsetzungen","item":"https:\/\/dubaidatesnutrition.com\/objetivos"},{"@type":"ListItem","position":3,"name":"Gewichtsverlust"}]},{"@type":"WebSite","@id":"https:\/\/dubaidatesnutrition.com\/#website","url":"https:\/\/dubaidatesnutrition.com\/","name":"Dubai Dates Nutrition","description":"","potentialAction":[{"@type":"SearchAction","target":{"@type":"EntryPoint","urlTemplate":"https:\/\/dubaidatesnutrition.com\/?s={search_term_string}"},"query-input":{"@type":"PropertyValueSpecification","valueRequired":true,"valueName":"search_term_string"}}],"inLanguage":"de"}]}},"_links":{"self":[{"href":"https:\/\/dubaidatesnutrition.com\/de\/wp-json\/wp\/v2\/pages\/1464","targetHints":{"allow":["GET"]}}],"collection":[{"href":"https:\/\/dubaidatesnutrition.com\/de\/wp-json\/wp\/v2\/pages"}],"about":[{"href":"https:\/\/dubaidatesnutrition.com\/de\/wp-json\/wp\/v2\/types\/page"}],"author":[{"embeddable":true,"href":"https:\/\/dubaidatesnutrition.com\/de\/wp-json\/wp\/v2\/users\/1"}],"replies":[{"embeddable":true,"href":"https:\/\/dubaidatesnutrition.com\/de\/wp-json\/wp\/v2\/comments?post=1464"}],"version-history":[{"count":4,"href":"https:\/\/dubaidatesnutrition.com\/de\/wp-json\/wp\/v2\/pages\/1464\/revisions"}],"predecessor-version":[{"id":2448,"href":"https:\/\/dubaidatesnutrition.com\/de\/wp-json\/wp\/v2\/pages\/1464\/revisions\/2448"}],"up":[{"embeddable":true,"href":"https:\/\/dubaidatesnutrition.com\/de\/wp-json\/wp\/v2\/pages\/1839"}],"wp:attachment":[{"href":"https:\/\/dubaidatesnutrition.com\/de\/wp-json\/wp\/v2\/media?parent=1464"}],"curies":[{"name":"wp","href":"https:\/\/api.w.org\/{rel}","templated":true}]}}