{"id":1473,"date":"2025-03-27T10:44:17","date_gmt":"2025-03-27T10:44:17","guid":{"rendered":"https:\/\/dubaidatesnutrition.com\/gesundheit-und-selbstfuersorge"},"modified":"2025-07-17T08:02:11","modified_gmt":"2025-07-17T08:02:11","slug":"gesundheit-und-selbstfuersorge","status":"publish","type":"page","link":"https:\/\/dubaidatesnutrition.com\/de\/zielsetzungen\/gesundheit-und-selbstfuersorge","title":{"rendered":"Gesundheit und Selbstf\u00fcrsorge"},"content":{"rendered":"<p>[et_pb_section fb_built=&#8220;1&#8243; disabled_on=&#8220;on|on|off&#8220; _builder_version=&#8220;4.27.4&#8243; _module_preset=&#8220;default&#8220; custom_padding=&#8220;0%||0.2%||false|false&#8220; global_colors_info=&#8220;{}&#8220;][et_pb_row column_structure=&#8220;1_3,1_3,1_3&#8243; use_custom_gutter=&#8220;on&#8220; gutter_width=&#8220;1&#8243; _builder_version=&#8220;4.27.4&#8243; _module_preset=&#8220;default&#8220; width=&#8220;100%&#8220; max_width=&#8220;100%&#8220; custom_padding=&#8220;0px||0px||true|true&#8220; global_colors_info=&#8220;{}&#8220;][et_pb_column type=&#8220;1_3&#8243; _builder_version=&#8220;4.27.0&#8243; _module_preset=&#8220;default&#8220; custom_css_main_element=&#8220;display:flex !important;||justify-content: center !important;||align-items: center !important;&#8220; global_colors_info=&#8220;{}&#8220;][et_pb_blurb title=&#8220;Gewichtsverlust&#8220; url=&#8220;@ET-DC@eyJkeW5hbWljIjp0cnVlLCJjb250ZW50IjoicG9zdF9saW5rX3VybF9wYWdlIiwic2V0dGluZ3MiOnsicG9zdF9pZCI6IjQ3NyJ9fQ==@&#8220; image=&#8220;https:\/\/dubaidatesnutrition.com\/wp-content\/uploads\/2024\/10\/saludable-4.png&#8220; image_icon_width=&#8220;15%&#8220; _builder_version=&#8220;4.27.4&#8243; _dynamic_attributes=&#8220;url,link_option_url&#8220; _module_preset=&#8220;default&#8220; header_font=&#8220;uninanova regular|300|||||||&#8220; header_text_align=&#8220;center&#8220; header_text_color=&#8220;#2B2B2B&#8220; header_font_size=&#8220;16px&#8220; background_color=&#8220;RGBA(255,255,255,0)&#8220; width=&#8220;100%&#8220; module_alignment=&#8220;right&#8220; link_option_url=&#8220;@ET-DC@eyJkeW5hbWljIjp0cnVlLCJjb250ZW50IjoicG9zdF9saW5rX3VybF9wYWdlIiwic2V0dGluZ3MiOnsicG9zdF9pZCI6IjQ3NyJ9fQ==@&#8220; custom_css_blurb_title=&#8220;margin-top:-5% !important;&#8220; border_color_all=&#8220;#bababa&#8220; global_colors_info=&#8220;{}&#8220; border_color_all__hover_enabled=&#8220;on|hover&#8220; border_color_all__hover=&#8220;#2b2b2b&#8220;][\/et_pb_blurb][\/et_pb_column][et_pb_column type=&#8220;1_3&#8243; _builder_version=&#8220;4.27.0&#8243; _module_preset=&#8220;default&#8220; custom_css_main_element=&#8220;display:flex !important;||justify-content: center !important;||align-items: center !important;&#8220; global_colors_info=&#8220;{}&#8220;][et_pb_blurb title=&#8220;Muskelaufbau&#8220; url=&#8220;@ET-DC@eyJkeW5hbWljIjp0cnVlLCJjb250ZW50IjoicG9zdF9saW5rX3VybF9wYWdlIiwic2V0dGluZ3MiOnsicG9zdF9pZCI6IjQ3OSJ9fQ==@&#8220; image=&#8220;https:\/\/dubaidatesnutrition.com\/wp-content\/uploads\/2024\/10\/saludable-2.png&#8220; image_icon_width=&#8220;15%&#8220; _builder_version=&#8220;4.27.4&#8243; _dynamic_attributes=&#8220;url,link_option_url&#8220; _module_preset=&#8220;default&#8220; header_font=&#8220;uninanova regular|300|||||||&#8220; header_text_align=&#8220;center&#8220; header_text_color=&#8220;#000000&#8243; header_font_size=&#8220;16px&#8220; background_color=&#8220;#FFFFFF&#8220; width=&#8220;100%&#8220; link_option_url=&#8220;@ET-DC@eyJkeW5hbWljIjp0cnVlLCJjb250ZW50IjoicG9zdF9saW5rX3VybF9wYWdlIiwic2V0dGluZ3MiOnsicG9zdF9pZCI6IjQ3OSJ9fQ==@&#8220; custom_css_blurb_title=&#8220;margin-top:-5% !important;&#8220; border_radii=&#8220;on|10px|10px|10px|10px&#8220; global_colors_info=&#8220;{}&#8220;][\/et_pb_blurb][\/et_pb_column][et_pb_column type=&#8220;1_3&#8243; _builder_version=&#8220;4.27.0&#8243; _module_preset=&#8220;default&#8220; custom_css_main_element=&#8220;display:flex !important;||justify-content: center !important;||align-items: center !important;&#8220; global_colors_info=&#8220;{}&#8220;][et_pb_blurb title=&#8220;Gesundheit und Selbstf\u00fcrsorge&#8220; url=&#8220;@ET-DC@eyJkeW5hbWljIjp0cnVlLCJjb250ZW50IjoicG9zdF9saW5rX3VybF9wYWdlIiwic2V0dGluZ3MiOnsicG9zdF9pZCI6IjQ4MSJ9fQ==@&#8220; image=&#8220;https:\/\/dubaidatesnutrition.com\/wp-content\/uploads\/2024\/10\/saludable-1.png&#8220; image_icon_width=&#8220;15%&#8220; _builder_version=&#8220;4.27.4&#8243; _dynamic_attributes=&#8220;url,link_option_url&#8220; _module_preset=&#8220;default&#8220; header_font=&#8220;uninanova regular|300|||||||&#8220; header_text_align=&#8220;center&#8220; header_text_color=&#8220;#FFFFFF&#8220; header_font_size=&#8220;16px&#8220; background_color=&#8220;#000000&#8243; width=&#8220;100%&#8220; module_alignment=&#8220;right&#8220; link_option_url=&#8220;@ET-DC@eyJkeW5hbWljIjp0cnVlLCJjb250ZW50IjoicG9zdF9saW5rX3VybF9wYWdlIiwic2V0dGluZ3MiOnsicG9zdF9pZCI6IjQ4MSJ9fQ==@&#8220; custom_css_blurb_title=&#8220;margin-top:-5% !important;&#8220; border_width_all=&#8220;1px&#8220; border_color_all=&#8220;#bababa&#8220; global_colors_info=&#8220;{}&#8220; border_color_all__hover=&#8220;#2b2b2b&#8220; border_color_all__hover_enabled=&#8220;on|hover&#8220;][\/et_pb_blurb][\/et_pb_column][\/et_pb_row][\/et_pb_section][et_pb_section fb_built=&#8220;1&#8243; _builder_version=&#8220;4.27.0&#8243; _module_preset=&#8220;default&#8220; custom_padding=&#8220;0px||0px||true|false&#8220; global_colors_info=&#8220;{}&#8220;][et_pb_row column_structure=&#8220;1_2,1_2&#8243; use_custom_gutter=&#8220;on&#8220; gutter_width=&#8220;1&#8243; make_equal=&#8220;on&#8220; _builder_version=&#8220;4.27.4&#8243; _module_preset=&#8220;default&#8220; width=&#8220;100%&#8220; max_width=&#8220;100%&#8220; custom_padding=&#8220;0px||0px||true|false&#8220; global_colors_info=&#8220;{}&#8220; custom_css_main_element_last_edited=&#8220;on|phone&#8220; custom_css_main_element_phone=&#8220;display:flex;||flex-direction:column-reverse;&#8220;][et_pb_column type=&#8220;1_2&#8243; _builder_version=&#8220;4.27.4&#8243; _module_preset=&#8220;default&#8220; background_color=&#8220;#000000&#8243; custom_padding=&#8220;10%|5%|10%|5%|true|true&#8220; global_colors_info=&#8220;{}&#8220;][et_pb_text _builder_version=&#8220;4.27.0&#8243; _module_preset=&#8220;default&#8220; text_font=&#8220;|300|||||||&#8220; text_text_color=&#8220;#FFFFFF&#8220; header_text_color=&#8220;#FFFFFF&#8220; header_font_size=&#8220;45px&#8220; header_font_size_tablet=&#8220;45px&#8220; header_font_size_phone=&#8220;24px&#8220; header_font_size_last_edited=&#8220;on|phone&#8220; global_colors_info=&#8220;{}&#8220;]<\/p>\n<h1>Gesundheit und Selbstf\u00fcrsorge<\/h1>\n<p>[\/et_pb_text][et_pb_divider color=&#8220;#FFFFFF&#8220; _builder_version=&#8220;4.27.0&#8243; _module_preset=&#8220;default&#8220; global_colors_info=&#8220;{}&#8220;][\/et_pb_divider][et_pb_text _builder_version=&#8220;4.27.4&#8243; _module_preset=&#8220;default&#8220; text_font=&#8220;|300|||||||&#8220; text_text_color=&#8220;#FFFFFF&#8220; header_text_color=&#8220;#FFFFFF&#8220; header_font_size=&#8220;45px&#8220; hover_enabled=&#8220;0&#8243; text_font_size_tablet=&#8220;&#8220; text_font_size_phone=&#8220;12px&#8220; text_font_size_last_edited=&#8220;on|phone&#8220; global_colors_info=&#8220;{}&#8220; sticky_enabled=&#8220;0&#8243;]<strong>Pflegst du deinen K\u00f6rper so gut, wie du es von ihm verlangst?<\/strong><br \/>Wir bei Dubai Dates Nutrition glauben, dass Leistung von innen kommt.<br \/>Unsere Nahrungserg\u00e4nzungsmittel f\u00fcr Wohlbefinden und Selbstpflege st\u00e4rken Ihr Immunsystem,<br \/>gleichen Ihre Energie aus und reduzieren den Alltagsstress.<br \/>Nat\u00fcrliche Formeln, milde Aromen und eine perfekte Aufl\u00f6sung, die sich leicht in Ihren Alltag integrieren l\u00e4sst.<br \/>Ideal f\u00fcr alle, die k\u00f6rperliches, geistiges und emotionales Gleichgewicht suchen.<br \/>Denn sich gut zu f\u00fchlen ist kein Luxus, sondern die Grundlage f\u00fcr alles.<\/p>\n<p>Pflegen Sie sich mit Wissenschaft, leisten Sie mit Seele.[\/et_pb_text][\/et_pb_column][et_pb_column type=&#8220;1_2&#8243; _builder_version=&#8220;4.27.4&#8243; _module_preset=&#8220;default&#8220; background_image=&#8220;https:\/\/dubaidatesnutrition.com\/wp-content\/uploads\/2025\/03\/1.jpg&#8220; custom_padding=&#8220;10%||10%||true|false&#8220; custom_padding_tablet=&#8220;10%||10%||true|false&#8220; custom_padding_phone=&#8220;30%||30%||true|false&#8220; custom_padding_last_edited=&#8220;on|phone&#8220; global_colors_info=&#8220;{}&#8220;][et_pb_text _builder_version=&#8220;4.27.0&#8243; _module_preset=&#8220;default&#8220; global_colors_info=&#8220;{}&#8220;][\/et_pb_text][\/et_pb_column][\/et_pb_row][\/et_pb_section][et_pb_section fb_built=&#8220;1&#8243; _builder_version=&#8220;4.27.0&#8243; _module_preset=&#8220;default&#8220; custom_padding=&#8220;0px||||false|false&#8220; global_colors_info=&#8220;{}&#8220;][et_pb_row _builder_version=&#8220;4.27.0&#8243; _module_preset=&#8220;default&#8220; width=&#8220;90%&#8220; max_width=&#8220;90%&#8220; global_colors_info=&#8220;{}&#8220;][et_pb_column type=&#8220;4_4&#8243; _builder_version=&#8220;4.27.0&#8243; _module_preset=&#8220;default&#8220; global_colors_info=&#8220;{}&#8220;][et_pb_shop type=&#8220;product_category&#8220; posts_number=&#8220;9999&#8243; show_pagination=&#8220;on&#8220; include_categories=&#8220;48&#8243; columns_number=&#8220;4&#8243; orderby=&#8220;date-desc&#8220; icon_hover_color=&#8220;RGBA(255,255,255,0)&#8220; hover_overlay_color=&#8220;RGBA(255,255,255,0)&#8220; show_rating=&#8220;off&#8220; _builder_version=&#8220;4.27.0&#8243; _module_preset=&#8220;default&#8220; title_font=&#8220;uninanova regular|100|||||||&#8220; title_text_color=&#8220;#000000&#8243; title_font_size=&#8220;16px&#8220; price_font=&#8220;uninanova medium||||||||&#8220; price_text_color=&#8220;#000000&#8243; price_font_size=&#8220;16px&#8220; background_enable_color=&#8220;off&#8220; title_font_size_tablet=&#8220;20px&#8220; title_font_size_phone=&#8220;16px&#8220; title_font_size_last_edited=&#8220;on|phone&#8220; price_font_size_tablet=&#8220;16px&#8220; price_font_size_phone=&#8220;12px&#8220; price_font_size_last_edited=&#8220;on|phone&#8220; custom_css_product=&#8220;background:#f6f6f6;||padding-bottom:20px !important;||border-radius:20px !important;&#8220; custom_css_image=&#8220;border-top-right-radius:20px !important;||border-top-left-radius:20px !important;&#8220; custom_css_title=&#8220;padding-left:30px !important;&#8220; border_radii_image=&#8220;off|20px|20px||&#8220; locked=&#8220;off&#8220; global_colors_info=&#8220;{}&#8220; custom_css_price_last_edited=&#8220;on|phone&#8220; custom_css_price_phone=&#8220; &#8220; custom_css_title_last_edited=&#8220;on|phone&#8220; custom_css_title_phone=&#8220;padding-left:30px !important;||padding-right:30px !important;&#8220; custom_css_product_last_edited=&#8220;on|phone&#8220; custom_css_product_phone=&#8220;background:#f6f6f6;||padding-bottom:20px !important;||border-radius:20px !important;&#8220; custom_css_price_tablet=&#8220;padding-left:30px !important;&#8220; custom_css_title_tablet=&#8220;padding-left:30px !important;&#8220; custom_css_product_tablet=&#8220;background:#f6f6f6;||padding-bottom:20px !important;||border-radius:20px !important;&#8220;][\/et_pb_shop][\/et_pb_column][\/et_pb_row][\/et_pb_section][et_pb_section fb_built=&#8220;1&#8243; custom_padding_last_edited=&#8220;on|phone&#8220; disabled_on=&#8220;off|off|on&#8220; _builder_version=&#8220;4.27.0&#8243; _module_preset=&#8220;default&#8220; custom_padding_tablet=&#8220;&#8220; custom_padding_phone=&#8220;0px||||false|false&#8220; global_colors_info=&#8220;{}&#8220;][et_pb_row column_structure=&#8220;1_3,1_3,1_3&#8243; use_custom_gutter=&#8220;on&#8220; gutter_width=&#8220;2&#8243; custom_padding_last_edited=&#8220;on|phone&#8220; _builder_version=&#8220;4.27.0&#8243; _module_preset=&#8220;default&#8220; width=&#8220;90%&#8220; max_width=&#8220;90%&#8220; custom_padding=&#8220;0px||0px||true|true&#8220; custom_padding_tablet=&#8220;0px||0px||true|true&#8220; custom_padding_phone=&#8220;5%||0%||false|true&#8220; border_color_top=&#8220;#000000&#8243; border_width_top_tablet=&#8220;&#8220; border_width_top_phone=&#8220;1px&#8220; border_width_top_last_edited=&#8220;on|phone&#8220; global_colors_info=&#8220;{}&#8220;][et_pb_column type=&#8220;1_3&#8243; _builder_version=&#8220;4.27.0&#8243; _module_preset=&#8220;default&#8220; custom_css_main_element=&#8220;display:flex !important;||justify-content: center !important;||align-items: center !important;&#8220; global_colors_info=&#8220;{}&#8220;][et_pb_text _builder_version=&#8220;4.27.0&#8243; _module_preset=&#8220;default&#8220; text_font=&#8220;uninova bold||||||||&#8220; text_text_color=&#8220;#000000&#8243; text_font_size=&#8220;26px&#8220; global_colors_info=&#8220;{}&#8220;]<\/p>\n<p>Andere Ziele<\/p>\n<p>[\/et_pb_text][\/et_pb_column][et_pb_column type=&#8220;1_3&#8243; _builder_version=&#8220;4.27.0&#8243; _module_preset=&#8220;default&#8220; custom_css_main_element=&#8220;display:flex !important;||justify-content: center !important;||align-items: center !important;&#8220; global_colors_info=&#8220;{}&#8220;][et_pb_blurb title=&#8220;Gewichtsverlust&#8220; url=&#8220;@ET-DC@eyJkeW5hbWljIjp0cnVlLCJjb250ZW50IjoicG9zdF9saW5rX3VybF9wYWdlIiwic2V0dGluZ3MiOnsicG9zdF9pZCI6IjQ3NyJ9fQ==@&#8220; image=&#8220;https:\/\/dubaidatesnutrition.com\/wp-content\/uploads\/2024\/10\/saludable-4.png&#8220; image_icon_width=&#8220;15%&#8220; _builder_version=&#8220;4.27.0&#8243; _dynamic_attributes=&#8220;url,link_option_url&#8220; _module_preset=&#8220;default&#8220; header_font=&#8220;uninanova regular|300|||||||&#8220; header_text_align=&#8220;center&#8220; header_text_color=&#8220;#2B2B2B&#8220; header_font_size=&#8220;16px&#8220; background_color=&#8220;RGBA(255,255,255,0)&#8220; width=&#8220;100%&#8220; module_alignment=&#8220;right&#8220; link_option_url=&#8220;@ET-DC@eyJkeW5hbWljIjp0cnVlLCJjb250ZW50IjoicG9zdF9saW5rX3VybF9wYWdlIiwic2V0dGluZ3MiOnsicG9zdF9pZCI6IjQ3NyJ9fQ==@&#8220; custom_css_blurb_title=&#8220;margin-top:-5% !important;&#8220; border_radii=&#8220;on|10px|10px|10px|10px&#8220; border_width_all=&#8220;1px&#8220; border_color_all=&#8220;#bababa&#8220; global_colors_info=&#8220;{}&#8220; border_color_all__hover_enabled=&#8220;on|hover&#8220; border_color_all__hover=&#8220;#2b2b2b&#8220;][\/et_pb_blurb][\/et_pb_column][et_pb_column type=&#8220;1_3&#8243; _builder_version=&#8220;4.27.0&#8243; _module_preset=&#8220;default&#8220; custom_css_main_element=&#8220;display:flex !important;||justify-content: center !important;||align-items: center !important;&#8220; global_colors_info=&#8220;{}&#8220;][et_pb_blurb title=&#8220;Muskelaufbau&#8220; url=&#8220;@ET-DC@eyJkeW5hbWljIjp0cnVlLCJjb250ZW50IjoicG9zdF9saW5rX3VybF9wYWdlIiwic2V0dGluZ3MiOnsicG9zdF9pZCI6IjQ3OSJ9fQ==@&#8220; image=&#8220;https:\/\/dubaidatesnutrition.com\/wp-content\/uploads\/2024\/10\/saludable-2.png&#8220; image_icon_width=&#8220;15%&#8220; _builder_version=&#8220;4.27.0&#8243; _dynamic_attributes=&#8220;url,link_option_url&#8220; _module_preset=&#8220;default&#8220; header_font=&#8220;uninanova regular|300|||||||&#8220; header_text_align=&#8220;center&#8220; header_text_color=&#8220;#2B2B2B&#8220; header_font_size=&#8220;16px&#8220; background_color=&#8220;RGBA(255,255,255,0)&#8220; width=&#8220;100%&#8220; module_alignment=&#8220;right&#8220; link_option_url=&#8220;@ET-DC@eyJkeW5hbWljIjp0cnVlLCJjb250ZW50IjoicG9zdF9saW5rX3VybF9wYWdlIiwic2V0dGluZ3MiOnsicG9zdF9pZCI6IjQ3OSJ9fQ==@&#8220; custom_css_blurb_title=&#8220;margin-top:-5% !important;&#8220; border_radii=&#8220;on|10px|10px|10px|10px&#8220; border_width_all=&#8220;1px&#8220; border_color_all=&#8220;#bababa&#8220; global_colors_info=&#8220;{}&#8220; border_color_all__hover=&#8220;#2b2b2b&#8220; border_color_all__hover_enabled=&#8220;on|hover&#8220;][\/et_pb_blurb][\/et_pb_column][\/et_pb_row][\/et_pb_section]<\/p>\n","protected":false},"excerpt":{"rendered":"<p>Gesundheit und Selbstf\u00fcrsorgePflegst du deinen K\u00f6rper so gut, wie du es von ihm verlangst?Wir bei Dubai Dates Nutrition glauben, dass Leistung von innen kommt.Unsere Nahrungserg\u00e4nzungsmittel f\u00fcr Wohlbefinden und Selbstpflege st\u00e4rken Ihr Immunsystem,gleichen Ihre Energie aus und reduzieren den Alltagsstress.Nat\u00fcrliche Formeln, milde Aromen und eine perfekte Aufl\u00f6sung, die sich leicht in Ihren Alltag integrieren l\u00e4sst.Ideal f\u00fcr [&hellip;]<\/p>\n","protected":false},"author":1,"featured_media":0,"parent":1839,"menu_order":0,"comment_status":"closed","ping_status":"closed","template":"","meta":{"_acf_changed":false,"_et_pb_use_builder":"on","_et_pb_old_content":"","_et_gb_content_width":"","footnotes":""},"class_list":["post-1473","page","type-page","status-publish","hentry"],"acf":[],"yoast_head":"<!-- This site is optimized with the Yoast SEO plugin v26.9 - https:\/\/yoast.com\/product\/yoast-seo-wordpress\/ -->\n<title>Gesundheit und Selbstf\u00fcrsorge - Dubai Dates Nutrition<\/title>\n<meta name=\"robots\" content=\"index, follow, max-snippet:-1, max-image-preview:large, max-video-preview:-1\" \/>\n<link rel=\"canonical\" href=\"https:\/\/dubaidatesnutrition.com\/objetivos\/salud-y-autocuidado\" \/>\n<meta property=\"og:locale\" content=\"de_DE\" \/>\n<meta property=\"og:type\" content=\"article\" \/>\n<meta property=\"og:title\" content=\"Gesundheit und Selbstf\u00fcrsorge - Dubai Dates Nutrition\" \/>\n<meta property=\"og:description\" content=\"Gesundheit und Selbstf\u00fcrsorgePflegst du deinen K\u00f6rper so gut, wie du es von ihm verlangst?Wir bei Dubai Dates Nutrition glauben, dass Leistung von innen kommt.Unsere Nahrungserg\u00e4nzungsmittel f\u00fcr Wohlbefinden und Selbstpflege st\u00e4rken Ihr Immunsystem,gleichen Ihre Energie aus und reduzieren den Alltagsstress.Nat\u00fcrliche Formeln, milde Aromen und eine perfekte Aufl\u00f6sung, die sich leicht in Ihren Alltag integrieren l\u00e4sst.Ideal f\u00fcr [&hellip;]\" \/>\n<meta property=\"og:url\" content=\"https:\/\/dubaidatesnutrition.com\/objetivos\/salud-y-autocuidado\" \/>\n<meta property=\"og:site_name\" content=\"Dubai Dates Nutrition\" \/>\n<meta property=\"article:modified_time\" content=\"2025-07-17T08:02:11+00:00\" \/>\n<meta name=\"twitter:card\" content=\"summary_large_image\" \/>\n<meta name=\"twitter:label1\" content=\"Gesch\u00e4tzte Lesezeit\" \/>\n\t<meta name=\"twitter:data1\" content=\"8\u00a0Minuten\" \/>\n<script type=\"application\/ld+json\" class=\"yoast-schema-graph\">{\"@context\":\"https:\/\/schema.org\",\"@graph\":[{\"@type\":\"WebPage\",\"@id\":\"https:\/\/dubaidatesnutrition.com\/objetivos\/salud-y-autocuidado\",\"url\":\"https:\/\/dubaidatesnutrition.com\/objetivos\/salud-y-autocuidado\",\"name\":\"Gesundheit und Selbstf\u00fcrsorge - Dubai Dates Nutrition\",\"isPartOf\":{\"@id\":\"https:\/\/dubaidatesnutrition.com\/#website\"},\"datePublished\":\"2025-03-27T10:44:17+00:00\",\"dateModified\":\"2025-07-17T08:02:11+00:00\",\"breadcrumb\":{\"@id\":\"https:\/\/dubaidatesnutrition.com\/objetivos\/salud-y-autocuidado#breadcrumb\"},\"inLanguage\":\"de\",\"potentialAction\":[{\"@type\":\"ReadAction\",\"target\":[\"https:\/\/dubaidatesnutrition.com\/objetivos\/salud-y-autocuidado\"]}]},{\"@type\":\"BreadcrumbList\",\"@id\":\"https:\/\/dubaidatesnutrition.com\/objetivos\/salud-y-autocuidado#breadcrumb\",\"itemListElement\":[{\"@type\":\"ListItem\",\"position\":1,\"name\":\"Portada\",\"item\":\"https:\/\/dubaidatesnutrition.com\/\"},{\"@type\":\"ListItem\",\"position\":2,\"name\":\"Zielsetzungen\",\"item\":\"https:\/\/dubaidatesnutrition.com\/objetivos\"},{\"@type\":\"ListItem\",\"position\":3,\"name\":\"Gesundheit und Selbstf\u00fcrsorge\"}]},{\"@type\":\"WebSite\",\"@id\":\"https:\/\/dubaidatesnutrition.com\/#website\",\"url\":\"https:\/\/dubaidatesnutrition.com\/\",\"name\":\"Dubai Dates Nutrition\",\"description\":\"\",\"potentialAction\":[{\"@type\":\"SearchAction\",\"target\":{\"@type\":\"EntryPoint\",\"urlTemplate\":\"https:\/\/dubaidatesnutrition.com\/?s={search_term_string}\"},\"query-input\":{\"@type\":\"PropertyValueSpecification\",\"valueRequired\":true,\"valueName\":\"search_term_string\"}}],\"inLanguage\":\"de\"}]}<\/script>\n<!-- \/ Yoast SEO plugin. -->","yoast_head_json":{"title":"Gesundheit und Selbstf\u00fcrsorge - Dubai Dates Nutrition","robots":{"index":"index","follow":"follow","max-snippet":"max-snippet:-1","max-image-preview":"max-image-preview:large","max-video-preview":"max-video-preview:-1"},"canonical":"https:\/\/dubaidatesnutrition.com\/objetivos\/salud-y-autocuidado","og_locale":"de_DE","og_type":"article","og_title":"Gesundheit und Selbstf\u00fcrsorge - Dubai Dates Nutrition","og_description":"Gesundheit und Selbstf\u00fcrsorgePflegst du deinen K\u00f6rper so gut, wie du es von ihm verlangst?Wir bei Dubai Dates Nutrition glauben, dass Leistung von innen kommt.Unsere Nahrungserg\u00e4nzungsmittel f\u00fcr Wohlbefinden und Selbstpflege st\u00e4rken Ihr Immunsystem,gleichen Ihre Energie aus und reduzieren den Alltagsstress.Nat\u00fcrliche Formeln, milde Aromen und eine perfekte Aufl\u00f6sung, die sich leicht in Ihren Alltag integrieren l\u00e4sst.Ideal f\u00fcr [&hellip;]","og_url":"https:\/\/dubaidatesnutrition.com\/objetivos\/salud-y-autocuidado","og_site_name":"Dubai Dates Nutrition","article_modified_time":"2025-07-17T08:02:11+00:00","twitter_card":"summary_large_image","twitter_misc":{"Gesch\u00e4tzte Lesezeit":"8\u00a0Minuten"},"schema":{"@context":"https:\/\/schema.org","@graph":[{"@type":"WebPage","@id":"https:\/\/dubaidatesnutrition.com\/objetivos\/salud-y-autocuidado","url":"https:\/\/dubaidatesnutrition.com\/objetivos\/salud-y-autocuidado","name":"Gesundheit und Selbstf\u00fcrsorge - Dubai Dates Nutrition","isPartOf":{"@id":"https:\/\/dubaidatesnutrition.com\/#website"},"datePublished":"2025-03-27T10:44:17+00:00","dateModified":"2025-07-17T08:02:11+00:00","breadcrumb":{"@id":"https:\/\/dubaidatesnutrition.com\/objetivos\/salud-y-autocuidado#breadcrumb"},"inLanguage":"de","potentialAction":[{"@type":"ReadAction","target":["https:\/\/dubaidatesnutrition.com\/objetivos\/salud-y-autocuidado"]}]},{"@type":"BreadcrumbList","@id":"https:\/\/dubaidatesnutrition.com\/objetivos\/salud-y-autocuidado#breadcrumb","itemListElement":[{"@type":"ListItem","position":1,"name":"Portada","item":"https:\/\/dubaidatesnutrition.com\/"},{"@type":"ListItem","position":2,"name":"Zielsetzungen","item":"https:\/\/dubaidatesnutrition.com\/objetivos"},{"@type":"ListItem","position":3,"name":"Gesundheit und Selbstf\u00fcrsorge"}]},{"@type":"WebSite","@id":"https:\/\/dubaidatesnutrition.com\/#website","url":"https:\/\/dubaidatesnutrition.com\/","name":"Dubai Dates Nutrition","description":"","potentialAction":[{"@type":"SearchAction","target":{"@type":"EntryPoint","urlTemplate":"https:\/\/dubaidatesnutrition.com\/?s={search_term_string}"},"query-input":{"@type":"PropertyValueSpecification","valueRequired":true,"valueName":"search_term_string"}}],"inLanguage":"de"}]}},"_links":{"self":[{"href":"https:\/\/dubaidatesnutrition.com\/de\/wp-json\/wp\/v2\/pages\/1473","targetHints":{"allow":["GET"]}}],"collection":[{"href":"https:\/\/dubaidatesnutrition.com\/de\/wp-json\/wp\/v2\/pages"}],"about":[{"href":"https:\/\/dubaidatesnutrition.com\/de\/wp-json\/wp\/v2\/types\/page"}],"author":[{"embeddable":true,"href":"https:\/\/dubaidatesnutrition.com\/de\/wp-json\/wp\/v2\/users\/1"}],"replies":[{"embeddable":true,"href":"https:\/\/dubaidatesnutrition.com\/de\/wp-json\/wp\/v2\/comments?post=1473"}],"version-history":[{"count":4,"href":"https:\/\/dubaidatesnutrition.com\/de\/wp-json\/wp\/v2\/pages\/1473\/revisions"}],"predecessor-version":[{"id":2452,"href":"https:\/\/dubaidatesnutrition.com\/de\/wp-json\/wp\/v2\/pages\/1473\/revisions\/2452"}],"up":[{"embeddable":true,"href":"https:\/\/dubaidatesnutrition.com\/de\/wp-json\/wp\/v2\/pages\/1839"}],"wp:attachment":[{"href":"https:\/\/dubaidatesnutrition.com\/de\/wp-json\/wp\/v2\/media?parent=1473"}],"curies":[{"name":"wp","href":"https:\/\/api.w.org\/{rel}","templated":true}]}}