{"id":1807,"date":"2025-03-31T08:29:17","date_gmt":"2025-03-31T08:29:17","guid":{"rendered":"https:\/\/dubaidatesnutrition.com\/versand-und-rueckgabe"},"modified":"2025-03-31T08:35:46","modified_gmt":"2025-03-31T08:35:46","slug":"versand-und-rueckgabe","status":"publish","type":"page","link":"https:\/\/dubaidatesnutrition.com\/de\/versand-und-rueckgabe","title":{"rendered":"Versand und R\u00fcckgabe"},"content":{"rendered":"<p>[et_pb_section fb_built=&#8220;1&#8243; theme_builder_area=&#8220;post_content&#8220; _builder_version=&#8220;4.27.0&#8243; _module_preset=&#8220;default&#8220; hover_enabled=&#8220;0&#8243; sticky_enabled=&#8220;0&#8243; background_color=&#8220;#FFFFFF&#8220;][et_pb_row _builder_version=&#8220;4.27.0&#8243; _module_preset=&#8220;default&#8220; theme_builder_area=&#8220;post_content&#8220;][et_pb_column _builder_version=&#8220;4.27.0&#8243; _module_preset=&#8220;default&#8220; type=&#8220;4_4&#8243; theme_builder_area=&#8220;post_content&#8220;][et_pb_text _builder_version=&#8220;4.27.0&#8243; _module_preset=&#8220;default&#8220; theme_builder_area=&#8220;post_content&#8220; hover_enabled=&#8220;0&#8243; sticky_enabled=&#8220;0&#8243;]<\/p>\n<h2>Versand<\/h2>\n<p><\/p>\n<p>F\u00fcr Spanien betr\u00e4gt die Lieferfrist<span>\u00a0<\/span><strong>2 bis 3 Tage<\/strong><span>\u00a0<\/span>ab Eingang der Bestellung. Versandkosten<span>\u00a0<\/span><strong>6.19\u20ac<\/strong>*.<\/p>\n<p><\/p>\n<p>*\u00a0<span>Die angegebenen Preise gelten f\u00fcr Pakete mit einem Gewicht zwischen 1 und 5 Kilo. F\u00fcr Bestellungen mit einem Gewicht von mehr als 1 Kilo teilen wir Ihnen den Versandpreis zusammen mit der Auftragsbest\u00e4tigung per E-Mail oder telefonisch mit.<\/span><\/p>\n<p><\/p>\n<p><span>Kostenloser Versand in Spanien f\u00fcr Bestellungen \u00fcber 25\u20ac.<\/span><\/p>\n<p><\/p>\n<p><span>Kostenloser Versand ab 80 \u20ac in Deutschland, \u00d6sterreich und Italien.<\/span><\/p>\n<p><\/p>\n<p><span><\/span><\/p>\n<p><\/p>\n<p><span><\/span><\/p>\n<p><\/p>\n<h1><span>R\u00fcckgabe<\/span><\/h1>\n<p><\/p>\n<div class=\"et_pb_module et_pb_text et_pb_text_3  et_pb_text_align_left et_pb_bg_layout_light\">\n<div class=\"et_pb_text_inner\">\n<p>F\u00fcr Spanien betr\u00e4gt die Lieferzeit 2 bis 3 Tage nach Eingang der Bestellung. Die Versandkosten betragen 6,19 \u20ac.*<\/p>\n<p>*\u00a0<span>Die angegebenen Preise gelten f\u00fcr Pakete mit einem Gewicht zwischen 1 und 5 Kilo. F\u00fcr Bestellungen mit einem Gewicht von mehr als 1 Kilo teilen wir Ihnen den Versandpreis zusammen mit der Auftragsbest\u00e4tigung per E-Mail oder telefonisch mit.<\/span><\/p>\n<\/div>\n<p><\/div>\n<p><\/p>\n<div class=\"et_pb_module et_pb_text et_pb_text_4  et_pb_text_align_left et_pb_bg_layout_light\">\n<div class=\"et_pb_text_inner\">\n<p>F\u00fcr Spanien betr\u00e4gt die Lieferzeit 2 bis 3 Tage nach Eingang der Bestellung. Die Versandkosten betragen 6,19 \u20ac.*<\/p>\n<p>*\u00a0<span>Die angegebenen Preise gelten f\u00fcr Pakete mit einem Gewicht zwischen 1 und 5 Kilo. F\u00fcr Bestellungen mit einem Gewicht von mehr als 1 Kilo teilen wir Ihnen den Versandpreis zusammen mit der Auftragsbest\u00e4tigung per E-Mail oder telefonisch mit.<\/span><\/p>\n<\/div>\n<p><\/div>\n<p>[\/et_pb_text][\/et_pb_column][\/et_pb_row][\/et_pb_section]<\/p>\n","protected":false},"excerpt":{"rendered":"<p>VersandF\u00fcr Spanien betr\u00e4gt die Lieferfrist\u00a02 bis 3 Tage\u00a0ab Eingang der Bestellung. Versandkosten\u00a06.19\u20ac*.*\u00a0Die angegebenen Preise gelten f\u00fcr Pakete mit einem Gewicht zwischen 1 und 5 Kilo. F\u00fcr Bestellungen mit einem Gewicht von mehr als 1 Kilo teilen wir Ihnen den Versandpreis zusammen mit der Auftragsbest\u00e4tigung per E-Mail oder telefonisch mit.Kostenloser Versand in Spanien f\u00fcr Bestellungen \u00fcber [&hellip;]<\/p>\n","protected":false},"author":1,"featured_media":0,"parent":0,"menu_order":0,"comment_status":"closed","ping_status":"closed","template":"","meta":{"_acf_changed":false,"_et_pb_use_builder":"on","_et_pb_old_content":"","_et_gb_content_width":"","footnotes":""},"class_list":["post-1807","page","type-page","status-publish","hentry"],"acf":[],"yoast_head":"<!-- This site is optimized with the Yoast SEO plugin v26.9 - https:\/\/yoast.com\/product\/yoast-seo-wordpress\/ -->\n<title>Versand und R\u00fcckgabe - Dubai Dates Nutrition<\/title>\n<meta name=\"robots\" content=\"index, follow, max-snippet:-1, max-image-preview:large, max-video-preview:-1\" \/>\n<link rel=\"canonical\" href=\"https:\/\/dubaidatesnutrition.com\/envios-y-devoluciones\" \/>\n<meta property=\"og:locale\" content=\"de_DE\" \/>\n<meta property=\"og:type\" content=\"article\" \/>\n<meta property=\"og:title\" content=\"Versand und R\u00fcckgabe - Dubai Dates Nutrition\" \/>\n<meta property=\"og:description\" content=\"VersandF\u00fcr Spanien betr\u00e4gt die Lieferfrist\u00a02 bis 3 Tage\u00a0ab Eingang der Bestellung. Versandkosten\u00a06.19\u20ac*.*\u00a0Die angegebenen Preise gelten f\u00fcr Pakete mit einem Gewicht zwischen 1 und 5 Kilo. F\u00fcr Bestellungen mit einem Gewicht von mehr als 1 Kilo teilen wir Ihnen den Versandpreis zusammen mit der Auftragsbest\u00e4tigung per E-Mail oder telefonisch mit.Kostenloser Versand in Spanien f\u00fcr Bestellungen \u00fcber [&hellip;]\" \/>\n<meta property=\"og:url\" content=\"https:\/\/dubaidatesnutrition.com\/envios-y-devoluciones\" \/>\n<meta property=\"og:site_name\" content=\"Dubai Dates Nutrition\" \/>\n<meta property=\"article:modified_time\" content=\"2025-03-31T08:35:46+00:00\" \/>\n<meta name=\"twitter:card\" content=\"summary_large_image\" \/>\n<meta name=\"twitter:label1\" content=\"Gesch\u00e4tzte Lesezeit\" \/>\n\t<meta name=\"twitter:data1\" content=\"1\u00a0Minute\" \/>\n<script type=\"application\/ld+json\" class=\"yoast-schema-graph\">{\"@context\":\"https:\/\/schema.org\",\"@graph\":[{\"@type\":\"WebPage\",\"@id\":\"https:\/\/dubaidatesnutrition.com\/envios-y-devoluciones\",\"url\":\"https:\/\/dubaidatesnutrition.com\/envios-y-devoluciones\",\"name\":\"Versand und R\u00fcckgabe - Dubai Dates Nutrition\",\"isPartOf\":{\"@id\":\"https:\/\/dubaidatesnutrition.com\/#website\"},\"datePublished\":\"2025-03-31T08:29:17+00:00\",\"dateModified\":\"2025-03-31T08:35:46+00:00\",\"breadcrumb\":{\"@id\":\"https:\/\/dubaidatesnutrition.com\/envios-y-devoluciones#breadcrumb\"},\"inLanguage\":\"de\",\"potentialAction\":[{\"@type\":\"ReadAction\",\"target\":[\"https:\/\/dubaidatesnutrition.com\/envios-y-devoluciones\"]}]},{\"@type\":\"BreadcrumbList\",\"@id\":\"https:\/\/dubaidatesnutrition.com\/envios-y-devoluciones#breadcrumb\",\"itemListElement\":[{\"@type\":\"ListItem\",\"position\":1,\"name\":\"Portada\",\"item\":\"https:\/\/dubaidatesnutrition.com\/\"},{\"@type\":\"ListItem\",\"position\":2,\"name\":\"Versand und R\u00fcckgabe\"}]},{\"@type\":\"WebSite\",\"@id\":\"https:\/\/dubaidatesnutrition.com\/#website\",\"url\":\"https:\/\/dubaidatesnutrition.com\/\",\"name\":\"Dubai Dates Nutrition\",\"description\":\"\",\"potentialAction\":[{\"@type\":\"SearchAction\",\"target\":{\"@type\":\"EntryPoint\",\"urlTemplate\":\"https:\/\/dubaidatesnutrition.com\/?s={search_term_string}\"},\"query-input\":{\"@type\":\"PropertyValueSpecification\",\"valueRequired\":true,\"valueName\":\"search_term_string\"}}],\"inLanguage\":\"de\"}]}<\/script>\n<!-- \/ Yoast SEO plugin. -->","yoast_head_json":{"title":"Versand und R\u00fcckgabe - Dubai Dates Nutrition","robots":{"index":"index","follow":"follow","max-snippet":"max-snippet:-1","max-image-preview":"max-image-preview:large","max-video-preview":"max-video-preview:-1"},"canonical":"https:\/\/dubaidatesnutrition.com\/envios-y-devoluciones","og_locale":"de_DE","og_type":"article","og_title":"Versand und R\u00fcckgabe - Dubai Dates Nutrition","og_description":"VersandF\u00fcr Spanien betr\u00e4gt die Lieferfrist\u00a02 bis 3 Tage\u00a0ab Eingang der Bestellung. Versandkosten\u00a06.19\u20ac*.*\u00a0Die angegebenen Preise gelten f\u00fcr Pakete mit einem Gewicht zwischen 1 und 5 Kilo. F\u00fcr Bestellungen mit einem Gewicht von mehr als 1 Kilo teilen wir Ihnen den Versandpreis zusammen mit der Auftragsbest\u00e4tigung per E-Mail oder telefonisch mit.Kostenloser Versand in Spanien f\u00fcr Bestellungen \u00fcber [&hellip;]","og_url":"https:\/\/dubaidatesnutrition.com\/envios-y-devoluciones","og_site_name":"Dubai Dates Nutrition","article_modified_time":"2025-03-31T08:35:46+00:00","twitter_card":"summary_large_image","twitter_misc":{"Gesch\u00e4tzte Lesezeit":"1\u00a0Minute"},"schema":{"@context":"https:\/\/schema.org","@graph":[{"@type":"WebPage","@id":"https:\/\/dubaidatesnutrition.com\/envios-y-devoluciones","url":"https:\/\/dubaidatesnutrition.com\/envios-y-devoluciones","name":"Versand und R\u00fcckgabe - Dubai Dates Nutrition","isPartOf":{"@id":"https:\/\/dubaidatesnutrition.com\/#website"},"datePublished":"2025-03-31T08:29:17+00:00","dateModified":"2025-03-31T08:35:46+00:00","breadcrumb":{"@id":"https:\/\/dubaidatesnutrition.com\/envios-y-devoluciones#breadcrumb"},"inLanguage":"de","potentialAction":[{"@type":"ReadAction","target":["https:\/\/dubaidatesnutrition.com\/envios-y-devoluciones"]}]},{"@type":"BreadcrumbList","@id":"https:\/\/dubaidatesnutrition.com\/envios-y-devoluciones#breadcrumb","itemListElement":[{"@type":"ListItem","position":1,"name":"Portada","item":"https:\/\/dubaidatesnutrition.com\/"},{"@type":"ListItem","position":2,"name":"Versand und R\u00fcckgabe"}]},{"@type":"WebSite","@id":"https:\/\/dubaidatesnutrition.com\/#website","url":"https:\/\/dubaidatesnutrition.com\/","name":"Dubai Dates Nutrition","description":"","potentialAction":[{"@type":"SearchAction","target":{"@type":"EntryPoint","urlTemplate":"https:\/\/dubaidatesnutrition.com\/?s={search_term_string}"},"query-input":{"@type":"PropertyValueSpecification","valueRequired":true,"valueName":"search_term_string"}}],"inLanguage":"de"}]}},"_links":{"self":[{"href":"https:\/\/dubaidatesnutrition.com\/de\/wp-json\/wp\/v2\/pages\/1807","targetHints":{"allow":["GET"]}}],"collection":[{"href":"https:\/\/dubaidatesnutrition.com\/de\/wp-json\/wp\/v2\/pages"}],"about":[{"href":"https:\/\/dubaidatesnutrition.com\/de\/wp-json\/wp\/v2\/types\/page"}],"author":[{"embeddable":true,"href":"https:\/\/dubaidatesnutrition.com\/de\/wp-json\/wp\/v2\/users\/1"}],"replies":[{"embeddable":true,"href":"https:\/\/dubaidatesnutrition.com\/de\/wp-json\/wp\/v2\/comments?post=1807"}],"version-history":[{"count":5,"href":"https:\/\/dubaidatesnutrition.com\/de\/wp-json\/wp\/v2\/pages\/1807\/revisions"}],"predecessor-version":[{"id":1815,"href":"https:\/\/dubaidatesnutrition.com\/de\/wp-json\/wp\/v2\/pages\/1807\/revisions\/1815"}],"wp:attachment":[{"href":"https:\/\/dubaidatesnutrition.com\/de\/wp-json\/wp\/v2\/media?parent=1807"}],"curies":[{"name":"wp","href":"https:\/\/api.w.org\/{rel}","templated":true}]}}