{"id":1850,"date":"2025-03-31T09:29:01","date_gmt":"2025-03-31T09:29:01","guid":{"rendered":"https:\/\/dubaidatesnutrition.com\/rechtliche-hinweise-und-cookies"},"modified":"2025-03-31T09:29:01","modified_gmt":"2025-03-31T09:29:01","slug":"rechtliche-hinweise-und-cookies","status":"publish","type":"page","link":"https:\/\/dubaidatesnutrition.com\/de\/rechtliche-hinweise-und-cookies","title":{"rendered":"Rechtliche Hinweise und Cookies"},"content":{"rendered":"<p>[et_pb_section fb_built=&#8220;1&#8243; _builder_version=&#8220;4.27.0&#8243; _module_preset=&#8220;default&#8220; background_color=&#8220;#FFFFFF&#8220; global_colors_info=&#8220;{}&#8220; theme_builder_area=&#8220;post_content&#8220;][et_pb_row _builder_version=&#8220;4.27.0&#8243; _module_preset=&#8220;default&#8220; global_colors_info=&#8220;{}&#8220; theme_builder_area=&#8220;post_content&#8220;][et_pb_column type=&#8220;4_4&#8243; _builder_version=&#8220;4.27.0&#8243; _module_preset=&#8220;default&#8220; global_colors_info=&#8220;{}&#8220; theme_builder_area=&#8220;post_content&#8220;][et_pb_text _builder_version=&#8220;4.27.0&#8243; _module_preset=&#8220;default&#8220; hover_enabled=&#8220;0&#8243; global_colors_info=&#8220;{}&#8220; theme_builder_area=&#8220;post_content&#8220; sticky_enabled=&#8220;0&#8243;]<\/p>\n<h2>Rechtliche Hinweise und Cookies<\/h2>\n<p><\/p>\n<div class=\"et_pb_module et_pb_text et_pb_text_4  et_pb_text_align_left et_pb_bg_layout_light\">\n<div class=\"et_pb_text_inner\">\n<p style=\"margin-left: 35.4pt; text-indent: -35.4pt;\"><strong>Identifizierung und Eigentum<\/strong><b><br \/><\/b>In \u00dcbereinstimmung mit Artikel 10 des Gesetzes 34 \/ 2002 vom 11. Juli 2002 \u00fcber die Dienste der Informationsgesellschaft und des elektronischen Gesch\u00e4ftsverkehrs, der<br \/>Dienste der Informationsgesellschaft und des elektronischen Handels, legt der Inhaber seine Identifikationsdaten offen.<br \/>&#8211; Firma: DUBAI DATES NUTRITION GMBH &amp; CO.<br \/>&#8211; Anschrift: KGK-S Slavejkov BL. 42 7 St.6, 8000 Burgas<br \/>&#8211; E-Mail: info@dubaidatesnutrition.com<br \/>&#8211; Website | dubaidatesnutrition.com<\/p>\n<p><strong>Zweck<\/strong><br \/>Der Zweck der Website dubaidatesnutrition.com ist der Zweck von dubaidatesnutrition.com<\/p>\n<p><strong>Bedingungen f\u00fcr die Nutzung<\/strong><\/p>\n<p>Die Nutzung der Website verleiht Ihnen den Status eines Benutzers und setzt die vollst\u00e4ndige Annahme aller auf den Seiten enthaltenen Klauseln und Nutzungsbedingungen voraus:<br \/>&#8211; Rechtlicher Hinweis<br \/>&#8211; Datenschutzbestimmungen<br \/>&#8211; Cookies-Politik<br \/>Wenn Sie nicht mit jeder einzelnen dieser Klauseln und Bedingungen einverstanden sind, sehen Sie bitte von der Nutzung dieser Website ab. Der Zugang zu dieser Website bedeutet in keiner Weise die Anbahnung einer Gesch\u00e4ftsbeziehung mit dem Eigent\u00fcmer.<br \/>Der Beherberger erm\u00f6glicht Ihnen \u00fcber diese Website den Zugang und die Nutzung verschiedener Inhalte, die der Beherberger oder seine Mitarbeiter im Internet ver\u00f6ffentlicht haben.<br \/>Zu diesem Zweck verpflichten Sie sich, die Inhalte der Website NICHT f\u00fcr illegale Zwecke oder Wirkungen zu verwenden, die in diesen rechtlichen Hinweisen oder gesetzlich verboten sind, die Rechte und Interessen anderer verletzen oder die normale Nutzung der Website in irgendeiner Weise besch\u00e4digen, deaktivieren, \u00fcberlasten, beeintr\u00e4chtigen, verschlechtern<br \/>oder die normale Nutzung der Inhalte, der Computerausr\u00fcstung oder der Dokumente, Dateien und aller Arten von Inhalten zu behindern, die auf einer Computerausr\u00fcstung gespeichert sind, die dem Eigent\u00fcmer, anderen Nutzern oder Internetnutzern geh\u00f6rt oder von ihnen in Auftrag gegeben wurde.<\/p>\n<p><strong>Sicherheitsma\u00dfnahmen<\/strong><\/p>\n<p>Die pers\u00f6nlichen Daten, die Sie dem Inhaber zur Verf\u00fcgung stellen, k\u00f6nnen in automatisierten oder nicht automatisierten Datenbanken gespeichert werden, deren Eigentum ausschlie\u00dflich dem Inhaber zusteht, der alle technischen, organisatorischen und sicherheitstechnischen Ma\u00dfnahmen ergreift, um die Vertraulichkeit, Integrit\u00e4t und Qualit\u00e4t der darin enthaltenen Informationen gem\u00e4\u00df den geltenden Datenschutzbestimmungen zu gew\u00e4hrleisten. Sie sollten sich jedoch dar\u00fcber im Klaren sein, dass die Sicherheitsvorkehrungen der Computersysteme im Internet nicht v\u00f6llig zuverl\u00e4ssig sind und dass der Inhaber daher nicht garantieren kann, dass keine Viren oder andere Elemente vorhanden sind, die Ver\u00e4nderungen in den Computersystemen (Software und Hardware) des Benutzers oder in den darin enthaltenen elektronischen Dokumenten und Dateien verursachen k\u00f6nnen, obwohl der Inhaber alle erforderlichen Mittel einsetzt und angemessene Sicherheitsma\u00dfnahmen ergreift, um das Vorhandensein dieser sch\u00e4dlichen Elemente zu verhindern.<\/p>\n<p><strong>Pers\u00f6nliche Daten<\/strong><\/p>\n<p>Sie k\u00f6nnen alle Informationen \u00fcber die Verarbeitung der vom f\u00fcr die Verarbeitung Verantwortlichen gesammelten personenbezogenen Daten auf der Seite Datenschutzpolitik einsehen.<\/p>\n<p><b>Inhalt<\/b><\/p>\n<p>Der Eigent\u00fcmer hat die auf der Website enthaltenen Informationen, Multimedia-Inhalte und Materialien aus Quellen bezogen, die er f\u00fcr zuverl\u00e4ssig h\u00e4lt. Obwohl alle zumutbare Sorgfalt darauf verwendet wurde, die Richtigkeit der enthaltenen Informationen zu gew\u00e4hrleisten, \u00fcbernimmt der Eigent\u00fcmer keine Garantie f\u00fcr deren Richtigkeit, Vollst\u00e4ndigkeit und Aktualit\u00e4t. Der Inhaber lehnt ausdr\u00fccklich jede Haftung f\u00fcr Fehler oder Auslassungen in den auf den Seiten dieser Website enthaltenen Informationen ab. Es ist verboten, \u00fcber die Website illegale oder unzul\u00e4ssige Inhalte, Computerviren oder Nachrichten zu \u00fcbermitteln oder zu versenden, die im Allgemeinen die Rechte des Eigent\u00fcmers oder Dritter beeintr\u00e4chtigen oder verletzen. Der Inhalt der Website dient nur zu Informationszwecken und darf unter keinen Umst\u00e4nden als Verkaufsangebot, Aufforderung zum Kauf oder Empfehlung zur Durchf\u00fchrung einer anderen Transaktion verwendet oder betrachtet werden, es sei denn, dies ist ausdr\u00fccklich angegeben. Der Eigent\u00fcmer beh\u00e4lt sich das Recht vor, den Inhalt der Website, Links oder Informationen, die \u00fcber die Website zug\u00e4nglich sind, ohne vorherige Ank\u00fcndigung zu \u00e4ndern, auszusetzen, zu l\u00f6schen oder einzuschr\u00e4nken.<br \/>Der Beherberger haftet nicht f\u00fcr Sch\u00e4den, die aus der Nutzung der Informationen auf der Website oder der in den sozialen Netzwerken des Beherbergers enthaltenen Informationen entstehen k\u00f6nnen.<\/p>\n<p><strong>Cookies-Politik<\/strong><\/p>\n<p>Auf der Seite Cookie-Politik k\u00f6nnen Sie alle Informationen \u00fcber die Politik zur Sammlung und Verarbeitung von Cookies einsehen.<br \/>Der Inhaber erh\u00e4lt und speichert nur die folgenden Informationen \u00fcber die Besucher der Website:<br \/>&#8211; Den Dom\u00e4nennamen des Providers (ISP) und\/oder die IP-Adresse, \u00fcber die sie Zugang zum Netz erhalten.<br \/>&#8211; Das Datum und die Uhrzeit des Zugriffs auf die Website.<br \/>&#8211; Die Quell-Internetadresse des Links zur Website.<br \/>&#8211; Die Anzahl der t\u00e4glichen Besucher in jedem Bereich.<br \/>&#8211; Die erhaltenen Informationen sind v\u00f6llig anonym und k\u00f6nnen unter keinen Umst\u00e4nden mit einem bestimmten, identifizierten Nutzer in Verbindung gebracht werden.<\/p>\n<p><strong>N\u00fctzliche Links zu anderen Websites<\/strong><\/p>\n<p>Der Beherberger kann Ihnen \u00fcber Links den Zugang zu Webseiten Dritter erm\u00f6glichen, um Sie \u00fcber die Existenz anderer Informationsquellen im Internet zu informieren, auf denen Sie die auf der Webseite angebotenen Daten erweitern k\u00f6nnen.<br \/>Diese Links zu anderen Websites stellen in keiner Weise eine Anregung oder Empfehlung f\u00fcr Sie dar, die Ziel-Websites zu besuchen, die sich der Kontrolle des Eigent\u00fcmers entziehen, und daher ist der Eigent\u00fcmer nicht verantwortlich f\u00fcr den Inhalt der verlinkten Websites oder f\u00fcr das Ergebnis, das Sie erhalten, wenn Sie den Links folgen.<br \/>Dar\u00fcber hinaus ist der Beherberger nicht f\u00fcr Links oder Verweise verantwortlich, die sich auf den verlinkten Websites befinden, zu denen er Ihnen den Zugang erm\u00f6glicht. Die Einrichtung des Links impliziert in keinem Fall das Bestehen einer Beziehung zwischen dem Inhaber und dem Eigent\u00fcmer der Website, auf der der Link eingerichtet ist, noch die Annahme oder Billigung von deren Inhalten oder Dienstleistungen durch den Inhaber.<br \/>Wenn Sie \u00fcber einen Link, den Sie auf der Website finden, auf eine externe Website zugreifen, sollten Sie die Datenschutzrichtlinien der anderen Website lesen, die sich von denen dieser Website unterscheiden k\u00f6nnen.<\/p>\n<p><strong>Geistiges und gewerbliches Eigentum<\/strong><\/p>\n<p>Alle Rechte sind vorbehalten.<br \/>Der Zugang zu dieser Website unterliegt folgenden Bedingungen: Die Vervielf\u00e4ltigung, dauerhafte Speicherung und Verbreitung des Inhalts oder jede andere Verwendung f\u00fcr \u00f6ffentliche oder kommerzielle Zwecke ist ohne vorherige ausdr\u00fcckliche schriftliche Zustimmung des Inhabers ausdr\u00fccklich untersagt.<\/p>\n<p><strong>Kontakt<\/strong><br \/>Wenn Sie Fragen zu diesen Allgemeinen Gesch\u00e4ftsbedingungen haben oder Anmerkungen zu dieser Website machen m\u00f6chten, senden Sie bitte eine E-Mail an info@dubaidatesnutrition.com.<\/p>\n<p><strong>Begrenzung der Haftung<\/strong><\/p>\n<p>Die Informationen und Dienstleistungen, die auf dieser Website enthalten oder \u00fcber sie verf\u00fcgbar sind, k\u00f6nnen Ungenauigkeiten oder typografische Fehler enthalten. Der Beherberger nimmt regelm\u00e4\u00dfig Verbesserungen und\/oder \u00c4nderungen an den enthaltenen Informationen und\/oder den Dienstleistungen vor, die jederzeit eingef\u00fchrt werden k\u00f6nnen. Der Beherberger garantiert nicht, dass die Dienste oder Inhalte ununterbrochen oder fehlerfrei sind, dass Fehler korrigiert werden oder dass der Dienst oder der Server, der ihn zur Verf\u00fcgung stellt, frei von Viren oder anderen sch\u00e4dlichen Komponenten sind, ungeachtet der Tatsache, dass der Beherberger alle Anstrengungen unternimmt, um solche Vorf\u00e4lle zu vermeiden. Der Inhaber lehnt jede Verantwortung im Falle von Unterbrechungen oder Funktionsst\u00f6rungen der im Internet angebotenen Dienstleistungen oder Inhalte ab, unabh\u00e4ngig von deren Ursache. Ebenso haftet der Beherberger nicht f\u00fcr Netzwerkausf\u00e4lle, Gesch\u00e4ftsausf\u00e4lle als Folge solcher Ausf\u00e4lle, vor\u00fcbergehende Stromausf\u00e4lle oder jede andere Art von indirekten Sch\u00e4den, die durch Ursachen au\u00dferhalb der Kontrolle des Beherbergers verursacht werden k\u00f6nnen.<br \/>die auf Ursachen zur\u00fcckzuf\u00fchren sind, die au\u00dferhalb der Kontrolle des Inhabers liegen. Bevor Sie Entscheidungen und\/oder Handlungen auf der Grundlage der auf der Website enthaltenen Informationen treffen, empfiehlt Ihnen der Inhaber, die erhaltenen Informationen zu \u00fcberpr\u00fcfen und mit anderen Quellen zu vergleichen.<\/p>\n<p><b>Zust\u00e4ndigkeitsbereich<\/b><\/p>\n<p>Der vorliegende rechtliche Hinweis unterliegt ausschlie\u00dflich spanischem Recht.<br \/>Vorbehaltlich anderslautender Vorschriften vereinbaren die Parteien, sich bei allen Fragen, die sich in Bezug auf die Auslegung, Anwendung und Einhaltung des vorliegenden rechtlichen Hinweises ergeben, sowie bei allen Anspr\u00fcchen, die sich aus seiner Verwendung ergeben k\u00f6nnen, den Gerichten der entsprechenden Provinz zu unterwerfen, wobei sie ausdr\u00fccklich auf jede andere Zust\u00e4ndigkeit verzichten, die ihnen zustehen k\u00f6nnte..<\/p>\n<\/div>\n<p><\/div>\n<p>[\/et_pb_text][\/et_pb_column][\/et_pb_row][\/et_pb_section]<\/p>\n","protected":false},"excerpt":{"rendered":"<p>Rechtliche Hinweise und Cookies Identifizierung und EigentumIn \u00dcbereinstimmung mit Artikel 10 des Gesetzes 34 \/ 2002 vom 11. Juli 2002 \u00fcber die Dienste der Informationsgesellschaft und des elektronischen Gesch\u00e4ftsverkehrs, derDienste der Informationsgesellschaft und des elektronischen Handels, legt der Inhaber seine Identifikationsdaten offen.- Firma: DUBAI DATES NUTRITION GMBH &amp; CO.- Anschrift: KGK-S Slavejkov BL. 42 7 [&hellip;]<\/p>\n","protected":false},"author":1,"featured_media":0,"parent":0,"menu_order":0,"comment_status":"closed","ping_status":"closed","template":"","meta":{"_acf_changed":false,"_et_pb_use_builder":"on","_et_pb_old_content":"","_et_gb_content_width":"","footnotes":""},"class_list":["post-1850","page","type-page","status-publish","hentry"],"acf":[],"yoast_head":"<!-- This site is optimized with the Yoast SEO plugin v26.9 - https:\/\/yoast.com\/product\/yoast-seo-wordpress\/ -->\n<title>Rechtliche Hinweise und Cookies - Dubai Dates Nutrition<\/title>\n<meta name=\"robots\" content=\"index, follow, max-snippet:-1, max-image-preview:large, max-video-preview:-1\" \/>\n<link rel=\"canonical\" href=\"https:\/\/dubaidatesnutrition.com\/aviso-legal-y-cookies\" \/>\n<meta property=\"og:locale\" content=\"de_DE\" \/>\n<meta property=\"og:type\" content=\"article\" \/>\n<meta property=\"og:title\" content=\"Rechtliche Hinweise und Cookies - Dubai Dates Nutrition\" \/>\n<meta property=\"og:description\" content=\"Rechtliche Hinweise und Cookies Identifizierung und EigentumIn \u00dcbereinstimmung mit Artikel 10 des Gesetzes 34 \/ 2002 vom 11. Juli 2002 \u00fcber die Dienste der Informationsgesellschaft und des elektronischen Gesch\u00e4ftsverkehrs, derDienste der Informationsgesellschaft und des elektronischen Handels, legt der Inhaber seine Identifikationsdaten offen.- Firma: DUBAI DATES NUTRITION GMBH &amp; CO.- Anschrift: KGK-S Slavejkov BL. 42 7 [&hellip;]\" \/>\n<meta property=\"og:url\" content=\"https:\/\/dubaidatesnutrition.com\/aviso-legal-y-cookies\" \/>\n<meta property=\"og:site_name\" content=\"Dubai Dates Nutrition\" \/>\n<meta name=\"twitter:card\" content=\"summary_large_image\" \/>\n<meta name=\"twitter:label1\" content=\"Gesch\u00e4tzte Lesezeit\" \/>\n\t<meta name=\"twitter:data1\" content=\"7\u00a0Minuten\" \/>\n<script type=\"application\/ld+json\" class=\"yoast-schema-graph\">{\"@context\":\"https:\/\/schema.org\",\"@graph\":[{\"@type\":\"WebPage\",\"@id\":\"https:\/\/dubaidatesnutrition.com\/aviso-legal-y-cookies\",\"url\":\"https:\/\/dubaidatesnutrition.com\/aviso-legal-y-cookies\",\"name\":\"Rechtliche Hinweise und Cookies - Dubai Dates Nutrition\",\"isPartOf\":{\"@id\":\"https:\/\/dubaidatesnutrition.com\/#website\"},\"datePublished\":\"2025-03-31T09:29:01+00:00\",\"breadcrumb\":{\"@id\":\"https:\/\/dubaidatesnutrition.com\/aviso-legal-y-cookies#breadcrumb\"},\"inLanguage\":\"de\",\"potentialAction\":[{\"@type\":\"ReadAction\",\"target\":[\"https:\/\/dubaidatesnutrition.com\/aviso-legal-y-cookies\"]}]},{\"@type\":\"BreadcrumbList\",\"@id\":\"https:\/\/dubaidatesnutrition.com\/aviso-legal-y-cookies#breadcrumb\",\"itemListElement\":[{\"@type\":\"ListItem\",\"position\":1,\"name\":\"Portada\",\"item\":\"https:\/\/dubaidatesnutrition.com\/\"},{\"@type\":\"ListItem\",\"position\":2,\"name\":\"Rechtliche Hinweise und Cookies\"}]},{\"@type\":\"WebSite\",\"@id\":\"https:\/\/dubaidatesnutrition.com\/#website\",\"url\":\"https:\/\/dubaidatesnutrition.com\/\",\"name\":\"Dubai Dates Nutrition\",\"description\":\"\",\"potentialAction\":[{\"@type\":\"SearchAction\",\"target\":{\"@type\":\"EntryPoint\",\"urlTemplate\":\"https:\/\/dubaidatesnutrition.com\/?s={search_term_string}\"},\"query-input\":{\"@type\":\"PropertyValueSpecification\",\"valueRequired\":true,\"valueName\":\"search_term_string\"}}],\"inLanguage\":\"de\"}]}<\/script>\n<!-- \/ Yoast SEO plugin. -->","yoast_head_json":{"title":"Rechtliche Hinweise und Cookies - Dubai Dates Nutrition","robots":{"index":"index","follow":"follow","max-snippet":"max-snippet:-1","max-image-preview":"max-image-preview:large","max-video-preview":"max-video-preview:-1"},"canonical":"https:\/\/dubaidatesnutrition.com\/aviso-legal-y-cookies","og_locale":"de_DE","og_type":"article","og_title":"Rechtliche Hinweise und Cookies - Dubai Dates Nutrition","og_description":"Rechtliche Hinweise und Cookies Identifizierung und EigentumIn \u00dcbereinstimmung mit Artikel 10 des Gesetzes 34 \/ 2002 vom 11. Juli 2002 \u00fcber die Dienste der Informationsgesellschaft und des elektronischen Gesch\u00e4ftsverkehrs, derDienste der Informationsgesellschaft und des elektronischen Handels, legt der Inhaber seine Identifikationsdaten offen.- Firma: DUBAI DATES NUTRITION GMBH &amp; CO.- Anschrift: KGK-S Slavejkov BL. 42 7 [&hellip;]","og_url":"https:\/\/dubaidatesnutrition.com\/aviso-legal-y-cookies","og_site_name":"Dubai Dates Nutrition","twitter_card":"summary_large_image","twitter_misc":{"Gesch\u00e4tzte Lesezeit":"7\u00a0Minuten"},"schema":{"@context":"https:\/\/schema.org","@graph":[{"@type":"WebPage","@id":"https:\/\/dubaidatesnutrition.com\/aviso-legal-y-cookies","url":"https:\/\/dubaidatesnutrition.com\/aviso-legal-y-cookies","name":"Rechtliche Hinweise und Cookies - Dubai Dates Nutrition","isPartOf":{"@id":"https:\/\/dubaidatesnutrition.com\/#website"},"datePublished":"2025-03-31T09:29:01+00:00","breadcrumb":{"@id":"https:\/\/dubaidatesnutrition.com\/aviso-legal-y-cookies#breadcrumb"},"inLanguage":"de","potentialAction":[{"@type":"ReadAction","target":["https:\/\/dubaidatesnutrition.com\/aviso-legal-y-cookies"]}]},{"@type":"BreadcrumbList","@id":"https:\/\/dubaidatesnutrition.com\/aviso-legal-y-cookies#breadcrumb","itemListElement":[{"@type":"ListItem","position":1,"name":"Portada","item":"https:\/\/dubaidatesnutrition.com\/"},{"@type":"ListItem","position":2,"name":"Rechtliche Hinweise und Cookies"}]},{"@type":"WebSite","@id":"https:\/\/dubaidatesnutrition.com\/#website","url":"https:\/\/dubaidatesnutrition.com\/","name":"Dubai Dates Nutrition","description":"","potentialAction":[{"@type":"SearchAction","target":{"@type":"EntryPoint","urlTemplate":"https:\/\/dubaidatesnutrition.com\/?s={search_term_string}"},"query-input":{"@type":"PropertyValueSpecification","valueRequired":true,"valueName":"search_term_string"}}],"inLanguage":"de"}]}},"_links":{"self":[{"href":"https:\/\/dubaidatesnutrition.com\/de\/wp-json\/wp\/v2\/pages\/1850","targetHints":{"allow":["GET"]}}],"collection":[{"href":"https:\/\/dubaidatesnutrition.com\/de\/wp-json\/wp\/v2\/pages"}],"about":[{"href":"https:\/\/dubaidatesnutrition.com\/de\/wp-json\/wp\/v2\/types\/page"}],"author":[{"embeddable":true,"href":"https:\/\/dubaidatesnutrition.com\/de\/wp-json\/wp\/v2\/users\/1"}],"replies":[{"embeddable":true,"href":"https:\/\/dubaidatesnutrition.com\/de\/wp-json\/wp\/v2\/comments?post=1850"}],"version-history":[{"count":2,"href":"https:\/\/dubaidatesnutrition.com\/de\/wp-json\/wp\/v2\/pages\/1850\/revisions"}],"predecessor-version":[{"id":1852,"href":"https:\/\/dubaidatesnutrition.com\/de\/wp-json\/wp\/v2\/pages\/1850\/revisions\/1852"}],"wp:attachment":[{"href":"https:\/\/dubaidatesnutrition.com\/de\/wp-json\/wp\/v2\/media?parent=1850"}],"curies":[{"name":"wp","href":"https:\/\/api.w.org\/{rel}","templated":true}]}}