{"id":2019,"date":"2025-03-26T11:42:14","date_gmt":"2025-03-26T11:42:14","guid":{"rendered":"https:\/\/dubaidatesnutrition.com\/producto\/molke-isolat-1kg"},"modified":"2025-04-03T09:41:06","modified_gmt":"2025-04-03T09:41:06","slug":"molke-isolat-1kg","status":"publish","type":"product","link":"https:\/\/dubaidatesnutrition.com\/de\/producto\/molke-isolat-1kg","title":{"rendered":"Molke-Isolat 1kg"},"content":{"rendered":"","protected":false},"excerpt":{"rendered":"<p>Molkenproteinisolat liefert biologisch aktive Inhaltsstoffe, die Ihr Immunsystem st\u00e4rken. Dank seines hochmodernen Proteins bietet es eine sofortige Bioverf\u00fcgbarkeit und ist damit das am besten verdauliche Protein auf dem Markt. Im Allgemeinen haben Molkenproteinisolate einen h\u00f6heren Proteinanteil als Molkenkonzentrate, was auch bedeutet, dass die Isolate weniger Zucker (einschlie\u00dflich Laktose) und Fett enthalten. Nahrungsproteine sind Quellen von Stickstoff und essentiellen Aminos\u00e4uren, die der K\u00f6rper f\u00fcr Wachstum und Gewebeerhaltung ben\u00f6tigt. Hergestellt mit FONTERRA, dem weltweit f\u00fchrenden Hersteller von Milchproteinen. Mit mehr als 30 Jahren Forschung und Bewertung, um die besten und hochwertigsten Proteine zu erhalten. Dieses Protein wird auf den Prozess der Trennung durch Cross-Flow-Mikrofiltrationsmembranen (CFM) Erhalt PROTEIN mit einem hohen Prozentsatz von Protein pro Portion unterzogen.<\/p>\n","protected":false},"featured_media":2611,"comment_status":"open","ping_status":"closed","template":"","meta":{"_acf_changed":false,"_et_pb_use_builder":"","_et_pb_old_content":"","_et_gb_content_width":""},"product_brand":[],"product_cat":[108,99],"product_tag":[],"class_list":{"0":"post-2019","1":"product","2":"type-product","3":"status-publish","4":"has-post-thumbnail","6":"product_cat-ganancia-de-musculo-de","7":"product_cat-proteine","9":"first","10":"instock","11":"taxable","12":"shipping-taxable","13":"purchasable","14":"product-type-variable"},"acf":[],"yoast_head":"<!-- This site is optimized with the Yoast SEO plugin v26.9 - https:\/\/yoast.com\/product\/yoast-seo-wordpress\/ -->\n<title>Molke-Isolat 1kg - Dubai Dates Nutrition<\/title>\n<meta name=\"robots\" content=\"index, follow, max-snippet:-1, max-image-preview:large, max-video-preview:-1\" \/>\n<link rel=\"canonical\" href=\"https:\/\/dubaidatesnutrition.com\/de\/producto\/molke-isolat-1kg\" \/>\n<meta property=\"og:locale\" content=\"de_DE\" \/>\n<meta property=\"og:type\" content=\"article\" \/>\n<meta property=\"og:title\" content=\"Molke-Isolat 1kg - Dubai Dates Nutrition\" \/>\n<meta property=\"og:description\" content=\"Molkenproteinisolat liefert biologisch aktive Inhaltsstoffe, die Ihr Immunsystem st\u00e4rken. Dank seines hochmodernen Proteins bietet es eine sofortige Bioverf\u00fcgbarkeit und ist damit das am besten verdauliche Protein auf dem Markt. Im Allgemeinen haben Molkenproteinisolate einen h\u00f6heren Proteinanteil als Molkenkonzentrate, was auch bedeutet, dass die Isolate weniger Zucker (einschlie\u00dflich Laktose) und Fett enthalten. Nahrungsproteine sind Quellen von Stickstoff und essentiellen Aminos\u00e4uren, die der K\u00f6rper f\u00fcr Wachstum und Gewebeerhaltung ben\u00f6tigt. Hergestellt mit FONTERRA, dem weltweit f\u00fchrenden Hersteller von Milchproteinen. Mit mehr als 30 Jahren Forschung und Bewertung, um die besten und hochwertigsten Proteine zu erhalten. Dieses Protein wird auf den Prozess der Trennung durch Cross-Flow-Mikrofiltrationsmembranen (CFM) Erhalt PROTEIN mit einem hohen Prozentsatz von Protein pro Portion unterzogen.\" \/>\n<meta property=\"og:url\" content=\"https:\/\/dubaidatesnutrition.com\/de\/producto\/molke-isolat-1kg\" \/>\n<meta property=\"og:site_name\" content=\"Dubai Dates Nutrition\" \/>\n<meta property=\"article:modified_time\" content=\"2025-04-03T09:41:06+00:00\" \/>\n<meta property=\"og:image\" content=\"https:\/\/dubaidatesnutrition.com\/wp-content\/uploads\/2025\/08\/DSC09116-scaled.jpg\" \/>\n\t<meta property=\"og:image:width\" content=\"1707\" \/>\n\t<meta property=\"og:image:height\" content=\"2560\" \/>\n\t<meta property=\"og:image:type\" content=\"image\/jpeg\" \/>\n<meta name=\"twitter:card\" content=\"summary_large_image\" \/>\n<script type=\"application\/ld+json\" class=\"yoast-schema-graph\">{\"@context\":\"https:\/\/schema.org\",\"@graph\":[{\"@type\":\"WebPage\",\"@id\":\"https:\/\/dubaidatesnutrition.com\/de\/producto\/molke-isolat-1kg\",\"url\":\"https:\/\/dubaidatesnutrition.com\/de\/producto\/molke-isolat-1kg\",\"name\":\"Molke-Isolat 1kg - Dubai Dates Nutrition\",\"isPartOf\":{\"@id\":\"https:\/\/dubaidatesnutrition.com\/#website\"},\"primaryImageOfPage\":{\"@id\":\"https:\/\/dubaidatesnutrition.com\/de\/producto\/molke-isolat-1kg#primaryimage\"},\"image\":{\"@id\":\"https:\/\/dubaidatesnutrition.com\/de\/producto\/molke-isolat-1kg#primaryimage\"},\"thumbnailUrl\":\"https:\/\/dubaidatesnutrition.com\/wp-content\/uploads\/2025\/08\/DSC09116-scaled.jpg\",\"datePublished\":\"2025-03-26T11:42:14+00:00\",\"dateModified\":\"2025-04-03T09:41:06+00:00\",\"breadcrumb\":{\"@id\":\"https:\/\/dubaidatesnutrition.com\/de\/producto\/molke-isolat-1kg#breadcrumb\"},\"inLanguage\":\"de\",\"potentialAction\":[{\"@type\":\"ReadAction\",\"target\":[\"https:\/\/dubaidatesnutrition.com\/de\/producto\/molke-isolat-1kg\"]}]},{\"@type\":\"ImageObject\",\"inLanguage\":\"de\",\"@id\":\"https:\/\/dubaidatesnutrition.com\/de\/producto\/molke-isolat-1kg#primaryimage\",\"url\":\"https:\/\/dubaidatesnutrition.com\/wp-content\/uploads\/2025\/08\/DSC09116-scaled.jpg\",\"contentUrl\":\"https:\/\/dubaidatesnutrition.com\/wp-content\/uploads\/2025\/08\/DSC09116-scaled.jpg\",\"width\":1707,\"height\":2560},{\"@type\":\"BreadcrumbList\",\"@id\":\"https:\/\/dubaidatesnutrition.com\/de\/producto\/molke-isolat-1kg#breadcrumb\",\"itemListElement\":[{\"@type\":\"ListItem\",\"position\":1,\"name\":\"Portada\",\"item\":\"https:\/\/dubaidatesnutrition.com\/\"},{\"@type\":\"ListItem\",\"position\":2,\"name\":\"Tienda\",\"item\":\"https:\/\/dubaidatesnutrition.com\/tienda\"},{\"@type\":\"ListItem\",\"position\":3,\"name\":\"Molke-Isolat 1kg\"}]},{\"@type\":\"WebSite\",\"@id\":\"https:\/\/dubaidatesnutrition.com\/#website\",\"url\":\"https:\/\/dubaidatesnutrition.com\/\",\"name\":\"Dubai Dates Nutrition\",\"description\":\"\",\"potentialAction\":[{\"@type\":\"SearchAction\",\"target\":{\"@type\":\"EntryPoint\",\"urlTemplate\":\"https:\/\/dubaidatesnutrition.com\/?s={search_term_string}\"},\"query-input\":{\"@type\":\"PropertyValueSpecification\",\"valueRequired\":true,\"valueName\":\"search_term_string\"}}],\"inLanguage\":\"de\"}]}<\/script>\n<!-- \/ Yoast SEO plugin. -->","yoast_head_json":{"title":"Molke-Isolat 1kg - Dubai Dates Nutrition","robots":{"index":"index","follow":"follow","max-snippet":"max-snippet:-1","max-image-preview":"max-image-preview:large","max-video-preview":"max-video-preview:-1"},"canonical":"https:\/\/dubaidatesnutrition.com\/de\/producto\/molke-isolat-1kg","og_locale":"de_DE","og_type":"article","og_title":"Molke-Isolat 1kg - Dubai Dates Nutrition","og_description":"Molkenproteinisolat liefert biologisch aktive Inhaltsstoffe, die Ihr Immunsystem st\u00e4rken. Dank seines hochmodernen Proteins bietet es eine sofortige Bioverf\u00fcgbarkeit und ist damit das am besten verdauliche Protein auf dem Markt. Im Allgemeinen haben Molkenproteinisolate einen h\u00f6heren Proteinanteil als Molkenkonzentrate, was auch bedeutet, dass die Isolate weniger Zucker (einschlie\u00dflich Laktose) und Fett enthalten. Nahrungsproteine sind Quellen von Stickstoff und essentiellen Aminos\u00e4uren, die der K\u00f6rper f\u00fcr Wachstum und Gewebeerhaltung ben\u00f6tigt. Hergestellt mit FONTERRA, dem weltweit f\u00fchrenden Hersteller von Milchproteinen. Mit mehr als 30 Jahren Forschung und Bewertung, um die besten und hochwertigsten Proteine zu erhalten. Dieses Protein wird auf den Prozess der Trennung durch Cross-Flow-Mikrofiltrationsmembranen (CFM) Erhalt PROTEIN mit einem hohen Prozentsatz von Protein pro Portion unterzogen.","og_url":"https:\/\/dubaidatesnutrition.com\/de\/producto\/molke-isolat-1kg","og_site_name":"Dubai Dates Nutrition","article_modified_time":"2025-04-03T09:41:06+00:00","og_image":[{"width":1707,"height":2560,"url":"https:\/\/dubaidatesnutrition.com\/wp-content\/uploads\/2025\/08\/DSC09116-scaled.jpg","type":"image\/jpeg"}],"twitter_card":"summary_large_image","schema":{"@context":"https:\/\/schema.org","@graph":[{"@type":"WebPage","@id":"https:\/\/dubaidatesnutrition.com\/de\/producto\/molke-isolat-1kg","url":"https:\/\/dubaidatesnutrition.com\/de\/producto\/molke-isolat-1kg","name":"Molke-Isolat 1kg - Dubai Dates Nutrition","isPartOf":{"@id":"https:\/\/dubaidatesnutrition.com\/#website"},"primaryImageOfPage":{"@id":"https:\/\/dubaidatesnutrition.com\/de\/producto\/molke-isolat-1kg#primaryimage"},"image":{"@id":"https:\/\/dubaidatesnutrition.com\/de\/producto\/molke-isolat-1kg#primaryimage"},"thumbnailUrl":"https:\/\/dubaidatesnutrition.com\/wp-content\/uploads\/2025\/08\/DSC09116-scaled.jpg","datePublished":"2025-03-26T11:42:14+00:00","dateModified":"2025-04-03T09:41:06+00:00","breadcrumb":{"@id":"https:\/\/dubaidatesnutrition.com\/de\/producto\/molke-isolat-1kg#breadcrumb"},"inLanguage":"de","potentialAction":[{"@type":"ReadAction","target":["https:\/\/dubaidatesnutrition.com\/de\/producto\/molke-isolat-1kg"]}]},{"@type":"ImageObject","inLanguage":"de","@id":"https:\/\/dubaidatesnutrition.com\/de\/producto\/molke-isolat-1kg#primaryimage","url":"https:\/\/dubaidatesnutrition.com\/wp-content\/uploads\/2025\/08\/DSC09116-scaled.jpg","contentUrl":"https:\/\/dubaidatesnutrition.com\/wp-content\/uploads\/2025\/08\/DSC09116-scaled.jpg","width":1707,"height":2560},{"@type":"BreadcrumbList","@id":"https:\/\/dubaidatesnutrition.com\/de\/producto\/molke-isolat-1kg#breadcrumb","itemListElement":[{"@type":"ListItem","position":1,"name":"Portada","item":"https:\/\/dubaidatesnutrition.com\/"},{"@type":"ListItem","position":2,"name":"Tienda","item":"https:\/\/dubaidatesnutrition.com\/tienda"},{"@type":"ListItem","position":3,"name":"Molke-Isolat 1kg"}]},{"@type":"WebSite","@id":"https:\/\/dubaidatesnutrition.com\/#website","url":"https:\/\/dubaidatesnutrition.com\/","name":"Dubai Dates Nutrition","description":"","potentialAction":[{"@type":"SearchAction","target":{"@type":"EntryPoint","urlTemplate":"https:\/\/dubaidatesnutrition.com\/?s={search_term_string}"},"query-input":{"@type":"PropertyValueSpecification","valueRequired":true,"valueName":"search_term_string"}}],"inLanguage":"de"}]}},"_links":{"self":[{"href":"https:\/\/dubaidatesnutrition.com\/de\/wp-json\/wp\/v2\/product\/2019","targetHints":{"allow":["GET"]}}],"collection":[{"href":"https:\/\/dubaidatesnutrition.com\/de\/wp-json\/wp\/v2\/product"}],"about":[{"href":"https:\/\/dubaidatesnutrition.com\/de\/wp-json\/wp\/v2\/types\/product"}],"replies":[{"embeddable":true,"href":"https:\/\/dubaidatesnutrition.com\/de\/wp-json\/wp\/v2\/comments?post=2019"}],"wp:featuredmedia":[{"embeddable":true,"href":"https:\/\/dubaidatesnutrition.com\/de\/wp-json\/wp\/v2\/media\/2611"}],"wp:attachment":[{"href":"https:\/\/dubaidatesnutrition.com\/de\/wp-json\/wp\/v2\/media?parent=2019"}],"wp:term":[{"taxonomy":"product_brand","embeddable":true,"href":"https:\/\/dubaidatesnutrition.com\/de\/wp-json\/wp\/v2\/product_brand?post=2019"},{"taxonomy":"product_cat","embeddable":true,"href":"https:\/\/dubaidatesnutrition.com\/de\/wp-json\/wp\/v2\/product_cat?post=2019"},{"taxonomy":"product_tag","embeddable":true,"href":"https:\/\/dubaidatesnutrition.com\/de\/wp-json\/wp\/v2\/product_tag?post=2019"}],"curies":[{"name":"wp","href":"https:\/\/api.w.org\/{rel}","templated":true}]}}