{"id":2026,"date":"2025-03-27T12:46:18","date_gmt":"2025-03-27T12:46:18","guid":{"rendered":"https:\/\/dubaidatesnutrition.com\/producto\/pre-workout-300gr"},"modified":"2025-04-03T09:54:23","modified_gmt":"2025-04-03T09:54:23","slug":"pre-workout-300gr","status":"publish","type":"product","link":"https:\/\/dubaidatesnutrition.com\/de\/producto\/pre-workout-300gr","title":{"rendered":"Pre-workout 300gr"},"content":{"rendered":"","protected":false},"excerpt":{"rendered":"<p>Pre-Workout-Pulver mit Apfelgeschmack, das Beta-Alanin, Koffein, Taurin und Niacin mit S\u00fc\u00dfungsmitteln enth\u00e4lt. Niacin tr\u00e4gt zur Verringerung von M\u00fcdigkeit und Erm\u00fcdung, zum normalen Energiestoffwechsel, zur psychischen Funktion und zur normalen Funktion des Nervensystems bei. Es setzt eine au\u00dfergew\u00f6hnliche Menge an Energie frei und steigert die Konzentration sowie die Ausdauer f\u00fcr H\u00f6chstleistungen auf dem Sportplatz, f\u00fcr den n\u00e4chsten Satz, f\u00fcr die letzte Wiederholung und f\u00fcr eine echte Zunahme der Muskelmasse.<\/p>\n","protected":false},"featured_media":2647,"comment_status":"open","ping_status":"closed","template":"","meta":{"_acf_changed":false,"_et_pb_use_builder":"","_et_pb_old_content":"","_et_gb_content_width":""},"product_brand":[],"product_cat":[108,107],"product_tag":[],"class_list":{"0":"post-2026","1":"product","2":"type-product","3":"status-publish","4":"has-post-thumbnail","6":"product_cat-ganancia-de-musculo-de","7":"product_cat-suplementos-de-refuerzo-de","9":"first","10":"instock","11":"taxable","12":"shipping-taxable","13":"purchasable","14":"product-type-variable"},"acf":[],"yoast_head":"<!-- This site is optimized with the Yoast SEO plugin v26.9 - https:\/\/yoast.com\/product\/yoast-seo-wordpress\/ -->\n<title>Pre-workout 300gr - Dubai Dates Nutrition<\/title>\n<meta name=\"robots\" content=\"index, follow, max-snippet:-1, max-image-preview:large, max-video-preview:-1\" \/>\n<link rel=\"canonical\" href=\"https:\/\/dubaidatesnutrition.com\/de\/producto\/pre-workout-300gr\" \/>\n<meta property=\"og:locale\" content=\"de_DE\" \/>\n<meta property=\"og:type\" content=\"article\" \/>\n<meta property=\"og:title\" content=\"Pre-workout 300gr - Dubai Dates Nutrition\" \/>\n<meta property=\"og:description\" content=\"Pre-Workout-Pulver mit Apfelgeschmack, das Beta-Alanin, Koffein, Taurin und Niacin mit S\u00fc\u00dfungsmitteln enth\u00e4lt. Niacin tr\u00e4gt zur Verringerung von M\u00fcdigkeit und Erm\u00fcdung, zum normalen Energiestoffwechsel, zur psychischen Funktion und zur normalen Funktion des Nervensystems bei. Es setzt eine au\u00dfergew\u00f6hnliche Menge an Energie frei und steigert die Konzentration sowie die Ausdauer f\u00fcr H\u00f6chstleistungen auf dem Sportplatz, f\u00fcr den n\u00e4chsten Satz, f\u00fcr die letzte Wiederholung und f\u00fcr eine echte Zunahme der Muskelmasse.\" \/>\n<meta property=\"og:url\" content=\"https:\/\/dubaidatesnutrition.com\/de\/producto\/pre-workout-300gr\" \/>\n<meta property=\"og:site_name\" content=\"Dubai Dates Nutrition\" \/>\n<meta property=\"article:modified_time\" content=\"2025-04-03T09:54:23+00:00\" \/>\n<meta property=\"og:image\" content=\"https:\/\/dubaidatesnutrition.com\/wp-content\/uploads\/2025\/08\/DSC09091-scaled.jpg\" \/>\n\t<meta property=\"og:image:width\" content=\"1707\" \/>\n\t<meta property=\"og:image:height\" content=\"2560\" \/>\n\t<meta property=\"og:image:type\" content=\"image\/jpeg\" \/>\n<meta name=\"twitter:card\" content=\"summary_large_image\" \/>\n<script type=\"application\/ld+json\" class=\"yoast-schema-graph\">{\"@context\":\"https:\/\/schema.org\",\"@graph\":[{\"@type\":\"WebPage\",\"@id\":\"https:\/\/dubaidatesnutrition.com\/de\/producto\/pre-workout-300gr\",\"url\":\"https:\/\/dubaidatesnutrition.com\/de\/producto\/pre-workout-300gr\",\"name\":\"Pre-workout 300gr - Dubai Dates Nutrition\",\"isPartOf\":{\"@id\":\"https:\/\/dubaidatesnutrition.com\/#website\"},\"primaryImageOfPage\":{\"@id\":\"https:\/\/dubaidatesnutrition.com\/de\/producto\/pre-workout-300gr#primaryimage\"},\"image\":{\"@id\":\"https:\/\/dubaidatesnutrition.com\/de\/producto\/pre-workout-300gr#primaryimage\"},\"thumbnailUrl\":\"https:\/\/dubaidatesnutrition.com\/wp-content\/uploads\/2025\/08\/DSC09091-scaled.jpg\",\"datePublished\":\"2025-03-27T12:46:18+00:00\",\"dateModified\":\"2025-04-03T09:54:23+00:00\",\"breadcrumb\":{\"@id\":\"https:\/\/dubaidatesnutrition.com\/de\/producto\/pre-workout-300gr#breadcrumb\"},\"inLanguage\":\"de\",\"potentialAction\":[{\"@type\":\"ReadAction\",\"target\":[\"https:\/\/dubaidatesnutrition.com\/de\/producto\/pre-workout-300gr\"]}]},{\"@type\":\"ImageObject\",\"inLanguage\":\"de\",\"@id\":\"https:\/\/dubaidatesnutrition.com\/de\/producto\/pre-workout-300gr#primaryimage\",\"url\":\"https:\/\/dubaidatesnutrition.com\/wp-content\/uploads\/2025\/08\/DSC09091-scaled.jpg\",\"contentUrl\":\"https:\/\/dubaidatesnutrition.com\/wp-content\/uploads\/2025\/08\/DSC09091-scaled.jpg\",\"width\":1707,\"height\":2560},{\"@type\":\"BreadcrumbList\",\"@id\":\"https:\/\/dubaidatesnutrition.com\/de\/producto\/pre-workout-300gr#breadcrumb\",\"itemListElement\":[{\"@type\":\"ListItem\",\"position\":1,\"name\":\"Portada\",\"item\":\"https:\/\/dubaidatesnutrition.com\/\"},{\"@type\":\"ListItem\",\"position\":2,\"name\":\"Tienda\",\"item\":\"https:\/\/dubaidatesnutrition.com\/tienda\"},{\"@type\":\"ListItem\",\"position\":3,\"name\":\"Pre-workout 300gr\"}]},{\"@type\":\"WebSite\",\"@id\":\"https:\/\/dubaidatesnutrition.com\/#website\",\"url\":\"https:\/\/dubaidatesnutrition.com\/\",\"name\":\"Dubai Dates Nutrition\",\"description\":\"\",\"potentialAction\":[{\"@type\":\"SearchAction\",\"target\":{\"@type\":\"EntryPoint\",\"urlTemplate\":\"https:\/\/dubaidatesnutrition.com\/?s={search_term_string}\"},\"query-input\":{\"@type\":\"PropertyValueSpecification\",\"valueRequired\":true,\"valueName\":\"search_term_string\"}}],\"inLanguage\":\"de\"}]}<\/script>\n<!-- \/ Yoast SEO plugin. -->","yoast_head_json":{"title":"Pre-workout 300gr - Dubai Dates Nutrition","robots":{"index":"index","follow":"follow","max-snippet":"max-snippet:-1","max-image-preview":"max-image-preview:large","max-video-preview":"max-video-preview:-1"},"canonical":"https:\/\/dubaidatesnutrition.com\/de\/producto\/pre-workout-300gr","og_locale":"de_DE","og_type":"article","og_title":"Pre-workout 300gr - Dubai Dates Nutrition","og_description":"Pre-Workout-Pulver mit Apfelgeschmack, das Beta-Alanin, Koffein, Taurin und Niacin mit S\u00fc\u00dfungsmitteln enth\u00e4lt. Niacin tr\u00e4gt zur Verringerung von M\u00fcdigkeit und Erm\u00fcdung, zum normalen Energiestoffwechsel, zur psychischen Funktion und zur normalen Funktion des Nervensystems bei. Es setzt eine au\u00dfergew\u00f6hnliche Menge an Energie frei und steigert die Konzentration sowie die Ausdauer f\u00fcr H\u00f6chstleistungen auf dem Sportplatz, f\u00fcr den n\u00e4chsten Satz, f\u00fcr die letzte Wiederholung und f\u00fcr eine echte Zunahme der Muskelmasse.","og_url":"https:\/\/dubaidatesnutrition.com\/de\/producto\/pre-workout-300gr","og_site_name":"Dubai Dates Nutrition","article_modified_time":"2025-04-03T09:54:23+00:00","og_image":[{"width":1707,"height":2560,"url":"https:\/\/dubaidatesnutrition.com\/wp-content\/uploads\/2025\/08\/DSC09091-scaled.jpg","type":"image\/jpeg"}],"twitter_card":"summary_large_image","schema":{"@context":"https:\/\/schema.org","@graph":[{"@type":"WebPage","@id":"https:\/\/dubaidatesnutrition.com\/de\/producto\/pre-workout-300gr","url":"https:\/\/dubaidatesnutrition.com\/de\/producto\/pre-workout-300gr","name":"Pre-workout 300gr - Dubai Dates Nutrition","isPartOf":{"@id":"https:\/\/dubaidatesnutrition.com\/#website"},"primaryImageOfPage":{"@id":"https:\/\/dubaidatesnutrition.com\/de\/producto\/pre-workout-300gr#primaryimage"},"image":{"@id":"https:\/\/dubaidatesnutrition.com\/de\/producto\/pre-workout-300gr#primaryimage"},"thumbnailUrl":"https:\/\/dubaidatesnutrition.com\/wp-content\/uploads\/2025\/08\/DSC09091-scaled.jpg","datePublished":"2025-03-27T12:46:18+00:00","dateModified":"2025-04-03T09:54:23+00:00","breadcrumb":{"@id":"https:\/\/dubaidatesnutrition.com\/de\/producto\/pre-workout-300gr#breadcrumb"},"inLanguage":"de","potentialAction":[{"@type":"ReadAction","target":["https:\/\/dubaidatesnutrition.com\/de\/producto\/pre-workout-300gr"]}]},{"@type":"ImageObject","inLanguage":"de","@id":"https:\/\/dubaidatesnutrition.com\/de\/producto\/pre-workout-300gr#primaryimage","url":"https:\/\/dubaidatesnutrition.com\/wp-content\/uploads\/2025\/08\/DSC09091-scaled.jpg","contentUrl":"https:\/\/dubaidatesnutrition.com\/wp-content\/uploads\/2025\/08\/DSC09091-scaled.jpg","width":1707,"height":2560},{"@type":"BreadcrumbList","@id":"https:\/\/dubaidatesnutrition.com\/de\/producto\/pre-workout-300gr#breadcrumb","itemListElement":[{"@type":"ListItem","position":1,"name":"Portada","item":"https:\/\/dubaidatesnutrition.com\/"},{"@type":"ListItem","position":2,"name":"Tienda","item":"https:\/\/dubaidatesnutrition.com\/tienda"},{"@type":"ListItem","position":3,"name":"Pre-workout 300gr"}]},{"@type":"WebSite","@id":"https:\/\/dubaidatesnutrition.com\/#website","url":"https:\/\/dubaidatesnutrition.com\/","name":"Dubai Dates Nutrition","description":"","potentialAction":[{"@type":"SearchAction","target":{"@type":"EntryPoint","urlTemplate":"https:\/\/dubaidatesnutrition.com\/?s={search_term_string}"},"query-input":{"@type":"PropertyValueSpecification","valueRequired":true,"valueName":"search_term_string"}}],"inLanguage":"de"}]}},"_links":{"self":[{"href":"https:\/\/dubaidatesnutrition.com\/de\/wp-json\/wp\/v2\/product\/2026","targetHints":{"allow":["GET"]}}],"collection":[{"href":"https:\/\/dubaidatesnutrition.com\/de\/wp-json\/wp\/v2\/product"}],"about":[{"href":"https:\/\/dubaidatesnutrition.com\/de\/wp-json\/wp\/v2\/types\/product"}],"replies":[{"embeddable":true,"href":"https:\/\/dubaidatesnutrition.com\/de\/wp-json\/wp\/v2\/comments?post=2026"}],"wp:featuredmedia":[{"embeddable":true,"href":"https:\/\/dubaidatesnutrition.com\/de\/wp-json\/wp\/v2\/media\/2647"}],"wp:attachment":[{"href":"https:\/\/dubaidatesnutrition.com\/de\/wp-json\/wp\/v2\/media?parent=2026"}],"wp:term":[{"taxonomy":"product_brand","embeddable":true,"href":"https:\/\/dubaidatesnutrition.com\/de\/wp-json\/wp\/v2\/product_brand?post=2026"},{"taxonomy":"product_cat","embeddable":true,"href":"https:\/\/dubaidatesnutrition.com\/de\/wp-json\/wp\/v2\/product_cat?post=2026"},{"taxonomy":"product_tag","embeddable":true,"href":"https:\/\/dubaidatesnutrition.com\/de\/wp-json\/wp\/v2\/product_tag?post=2026"}],"curies":[{"name":"wp","href":"https:\/\/api.w.org\/{rel}","templated":true}]}}