{"id":2029,"date":"2025-03-27T12:54:40","date_gmt":"2025-03-27T12:54:40","guid":{"rendered":"https:\/\/dubaidatesnutrition.com\/producto\/weiblich-mix-240gr"},"modified":"2025-04-03T09:56:32","modified_gmt":"2025-04-03T09:56:32","slug":"weiblich-mix-240gr","status":"publish","type":"product","link":"https:\/\/dubaidatesnutrition.com\/de\/producto\/weiblich-mix-240gr","title":{"rendered":"Weiblich Mix 240gr"},"content":{"rendered":"","protected":false},"excerpt":{"rendered":"<p>Nahrung mit Heidelbeergeschmack, die L-Carnitin, Glucomannan, ALA, Vitamine und Mineralstoffe enth\u00e4lt, um intensive Muskelanstrengungen auszugleichen, insbesondere f\u00fcr Sportler, mit S\u00fc\u00dfstoff. Vitamin D tr\u00e4gt zur Erhaltung normaler Z\u00e4hne bei. Vitamin K tr\u00e4gt zur Erhaltung normaler Knochen bei.<\/p>\n","protected":false},"featured_media":2157,"comment_status":"open","ping_status":"closed","template":"","meta":{"_acf_changed":false,"_et_pb_use_builder":"","_et_pb_old_content":"","_et_gb_content_width":""},"product_brand":[],"product_cat":[157,107],"product_tag":[],"class_list":{"0":"post-2029","1":"product","2":"type-product","3":"status-publish","4":"has-post-thumbnail","6":"product_cat-gewichtsverlust","7":"product_cat-suplementos-de-refuerzo-de","9":"first","10":"instock","11":"taxable","12":"shipping-taxable","13":"purchasable","14":"product-type-simple"},"acf":[],"yoast_head":"<!-- This site is optimized with the Yoast SEO plugin v26.9 - https:\/\/yoast.com\/product\/yoast-seo-wordpress\/ -->\n<title>Weiblich Mix 240gr - Dubai Dates Nutrition<\/title>\n<meta name=\"robots\" content=\"index, follow, max-snippet:-1, max-image-preview:large, max-video-preview:-1\" \/>\n<link rel=\"canonical\" href=\"https:\/\/dubaidatesnutrition.com\/producto\/female-mix-240gr\" \/>\n<meta property=\"og:locale\" content=\"de_DE\" \/>\n<meta property=\"og:type\" content=\"article\" \/>\n<meta property=\"og:title\" content=\"Weiblich Mix 240gr - Dubai Dates Nutrition\" \/>\n<meta property=\"og:description\" content=\"Nahrung mit Heidelbeergeschmack, die L-Carnitin, Glucomannan, ALA, Vitamine und Mineralstoffe enth\u00e4lt, um intensive Muskelanstrengungen auszugleichen, insbesondere f\u00fcr Sportler, mit S\u00fc\u00dfstoff. Vitamin D tr\u00e4gt zur Erhaltung normaler Z\u00e4hne bei. Vitamin K tr\u00e4gt zur Erhaltung normaler Knochen bei.\" \/>\n<meta property=\"og:url\" content=\"https:\/\/dubaidatesnutrition.com\/producto\/female-mix-240gr\" \/>\n<meta property=\"og:site_name\" content=\"Dubai Dates Nutrition\" \/>\n<meta property=\"article:modified_time\" content=\"2025-04-03T09:56:32+00:00\" \/>\n<meta property=\"og:image\" content=\"https:\/\/dubaidatesnutrition.com\/wp-content\/uploads\/2025\/03\/70.png\" \/>\n\t<meta property=\"og:image:width\" content=\"1080\" \/>\n\t<meta property=\"og:image:height\" content=\"1350\" \/>\n\t<meta property=\"og:image:type\" content=\"image\/png\" \/>\n<meta name=\"twitter:card\" content=\"summary_large_image\" \/>\n<script type=\"application\/ld+json\" class=\"yoast-schema-graph\">{\"@context\":\"https:\/\/schema.org\",\"@graph\":[{\"@type\":\"WebPage\",\"@id\":\"https:\/\/dubaidatesnutrition.com\/producto\/female-mix-240gr\",\"url\":\"https:\/\/dubaidatesnutrition.com\/producto\/female-mix-240gr\",\"name\":\"Weiblich Mix 240gr - Dubai Dates Nutrition\",\"isPartOf\":{\"@id\":\"https:\/\/dubaidatesnutrition.com\/#website\"},\"primaryImageOfPage\":{\"@id\":\"https:\/\/dubaidatesnutrition.com\/producto\/female-mix-240gr#primaryimage\"},\"image\":{\"@id\":\"https:\/\/dubaidatesnutrition.com\/producto\/female-mix-240gr#primaryimage\"},\"thumbnailUrl\":\"https:\/\/dubaidatesnutrition.com\/wp-content\/uploads\/2025\/03\/70.png\",\"datePublished\":\"2025-03-27T12:54:40+00:00\",\"dateModified\":\"2025-04-03T09:56:32+00:00\",\"breadcrumb\":{\"@id\":\"https:\/\/dubaidatesnutrition.com\/producto\/female-mix-240gr#breadcrumb\"},\"inLanguage\":\"de\",\"potentialAction\":[{\"@type\":\"ReadAction\",\"target\":[\"https:\/\/dubaidatesnutrition.com\/producto\/female-mix-240gr\"]}]},{\"@type\":\"ImageObject\",\"inLanguage\":\"de\",\"@id\":\"https:\/\/dubaidatesnutrition.com\/producto\/female-mix-240gr#primaryimage\",\"url\":\"https:\/\/dubaidatesnutrition.com\/wp-content\/uploads\/2025\/03\/70.png\",\"contentUrl\":\"https:\/\/dubaidatesnutrition.com\/wp-content\/uploads\/2025\/03\/70.png\",\"width\":1080,\"height\":1350},{\"@type\":\"BreadcrumbList\",\"@id\":\"https:\/\/dubaidatesnutrition.com\/producto\/female-mix-240gr#breadcrumb\",\"itemListElement\":[{\"@type\":\"ListItem\",\"position\":1,\"name\":\"Portada\",\"item\":\"https:\/\/dubaidatesnutrition.com\/\"},{\"@type\":\"ListItem\",\"position\":2,\"name\":\"Tienda\",\"item\":\"https:\/\/dubaidatesnutrition.com\/tienda\"},{\"@type\":\"ListItem\",\"position\":3,\"name\":\"Weiblich Mix 240gr\"}]},{\"@type\":\"WebSite\",\"@id\":\"https:\/\/dubaidatesnutrition.com\/#website\",\"url\":\"https:\/\/dubaidatesnutrition.com\/\",\"name\":\"Dubai Dates Nutrition\",\"description\":\"\",\"potentialAction\":[{\"@type\":\"SearchAction\",\"target\":{\"@type\":\"EntryPoint\",\"urlTemplate\":\"https:\/\/dubaidatesnutrition.com\/?s={search_term_string}\"},\"query-input\":{\"@type\":\"PropertyValueSpecification\",\"valueRequired\":true,\"valueName\":\"search_term_string\"}}],\"inLanguage\":\"de\"}]}<\/script>\n<!-- \/ Yoast SEO plugin. -->","yoast_head_json":{"title":"Weiblich Mix 240gr - Dubai Dates Nutrition","robots":{"index":"index","follow":"follow","max-snippet":"max-snippet:-1","max-image-preview":"max-image-preview:large","max-video-preview":"max-video-preview:-1"},"canonical":"https:\/\/dubaidatesnutrition.com\/producto\/female-mix-240gr","og_locale":"de_DE","og_type":"article","og_title":"Weiblich Mix 240gr - Dubai Dates Nutrition","og_description":"Nahrung mit Heidelbeergeschmack, die L-Carnitin, Glucomannan, ALA, Vitamine und Mineralstoffe enth\u00e4lt, um intensive Muskelanstrengungen auszugleichen, insbesondere f\u00fcr Sportler, mit S\u00fc\u00dfstoff. Vitamin D tr\u00e4gt zur Erhaltung normaler Z\u00e4hne bei. Vitamin K tr\u00e4gt zur Erhaltung normaler Knochen bei.","og_url":"https:\/\/dubaidatesnutrition.com\/producto\/female-mix-240gr","og_site_name":"Dubai Dates Nutrition","article_modified_time":"2025-04-03T09:56:32+00:00","og_image":[{"width":1080,"height":1350,"url":"https:\/\/dubaidatesnutrition.com\/wp-content\/uploads\/2025\/03\/70.png","type":"image\/png"}],"twitter_card":"summary_large_image","schema":{"@context":"https:\/\/schema.org","@graph":[{"@type":"WebPage","@id":"https:\/\/dubaidatesnutrition.com\/producto\/female-mix-240gr","url":"https:\/\/dubaidatesnutrition.com\/producto\/female-mix-240gr","name":"Weiblich Mix 240gr - Dubai Dates Nutrition","isPartOf":{"@id":"https:\/\/dubaidatesnutrition.com\/#website"},"primaryImageOfPage":{"@id":"https:\/\/dubaidatesnutrition.com\/producto\/female-mix-240gr#primaryimage"},"image":{"@id":"https:\/\/dubaidatesnutrition.com\/producto\/female-mix-240gr#primaryimage"},"thumbnailUrl":"https:\/\/dubaidatesnutrition.com\/wp-content\/uploads\/2025\/03\/70.png","datePublished":"2025-03-27T12:54:40+00:00","dateModified":"2025-04-03T09:56:32+00:00","breadcrumb":{"@id":"https:\/\/dubaidatesnutrition.com\/producto\/female-mix-240gr#breadcrumb"},"inLanguage":"de","potentialAction":[{"@type":"ReadAction","target":["https:\/\/dubaidatesnutrition.com\/producto\/female-mix-240gr"]}]},{"@type":"ImageObject","inLanguage":"de","@id":"https:\/\/dubaidatesnutrition.com\/producto\/female-mix-240gr#primaryimage","url":"https:\/\/dubaidatesnutrition.com\/wp-content\/uploads\/2025\/03\/70.png","contentUrl":"https:\/\/dubaidatesnutrition.com\/wp-content\/uploads\/2025\/03\/70.png","width":1080,"height":1350},{"@type":"BreadcrumbList","@id":"https:\/\/dubaidatesnutrition.com\/producto\/female-mix-240gr#breadcrumb","itemListElement":[{"@type":"ListItem","position":1,"name":"Portada","item":"https:\/\/dubaidatesnutrition.com\/"},{"@type":"ListItem","position":2,"name":"Tienda","item":"https:\/\/dubaidatesnutrition.com\/tienda"},{"@type":"ListItem","position":3,"name":"Weiblich Mix 240gr"}]},{"@type":"WebSite","@id":"https:\/\/dubaidatesnutrition.com\/#website","url":"https:\/\/dubaidatesnutrition.com\/","name":"Dubai Dates Nutrition","description":"","potentialAction":[{"@type":"SearchAction","target":{"@type":"EntryPoint","urlTemplate":"https:\/\/dubaidatesnutrition.com\/?s={search_term_string}"},"query-input":{"@type":"PropertyValueSpecification","valueRequired":true,"valueName":"search_term_string"}}],"inLanguage":"de"}]}},"_links":{"self":[{"href":"https:\/\/dubaidatesnutrition.com\/de\/wp-json\/wp\/v2\/product\/2029","targetHints":{"allow":["GET"]}}],"collection":[{"href":"https:\/\/dubaidatesnutrition.com\/de\/wp-json\/wp\/v2\/product"}],"about":[{"href":"https:\/\/dubaidatesnutrition.com\/de\/wp-json\/wp\/v2\/types\/product"}],"replies":[{"embeddable":true,"href":"https:\/\/dubaidatesnutrition.com\/de\/wp-json\/wp\/v2\/comments?post=2029"}],"wp:featuredmedia":[{"embeddable":true,"href":"https:\/\/dubaidatesnutrition.com\/de\/wp-json\/wp\/v2\/media\/2157"}],"wp:attachment":[{"href":"https:\/\/dubaidatesnutrition.com\/de\/wp-json\/wp\/v2\/media?parent=2029"}],"wp:term":[{"taxonomy":"product_brand","embeddable":true,"href":"https:\/\/dubaidatesnutrition.com\/de\/wp-json\/wp\/v2\/product_brand?post=2029"},{"taxonomy":"product_cat","embeddable":true,"href":"https:\/\/dubaidatesnutrition.com\/de\/wp-json\/wp\/v2\/product_cat?post=2029"},{"taxonomy":"product_tag","embeddable":true,"href":"https:\/\/dubaidatesnutrition.com\/de\/wp-json\/wp\/v2\/product_tag?post=2029"}],"curies":[{"name":"wp","href":"https:\/\/api.w.org\/{rel}","templated":true}]}}