{"id":2030,"date":"2025-03-27T13:01:32","date_gmt":"2025-03-27T13:01:32","guid":{"rendered":"https:\/\/dubaidatesnutrition.com\/producto\/eaa-500gr"},"modified":"2025-04-03T09:57:42","modified_gmt":"2025-04-03T09:57:42","slug":"eaa-500gr","status":"publish","type":"product","link":"https:\/\/dubaidatesnutrition.com\/de\/producto\/eaa-500gr","title":{"rendered":"EAA 500gr"},"content":{"rendered":"<p>&nbsp;<\/p>\n<p>&nbsp;<\/p>\n","protected":false},"excerpt":{"rendered":"<p>EAAs\u201c sind Aminos\u00e4uren, die der K\u00f6rper nicht selbst synthetisieren kann. Da alle Aminos\u00e4uren f\u00fcr den Aufbau von Muskelgewebe in ausreichender Menge im K\u00f6rper vorhanden sein m\u00fcssen, ist eine Supplementierung mit EAAs f\u00fcr Sportler dringend zu empfehlen. Dies gilt \u00fcbrigens nicht nur f\u00fcr die Muskelaufbauphase: Die Aminos\u00e4urezufuhr ist auch als \u201eMuskelschutzma\u00dfnahme\u201c in einer Di\u00e4tphase wichtig. Ansonsten besteht gerade bei einer Di\u00e4t die Gefahr, dass der K\u00f6rper nicht nur Fett, sondern auch Muskeln verbrennt, um seinen Energiebedarf zu decken. Deshalb kann ein EAA-Getr\u00e4nk auch kurz vor oder sogar w\u00e4hrend des Trainings als Intra-Workout-Getr\u00e4nk getrunken werden. Eistee mit Pfirsichgeschmack, der essentielle Aminos\u00e4uren, Vitamin B6 und Vitamin B12 in Pulverform mit S\u00fc\u00dfstoff enth\u00e4lt. Vitamin B6 tr\u00e4gt zu einem normalen Energiestoffwechsel und einem normalen Protein- und Glykogenstoffwechsel bei. Vitamin B12 tr\u00e4gt zur Verringerung von M\u00fcdigkeit und Ersch\u00f6pfung und zur normalen Funktion des Immunsystems bei.<\/p>\n<p>&nbsp;<\/p>\n","protected":false},"featured_media":2659,"comment_status":"open","ping_status":"closed","template":"","meta":{"_acf_changed":false,"_et_pb_use_builder":"","_et_pb_old_content":"","_et_gb_content_width":""},"product_brand":[],"product_cat":[108,107],"product_tag":[],"class_list":{"0":"post-2030","1":"product","2":"type-product","3":"status-publish","4":"has-post-thumbnail","6":"product_cat-ganancia-de-musculo-de","7":"product_cat-suplementos-de-refuerzo-de","9":"first","10":"instock","11":"taxable","12":"shipping-taxable","13":"purchasable","14":"product-type-variable"},"acf":[],"yoast_head":"<!-- This site is optimized with the Yoast SEO plugin v26.9 - https:\/\/yoast.com\/product\/yoast-seo-wordpress\/ -->\n<title>EAA 500gr - Dubai Dates Nutrition<\/title>\n<meta name=\"robots\" content=\"index, follow, max-snippet:-1, max-image-preview:large, max-video-preview:-1\" \/>\n<link rel=\"canonical\" href=\"https:\/\/dubaidatesnutrition.com\/de\/producto\/eaa-500gr\" \/>\n<meta property=\"og:locale\" content=\"de_DE\" \/>\n<meta property=\"og:type\" content=\"article\" \/>\n<meta property=\"og:title\" content=\"EAA 500gr - Dubai Dates Nutrition\" \/>\n<meta property=\"og:description\" content=\"EAAs\u201c sind Aminos\u00e4uren, die der K\u00f6rper nicht selbst synthetisieren kann. Da alle Aminos\u00e4uren f\u00fcr den Aufbau von Muskelgewebe in ausreichender Menge im K\u00f6rper vorhanden sein m\u00fcssen, ist eine Supplementierung mit EAAs f\u00fcr Sportler dringend zu empfehlen. Dies gilt \u00fcbrigens nicht nur f\u00fcr die Muskelaufbauphase: Die Aminos\u00e4urezufuhr ist auch als \u201eMuskelschutzma\u00dfnahme\u201c in einer Di\u00e4tphase wichtig. Ansonsten besteht gerade bei einer Di\u00e4t die Gefahr, dass der K\u00f6rper nicht nur Fett, sondern auch Muskeln verbrennt, um seinen Energiebedarf zu decken. Deshalb kann ein EAA-Getr\u00e4nk auch kurz vor oder sogar w\u00e4hrend des Trainings als Intra-Workout-Getr\u00e4nk getrunken werden. Eistee mit Pfirsichgeschmack, der essentielle Aminos\u00e4uren, Vitamin B6 und Vitamin B12 in Pulverform mit S\u00fc\u00dfstoff enth\u00e4lt. Vitamin B6 tr\u00e4gt zu einem normalen Energiestoffwechsel und einem normalen Protein- und Glykogenstoffwechsel bei. Vitamin B12 tr\u00e4gt zur Verringerung von M\u00fcdigkeit und Ersch\u00f6pfung und zur normalen Funktion des Immunsystems bei.  &nbsp;\" \/>\n<meta property=\"og:url\" content=\"https:\/\/dubaidatesnutrition.com\/de\/producto\/eaa-500gr\" \/>\n<meta property=\"og:site_name\" content=\"Dubai Dates Nutrition\" \/>\n<meta property=\"article:modified_time\" content=\"2025-04-03T09:57:42+00:00\" \/>\n<meta property=\"og:image\" content=\"https:\/\/dubaidatesnutrition.com\/wp-content\/uploads\/2025\/08\/DSC09099-scaled.jpg\" \/>\n\t<meta property=\"og:image:width\" content=\"1707\" \/>\n\t<meta property=\"og:image:height\" content=\"2560\" \/>\n\t<meta property=\"og:image:type\" content=\"image\/jpeg\" \/>\n<meta name=\"twitter:card\" content=\"summary_large_image\" \/>\n<script type=\"application\/ld+json\" class=\"yoast-schema-graph\">{\"@context\":\"https:\/\/schema.org\",\"@graph\":[{\"@type\":\"WebPage\",\"@id\":\"https:\/\/dubaidatesnutrition.com\/de\/producto\/eaa-500gr\",\"url\":\"https:\/\/dubaidatesnutrition.com\/de\/producto\/eaa-500gr\",\"name\":\"EAA 500gr - Dubai Dates Nutrition\",\"isPartOf\":{\"@id\":\"https:\/\/dubaidatesnutrition.com\/#website\"},\"primaryImageOfPage\":{\"@id\":\"https:\/\/dubaidatesnutrition.com\/de\/producto\/eaa-500gr#primaryimage\"},\"image\":{\"@id\":\"https:\/\/dubaidatesnutrition.com\/de\/producto\/eaa-500gr#primaryimage\"},\"thumbnailUrl\":\"https:\/\/dubaidatesnutrition.com\/wp-content\/uploads\/2025\/08\/DSC09099-scaled.jpg\",\"datePublished\":\"2025-03-27T13:01:32+00:00\",\"dateModified\":\"2025-04-03T09:57:42+00:00\",\"breadcrumb\":{\"@id\":\"https:\/\/dubaidatesnutrition.com\/de\/producto\/eaa-500gr#breadcrumb\"},\"inLanguage\":\"de\",\"potentialAction\":[{\"@type\":\"ReadAction\",\"target\":[\"https:\/\/dubaidatesnutrition.com\/de\/producto\/eaa-500gr\"]}]},{\"@type\":\"ImageObject\",\"inLanguage\":\"de\",\"@id\":\"https:\/\/dubaidatesnutrition.com\/de\/producto\/eaa-500gr#primaryimage\",\"url\":\"https:\/\/dubaidatesnutrition.com\/wp-content\/uploads\/2025\/08\/DSC09099-scaled.jpg\",\"contentUrl\":\"https:\/\/dubaidatesnutrition.com\/wp-content\/uploads\/2025\/08\/DSC09099-scaled.jpg\",\"width\":1707,\"height\":2560},{\"@type\":\"BreadcrumbList\",\"@id\":\"https:\/\/dubaidatesnutrition.com\/de\/producto\/eaa-500gr#breadcrumb\",\"itemListElement\":[{\"@type\":\"ListItem\",\"position\":1,\"name\":\"Portada\",\"item\":\"https:\/\/dubaidatesnutrition.com\/\"},{\"@type\":\"ListItem\",\"position\":2,\"name\":\"Tienda\",\"item\":\"https:\/\/dubaidatesnutrition.com\/tienda\"},{\"@type\":\"ListItem\",\"position\":3,\"name\":\"EAA 500gr\"}]},{\"@type\":\"WebSite\",\"@id\":\"https:\/\/dubaidatesnutrition.com\/#website\",\"url\":\"https:\/\/dubaidatesnutrition.com\/\",\"name\":\"Dubai Dates Nutrition\",\"description\":\"\",\"potentialAction\":[{\"@type\":\"SearchAction\",\"target\":{\"@type\":\"EntryPoint\",\"urlTemplate\":\"https:\/\/dubaidatesnutrition.com\/?s={search_term_string}\"},\"query-input\":{\"@type\":\"PropertyValueSpecification\",\"valueRequired\":true,\"valueName\":\"search_term_string\"}}],\"inLanguage\":\"de\"}]}<\/script>\n<!-- \/ Yoast SEO plugin. -->","yoast_head_json":{"title":"EAA 500gr - Dubai Dates Nutrition","robots":{"index":"index","follow":"follow","max-snippet":"max-snippet:-1","max-image-preview":"max-image-preview:large","max-video-preview":"max-video-preview:-1"},"canonical":"https:\/\/dubaidatesnutrition.com\/de\/producto\/eaa-500gr","og_locale":"de_DE","og_type":"article","og_title":"EAA 500gr - Dubai Dates Nutrition","og_description":"EAAs\u201c sind Aminos\u00e4uren, die der K\u00f6rper nicht selbst synthetisieren kann. Da alle Aminos\u00e4uren f\u00fcr den Aufbau von Muskelgewebe in ausreichender Menge im K\u00f6rper vorhanden sein m\u00fcssen, ist eine Supplementierung mit EAAs f\u00fcr Sportler dringend zu empfehlen. Dies gilt \u00fcbrigens nicht nur f\u00fcr die Muskelaufbauphase: Die Aminos\u00e4urezufuhr ist auch als \u201eMuskelschutzma\u00dfnahme\u201c in einer Di\u00e4tphase wichtig. Ansonsten besteht gerade bei einer Di\u00e4t die Gefahr, dass der K\u00f6rper nicht nur Fett, sondern auch Muskeln verbrennt, um seinen Energiebedarf zu decken. Deshalb kann ein EAA-Getr\u00e4nk auch kurz vor oder sogar w\u00e4hrend des Trainings als Intra-Workout-Getr\u00e4nk getrunken werden. Eistee mit Pfirsichgeschmack, der essentielle Aminos\u00e4uren, Vitamin B6 und Vitamin B12 in Pulverform mit S\u00fc\u00dfstoff enth\u00e4lt. Vitamin B6 tr\u00e4gt zu einem normalen Energiestoffwechsel und einem normalen Protein- und Glykogenstoffwechsel bei. Vitamin B12 tr\u00e4gt zur Verringerung von M\u00fcdigkeit und Ersch\u00f6pfung und zur normalen Funktion des Immunsystems bei.  &nbsp;","og_url":"https:\/\/dubaidatesnutrition.com\/de\/producto\/eaa-500gr","og_site_name":"Dubai Dates Nutrition","article_modified_time":"2025-04-03T09:57:42+00:00","og_image":[{"width":1707,"height":2560,"url":"https:\/\/dubaidatesnutrition.com\/wp-content\/uploads\/2025\/08\/DSC09099-scaled.jpg","type":"image\/jpeg"}],"twitter_card":"summary_large_image","schema":{"@context":"https:\/\/schema.org","@graph":[{"@type":"WebPage","@id":"https:\/\/dubaidatesnutrition.com\/de\/producto\/eaa-500gr","url":"https:\/\/dubaidatesnutrition.com\/de\/producto\/eaa-500gr","name":"EAA 500gr - Dubai Dates Nutrition","isPartOf":{"@id":"https:\/\/dubaidatesnutrition.com\/#website"},"primaryImageOfPage":{"@id":"https:\/\/dubaidatesnutrition.com\/de\/producto\/eaa-500gr#primaryimage"},"image":{"@id":"https:\/\/dubaidatesnutrition.com\/de\/producto\/eaa-500gr#primaryimage"},"thumbnailUrl":"https:\/\/dubaidatesnutrition.com\/wp-content\/uploads\/2025\/08\/DSC09099-scaled.jpg","datePublished":"2025-03-27T13:01:32+00:00","dateModified":"2025-04-03T09:57:42+00:00","breadcrumb":{"@id":"https:\/\/dubaidatesnutrition.com\/de\/producto\/eaa-500gr#breadcrumb"},"inLanguage":"de","potentialAction":[{"@type":"ReadAction","target":["https:\/\/dubaidatesnutrition.com\/de\/producto\/eaa-500gr"]}]},{"@type":"ImageObject","inLanguage":"de","@id":"https:\/\/dubaidatesnutrition.com\/de\/producto\/eaa-500gr#primaryimage","url":"https:\/\/dubaidatesnutrition.com\/wp-content\/uploads\/2025\/08\/DSC09099-scaled.jpg","contentUrl":"https:\/\/dubaidatesnutrition.com\/wp-content\/uploads\/2025\/08\/DSC09099-scaled.jpg","width":1707,"height":2560},{"@type":"BreadcrumbList","@id":"https:\/\/dubaidatesnutrition.com\/de\/producto\/eaa-500gr#breadcrumb","itemListElement":[{"@type":"ListItem","position":1,"name":"Portada","item":"https:\/\/dubaidatesnutrition.com\/"},{"@type":"ListItem","position":2,"name":"Tienda","item":"https:\/\/dubaidatesnutrition.com\/tienda"},{"@type":"ListItem","position":3,"name":"EAA 500gr"}]},{"@type":"WebSite","@id":"https:\/\/dubaidatesnutrition.com\/#website","url":"https:\/\/dubaidatesnutrition.com\/","name":"Dubai Dates Nutrition","description":"","potentialAction":[{"@type":"SearchAction","target":{"@type":"EntryPoint","urlTemplate":"https:\/\/dubaidatesnutrition.com\/?s={search_term_string}"},"query-input":{"@type":"PropertyValueSpecification","valueRequired":true,"valueName":"search_term_string"}}],"inLanguage":"de"}]}},"_links":{"self":[{"href":"https:\/\/dubaidatesnutrition.com\/de\/wp-json\/wp\/v2\/product\/2030","targetHints":{"allow":["GET"]}}],"collection":[{"href":"https:\/\/dubaidatesnutrition.com\/de\/wp-json\/wp\/v2\/product"}],"about":[{"href":"https:\/\/dubaidatesnutrition.com\/de\/wp-json\/wp\/v2\/types\/product"}],"replies":[{"embeddable":true,"href":"https:\/\/dubaidatesnutrition.com\/de\/wp-json\/wp\/v2\/comments?post=2030"}],"wp:featuredmedia":[{"embeddable":true,"href":"https:\/\/dubaidatesnutrition.com\/de\/wp-json\/wp\/v2\/media\/2659"}],"wp:attachment":[{"href":"https:\/\/dubaidatesnutrition.com\/de\/wp-json\/wp\/v2\/media?parent=2030"}],"wp:term":[{"taxonomy":"product_brand","embeddable":true,"href":"https:\/\/dubaidatesnutrition.com\/de\/wp-json\/wp\/v2\/product_brand?post=2030"},{"taxonomy":"product_cat","embeddable":true,"href":"https:\/\/dubaidatesnutrition.com\/de\/wp-json\/wp\/v2\/product_cat?post=2030"},{"taxonomy":"product_tag","embeddable":true,"href":"https:\/\/dubaidatesnutrition.com\/de\/wp-json\/wp\/v2\/product_tag?post=2030"}],"curies":[{"name":"wp","href":"https:\/\/api.w.org\/{rel}","templated":true}]}}