{"id":2033,"date":"2025-03-27T13:10:24","date_gmt":"2025-03-27T13:10:24","guid":{"rendered":"https:\/\/dubaidatesnutrition.com\/producto\/kollagen-30-kapseln"},"modified":"2025-04-03T09:58:53","modified_gmt":"2025-04-03T09:58:53","slug":"kollagen-30-kapseln","status":"publish","type":"product","link":"https:\/\/dubaidatesnutrition.com\/de\/producto\/kollagen-30-kapseln","title":{"rendered":"Kollagen+ 30 Kapseln"},"content":{"rendered":"","protected":false},"excerpt":{"rendered":"<p><strong>Q10 + HYALURONS\u00c4URE<\/strong><\/p>\n<p>Es enth\u00e4lt 370 mg hydrolysiertes Kollagen pro Kapsel, erg\u00e4nzt durch Hyalurons\u00e4ure. Dar\u00fcber hinaus enth\u00e4lt das Produkt die Vitamine A, C, D und B12, Zink und Coenzym Q10, die der Formel einen zus\u00e4tzlichen Wert verleihen. Dieses Produkt hat einen bedeutenden Einfluss auf eine sch\u00f6ne Haut, indem es Falten reduziert, gl\u00e4ttet und aufpolstert, eine schnellere Wundheilung f\u00f6rdert, Narbenbildung reduziert und die Festigkeit des Hautgewebes unterst\u00fctzt. Die Supplementierung mit Kollagen ist ein idealer Cellulite-Bek\u00e4mpfer, da die Bestandteile des Kollagens die Festigkeit der Haut erhalten. Die enthaltenen Vitamine tragen zu einem normalen Energiestoffwechsel bei und helfen, M\u00fcdigkeit und Ersch\u00f6pfung zu verringern. Mit einer sorgf\u00e4ltig ausgew\u00e4hlten Mischung von Inhaltsstoffen tr\u00e4gt Q10 zum inneren Wohlbefinden bei und unterst\u00fctzt die Erhaltung einer sch\u00f6nen Haut.<\/p>\n","protected":false},"featured_media":1657,"comment_status":"open","ping_status":"closed","template":"","meta":{"_acf_changed":false,"_et_pb_use_builder":"","_et_pb_old_content":"","_et_gb_content_width":""},"product_brand":[],"product_cat":[108,107],"product_tag":[],"class_list":{"0":"post-2033","1":"product","2":"type-product","3":"status-publish","4":"has-post-thumbnail","6":"product_cat-ganancia-de-musculo-de","7":"product_cat-suplementos-de-refuerzo-de","9":"first","10":"instock","11":"taxable","12":"shipping-taxable","13":"purchasable","14":"product-type-simple"},"acf":[],"yoast_head":"<!-- This site is optimized with the Yoast SEO plugin v26.9 - https:\/\/yoast.com\/product\/yoast-seo-wordpress\/ -->\n<title>Kollagen+ 30 Kapseln - Dubai Dates Nutrition<\/title>\n<meta name=\"robots\" content=\"index, follow, max-snippet:-1, max-image-preview:large, max-video-preview:-1\" \/>\n<link rel=\"canonical\" href=\"https:\/\/dubaidatesnutrition.com\/producto\/collagen-30caps\" \/>\n<meta property=\"og:locale\" content=\"de_DE\" \/>\n<meta property=\"og:type\" content=\"article\" \/>\n<meta property=\"og:title\" content=\"Kollagen+ 30 Kapseln - Dubai Dates Nutrition\" \/>\n<meta property=\"og:description\" content=\"Q10 + HYALURONS\u00c4URE  Es enth\u00e4lt 370 mg hydrolysiertes Kollagen pro Kapsel, erg\u00e4nzt durch Hyalurons\u00e4ure. Dar\u00fcber hinaus enth\u00e4lt das Produkt die Vitamine A, C, D und B12, Zink und Coenzym Q10, die der Formel einen zus\u00e4tzlichen Wert verleihen. Dieses Produkt hat einen bedeutenden Einfluss auf eine sch\u00f6ne Haut, indem es Falten reduziert, gl\u00e4ttet und aufpolstert, eine schnellere Wundheilung f\u00f6rdert, Narbenbildung reduziert und die Festigkeit des Hautgewebes unterst\u00fctzt. Die Supplementierung mit Kollagen ist ein idealer Cellulite-Bek\u00e4mpfer, da die Bestandteile des Kollagens die Festigkeit der Haut erhalten. Die enthaltenen Vitamine tragen zu einem normalen Energiestoffwechsel bei und helfen, M\u00fcdigkeit und Ersch\u00f6pfung zu verringern. Mit einer sorgf\u00e4ltig ausgew\u00e4hlten Mischung von Inhaltsstoffen tr\u00e4gt Q10 zum inneren Wohlbefinden bei und unterst\u00fctzt die Erhaltung einer sch\u00f6nen Haut.\" \/>\n<meta property=\"og:url\" content=\"https:\/\/dubaidatesnutrition.com\/producto\/collagen-30caps\" \/>\n<meta property=\"og:site_name\" content=\"Dubai Dates Nutrition\" \/>\n<meta property=\"article:modified_time\" content=\"2025-04-03T09:58:53+00:00\" \/>\n<meta property=\"og:image\" content=\"https:\/\/dubaidatesnutrition.com\/wp-content\/uploads\/2025\/03\/collagen.png\" \/>\n\t<meta property=\"og:image:width\" content=\"1080\" \/>\n\t<meta property=\"og:image:height\" content=\"1350\" \/>\n\t<meta property=\"og:image:type\" content=\"image\/png\" \/>\n<meta name=\"twitter:card\" content=\"summary_large_image\" \/>\n<script type=\"application\/ld+json\" class=\"yoast-schema-graph\">{\"@context\":\"https:\/\/schema.org\",\"@graph\":[{\"@type\":\"WebPage\",\"@id\":\"https:\/\/dubaidatesnutrition.com\/producto\/collagen-30caps\",\"url\":\"https:\/\/dubaidatesnutrition.com\/producto\/collagen-30caps\",\"name\":\"Kollagen+ 30 Kapseln - Dubai Dates Nutrition\",\"isPartOf\":{\"@id\":\"https:\/\/dubaidatesnutrition.com\/#website\"},\"primaryImageOfPage\":{\"@id\":\"https:\/\/dubaidatesnutrition.com\/producto\/collagen-30caps#primaryimage\"},\"image\":{\"@id\":\"https:\/\/dubaidatesnutrition.com\/producto\/collagen-30caps#primaryimage\"},\"thumbnailUrl\":\"https:\/\/dubaidatesnutrition.com\/wp-content\/uploads\/2025\/03\/collagen.png\",\"datePublished\":\"2025-03-27T13:10:24+00:00\",\"dateModified\":\"2025-04-03T09:58:53+00:00\",\"breadcrumb\":{\"@id\":\"https:\/\/dubaidatesnutrition.com\/producto\/collagen-30caps#breadcrumb\"},\"inLanguage\":\"de\",\"potentialAction\":[{\"@type\":\"ReadAction\",\"target\":[\"https:\/\/dubaidatesnutrition.com\/producto\/collagen-30caps\"]}]},{\"@type\":\"ImageObject\",\"inLanguage\":\"de\",\"@id\":\"https:\/\/dubaidatesnutrition.com\/producto\/collagen-30caps#primaryimage\",\"url\":\"https:\/\/dubaidatesnutrition.com\/wp-content\/uploads\/2025\/03\/collagen.png\",\"contentUrl\":\"https:\/\/dubaidatesnutrition.com\/wp-content\/uploads\/2025\/03\/collagen.png\",\"width\":1080,\"height\":1350},{\"@type\":\"BreadcrumbList\",\"@id\":\"https:\/\/dubaidatesnutrition.com\/producto\/collagen-30caps#breadcrumb\",\"itemListElement\":[{\"@type\":\"ListItem\",\"position\":1,\"name\":\"Portada\",\"item\":\"https:\/\/dubaidatesnutrition.com\/\"},{\"@type\":\"ListItem\",\"position\":2,\"name\":\"Tienda\",\"item\":\"https:\/\/dubaidatesnutrition.com\/tienda\"},{\"@type\":\"ListItem\",\"position\":3,\"name\":\"Kollagen+ 30 Kapseln\"}]},{\"@type\":\"WebSite\",\"@id\":\"https:\/\/dubaidatesnutrition.com\/#website\",\"url\":\"https:\/\/dubaidatesnutrition.com\/\",\"name\":\"Dubai Dates Nutrition\",\"description\":\"\",\"potentialAction\":[{\"@type\":\"SearchAction\",\"target\":{\"@type\":\"EntryPoint\",\"urlTemplate\":\"https:\/\/dubaidatesnutrition.com\/?s={search_term_string}\"},\"query-input\":{\"@type\":\"PropertyValueSpecification\",\"valueRequired\":true,\"valueName\":\"search_term_string\"}}],\"inLanguage\":\"de\"}]}<\/script>\n<!-- \/ Yoast SEO plugin. -->","yoast_head_json":{"title":"Kollagen+ 30 Kapseln - Dubai Dates Nutrition","robots":{"index":"index","follow":"follow","max-snippet":"max-snippet:-1","max-image-preview":"max-image-preview:large","max-video-preview":"max-video-preview:-1"},"canonical":"https:\/\/dubaidatesnutrition.com\/producto\/collagen-30caps","og_locale":"de_DE","og_type":"article","og_title":"Kollagen+ 30 Kapseln - Dubai Dates Nutrition","og_description":"Q10 + HYALURONS\u00c4URE  Es enth\u00e4lt 370 mg hydrolysiertes Kollagen pro Kapsel, erg\u00e4nzt durch Hyalurons\u00e4ure. Dar\u00fcber hinaus enth\u00e4lt das Produkt die Vitamine A, C, D und B12, Zink und Coenzym Q10, die der Formel einen zus\u00e4tzlichen Wert verleihen. Dieses Produkt hat einen bedeutenden Einfluss auf eine sch\u00f6ne Haut, indem es Falten reduziert, gl\u00e4ttet und aufpolstert, eine schnellere Wundheilung f\u00f6rdert, Narbenbildung reduziert und die Festigkeit des Hautgewebes unterst\u00fctzt. Die Supplementierung mit Kollagen ist ein idealer Cellulite-Bek\u00e4mpfer, da die Bestandteile des Kollagens die Festigkeit der Haut erhalten. Die enthaltenen Vitamine tragen zu einem normalen Energiestoffwechsel bei und helfen, M\u00fcdigkeit und Ersch\u00f6pfung zu verringern. Mit einer sorgf\u00e4ltig ausgew\u00e4hlten Mischung von Inhaltsstoffen tr\u00e4gt Q10 zum inneren Wohlbefinden bei und unterst\u00fctzt die Erhaltung einer sch\u00f6nen Haut.","og_url":"https:\/\/dubaidatesnutrition.com\/producto\/collagen-30caps","og_site_name":"Dubai Dates Nutrition","article_modified_time":"2025-04-03T09:58:53+00:00","og_image":[{"width":1080,"height":1350,"url":"https:\/\/dubaidatesnutrition.com\/wp-content\/uploads\/2025\/03\/collagen.png","type":"image\/png"}],"twitter_card":"summary_large_image","schema":{"@context":"https:\/\/schema.org","@graph":[{"@type":"WebPage","@id":"https:\/\/dubaidatesnutrition.com\/producto\/collagen-30caps","url":"https:\/\/dubaidatesnutrition.com\/producto\/collagen-30caps","name":"Kollagen+ 30 Kapseln - Dubai Dates Nutrition","isPartOf":{"@id":"https:\/\/dubaidatesnutrition.com\/#website"},"primaryImageOfPage":{"@id":"https:\/\/dubaidatesnutrition.com\/producto\/collagen-30caps#primaryimage"},"image":{"@id":"https:\/\/dubaidatesnutrition.com\/producto\/collagen-30caps#primaryimage"},"thumbnailUrl":"https:\/\/dubaidatesnutrition.com\/wp-content\/uploads\/2025\/03\/collagen.png","datePublished":"2025-03-27T13:10:24+00:00","dateModified":"2025-04-03T09:58:53+00:00","breadcrumb":{"@id":"https:\/\/dubaidatesnutrition.com\/producto\/collagen-30caps#breadcrumb"},"inLanguage":"de","potentialAction":[{"@type":"ReadAction","target":["https:\/\/dubaidatesnutrition.com\/producto\/collagen-30caps"]}]},{"@type":"ImageObject","inLanguage":"de","@id":"https:\/\/dubaidatesnutrition.com\/producto\/collagen-30caps#primaryimage","url":"https:\/\/dubaidatesnutrition.com\/wp-content\/uploads\/2025\/03\/collagen.png","contentUrl":"https:\/\/dubaidatesnutrition.com\/wp-content\/uploads\/2025\/03\/collagen.png","width":1080,"height":1350},{"@type":"BreadcrumbList","@id":"https:\/\/dubaidatesnutrition.com\/producto\/collagen-30caps#breadcrumb","itemListElement":[{"@type":"ListItem","position":1,"name":"Portada","item":"https:\/\/dubaidatesnutrition.com\/"},{"@type":"ListItem","position":2,"name":"Tienda","item":"https:\/\/dubaidatesnutrition.com\/tienda"},{"@type":"ListItem","position":3,"name":"Kollagen+ 30 Kapseln"}]},{"@type":"WebSite","@id":"https:\/\/dubaidatesnutrition.com\/#website","url":"https:\/\/dubaidatesnutrition.com\/","name":"Dubai Dates Nutrition","description":"","potentialAction":[{"@type":"SearchAction","target":{"@type":"EntryPoint","urlTemplate":"https:\/\/dubaidatesnutrition.com\/?s={search_term_string}"},"query-input":{"@type":"PropertyValueSpecification","valueRequired":true,"valueName":"search_term_string"}}],"inLanguage":"de"}]}},"_links":{"self":[{"href":"https:\/\/dubaidatesnutrition.com\/de\/wp-json\/wp\/v2\/product\/2033","targetHints":{"allow":["GET"]}}],"collection":[{"href":"https:\/\/dubaidatesnutrition.com\/de\/wp-json\/wp\/v2\/product"}],"about":[{"href":"https:\/\/dubaidatesnutrition.com\/de\/wp-json\/wp\/v2\/types\/product"}],"replies":[{"embeddable":true,"href":"https:\/\/dubaidatesnutrition.com\/de\/wp-json\/wp\/v2\/comments?post=2033"}],"wp:featuredmedia":[{"embeddable":true,"href":"https:\/\/dubaidatesnutrition.com\/de\/wp-json\/wp\/v2\/media\/1657"}],"wp:attachment":[{"href":"https:\/\/dubaidatesnutrition.com\/de\/wp-json\/wp\/v2\/media?parent=2033"}],"wp:term":[{"taxonomy":"product_brand","embeddable":true,"href":"https:\/\/dubaidatesnutrition.com\/de\/wp-json\/wp\/v2\/product_brand?post=2033"},{"taxonomy":"product_cat","embeddable":true,"href":"https:\/\/dubaidatesnutrition.com\/de\/wp-json\/wp\/v2\/product_cat?post=2033"},{"taxonomy":"product_tag","embeddable":true,"href":"https:\/\/dubaidatesnutrition.com\/de\/wp-json\/wp\/v2\/product_tag?post=2033"}],"curies":[{"name":"wp","href":"https:\/\/api.w.org\/{rel}","templated":true}]}}