{"id":2034,"date":"2025-03-27T13:15:52","date_gmt":"2025-03-27T13:15:52","guid":{"rendered":"https:\/\/dubaidatesnutrition.com\/producto\/dutella-250gr"},"modified":"2025-04-03T09:59:42","modified_gmt":"2025-04-03T09:59:42","slug":"dutella-250gr","status":"publish","type":"product","link":"https:\/\/dubaidatesnutrition.com\/de\/producto\/dutella-250gr","title":{"rendered":"Dutella 250gr"},"content":{"rendered":"","protected":false},"excerpt":{"rendered":"<p>Ein Schokoladenaufstrich mit echten ger\u00f6steten Haseln\u00fcssen und einem Hauch von Eiwei\u00df. Es ist nicht nur ein Brotaufstrich &#8211; es ist ein k\u00f6stlicher, schuldfreier Genuss, der perfekt zu einem ausgewogenen Lebensstil passt. Stellen Sie sich einen L\u00f6ffel cremigen Schokoladenhimmels vor, der so gut f\u00fcr Sie ist, wie er schmeckt. Mit einem Proteingehalt von 20 % ist es eine kluge Wahl f\u00fcr Energie und S\u00e4ttigung, ohne Zuckerzusatz oder Palm\u00f6l. Dutella eignet sich perfekt zum Fr\u00fchst\u00fcck, als Snack oder immer dann, wenn Sie eine gesunde s\u00fc\u00dfe Leckerei brauchen, und macht jeden Bissen zu einem Genuss.<\/p>\n","protected":false},"featured_media":1663,"comment_status":"open","ping_status":"closed","template":"","meta":{"_acf_changed":false,"_et_pb_use_builder":"","_et_pb_old_content":"","_et_gb_content_width":""},"product_brand":[],"product_cat":[113],"product_tag":[],"class_list":{"0":"post-2034","1":"product","2":"type-product","3":"status-publish","4":"has-post-thumbnail","6":"product_cat-barras-y-snacks-proteicos-de","8":"first","9":"outofstock","10":"taxable","11":"shipping-taxable","12":"purchasable","13":"product-type-simple"},"acf":[],"yoast_head":"<!-- This site is optimized with the Yoast SEO plugin v26.9 - https:\/\/yoast.com\/product\/yoast-seo-wordpress\/ -->\n<title>Dutella 250gr - Dubai Dates Nutrition<\/title>\n<meta name=\"robots\" content=\"index, follow, max-snippet:-1, max-image-preview:large, max-video-preview:-1\" \/>\n<link rel=\"canonical\" href=\"https:\/\/dubaidatesnutrition.com\/producto\/dutella-250gr\" \/>\n<meta property=\"og:locale\" content=\"de_DE\" \/>\n<meta property=\"og:type\" content=\"article\" \/>\n<meta property=\"og:title\" content=\"Dutella 250gr - Dubai Dates Nutrition\" \/>\n<meta property=\"og:description\" content=\"Ein Schokoladenaufstrich mit echten ger\u00f6steten Haseln\u00fcssen und einem Hauch von Eiwei\u00df. Es ist nicht nur ein Brotaufstrich - es ist ein k\u00f6stlicher, schuldfreier Genuss, der perfekt zu einem ausgewogenen Lebensstil passt. Stellen Sie sich einen L\u00f6ffel cremigen Schokoladenhimmels vor, der so gut f\u00fcr Sie ist, wie er schmeckt. Mit einem Proteingehalt von 20 % ist es eine kluge Wahl f\u00fcr Energie und S\u00e4ttigung, ohne Zuckerzusatz oder Palm\u00f6l. Dutella eignet sich perfekt zum Fr\u00fchst\u00fcck, als Snack oder immer dann, wenn Sie eine gesunde s\u00fc\u00dfe Leckerei brauchen, und macht jeden Bissen zu einem Genuss.\" \/>\n<meta property=\"og:url\" content=\"https:\/\/dubaidatesnutrition.com\/producto\/dutella-250gr\" \/>\n<meta property=\"og:site_name\" content=\"Dubai Dates Nutrition\" \/>\n<meta property=\"article:modified_time\" content=\"2025-04-03T09:59:42+00:00\" \/>\n<meta property=\"og:image\" content=\"https:\/\/dubaidatesnutrition.com\/wp-content\/uploads\/2025\/03\/dutella-1.png\" \/>\n\t<meta property=\"og:image:width\" content=\"1080\" \/>\n\t<meta property=\"og:image:height\" content=\"1350\" \/>\n\t<meta property=\"og:image:type\" content=\"image\/png\" \/>\n<meta name=\"twitter:card\" content=\"summary_large_image\" \/>\n<script type=\"application\/ld+json\" class=\"yoast-schema-graph\">{\"@context\":\"https:\/\/schema.org\",\"@graph\":[{\"@type\":\"WebPage\",\"@id\":\"https:\/\/dubaidatesnutrition.com\/producto\/dutella-250gr\",\"url\":\"https:\/\/dubaidatesnutrition.com\/producto\/dutella-250gr\",\"name\":\"Dutella 250gr - Dubai Dates Nutrition\",\"isPartOf\":{\"@id\":\"https:\/\/dubaidatesnutrition.com\/#website\"},\"primaryImageOfPage\":{\"@id\":\"https:\/\/dubaidatesnutrition.com\/producto\/dutella-250gr#primaryimage\"},\"image\":{\"@id\":\"https:\/\/dubaidatesnutrition.com\/producto\/dutella-250gr#primaryimage\"},\"thumbnailUrl\":\"https:\/\/dubaidatesnutrition.com\/wp-content\/uploads\/2025\/03\/dutella-1.png\",\"datePublished\":\"2025-03-27T13:15:52+00:00\",\"dateModified\":\"2025-04-03T09:59:42+00:00\",\"breadcrumb\":{\"@id\":\"https:\/\/dubaidatesnutrition.com\/producto\/dutella-250gr#breadcrumb\"},\"inLanguage\":\"de\",\"potentialAction\":[{\"@type\":\"ReadAction\",\"target\":[\"https:\/\/dubaidatesnutrition.com\/producto\/dutella-250gr\"]}]},{\"@type\":\"ImageObject\",\"inLanguage\":\"de\",\"@id\":\"https:\/\/dubaidatesnutrition.com\/producto\/dutella-250gr#primaryimage\",\"url\":\"https:\/\/dubaidatesnutrition.com\/wp-content\/uploads\/2025\/03\/dutella-1.png\",\"contentUrl\":\"https:\/\/dubaidatesnutrition.com\/wp-content\/uploads\/2025\/03\/dutella-1.png\",\"width\":1080,\"height\":1350},{\"@type\":\"BreadcrumbList\",\"@id\":\"https:\/\/dubaidatesnutrition.com\/producto\/dutella-250gr#breadcrumb\",\"itemListElement\":[{\"@type\":\"ListItem\",\"position\":1,\"name\":\"Portada\",\"item\":\"https:\/\/dubaidatesnutrition.com\/\"},{\"@type\":\"ListItem\",\"position\":2,\"name\":\"Tienda\",\"item\":\"https:\/\/dubaidatesnutrition.com\/tienda\"},{\"@type\":\"ListItem\",\"position\":3,\"name\":\"Dutella 250gr\"}]},{\"@type\":\"WebSite\",\"@id\":\"https:\/\/dubaidatesnutrition.com\/#website\",\"url\":\"https:\/\/dubaidatesnutrition.com\/\",\"name\":\"Dubai Dates Nutrition\",\"description\":\"\",\"potentialAction\":[{\"@type\":\"SearchAction\",\"target\":{\"@type\":\"EntryPoint\",\"urlTemplate\":\"https:\/\/dubaidatesnutrition.com\/?s={search_term_string}\"},\"query-input\":{\"@type\":\"PropertyValueSpecification\",\"valueRequired\":true,\"valueName\":\"search_term_string\"}}],\"inLanguage\":\"de\"}]}<\/script>\n<!-- \/ Yoast SEO plugin. -->","yoast_head_json":{"title":"Dutella 250gr - Dubai Dates Nutrition","robots":{"index":"index","follow":"follow","max-snippet":"max-snippet:-1","max-image-preview":"max-image-preview:large","max-video-preview":"max-video-preview:-1"},"canonical":"https:\/\/dubaidatesnutrition.com\/producto\/dutella-250gr","og_locale":"de_DE","og_type":"article","og_title":"Dutella 250gr - Dubai Dates Nutrition","og_description":"Ein Schokoladenaufstrich mit echten ger\u00f6steten Haseln\u00fcssen und einem Hauch von Eiwei\u00df. Es ist nicht nur ein Brotaufstrich - es ist ein k\u00f6stlicher, schuldfreier Genuss, der perfekt zu einem ausgewogenen Lebensstil passt. Stellen Sie sich einen L\u00f6ffel cremigen Schokoladenhimmels vor, der so gut f\u00fcr Sie ist, wie er schmeckt. Mit einem Proteingehalt von 20 % ist es eine kluge Wahl f\u00fcr Energie und S\u00e4ttigung, ohne Zuckerzusatz oder Palm\u00f6l. Dutella eignet sich perfekt zum Fr\u00fchst\u00fcck, als Snack oder immer dann, wenn Sie eine gesunde s\u00fc\u00dfe Leckerei brauchen, und macht jeden Bissen zu einem Genuss.","og_url":"https:\/\/dubaidatesnutrition.com\/producto\/dutella-250gr","og_site_name":"Dubai Dates Nutrition","article_modified_time":"2025-04-03T09:59:42+00:00","og_image":[{"width":1080,"height":1350,"url":"https:\/\/dubaidatesnutrition.com\/wp-content\/uploads\/2025\/03\/dutella-1.png","type":"image\/png"}],"twitter_card":"summary_large_image","schema":{"@context":"https:\/\/schema.org","@graph":[{"@type":"WebPage","@id":"https:\/\/dubaidatesnutrition.com\/producto\/dutella-250gr","url":"https:\/\/dubaidatesnutrition.com\/producto\/dutella-250gr","name":"Dutella 250gr - Dubai Dates Nutrition","isPartOf":{"@id":"https:\/\/dubaidatesnutrition.com\/#website"},"primaryImageOfPage":{"@id":"https:\/\/dubaidatesnutrition.com\/producto\/dutella-250gr#primaryimage"},"image":{"@id":"https:\/\/dubaidatesnutrition.com\/producto\/dutella-250gr#primaryimage"},"thumbnailUrl":"https:\/\/dubaidatesnutrition.com\/wp-content\/uploads\/2025\/03\/dutella-1.png","datePublished":"2025-03-27T13:15:52+00:00","dateModified":"2025-04-03T09:59:42+00:00","breadcrumb":{"@id":"https:\/\/dubaidatesnutrition.com\/producto\/dutella-250gr#breadcrumb"},"inLanguage":"de","potentialAction":[{"@type":"ReadAction","target":["https:\/\/dubaidatesnutrition.com\/producto\/dutella-250gr"]}]},{"@type":"ImageObject","inLanguage":"de","@id":"https:\/\/dubaidatesnutrition.com\/producto\/dutella-250gr#primaryimage","url":"https:\/\/dubaidatesnutrition.com\/wp-content\/uploads\/2025\/03\/dutella-1.png","contentUrl":"https:\/\/dubaidatesnutrition.com\/wp-content\/uploads\/2025\/03\/dutella-1.png","width":1080,"height":1350},{"@type":"BreadcrumbList","@id":"https:\/\/dubaidatesnutrition.com\/producto\/dutella-250gr#breadcrumb","itemListElement":[{"@type":"ListItem","position":1,"name":"Portada","item":"https:\/\/dubaidatesnutrition.com\/"},{"@type":"ListItem","position":2,"name":"Tienda","item":"https:\/\/dubaidatesnutrition.com\/tienda"},{"@type":"ListItem","position":3,"name":"Dutella 250gr"}]},{"@type":"WebSite","@id":"https:\/\/dubaidatesnutrition.com\/#website","url":"https:\/\/dubaidatesnutrition.com\/","name":"Dubai Dates Nutrition","description":"","potentialAction":[{"@type":"SearchAction","target":{"@type":"EntryPoint","urlTemplate":"https:\/\/dubaidatesnutrition.com\/?s={search_term_string}"},"query-input":{"@type":"PropertyValueSpecification","valueRequired":true,"valueName":"search_term_string"}}],"inLanguage":"de"}]}},"_links":{"self":[{"href":"https:\/\/dubaidatesnutrition.com\/de\/wp-json\/wp\/v2\/product\/2034","targetHints":{"allow":["GET"]}}],"collection":[{"href":"https:\/\/dubaidatesnutrition.com\/de\/wp-json\/wp\/v2\/product"}],"about":[{"href":"https:\/\/dubaidatesnutrition.com\/de\/wp-json\/wp\/v2\/types\/product"}],"replies":[{"embeddable":true,"href":"https:\/\/dubaidatesnutrition.com\/de\/wp-json\/wp\/v2\/comments?post=2034"}],"wp:featuredmedia":[{"embeddable":true,"href":"https:\/\/dubaidatesnutrition.com\/de\/wp-json\/wp\/v2\/media\/1663"}],"wp:attachment":[{"href":"https:\/\/dubaidatesnutrition.com\/de\/wp-json\/wp\/v2\/media?parent=2034"}],"wp:term":[{"taxonomy":"product_brand","embeddable":true,"href":"https:\/\/dubaidatesnutrition.com\/de\/wp-json\/wp\/v2\/product_brand?post=2034"},{"taxonomy":"product_cat","embeddable":true,"href":"https:\/\/dubaidatesnutrition.com\/de\/wp-json\/wp\/v2\/product_cat?post=2034"},{"taxonomy":"product_tag","embeddable":true,"href":"https:\/\/dubaidatesnutrition.com\/de\/wp-json\/wp\/v2\/product_tag?post=2034"}],"curies":[{"name":"wp","href":"https:\/\/api.w.org\/{rel}","templated":true}]}}