{"id":2035,"date":"2025-03-27T13:22:08","date_gmt":"2025-03-27T13:22:08","guid":{"rendered":"https:\/\/dubaidatesnutrition.com\/producto\/eaa-ultra-energie"},"modified":"2025-04-03T10:00:25","modified_gmt":"2025-04-03T10:00:25","slug":"eaa-ultra-energie","status":"publish","type":"product","link":"https:\/\/dubaidatesnutrition.com\/de\/producto\/eaa-ultra-energie","title":{"rendered":"EAA Ultra Energie"},"content":{"rendered":"","protected":false},"excerpt":{"rendered":"<p>Dubai Dates Ultra Energy Drink EAA: ein zuckerfreier, kalorienarmer Energiebooster mit 3000 mg essentiellen Aminos\u00e4uren zur St\u00e4rkung der Muskeln und 80 mg Koffein f\u00fcr konzentrierte Energie. Angereichert mit B-Vitaminen zur Verringerung von M\u00fcdigkeit und zur Unterst\u00fctzung des Stoffwechsels ist es die perfekte Erfrischung f\u00fcr einen aktiven, gesundheitsbewussten Lebensstil.<\/p>\n","protected":false},"featured_media":1679,"comment_status":"open","ping_status":"closed","template":"","meta":{"_acf_changed":false,"_et_pb_use_builder":"","_et_pb_old_content":"","_et_gb_content_width":""},"product_brand":[],"product_cat":[116],"product_tag":[],"class_list":{"0":"post-2035","1":"product","2":"type-product","3":"status-publish","4":"has-post-thumbnail","6":"product_cat-bebidas-energizantes-de","8":"first","9":"outofstock","10":"taxable","11":"shipping-taxable","12":"purchasable","13":"product-type-variable"},"acf":[],"yoast_head":"<!-- This site is optimized with the Yoast SEO plugin v26.9 - https:\/\/yoast.com\/product\/yoast-seo-wordpress\/ -->\n<title>EAA Ultra Energie - Dubai Dates Nutrition<\/title>\n<meta name=\"robots\" content=\"index, follow, max-snippet:-1, max-image-preview:large, max-video-preview:-1\" \/>\n<link rel=\"canonical\" href=\"https:\/\/dubaidatesnutrition.com\/producto\/eaa-ultra-energy\" \/>\n<meta property=\"og:locale\" content=\"de_DE\" \/>\n<meta property=\"og:type\" content=\"article\" \/>\n<meta property=\"og:title\" content=\"EAA Ultra Energie - Dubai Dates Nutrition\" \/>\n<meta property=\"og:description\" content=\"Dubai Dates Ultra Energy Drink EAA: ein zuckerfreier, kalorienarmer Energiebooster mit 3000 mg essentiellen Aminos\u00e4uren zur St\u00e4rkung der Muskeln und 80 mg Koffein f\u00fcr konzentrierte Energie. Angereichert mit B-Vitaminen zur Verringerung von M\u00fcdigkeit und zur Unterst\u00fctzung des Stoffwechsels ist es die perfekte Erfrischung f\u00fcr einen aktiven, gesundheitsbewussten Lebensstil.\" \/>\n<meta property=\"og:url\" content=\"https:\/\/dubaidatesnutrition.com\/producto\/eaa-ultra-energy\" \/>\n<meta property=\"og:site_name\" content=\"Dubai Dates Nutrition\" \/>\n<meta property=\"article:modified_time\" content=\"2025-04-03T10:00:25+00:00\" \/>\n<meta property=\"og:image\" content=\"https:\/\/dubaidatesnutrition.com\/wp-content\/uploads\/2025\/03\/8C8A7247.jpg\" \/>\n\t<meta property=\"og:image:width\" content=\"1920\" \/>\n\t<meta property=\"og:image:height\" content=\"1281\" \/>\n\t<meta property=\"og:image:type\" content=\"image\/jpeg\" \/>\n<meta name=\"twitter:card\" content=\"summary_large_image\" \/>\n<script type=\"application\/ld+json\" class=\"yoast-schema-graph\">{\"@context\":\"https:\/\/schema.org\",\"@graph\":[{\"@type\":\"WebPage\",\"@id\":\"https:\/\/dubaidatesnutrition.com\/producto\/eaa-ultra-energy\",\"url\":\"https:\/\/dubaidatesnutrition.com\/producto\/eaa-ultra-energy\",\"name\":\"EAA Ultra Energie - Dubai Dates Nutrition\",\"isPartOf\":{\"@id\":\"https:\/\/dubaidatesnutrition.com\/#website\"},\"primaryImageOfPage\":{\"@id\":\"https:\/\/dubaidatesnutrition.com\/producto\/eaa-ultra-energy#primaryimage\"},\"image\":{\"@id\":\"https:\/\/dubaidatesnutrition.com\/producto\/eaa-ultra-energy#primaryimage\"},\"thumbnailUrl\":\"https:\/\/dubaidatesnutrition.com\/wp-content\/uploads\/2025\/03\/8C8A7247.jpg\",\"datePublished\":\"2025-03-27T13:22:08+00:00\",\"dateModified\":\"2025-04-03T10:00:25+00:00\",\"breadcrumb\":{\"@id\":\"https:\/\/dubaidatesnutrition.com\/producto\/eaa-ultra-energy#breadcrumb\"},\"inLanguage\":\"de\",\"potentialAction\":[{\"@type\":\"ReadAction\",\"target\":[\"https:\/\/dubaidatesnutrition.com\/producto\/eaa-ultra-energy\"]}]},{\"@type\":\"ImageObject\",\"inLanguage\":\"de\",\"@id\":\"https:\/\/dubaidatesnutrition.com\/producto\/eaa-ultra-energy#primaryimage\",\"url\":\"https:\/\/dubaidatesnutrition.com\/wp-content\/uploads\/2025\/03\/8C8A7247.jpg\",\"contentUrl\":\"https:\/\/dubaidatesnutrition.com\/wp-content\/uploads\/2025\/03\/8C8A7247.jpg\",\"width\":1920,\"height\":1281},{\"@type\":\"BreadcrumbList\",\"@id\":\"https:\/\/dubaidatesnutrition.com\/producto\/eaa-ultra-energy#breadcrumb\",\"itemListElement\":[{\"@type\":\"ListItem\",\"position\":1,\"name\":\"Portada\",\"item\":\"https:\/\/dubaidatesnutrition.com\/\"},{\"@type\":\"ListItem\",\"position\":2,\"name\":\"Tienda\",\"item\":\"https:\/\/dubaidatesnutrition.com\/tienda\"},{\"@type\":\"ListItem\",\"position\":3,\"name\":\"EAA Ultra Energie\"}]},{\"@type\":\"WebSite\",\"@id\":\"https:\/\/dubaidatesnutrition.com\/#website\",\"url\":\"https:\/\/dubaidatesnutrition.com\/\",\"name\":\"Dubai Dates Nutrition\",\"description\":\"\",\"potentialAction\":[{\"@type\":\"SearchAction\",\"target\":{\"@type\":\"EntryPoint\",\"urlTemplate\":\"https:\/\/dubaidatesnutrition.com\/?s={search_term_string}\"},\"query-input\":{\"@type\":\"PropertyValueSpecification\",\"valueRequired\":true,\"valueName\":\"search_term_string\"}}],\"inLanguage\":\"de\"}]}<\/script>\n<!-- \/ Yoast SEO plugin. -->","yoast_head_json":{"title":"EAA Ultra Energie - Dubai Dates Nutrition","robots":{"index":"index","follow":"follow","max-snippet":"max-snippet:-1","max-image-preview":"max-image-preview:large","max-video-preview":"max-video-preview:-1"},"canonical":"https:\/\/dubaidatesnutrition.com\/producto\/eaa-ultra-energy","og_locale":"de_DE","og_type":"article","og_title":"EAA Ultra Energie - Dubai Dates Nutrition","og_description":"Dubai Dates Ultra Energy Drink EAA: ein zuckerfreier, kalorienarmer Energiebooster mit 3000 mg essentiellen Aminos\u00e4uren zur St\u00e4rkung der Muskeln und 80 mg Koffein f\u00fcr konzentrierte Energie. Angereichert mit B-Vitaminen zur Verringerung von M\u00fcdigkeit und zur Unterst\u00fctzung des Stoffwechsels ist es die perfekte Erfrischung f\u00fcr einen aktiven, gesundheitsbewussten Lebensstil.","og_url":"https:\/\/dubaidatesnutrition.com\/producto\/eaa-ultra-energy","og_site_name":"Dubai Dates Nutrition","article_modified_time":"2025-04-03T10:00:25+00:00","og_image":[{"width":1920,"height":1281,"url":"https:\/\/dubaidatesnutrition.com\/wp-content\/uploads\/2025\/03\/8C8A7247.jpg","type":"image\/jpeg"}],"twitter_card":"summary_large_image","schema":{"@context":"https:\/\/schema.org","@graph":[{"@type":"WebPage","@id":"https:\/\/dubaidatesnutrition.com\/producto\/eaa-ultra-energy","url":"https:\/\/dubaidatesnutrition.com\/producto\/eaa-ultra-energy","name":"EAA Ultra Energie - Dubai Dates Nutrition","isPartOf":{"@id":"https:\/\/dubaidatesnutrition.com\/#website"},"primaryImageOfPage":{"@id":"https:\/\/dubaidatesnutrition.com\/producto\/eaa-ultra-energy#primaryimage"},"image":{"@id":"https:\/\/dubaidatesnutrition.com\/producto\/eaa-ultra-energy#primaryimage"},"thumbnailUrl":"https:\/\/dubaidatesnutrition.com\/wp-content\/uploads\/2025\/03\/8C8A7247.jpg","datePublished":"2025-03-27T13:22:08+00:00","dateModified":"2025-04-03T10:00:25+00:00","breadcrumb":{"@id":"https:\/\/dubaidatesnutrition.com\/producto\/eaa-ultra-energy#breadcrumb"},"inLanguage":"de","potentialAction":[{"@type":"ReadAction","target":["https:\/\/dubaidatesnutrition.com\/producto\/eaa-ultra-energy"]}]},{"@type":"ImageObject","inLanguage":"de","@id":"https:\/\/dubaidatesnutrition.com\/producto\/eaa-ultra-energy#primaryimage","url":"https:\/\/dubaidatesnutrition.com\/wp-content\/uploads\/2025\/03\/8C8A7247.jpg","contentUrl":"https:\/\/dubaidatesnutrition.com\/wp-content\/uploads\/2025\/03\/8C8A7247.jpg","width":1920,"height":1281},{"@type":"BreadcrumbList","@id":"https:\/\/dubaidatesnutrition.com\/producto\/eaa-ultra-energy#breadcrumb","itemListElement":[{"@type":"ListItem","position":1,"name":"Portada","item":"https:\/\/dubaidatesnutrition.com\/"},{"@type":"ListItem","position":2,"name":"Tienda","item":"https:\/\/dubaidatesnutrition.com\/tienda"},{"@type":"ListItem","position":3,"name":"EAA Ultra Energie"}]},{"@type":"WebSite","@id":"https:\/\/dubaidatesnutrition.com\/#website","url":"https:\/\/dubaidatesnutrition.com\/","name":"Dubai Dates Nutrition","description":"","potentialAction":[{"@type":"SearchAction","target":{"@type":"EntryPoint","urlTemplate":"https:\/\/dubaidatesnutrition.com\/?s={search_term_string}"},"query-input":{"@type":"PropertyValueSpecification","valueRequired":true,"valueName":"search_term_string"}}],"inLanguage":"de"}]}},"_links":{"self":[{"href":"https:\/\/dubaidatesnutrition.com\/de\/wp-json\/wp\/v2\/product\/2035","targetHints":{"allow":["GET"]}}],"collection":[{"href":"https:\/\/dubaidatesnutrition.com\/de\/wp-json\/wp\/v2\/product"}],"about":[{"href":"https:\/\/dubaidatesnutrition.com\/de\/wp-json\/wp\/v2\/types\/product"}],"replies":[{"embeddable":true,"href":"https:\/\/dubaidatesnutrition.com\/de\/wp-json\/wp\/v2\/comments?post=2035"}],"wp:featuredmedia":[{"embeddable":true,"href":"https:\/\/dubaidatesnutrition.com\/de\/wp-json\/wp\/v2\/media\/1679"}],"wp:attachment":[{"href":"https:\/\/dubaidatesnutrition.com\/de\/wp-json\/wp\/v2\/media?parent=2035"}],"wp:term":[{"taxonomy":"product_brand","embeddable":true,"href":"https:\/\/dubaidatesnutrition.com\/de\/wp-json\/wp\/v2\/product_brand?post=2035"},{"taxonomy":"product_cat","embeddable":true,"href":"https:\/\/dubaidatesnutrition.com\/de\/wp-json\/wp\/v2\/product_cat?post=2035"},{"taxonomy":"product_tag","embeddable":true,"href":"https:\/\/dubaidatesnutrition.com\/de\/wp-json\/wp\/v2\/product_tag?post=2035"}],"curies":[{"name":"wp","href":"https:\/\/api.w.org\/{rel}","templated":true}]}}