{"id":2038,"date":"2025-03-27T13:25:35","date_gmt":"2025-03-27T13:25:35","guid":{"rendered":"https:\/\/dubaidatesnutrition.com\/producto\/dubai-termine-shaker"},"modified":"2025-03-27T13:25:35","modified_gmt":"2025-03-27T13:25:35","slug":"dubai-termine-shaker","status":"publish","type":"product","link":"https:\/\/dubaidatesnutrition.com\/de\/producto\/dubai-termine-shaker","title":{"rendered":"Dubai Termine Shaker"},"content":{"rendered":"","protected":false},"excerpt":{"rendered":"<p>Mixen Sie Ihre Lieblings-Smoothies und -drinks bequem und effizient mit dem Dubai Dates Shaker.<\/p>\n<p>Das 600 ml fassende Design verf\u00fcgt \u00fcber eine Messskala auf der R\u00fcckseite, die f\u00fcr Genauigkeit sorgt, und ein aufsteckbares Sieb, das glatte, klumpenfreie Mischungen garantiert.<\/p>\n<p>Hergestellt aus hochwertigem, BPA- und DHE-freiem Kunststoff, ist es sicher, langlebig und sp\u00fclmaschinenfest, so dass es leicht zu reinigen ist. Perfekt zum Mitnehmen ins Fitnessstudio, ins B\u00fcro oder wo auch immer Sie ihn brauchen.<\/p>\n<p><strong>Material<\/strong>: Sicherer und langlebiger Kunststoff.<br \/>\n<strong>Einzelheiten<\/strong>: Leichtes, funktionelles und giftfreies Design.<\/p>\n","protected":false},"featured_media":1686,"comment_status":"open","ping_status":"closed","template":"","meta":{"_acf_changed":false,"_et_pb_use_builder":"","_et_pb_old_content":"","_et_gb_content_width":""},"product_brand":[],"product_cat":[117],"product_tag":[],"class_list":{"0":"post-2038","1":"product","2":"type-product","3":"status-publish","4":"has-post-thumbnail","6":"product_cat-ropa-y-accesorios-de","8":"first","9":"instock","10":"taxable","11":"shipping-taxable","12":"purchasable","13":"product-type-simple"},"acf":[],"yoast_head":"<!-- This site is optimized with the Yoast SEO plugin v26.9 - https:\/\/yoast.com\/product\/yoast-seo-wordpress\/ -->\n<title>Dubai Termine Shaker - Dubai Dates Nutrition<\/title>\n<meta name=\"robots\" content=\"index, follow, max-snippet:-1, max-image-preview:large, max-video-preview:-1\" \/>\n<link rel=\"canonical\" href=\"https:\/\/dubaidatesnutrition.com\/producto\/shaker\" \/>\n<meta property=\"og:locale\" content=\"de_DE\" \/>\n<meta property=\"og:type\" content=\"article\" \/>\n<meta property=\"og:title\" content=\"Dubai Termine Shaker - Dubai Dates Nutrition\" \/>\n<meta property=\"og:description\" content=\"Mixen Sie Ihre Lieblings-Smoothies und -drinks bequem und effizient mit dem Dubai Dates Shaker. Das 600 ml fassende Design verf\u00fcgt \u00fcber eine Messskala auf der R\u00fcckseite, die f\u00fcr Genauigkeit sorgt, und ein aufsteckbares Sieb, das glatte, klumpenfreie Mischungen garantiert. Hergestellt aus hochwertigem, BPA- und DHE-freiem Kunststoff, ist es sicher, langlebig und sp\u00fclmaschinenfest, so dass es leicht zu reinigen ist. Perfekt zum Mitnehmen ins Fitnessstudio, ins B\u00fcro oder wo auch immer Sie ihn brauchen. Material: Sicherer und langlebiger Kunststoff. Einzelheiten: Leichtes, funktionelles und giftfreies Design.\" \/>\n<meta property=\"og:url\" content=\"https:\/\/dubaidatesnutrition.com\/producto\/shaker\" \/>\n<meta property=\"og:site_name\" content=\"Dubai Dates Nutrition\" \/>\n<meta property=\"og:image\" content=\"https:\/\/dubaidatesnutrition.com\/wp-content\/uploads\/2025\/03\/shaker1.png\" \/>\n\t<meta property=\"og:image:width\" content=\"591\" \/>\n\t<meta property=\"og:image:height\" content=\"591\" \/>\n\t<meta property=\"og:image:type\" content=\"image\/png\" \/>\n<meta name=\"twitter:card\" content=\"summary_large_image\" \/>\n<script type=\"application\/ld+json\" class=\"yoast-schema-graph\">{\"@context\":\"https:\/\/schema.org\",\"@graph\":[{\"@type\":\"WebPage\",\"@id\":\"https:\/\/dubaidatesnutrition.com\/producto\/shaker\",\"url\":\"https:\/\/dubaidatesnutrition.com\/producto\/shaker\",\"name\":\"Dubai Termine Shaker - Dubai Dates Nutrition\",\"isPartOf\":{\"@id\":\"https:\/\/dubaidatesnutrition.com\/#website\"},\"primaryImageOfPage\":{\"@id\":\"https:\/\/dubaidatesnutrition.com\/producto\/shaker#primaryimage\"},\"image\":{\"@id\":\"https:\/\/dubaidatesnutrition.com\/producto\/shaker#primaryimage\"},\"thumbnailUrl\":\"https:\/\/dubaidatesnutrition.com\/wp-content\/uploads\/2025\/03\/shaker1.png\",\"datePublished\":\"2025-03-27T13:25:35+00:00\",\"breadcrumb\":{\"@id\":\"https:\/\/dubaidatesnutrition.com\/producto\/shaker#breadcrumb\"},\"inLanguage\":\"de\",\"potentialAction\":[{\"@type\":\"ReadAction\",\"target\":[\"https:\/\/dubaidatesnutrition.com\/producto\/shaker\"]}]},{\"@type\":\"ImageObject\",\"inLanguage\":\"de\",\"@id\":\"https:\/\/dubaidatesnutrition.com\/producto\/shaker#primaryimage\",\"url\":\"https:\/\/dubaidatesnutrition.com\/wp-content\/uploads\/2025\/03\/shaker1.png\",\"contentUrl\":\"https:\/\/dubaidatesnutrition.com\/wp-content\/uploads\/2025\/03\/shaker1.png\",\"width\":591,\"height\":591},{\"@type\":\"BreadcrumbList\",\"@id\":\"https:\/\/dubaidatesnutrition.com\/producto\/shaker#breadcrumb\",\"itemListElement\":[{\"@type\":\"ListItem\",\"position\":1,\"name\":\"Portada\",\"item\":\"https:\/\/dubaidatesnutrition.com\/\"},{\"@type\":\"ListItem\",\"position\":2,\"name\":\"Tienda\",\"item\":\"https:\/\/dubaidatesnutrition.com\/tienda\"},{\"@type\":\"ListItem\",\"position\":3,\"name\":\"Dubai Termine Shaker\"}]},{\"@type\":\"WebSite\",\"@id\":\"https:\/\/dubaidatesnutrition.com\/#website\",\"url\":\"https:\/\/dubaidatesnutrition.com\/\",\"name\":\"Dubai Dates Nutrition\",\"description\":\"\",\"potentialAction\":[{\"@type\":\"SearchAction\",\"target\":{\"@type\":\"EntryPoint\",\"urlTemplate\":\"https:\/\/dubaidatesnutrition.com\/?s={search_term_string}\"},\"query-input\":{\"@type\":\"PropertyValueSpecification\",\"valueRequired\":true,\"valueName\":\"search_term_string\"}}],\"inLanguage\":\"de\"}]}<\/script>\n<!-- \/ Yoast SEO plugin. -->","yoast_head_json":{"title":"Dubai Termine Shaker - Dubai Dates Nutrition","robots":{"index":"index","follow":"follow","max-snippet":"max-snippet:-1","max-image-preview":"max-image-preview:large","max-video-preview":"max-video-preview:-1"},"canonical":"https:\/\/dubaidatesnutrition.com\/producto\/shaker","og_locale":"de_DE","og_type":"article","og_title":"Dubai Termine Shaker - Dubai Dates Nutrition","og_description":"Mixen Sie Ihre Lieblings-Smoothies und -drinks bequem und effizient mit dem Dubai Dates Shaker. Das 600 ml fassende Design verf\u00fcgt \u00fcber eine Messskala auf der R\u00fcckseite, die f\u00fcr Genauigkeit sorgt, und ein aufsteckbares Sieb, das glatte, klumpenfreie Mischungen garantiert. Hergestellt aus hochwertigem, BPA- und DHE-freiem Kunststoff, ist es sicher, langlebig und sp\u00fclmaschinenfest, so dass es leicht zu reinigen ist. Perfekt zum Mitnehmen ins Fitnessstudio, ins B\u00fcro oder wo auch immer Sie ihn brauchen. Material: Sicherer und langlebiger Kunststoff. Einzelheiten: Leichtes, funktionelles und giftfreies Design.","og_url":"https:\/\/dubaidatesnutrition.com\/producto\/shaker","og_site_name":"Dubai Dates Nutrition","og_image":[{"width":591,"height":591,"url":"https:\/\/dubaidatesnutrition.com\/wp-content\/uploads\/2025\/03\/shaker1.png","type":"image\/png"}],"twitter_card":"summary_large_image","schema":{"@context":"https:\/\/schema.org","@graph":[{"@type":"WebPage","@id":"https:\/\/dubaidatesnutrition.com\/producto\/shaker","url":"https:\/\/dubaidatesnutrition.com\/producto\/shaker","name":"Dubai Termine Shaker - Dubai Dates Nutrition","isPartOf":{"@id":"https:\/\/dubaidatesnutrition.com\/#website"},"primaryImageOfPage":{"@id":"https:\/\/dubaidatesnutrition.com\/producto\/shaker#primaryimage"},"image":{"@id":"https:\/\/dubaidatesnutrition.com\/producto\/shaker#primaryimage"},"thumbnailUrl":"https:\/\/dubaidatesnutrition.com\/wp-content\/uploads\/2025\/03\/shaker1.png","datePublished":"2025-03-27T13:25:35+00:00","breadcrumb":{"@id":"https:\/\/dubaidatesnutrition.com\/producto\/shaker#breadcrumb"},"inLanguage":"de","potentialAction":[{"@type":"ReadAction","target":["https:\/\/dubaidatesnutrition.com\/producto\/shaker"]}]},{"@type":"ImageObject","inLanguage":"de","@id":"https:\/\/dubaidatesnutrition.com\/producto\/shaker#primaryimage","url":"https:\/\/dubaidatesnutrition.com\/wp-content\/uploads\/2025\/03\/shaker1.png","contentUrl":"https:\/\/dubaidatesnutrition.com\/wp-content\/uploads\/2025\/03\/shaker1.png","width":591,"height":591},{"@type":"BreadcrumbList","@id":"https:\/\/dubaidatesnutrition.com\/producto\/shaker#breadcrumb","itemListElement":[{"@type":"ListItem","position":1,"name":"Portada","item":"https:\/\/dubaidatesnutrition.com\/"},{"@type":"ListItem","position":2,"name":"Tienda","item":"https:\/\/dubaidatesnutrition.com\/tienda"},{"@type":"ListItem","position":3,"name":"Dubai Termine Shaker"}]},{"@type":"WebSite","@id":"https:\/\/dubaidatesnutrition.com\/#website","url":"https:\/\/dubaidatesnutrition.com\/","name":"Dubai Dates Nutrition","description":"","potentialAction":[{"@type":"SearchAction","target":{"@type":"EntryPoint","urlTemplate":"https:\/\/dubaidatesnutrition.com\/?s={search_term_string}"},"query-input":{"@type":"PropertyValueSpecification","valueRequired":true,"valueName":"search_term_string"}}],"inLanguage":"de"}]}},"_links":{"self":[{"href":"https:\/\/dubaidatesnutrition.com\/de\/wp-json\/wp\/v2\/product\/2038","targetHints":{"allow":["GET"]}}],"collection":[{"href":"https:\/\/dubaidatesnutrition.com\/de\/wp-json\/wp\/v2\/product"}],"about":[{"href":"https:\/\/dubaidatesnutrition.com\/de\/wp-json\/wp\/v2\/types\/product"}],"replies":[{"embeddable":true,"href":"https:\/\/dubaidatesnutrition.com\/de\/wp-json\/wp\/v2\/comments?post=2038"}],"wp:featuredmedia":[{"embeddable":true,"href":"https:\/\/dubaidatesnutrition.com\/de\/wp-json\/wp\/v2\/media\/1686"}],"wp:attachment":[{"href":"https:\/\/dubaidatesnutrition.com\/de\/wp-json\/wp\/v2\/media?parent=2038"}],"wp:term":[{"taxonomy":"product_brand","embeddable":true,"href":"https:\/\/dubaidatesnutrition.com\/de\/wp-json\/wp\/v2\/product_brand?post=2038"},{"taxonomy":"product_cat","embeddable":true,"href":"https:\/\/dubaidatesnutrition.com\/de\/wp-json\/wp\/v2\/product_cat?post=2038"},{"taxonomy":"product_tag","embeddable":true,"href":"https:\/\/dubaidatesnutrition.com\/de\/wp-json\/wp\/v2\/product_tag?post=2038"}],"curies":[{"name":"wp","href":"https:\/\/api.w.org\/{rel}","templated":true}]}}