{"id":2039,"date":"2025-03-27T13:28:17","date_gmt":"2025-03-27T13:28:17","guid":{"rendered":"https:\/\/dubaidatesnutrition.com\/producto\/turnbeutel"},"modified":"2025-03-27T13:28:17","modified_gmt":"2025-03-27T13:28:17","slug":"turnbeutel","status":"publish","type":"product","link":"https:\/\/dubaidatesnutrition.com\/de\/producto\/turnbeutel","title":{"rendered":"Turnbeutel"},"content":{"rendered":"","protected":false},"excerpt":{"rendered":"<p>Der Dubai Dates Gym Backpack ist der perfekte Begleiter, um alles zu transportieren, was Sie f\u00fcr Ihr Training oder Ihren Alltag brauchen.<\/p>\n<p>Die Tasche ist aus strapazierf\u00e4higem, leichtem Material gefertigt und mit einem Kordelzug versehen, der das Tragen erleichtert und einen schnellen Zugriff auf Ihre Habseligkeiten erm\u00f6glicht.<\/p>\n<p>Das goldene Logo verleiht ihr einen unverwechselbaren und modernen Touch und macht sie zu einer funktionalen Wahl. Ideal zum Tragen von Kleidung, Sportaccessoires oder auch f\u00fcr Freizeitausfl\u00fcge.<\/p>\n<p><strong>Material<\/strong>: Widerstandsf\u00e4hig und leicht zu reinigen.<br \/>\n<strong>Gestaltung<\/strong>: Kompakt, leicht und bequem zu tragen.<br \/>\n<strong>Verwenden Sie<\/strong>: Perfekt f\u00fcr das Fitnessstudio, kurze Reisen oder den t\u00e4glichen Gebrauch.<\/p>\n","protected":false},"featured_media":1697,"comment_status":"open","ping_status":"closed","template":"","meta":{"_acf_changed":false,"_et_pb_use_builder":"","_et_pb_old_content":"","_et_gb_content_width":""},"product_brand":[],"product_cat":[117],"product_tag":[],"class_list":{"0":"post-2039","1":"product","2":"type-product","3":"status-publish","4":"has-post-thumbnail","6":"product_cat-ropa-y-accesorios-de","8":"first","9":"instock","10":"taxable","11":"shipping-taxable","12":"purchasable","13":"product-type-simple"},"acf":[],"yoast_head":"<!-- This site is optimized with the Yoast SEO plugin v26.9 - https:\/\/yoast.com\/product\/yoast-seo-wordpress\/ -->\n<title>Turnbeutel - Dubai Dates Nutrition<\/title>\n<meta name=\"robots\" content=\"index, follow, max-snippet:-1, max-image-preview:large, max-video-preview:-1\" \/>\n<link rel=\"canonical\" href=\"https:\/\/dubaidatesnutrition.com\/producto\/gym-bag\" \/>\n<meta property=\"og:locale\" content=\"de_DE\" \/>\n<meta property=\"og:type\" content=\"article\" \/>\n<meta property=\"og:title\" content=\"Turnbeutel - Dubai Dates Nutrition\" \/>\n<meta property=\"og:description\" content=\"Der Dubai Dates Gym Backpack ist der perfekte Begleiter, um alles zu transportieren, was Sie f\u00fcr Ihr Training oder Ihren Alltag brauchen. Die Tasche ist aus strapazierf\u00e4higem, leichtem Material gefertigt und mit einem Kordelzug versehen, der das Tragen erleichtert und einen schnellen Zugriff auf Ihre Habseligkeiten erm\u00f6glicht. Das goldene Logo verleiht ihr einen unverwechselbaren und modernen Touch und macht sie zu einer funktionalen Wahl. Ideal zum Tragen von Kleidung, Sportaccessoires oder auch f\u00fcr Freizeitausfl\u00fcge. Material: Widerstandsf\u00e4hig und leicht zu reinigen. Gestaltung: Kompakt, leicht und bequem zu tragen. Verwenden Sie: Perfekt f\u00fcr das Fitnessstudio, kurze Reisen oder den t\u00e4glichen Gebrauch.\" \/>\n<meta property=\"og:url\" content=\"https:\/\/dubaidatesnutrition.com\/producto\/gym-bag\" \/>\n<meta property=\"og:site_name\" content=\"Dubai Dates Nutrition\" \/>\n<meta property=\"og:image\" content=\"https:\/\/dubaidatesnutrition.com\/wp-content\/uploads\/2025\/03\/gymbag1.png\" \/>\n\t<meta property=\"og:image:width\" content=\"591\" \/>\n\t<meta property=\"og:image:height\" content=\"591\" \/>\n\t<meta property=\"og:image:type\" content=\"image\/png\" \/>\n<meta name=\"twitter:card\" content=\"summary_large_image\" \/>\n<script type=\"application\/ld+json\" class=\"yoast-schema-graph\">{\"@context\":\"https:\/\/schema.org\",\"@graph\":[{\"@type\":\"WebPage\",\"@id\":\"https:\/\/dubaidatesnutrition.com\/producto\/gym-bag\",\"url\":\"https:\/\/dubaidatesnutrition.com\/producto\/gym-bag\",\"name\":\"Turnbeutel - Dubai Dates Nutrition\",\"isPartOf\":{\"@id\":\"https:\/\/dubaidatesnutrition.com\/#website\"},\"primaryImageOfPage\":{\"@id\":\"https:\/\/dubaidatesnutrition.com\/producto\/gym-bag#primaryimage\"},\"image\":{\"@id\":\"https:\/\/dubaidatesnutrition.com\/producto\/gym-bag#primaryimage\"},\"thumbnailUrl\":\"https:\/\/dubaidatesnutrition.com\/wp-content\/uploads\/2025\/03\/gymbag1.png\",\"datePublished\":\"2025-03-27T13:28:17+00:00\",\"breadcrumb\":{\"@id\":\"https:\/\/dubaidatesnutrition.com\/producto\/gym-bag#breadcrumb\"},\"inLanguage\":\"de\",\"potentialAction\":[{\"@type\":\"ReadAction\",\"target\":[\"https:\/\/dubaidatesnutrition.com\/producto\/gym-bag\"]}]},{\"@type\":\"ImageObject\",\"inLanguage\":\"de\",\"@id\":\"https:\/\/dubaidatesnutrition.com\/producto\/gym-bag#primaryimage\",\"url\":\"https:\/\/dubaidatesnutrition.com\/wp-content\/uploads\/2025\/03\/gymbag1.png\",\"contentUrl\":\"https:\/\/dubaidatesnutrition.com\/wp-content\/uploads\/2025\/03\/gymbag1.png\",\"width\":591,\"height\":591},{\"@type\":\"BreadcrumbList\",\"@id\":\"https:\/\/dubaidatesnutrition.com\/producto\/gym-bag#breadcrumb\",\"itemListElement\":[{\"@type\":\"ListItem\",\"position\":1,\"name\":\"Portada\",\"item\":\"https:\/\/dubaidatesnutrition.com\/\"},{\"@type\":\"ListItem\",\"position\":2,\"name\":\"Tienda\",\"item\":\"https:\/\/dubaidatesnutrition.com\/tienda\"},{\"@type\":\"ListItem\",\"position\":3,\"name\":\"Turnbeutel\"}]},{\"@type\":\"WebSite\",\"@id\":\"https:\/\/dubaidatesnutrition.com\/#website\",\"url\":\"https:\/\/dubaidatesnutrition.com\/\",\"name\":\"Dubai Dates Nutrition\",\"description\":\"\",\"potentialAction\":[{\"@type\":\"SearchAction\",\"target\":{\"@type\":\"EntryPoint\",\"urlTemplate\":\"https:\/\/dubaidatesnutrition.com\/?s={search_term_string}\"},\"query-input\":{\"@type\":\"PropertyValueSpecification\",\"valueRequired\":true,\"valueName\":\"search_term_string\"}}],\"inLanguage\":\"de\"}]}<\/script>\n<!-- \/ Yoast SEO plugin. -->","yoast_head_json":{"title":"Turnbeutel - Dubai Dates Nutrition","robots":{"index":"index","follow":"follow","max-snippet":"max-snippet:-1","max-image-preview":"max-image-preview:large","max-video-preview":"max-video-preview:-1"},"canonical":"https:\/\/dubaidatesnutrition.com\/producto\/gym-bag","og_locale":"de_DE","og_type":"article","og_title":"Turnbeutel - Dubai Dates Nutrition","og_description":"Der Dubai Dates Gym Backpack ist der perfekte Begleiter, um alles zu transportieren, was Sie f\u00fcr Ihr Training oder Ihren Alltag brauchen. Die Tasche ist aus strapazierf\u00e4higem, leichtem Material gefertigt und mit einem Kordelzug versehen, der das Tragen erleichtert und einen schnellen Zugriff auf Ihre Habseligkeiten erm\u00f6glicht. Das goldene Logo verleiht ihr einen unverwechselbaren und modernen Touch und macht sie zu einer funktionalen Wahl. Ideal zum Tragen von Kleidung, Sportaccessoires oder auch f\u00fcr Freizeitausfl\u00fcge. Material: Widerstandsf\u00e4hig und leicht zu reinigen. Gestaltung: Kompakt, leicht und bequem zu tragen. Verwenden Sie: Perfekt f\u00fcr das Fitnessstudio, kurze Reisen oder den t\u00e4glichen Gebrauch.","og_url":"https:\/\/dubaidatesnutrition.com\/producto\/gym-bag","og_site_name":"Dubai Dates Nutrition","og_image":[{"width":591,"height":591,"url":"https:\/\/dubaidatesnutrition.com\/wp-content\/uploads\/2025\/03\/gymbag1.png","type":"image\/png"}],"twitter_card":"summary_large_image","schema":{"@context":"https:\/\/schema.org","@graph":[{"@type":"WebPage","@id":"https:\/\/dubaidatesnutrition.com\/producto\/gym-bag","url":"https:\/\/dubaidatesnutrition.com\/producto\/gym-bag","name":"Turnbeutel - Dubai Dates Nutrition","isPartOf":{"@id":"https:\/\/dubaidatesnutrition.com\/#website"},"primaryImageOfPage":{"@id":"https:\/\/dubaidatesnutrition.com\/producto\/gym-bag#primaryimage"},"image":{"@id":"https:\/\/dubaidatesnutrition.com\/producto\/gym-bag#primaryimage"},"thumbnailUrl":"https:\/\/dubaidatesnutrition.com\/wp-content\/uploads\/2025\/03\/gymbag1.png","datePublished":"2025-03-27T13:28:17+00:00","breadcrumb":{"@id":"https:\/\/dubaidatesnutrition.com\/producto\/gym-bag#breadcrumb"},"inLanguage":"de","potentialAction":[{"@type":"ReadAction","target":["https:\/\/dubaidatesnutrition.com\/producto\/gym-bag"]}]},{"@type":"ImageObject","inLanguage":"de","@id":"https:\/\/dubaidatesnutrition.com\/producto\/gym-bag#primaryimage","url":"https:\/\/dubaidatesnutrition.com\/wp-content\/uploads\/2025\/03\/gymbag1.png","contentUrl":"https:\/\/dubaidatesnutrition.com\/wp-content\/uploads\/2025\/03\/gymbag1.png","width":591,"height":591},{"@type":"BreadcrumbList","@id":"https:\/\/dubaidatesnutrition.com\/producto\/gym-bag#breadcrumb","itemListElement":[{"@type":"ListItem","position":1,"name":"Portada","item":"https:\/\/dubaidatesnutrition.com\/"},{"@type":"ListItem","position":2,"name":"Tienda","item":"https:\/\/dubaidatesnutrition.com\/tienda"},{"@type":"ListItem","position":3,"name":"Turnbeutel"}]},{"@type":"WebSite","@id":"https:\/\/dubaidatesnutrition.com\/#website","url":"https:\/\/dubaidatesnutrition.com\/","name":"Dubai Dates Nutrition","description":"","potentialAction":[{"@type":"SearchAction","target":{"@type":"EntryPoint","urlTemplate":"https:\/\/dubaidatesnutrition.com\/?s={search_term_string}"},"query-input":{"@type":"PropertyValueSpecification","valueRequired":true,"valueName":"search_term_string"}}],"inLanguage":"de"}]}},"_links":{"self":[{"href":"https:\/\/dubaidatesnutrition.com\/de\/wp-json\/wp\/v2\/product\/2039","targetHints":{"allow":["GET"]}}],"collection":[{"href":"https:\/\/dubaidatesnutrition.com\/de\/wp-json\/wp\/v2\/product"}],"about":[{"href":"https:\/\/dubaidatesnutrition.com\/de\/wp-json\/wp\/v2\/types\/product"}],"replies":[{"embeddable":true,"href":"https:\/\/dubaidatesnutrition.com\/de\/wp-json\/wp\/v2\/comments?post=2039"}],"wp:featuredmedia":[{"embeddable":true,"href":"https:\/\/dubaidatesnutrition.com\/de\/wp-json\/wp\/v2\/media\/1697"}],"wp:attachment":[{"href":"https:\/\/dubaidatesnutrition.com\/de\/wp-json\/wp\/v2\/media?parent=2039"}],"wp:term":[{"taxonomy":"product_brand","embeddable":true,"href":"https:\/\/dubaidatesnutrition.com\/de\/wp-json\/wp\/v2\/product_brand?post=2039"},{"taxonomy":"product_cat","embeddable":true,"href":"https:\/\/dubaidatesnutrition.com\/de\/wp-json\/wp\/v2\/product_cat?post=2039"},{"taxonomy":"product_tag","embeddable":true,"href":"https:\/\/dubaidatesnutrition.com\/de\/wp-json\/wp\/v2\/product_tag?post=2039"}],"curies":[{"name":"wp","href":"https:\/\/api.w.org\/{rel}","templated":true}]}}