{"id":2268,"date":"2025-03-27T14:02:29","date_gmt":"2025-03-27T14:02:29","guid":{"rendered":"https:\/\/dubaidatesnutrition.com\/producto\/veganer-protein-riegel"},"modified":"2025-04-03T10:26:19","modified_gmt":"2025-04-03T10:26:19","slug":"veganer-protein-riegel","status":"publish","type":"product","link":"https:\/\/dubaidatesnutrition.com\/de\/producto\/veganer-protein-riegel","title":{"rendered":"Veganer Protein-Riegel"},"content":{"rendered":"","protected":false},"excerpt":{"rendered":"<p>Der vegane Proteinriegel von Dubai Dates ist ein n\u00e4hrstoffreicher Snack aus pflanzlichen Proteinen, darunter eine Mischung aus Soja-, Reis- und Erbsenproteinisolaten, die eine ausgewogene Proteinquelle darstellen. Umh\u00fcllt von dunklem Kakao ist dieser Riegel reich an wichtigen Vitaminen und Mineralien wie Kalzium, Vitamin C, Niacin und B-Vitaminen, was seinen N\u00e4hrwert erh\u00f6ht. Er ist reich an Ballaststoffen, L-Carnitin und einer Auswahl von 10 Vitaminen, die f\u00fcr Energie und allgemeines Wohlbefinden sorgen. Der Riegel ist gluten- und palm\u00f6lfrei und entspricht damit dem Clean-Label-Trend und den Ern\u00e4hrungsgewohnheiten.<\/p>\n","protected":false},"featured_media":2163,"comment_status":"open","ping_status":"closed","template":"","meta":{"_acf_changed":false,"_et_pb_use_builder":"","_et_pb_old_content":"","_et_gb_content_width":""},"product_brand":[],"product_cat":[146],"product_tag":[],"class_list":{"0":"post-2268","1":"product","2":"type-product","3":"status-publish","4":"has-post-thumbnail","6":"product_cat-veganos-de","8":"first","9":"outofstock","10":"taxable","11":"shipping-taxable","12":"purchasable","13":"product-type-simple"},"acf":[],"yoast_head":"<!-- This site is optimized with the Yoast SEO plugin v26.9 - https:\/\/yoast.com\/product\/yoast-seo-wordpress\/ -->\n<title>Veganer Protein-Riegel - Dubai Dates Nutrition<\/title>\n<meta name=\"robots\" content=\"index, follow, max-snippet:-1, max-image-preview:large, max-video-preview:-1\" \/>\n<link rel=\"canonical\" href=\"https:\/\/dubaidatesnutrition.com\/de\/producto\/veganer-protein-riegel\" \/>\n<meta property=\"og:locale\" content=\"de_DE\" \/>\n<meta property=\"og:type\" content=\"article\" \/>\n<meta property=\"og:title\" content=\"Veganer Protein-Riegel - Dubai Dates Nutrition\" \/>\n<meta property=\"og:description\" content=\"Der vegane Proteinriegel von Dubai Dates ist ein n\u00e4hrstoffreicher Snack aus pflanzlichen Proteinen, darunter eine Mischung aus Soja-, Reis- und Erbsenproteinisolaten, die eine ausgewogene Proteinquelle darstellen. Umh\u00fcllt von dunklem Kakao ist dieser Riegel reich an wichtigen Vitaminen und Mineralien wie Kalzium, Vitamin C, Niacin und B-Vitaminen, was seinen N\u00e4hrwert erh\u00f6ht. Er ist reich an Ballaststoffen, L-Carnitin und einer Auswahl von 10 Vitaminen, die f\u00fcr Energie und allgemeines Wohlbefinden sorgen. Der Riegel ist gluten- und palm\u00f6lfrei und entspricht damit dem Clean-Label-Trend und den Ern\u00e4hrungsgewohnheiten.\" \/>\n<meta property=\"og:url\" content=\"https:\/\/dubaidatesnutrition.com\/de\/producto\/veganer-protein-riegel\" \/>\n<meta property=\"og:site_name\" content=\"Dubai Dates Nutrition\" \/>\n<meta property=\"article:modified_time\" content=\"2025-04-03T10:26:19+00:00\" \/>\n<meta property=\"og:image\" content=\"https:\/\/dubaidatesnutrition.com\/wp-content\/uploads\/2025\/03\/73.png\" \/>\n\t<meta property=\"og:image:width\" content=\"1080\" \/>\n\t<meta property=\"og:image:height\" content=\"1350\" \/>\n\t<meta property=\"og:image:type\" content=\"image\/png\" \/>\n<meta name=\"twitter:card\" content=\"summary_large_image\" \/>\n<script type=\"application\/ld+json\" class=\"yoast-schema-graph\">{\"@context\":\"https:\/\/schema.org\",\"@graph\":[{\"@type\":\"WebPage\",\"@id\":\"https:\/\/dubaidatesnutrition.com\/de\/producto\/veganer-protein-riegel\",\"url\":\"https:\/\/dubaidatesnutrition.com\/de\/producto\/veganer-protein-riegel\",\"name\":\"Veganer Protein-Riegel - Dubai Dates Nutrition\",\"isPartOf\":{\"@id\":\"https:\/\/dubaidatesnutrition.com\/#website\"},\"primaryImageOfPage\":{\"@id\":\"https:\/\/dubaidatesnutrition.com\/de\/producto\/veganer-protein-riegel#primaryimage\"},\"image\":{\"@id\":\"https:\/\/dubaidatesnutrition.com\/de\/producto\/veganer-protein-riegel#primaryimage\"},\"thumbnailUrl\":\"https:\/\/dubaidatesnutrition.com\/wp-content\/uploads\/2025\/03\/73.png\",\"datePublished\":\"2025-03-27T14:02:29+00:00\",\"dateModified\":\"2025-04-03T10:26:19+00:00\",\"breadcrumb\":{\"@id\":\"https:\/\/dubaidatesnutrition.com\/de\/producto\/veganer-protein-riegel#breadcrumb\"},\"inLanguage\":\"de\",\"potentialAction\":[{\"@type\":\"ReadAction\",\"target\":[\"https:\/\/dubaidatesnutrition.com\/de\/producto\/veganer-protein-riegel\"]}]},{\"@type\":\"ImageObject\",\"inLanguage\":\"de\",\"@id\":\"https:\/\/dubaidatesnutrition.com\/de\/producto\/veganer-protein-riegel#primaryimage\",\"url\":\"https:\/\/dubaidatesnutrition.com\/wp-content\/uploads\/2025\/03\/73.png\",\"contentUrl\":\"https:\/\/dubaidatesnutrition.com\/wp-content\/uploads\/2025\/03\/73.png\",\"width\":1080,\"height\":1350},{\"@type\":\"BreadcrumbList\",\"@id\":\"https:\/\/dubaidatesnutrition.com\/de\/producto\/veganer-protein-riegel#breadcrumb\",\"itemListElement\":[{\"@type\":\"ListItem\",\"position\":1,\"name\":\"Portada\",\"item\":\"https:\/\/dubaidatesnutrition.com\/\"},{\"@type\":\"ListItem\",\"position\":2,\"name\":\"Tienda\",\"item\":\"https:\/\/dubaidatesnutrition.com\/tienda\"},{\"@type\":\"ListItem\",\"position\":3,\"name\":\"Veganer Protein-Riegel\"}]},{\"@type\":\"WebSite\",\"@id\":\"https:\/\/dubaidatesnutrition.com\/#website\",\"url\":\"https:\/\/dubaidatesnutrition.com\/\",\"name\":\"Dubai Dates Nutrition\",\"description\":\"\",\"potentialAction\":[{\"@type\":\"SearchAction\",\"target\":{\"@type\":\"EntryPoint\",\"urlTemplate\":\"https:\/\/dubaidatesnutrition.com\/?s={search_term_string}\"},\"query-input\":{\"@type\":\"PropertyValueSpecification\",\"valueRequired\":true,\"valueName\":\"search_term_string\"}}],\"inLanguage\":\"de\"}]}<\/script>\n<!-- \/ Yoast SEO plugin. -->","yoast_head_json":{"title":"Veganer Protein-Riegel - Dubai Dates Nutrition","robots":{"index":"index","follow":"follow","max-snippet":"max-snippet:-1","max-image-preview":"max-image-preview:large","max-video-preview":"max-video-preview:-1"},"canonical":"https:\/\/dubaidatesnutrition.com\/de\/producto\/veganer-protein-riegel","og_locale":"de_DE","og_type":"article","og_title":"Veganer Protein-Riegel - Dubai Dates Nutrition","og_description":"Der vegane Proteinriegel von Dubai Dates ist ein n\u00e4hrstoffreicher Snack aus pflanzlichen Proteinen, darunter eine Mischung aus Soja-, Reis- und Erbsenproteinisolaten, die eine ausgewogene Proteinquelle darstellen. Umh\u00fcllt von dunklem Kakao ist dieser Riegel reich an wichtigen Vitaminen und Mineralien wie Kalzium, Vitamin C, Niacin und B-Vitaminen, was seinen N\u00e4hrwert erh\u00f6ht. Er ist reich an Ballaststoffen, L-Carnitin und einer Auswahl von 10 Vitaminen, die f\u00fcr Energie und allgemeines Wohlbefinden sorgen. Der Riegel ist gluten- und palm\u00f6lfrei und entspricht damit dem Clean-Label-Trend und den Ern\u00e4hrungsgewohnheiten.","og_url":"https:\/\/dubaidatesnutrition.com\/de\/producto\/veganer-protein-riegel","og_site_name":"Dubai Dates Nutrition","article_modified_time":"2025-04-03T10:26:19+00:00","og_image":[{"width":1080,"height":1350,"url":"https:\/\/dubaidatesnutrition.com\/wp-content\/uploads\/2025\/03\/73.png","type":"image\/png"}],"twitter_card":"summary_large_image","schema":{"@context":"https:\/\/schema.org","@graph":[{"@type":"WebPage","@id":"https:\/\/dubaidatesnutrition.com\/de\/producto\/veganer-protein-riegel","url":"https:\/\/dubaidatesnutrition.com\/de\/producto\/veganer-protein-riegel","name":"Veganer Protein-Riegel - Dubai Dates Nutrition","isPartOf":{"@id":"https:\/\/dubaidatesnutrition.com\/#website"},"primaryImageOfPage":{"@id":"https:\/\/dubaidatesnutrition.com\/de\/producto\/veganer-protein-riegel#primaryimage"},"image":{"@id":"https:\/\/dubaidatesnutrition.com\/de\/producto\/veganer-protein-riegel#primaryimage"},"thumbnailUrl":"https:\/\/dubaidatesnutrition.com\/wp-content\/uploads\/2025\/03\/73.png","datePublished":"2025-03-27T14:02:29+00:00","dateModified":"2025-04-03T10:26:19+00:00","breadcrumb":{"@id":"https:\/\/dubaidatesnutrition.com\/de\/producto\/veganer-protein-riegel#breadcrumb"},"inLanguage":"de","potentialAction":[{"@type":"ReadAction","target":["https:\/\/dubaidatesnutrition.com\/de\/producto\/veganer-protein-riegel"]}]},{"@type":"ImageObject","inLanguage":"de","@id":"https:\/\/dubaidatesnutrition.com\/de\/producto\/veganer-protein-riegel#primaryimage","url":"https:\/\/dubaidatesnutrition.com\/wp-content\/uploads\/2025\/03\/73.png","contentUrl":"https:\/\/dubaidatesnutrition.com\/wp-content\/uploads\/2025\/03\/73.png","width":1080,"height":1350},{"@type":"BreadcrumbList","@id":"https:\/\/dubaidatesnutrition.com\/de\/producto\/veganer-protein-riegel#breadcrumb","itemListElement":[{"@type":"ListItem","position":1,"name":"Portada","item":"https:\/\/dubaidatesnutrition.com\/"},{"@type":"ListItem","position":2,"name":"Tienda","item":"https:\/\/dubaidatesnutrition.com\/tienda"},{"@type":"ListItem","position":3,"name":"Veganer Protein-Riegel"}]},{"@type":"WebSite","@id":"https:\/\/dubaidatesnutrition.com\/#website","url":"https:\/\/dubaidatesnutrition.com\/","name":"Dubai Dates Nutrition","description":"","potentialAction":[{"@type":"SearchAction","target":{"@type":"EntryPoint","urlTemplate":"https:\/\/dubaidatesnutrition.com\/?s={search_term_string}"},"query-input":{"@type":"PropertyValueSpecification","valueRequired":true,"valueName":"search_term_string"}}],"inLanguage":"de"}]}},"_links":{"self":[{"href":"https:\/\/dubaidatesnutrition.com\/de\/wp-json\/wp\/v2\/product\/2268","targetHints":{"allow":["GET"]}}],"collection":[{"href":"https:\/\/dubaidatesnutrition.com\/de\/wp-json\/wp\/v2\/product"}],"about":[{"href":"https:\/\/dubaidatesnutrition.com\/de\/wp-json\/wp\/v2\/types\/product"}],"replies":[{"embeddable":true,"href":"https:\/\/dubaidatesnutrition.com\/de\/wp-json\/wp\/v2\/comments?post=2268"}],"wp:featuredmedia":[{"embeddable":true,"href":"https:\/\/dubaidatesnutrition.com\/de\/wp-json\/wp\/v2\/media\/2163"}],"wp:attachment":[{"href":"https:\/\/dubaidatesnutrition.com\/de\/wp-json\/wp\/v2\/media?parent=2268"}],"wp:term":[{"taxonomy":"product_brand","embeddable":true,"href":"https:\/\/dubaidatesnutrition.com\/de\/wp-json\/wp\/v2\/product_brand?post=2268"},{"taxonomy":"product_cat","embeddable":true,"href":"https:\/\/dubaidatesnutrition.com\/de\/wp-json\/wp\/v2\/product_cat?post=2268"},{"taxonomy":"product_tag","embeddable":true,"href":"https:\/\/dubaidatesnutrition.com\/de\/wp-json\/wp\/v2\/product_tag?post=2268"}],"curies":[{"name":"wp","href":"https:\/\/api.w.org\/{rel}","templated":true}]}}