{"id":2276,"date":"2025-03-27T14:07:42","date_gmt":"2025-03-27T14:07:42","guid":{"rendered":"https:\/\/dubaidatesnutrition.com\/producto\/erdnussbutter"},"modified":"2025-04-03T10:25:02","modified_gmt":"2025-04-03T10:25:02","slug":"erdnussbutter","status":"publish","type":"product","link":"https:\/\/dubaidatesnutrition.com\/de\/producto\/erdnussbutter","title":{"rendered":"Erdnussbutter"},"content":{"rendered":"","protected":false},"excerpt":{"rendered":"<p><strong>ERDNUSS (100%)<\/strong><\/p>\n<p><strong>Hoher Proteingehalt:<\/strong> f\u00f6rdert das Muskelwachstum und die Muskelreparatur.<br \/>\n<strong>Herzgesunde Fette<\/strong>: Enth\u00e4lt Fette, die die kardiovaskul\u00e4re Gesundheit unterst\u00fctzen.<br \/>\n<strong>Energieschub<\/strong>: liefert lang anhaltende Energie f\u00fcr anstrengende Tage oder Trainingseinheiten.<br \/>\n<strong>Gewichtsmanagement<\/strong>: H\u00e4lt satt und hilft, den Appetit zu kontrollieren.<br \/>\n<strong>N\u00e4hrstoffreich<\/strong>: enth\u00e4lt viel Magnesium, Kalium, Vitamin E und B-Vitamine.<br \/>\n<strong>Antioxidantien<\/strong>: Sch\u00fctzt die Zellen mit Vitamin E und Resveratrol.<br \/>\n<strong>Gesundheit des Gehirns<\/strong>: Unterst\u00fctzt die kognitive Funktion mit gesunden Fetten und Niacin.<br \/>\n<strong>Ohne Zusatzstoffe<\/strong>: Ohne Zusatz von Zucker oder Palm\u00f6l: rein und nat\u00fcrlich. Erdnussbutter ist eine nahrhafte und s\u00e4ttigende Wahl, die zu einem aktiven Lebensstil anregt.<\/p>\n","protected":false},"featured_media":2154,"comment_status":"open","ping_status":"closed","template":"","meta":{"_acf_changed":false,"_et_pb_use_builder":"","_et_pb_old_content":"","_et_gb_content_width":""},"product_brand":[],"product_cat":[113,108],"product_tag":[],"class_list":{"0":"post-2276","1":"product","2":"type-product","3":"status-publish","4":"has-post-thumbnail","6":"product_cat-barras-y-snacks-proteicos-de","7":"product_cat-ganancia-de-musculo-de","9":"first","10":"outofstock","11":"taxable","12":"shipping-taxable","13":"purchasable","14":"product-type-simple"},"acf":[],"yoast_head":"<!-- This site is optimized with the Yoast SEO plugin v26.9 - https:\/\/yoast.com\/product\/yoast-seo-wordpress\/ -->\n<title>Erdnussbutter - Dubai Dates Nutrition<\/title>\n<meta name=\"robots\" content=\"index, follow, max-snippet:-1, max-image-preview:large, max-video-preview:-1\" \/>\n<link rel=\"canonical\" href=\"https:\/\/dubaidatesnutrition.com\/de\/producto\/erdnussbutter\" \/>\n<meta property=\"og:locale\" content=\"de_DE\" \/>\n<meta property=\"og:type\" content=\"article\" \/>\n<meta property=\"og:title\" content=\"Erdnussbutter - Dubai Dates Nutrition\" \/>\n<meta property=\"og:description\" content=\"ERDNUSS (100%)  Hoher Proteingehalt: f\u00f6rdert das Muskelwachstum und die Muskelreparatur. Herzgesunde Fette: Enth\u00e4lt Fette, die die kardiovaskul\u00e4re Gesundheit unterst\u00fctzen. Energieschub: liefert lang anhaltende Energie f\u00fcr anstrengende Tage oder Trainingseinheiten. Gewichtsmanagement: H\u00e4lt satt und hilft, den Appetit zu kontrollieren. N\u00e4hrstoffreich: enth\u00e4lt viel Magnesium, Kalium, Vitamin E und B-Vitamine. Antioxidantien: Sch\u00fctzt die Zellen mit Vitamin E und Resveratrol. Gesundheit des Gehirns: Unterst\u00fctzt die kognitive Funktion mit gesunden Fetten und Niacin. Ohne Zusatzstoffe: Ohne Zusatz von Zucker oder Palm\u00f6l: rein und nat\u00fcrlich. Erdnussbutter ist eine nahrhafte und s\u00e4ttigende Wahl, die zu einem aktiven Lebensstil anregt.\" \/>\n<meta property=\"og:url\" content=\"https:\/\/dubaidatesnutrition.com\/de\/producto\/erdnussbutter\" \/>\n<meta property=\"og:site_name\" content=\"Dubai Dates Nutrition\" \/>\n<meta property=\"article:modified_time\" content=\"2025-04-03T10:25:02+00:00\" \/>\n<meta property=\"og:image\" content=\"https:\/\/dubaidatesnutrition.com\/wp-content\/uploads\/2025\/03\/69.png\" \/>\n\t<meta property=\"og:image:width\" content=\"1080\" \/>\n\t<meta property=\"og:image:height\" content=\"1350\" \/>\n\t<meta property=\"og:image:type\" content=\"image\/png\" \/>\n<meta name=\"twitter:card\" content=\"summary_large_image\" \/>\n<script type=\"application\/ld+json\" class=\"yoast-schema-graph\">{\"@context\":\"https:\/\/schema.org\",\"@graph\":[{\"@type\":\"WebPage\",\"@id\":\"https:\/\/dubaidatesnutrition.com\/de\/producto\/erdnussbutter\",\"url\":\"https:\/\/dubaidatesnutrition.com\/de\/producto\/erdnussbutter\",\"name\":\"Erdnussbutter - Dubai Dates Nutrition\",\"isPartOf\":{\"@id\":\"https:\/\/dubaidatesnutrition.com\/#website\"},\"primaryImageOfPage\":{\"@id\":\"https:\/\/dubaidatesnutrition.com\/de\/producto\/erdnussbutter#primaryimage\"},\"image\":{\"@id\":\"https:\/\/dubaidatesnutrition.com\/de\/producto\/erdnussbutter#primaryimage\"},\"thumbnailUrl\":\"https:\/\/dubaidatesnutrition.com\/wp-content\/uploads\/2025\/03\/69.png\",\"datePublished\":\"2025-03-27T14:07:42+00:00\",\"dateModified\":\"2025-04-03T10:25:02+00:00\",\"breadcrumb\":{\"@id\":\"https:\/\/dubaidatesnutrition.com\/de\/producto\/erdnussbutter#breadcrumb\"},\"inLanguage\":\"de\",\"potentialAction\":[{\"@type\":\"ReadAction\",\"target\":[\"https:\/\/dubaidatesnutrition.com\/de\/producto\/erdnussbutter\"]}]},{\"@type\":\"ImageObject\",\"inLanguage\":\"de\",\"@id\":\"https:\/\/dubaidatesnutrition.com\/de\/producto\/erdnussbutter#primaryimage\",\"url\":\"https:\/\/dubaidatesnutrition.com\/wp-content\/uploads\/2025\/03\/69.png\",\"contentUrl\":\"https:\/\/dubaidatesnutrition.com\/wp-content\/uploads\/2025\/03\/69.png\",\"width\":1080,\"height\":1350},{\"@type\":\"BreadcrumbList\",\"@id\":\"https:\/\/dubaidatesnutrition.com\/de\/producto\/erdnussbutter#breadcrumb\",\"itemListElement\":[{\"@type\":\"ListItem\",\"position\":1,\"name\":\"Portada\",\"item\":\"https:\/\/dubaidatesnutrition.com\/\"},{\"@type\":\"ListItem\",\"position\":2,\"name\":\"Tienda\",\"item\":\"https:\/\/dubaidatesnutrition.com\/tienda\"},{\"@type\":\"ListItem\",\"position\":3,\"name\":\"Erdnussbutter\"}]},{\"@type\":\"WebSite\",\"@id\":\"https:\/\/dubaidatesnutrition.com\/#website\",\"url\":\"https:\/\/dubaidatesnutrition.com\/\",\"name\":\"Dubai Dates Nutrition\",\"description\":\"\",\"potentialAction\":[{\"@type\":\"SearchAction\",\"target\":{\"@type\":\"EntryPoint\",\"urlTemplate\":\"https:\/\/dubaidatesnutrition.com\/?s={search_term_string}\"},\"query-input\":{\"@type\":\"PropertyValueSpecification\",\"valueRequired\":true,\"valueName\":\"search_term_string\"}}],\"inLanguage\":\"de\"}]}<\/script>\n<!-- \/ Yoast SEO plugin. -->","yoast_head_json":{"title":"Erdnussbutter - Dubai Dates Nutrition","robots":{"index":"index","follow":"follow","max-snippet":"max-snippet:-1","max-image-preview":"max-image-preview:large","max-video-preview":"max-video-preview:-1"},"canonical":"https:\/\/dubaidatesnutrition.com\/de\/producto\/erdnussbutter","og_locale":"de_DE","og_type":"article","og_title":"Erdnussbutter - Dubai Dates Nutrition","og_description":"ERDNUSS (100%)  Hoher Proteingehalt: f\u00f6rdert das Muskelwachstum und die Muskelreparatur. Herzgesunde Fette: Enth\u00e4lt Fette, die die kardiovaskul\u00e4re Gesundheit unterst\u00fctzen. Energieschub: liefert lang anhaltende Energie f\u00fcr anstrengende Tage oder Trainingseinheiten. Gewichtsmanagement: H\u00e4lt satt und hilft, den Appetit zu kontrollieren. N\u00e4hrstoffreich: enth\u00e4lt viel Magnesium, Kalium, Vitamin E und B-Vitamine. Antioxidantien: Sch\u00fctzt die Zellen mit Vitamin E und Resveratrol. Gesundheit des Gehirns: Unterst\u00fctzt die kognitive Funktion mit gesunden Fetten und Niacin. Ohne Zusatzstoffe: Ohne Zusatz von Zucker oder Palm\u00f6l: rein und nat\u00fcrlich. Erdnussbutter ist eine nahrhafte und s\u00e4ttigende Wahl, die zu einem aktiven Lebensstil anregt.","og_url":"https:\/\/dubaidatesnutrition.com\/de\/producto\/erdnussbutter","og_site_name":"Dubai Dates Nutrition","article_modified_time":"2025-04-03T10:25:02+00:00","og_image":[{"width":1080,"height":1350,"url":"https:\/\/dubaidatesnutrition.com\/wp-content\/uploads\/2025\/03\/69.png","type":"image\/png"}],"twitter_card":"summary_large_image","schema":{"@context":"https:\/\/schema.org","@graph":[{"@type":"WebPage","@id":"https:\/\/dubaidatesnutrition.com\/de\/producto\/erdnussbutter","url":"https:\/\/dubaidatesnutrition.com\/de\/producto\/erdnussbutter","name":"Erdnussbutter - Dubai Dates Nutrition","isPartOf":{"@id":"https:\/\/dubaidatesnutrition.com\/#website"},"primaryImageOfPage":{"@id":"https:\/\/dubaidatesnutrition.com\/de\/producto\/erdnussbutter#primaryimage"},"image":{"@id":"https:\/\/dubaidatesnutrition.com\/de\/producto\/erdnussbutter#primaryimage"},"thumbnailUrl":"https:\/\/dubaidatesnutrition.com\/wp-content\/uploads\/2025\/03\/69.png","datePublished":"2025-03-27T14:07:42+00:00","dateModified":"2025-04-03T10:25:02+00:00","breadcrumb":{"@id":"https:\/\/dubaidatesnutrition.com\/de\/producto\/erdnussbutter#breadcrumb"},"inLanguage":"de","potentialAction":[{"@type":"ReadAction","target":["https:\/\/dubaidatesnutrition.com\/de\/producto\/erdnussbutter"]}]},{"@type":"ImageObject","inLanguage":"de","@id":"https:\/\/dubaidatesnutrition.com\/de\/producto\/erdnussbutter#primaryimage","url":"https:\/\/dubaidatesnutrition.com\/wp-content\/uploads\/2025\/03\/69.png","contentUrl":"https:\/\/dubaidatesnutrition.com\/wp-content\/uploads\/2025\/03\/69.png","width":1080,"height":1350},{"@type":"BreadcrumbList","@id":"https:\/\/dubaidatesnutrition.com\/de\/producto\/erdnussbutter#breadcrumb","itemListElement":[{"@type":"ListItem","position":1,"name":"Portada","item":"https:\/\/dubaidatesnutrition.com\/"},{"@type":"ListItem","position":2,"name":"Tienda","item":"https:\/\/dubaidatesnutrition.com\/tienda"},{"@type":"ListItem","position":3,"name":"Erdnussbutter"}]},{"@type":"WebSite","@id":"https:\/\/dubaidatesnutrition.com\/#website","url":"https:\/\/dubaidatesnutrition.com\/","name":"Dubai Dates Nutrition","description":"","potentialAction":[{"@type":"SearchAction","target":{"@type":"EntryPoint","urlTemplate":"https:\/\/dubaidatesnutrition.com\/?s={search_term_string}"},"query-input":{"@type":"PropertyValueSpecification","valueRequired":true,"valueName":"search_term_string"}}],"inLanguage":"de"}]}},"_links":{"self":[{"href":"https:\/\/dubaidatesnutrition.com\/de\/wp-json\/wp\/v2\/product\/2276","targetHints":{"allow":["GET"]}}],"collection":[{"href":"https:\/\/dubaidatesnutrition.com\/de\/wp-json\/wp\/v2\/product"}],"about":[{"href":"https:\/\/dubaidatesnutrition.com\/de\/wp-json\/wp\/v2\/types\/product"}],"replies":[{"embeddable":true,"href":"https:\/\/dubaidatesnutrition.com\/de\/wp-json\/wp\/v2\/comments?post=2276"}],"wp:featuredmedia":[{"embeddable":true,"href":"https:\/\/dubaidatesnutrition.com\/de\/wp-json\/wp\/v2\/media\/2154"}],"wp:attachment":[{"href":"https:\/\/dubaidatesnutrition.com\/de\/wp-json\/wp\/v2\/media?parent=2276"}],"wp:term":[{"taxonomy":"product_brand","embeddable":true,"href":"https:\/\/dubaidatesnutrition.com\/de\/wp-json\/wp\/v2\/product_brand?post=2276"},{"taxonomy":"product_cat","embeddable":true,"href":"https:\/\/dubaidatesnutrition.com\/de\/wp-json\/wp\/v2\/product_cat?post=2276"},{"taxonomy":"product_tag","embeddable":true,"href":"https:\/\/dubaidatesnutrition.com\/de\/wp-json\/wp\/v2\/product_tag?post=2276"}],"curies":[{"name":"wp","href":"https:\/\/api.w.org\/{rel}","templated":true}]}}