{"id":2286,"date":"2025-03-27T13:57:18","date_gmt":"2025-03-27T13:57:18","guid":{"rendered":"https:\/\/dubaidatesnutrition.com\/producto\/glutamine-500gr"},"modified":"2025-03-27T13:57:18","modified_gmt":"2025-03-27T13:57:18","slug":"glutamine-500gr","status":"publish","type":"product","link":"https:\/\/dubaidatesnutrition.com\/de\/producto\/glutamine-500gr","title":{"rendered":"Glutamine 500gr"},"content":{"rendered":"","protected":false},"excerpt":{"rendered":"<p>Bei Dubai Dates haben wir uns f\u00fcr hochreines Glutamin entschieden. Wir f\u00fcgen einen milden Zitronengeschmack hinzu, um die Einnahme angenehm und effektiv bei M\u00fcdigkeit zu gestalten.<\/p>\n<p>Und das alles, ohne den Gehalt an Kohlenhydraten und Zucker zu erh\u00f6hen.<\/p>\n","protected":false},"featured_media":1737,"comment_status":"open","ping_status":"closed","template":"","meta":{"_acf_changed":false,"_et_pb_use_builder":"","_et_pb_old_content":"","_et_gb_content_width":""},"product_brand":[],"product_cat":[108,107],"product_tag":[],"class_list":{"0":"post-2286","1":"product","2":"type-product","3":"status-publish","4":"has-post-thumbnail","6":"product_cat-ganancia-de-musculo-de","7":"product_cat-suplementos-de-refuerzo-de","9":"first","10":"instock","11":"taxable","12":"shipping-taxable","13":"purchasable","14":"product-type-simple"},"acf":[],"yoast_head":"<!-- This site is optimized with the Yoast SEO plugin v26.9 - https:\/\/yoast.com\/product\/yoast-seo-wordpress\/ -->\n<title>Glutamine 500gr - Dubai Dates Nutrition<\/title>\n<meta name=\"robots\" content=\"index, follow, max-snippet:-1, max-image-preview:large, max-video-preview:-1\" \/>\n<link rel=\"canonical\" href=\"https:\/\/dubaidatesnutrition.com\/de\/producto\/glutamine-500gr\" \/>\n<meta property=\"og:locale\" content=\"de_DE\" \/>\n<meta property=\"og:type\" content=\"article\" \/>\n<meta property=\"og:title\" content=\"Glutamine 500gr - Dubai Dates Nutrition\" \/>\n<meta property=\"og:description\" content=\"Bei Dubai Dates haben wir uns f\u00fcr hochreines Glutamin entschieden. Wir f\u00fcgen einen milden Zitronengeschmack hinzu, um die Einnahme angenehm und effektiv bei M\u00fcdigkeit zu gestalten. Und das alles, ohne den Gehalt an Kohlenhydraten und Zucker zu erh\u00f6hen.\" \/>\n<meta property=\"og:url\" content=\"https:\/\/dubaidatesnutrition.com\/de\/producto\/glutamine-500gr\" \/>\n<meta property=\"og:site_name\" content=\"Dubai Dates Nutrition\" \/>\n<meta property=\"og:image\" content=\"https:\/\/dubaidatesnutrition.com\/wp-content\/uploads\/2025\/03\/glutamine1.png\" \/>\n\t<meta property=\"og:image:width\" content=\"591\" \/>\n\t<meta property=\"og:image:height\" content=\"591\" \/>\n\t<meta property=\"og:image:type\" content=\"image\/png\" \/>\n<meta name=\"twitter:card\" content=\"summary_large_image\" \/>\n<script type=\"application\/ld+json\" class=\"yoast-schema-graph\">{\"@context\":\"https:\/\/schema.org\",\"@graph\":[{\"@type\":\"WebPage\",\"@id\":\"https:\/\/dubaidatesnutrition.com\/de\/producto\/glutamine-500gr\",\"url\":\"https:\/\/dubaidatesnutrition.com\/de\/producto\/glutamine-500gr\",\"name\":\"Glutamine 500gr - Dubai Dates Nutrition\",\"isPartOf\":{\"@id\":\"https:\/\/dubaidatesnutrition.com\/#website\"},\"primaryImageOfPage\":{\"@id\":\"https:\/\/dubaidatesnutrition.com\/de\/producto\/glutamine-500gr#primaryimage\"},\"image\":{\"@id\":\"https:\/\/dubaidatesnutrition.com\/de\/producto\/glutamine-500gr#primaryimage\"},\"thumbnailUrl\":\"https:\/\/dubaidatesnutrition.com\/wp-content\/uploads\/2025\/03\/glutamine1.png\",\"datePublished\":\"2025-03-27T13:57:18+00:00\",\"breadcrumb\":{\"@id\":\"https:\/\/dubaidatesnutrition.com\/de\/producto\/glutamine-500gr#breadcrumb\"},\"inLanguage\":\"de\",\"potentialAction\":[{\"@type\":\"ReadAction\",\"target\":[\"https:\/\/dubaidatesnutrition.com\/de\/producto\/glutamine-500gr\"]}]},{\"@type\":\"ImageObject\",\"inLanguage\":\"de\",\"@id\":\"https:\/\/dubaidatesnutrition.com\/de\/producto\/glutamine-500gr#primaryimage\",\"url\":\"https:\/\/dubaidatesnutrition.com\/wp-content\/uploads\/2025\/03\/glutamine1.png\",\"contentUrl\":\"https:\/\/dubaidatesnutrition.com\/wp-content\/uploads\/2025\/03\/glutamine1.png\",\"width\":591,\"height\":591},{\"@type\":\"BreadcrumbList\",\"@id\":\"https:\/\/dubaidatesnutrition.com\/de\/producto\/glutamine-500gr#breadcrumb\",\"itemListElement\":[{\"@type\":\"ListItem\",\"position\":1,\"name\":\"Portada\",\"item\":\"https:\/\/dubaidatesnutrition.com\/\"},{\"@type\":\"ListItem\",\"position\":2,\"name\":\"Tienda\",\"item\":\"https:\/\/dubaidatesnutrition.com\/tienda\"},{\"@type\":\"ListItem\",\"position\":3,\"name\":\"Glutamine 500gr\"}]},{\"@type\":\"WebSite\",\"@id\":\"https:\/\/dubaidatesnutrition.com\/#website\",\"url\":\"https:\/\/dubaidatesnutrition.com\/\",\"name\":\"Dubai Dates Nutrition\",\"description\":\"\",\"potentialAction\":[{\"@type\":\"SearchAction\",\"target\":{\"@type\":\"EntryPoint\",\"urlTemplate\":\"https:\/\/dubaidatesnutrition.com\/?s={search_term_string}\"},\"query-input\":{\"@type\":\"PropertyValueSpecification\",\"valueRequired\":true,\"valueName\":\"search_term_string\"}}],\"inLanguage\":\"de\"}]}<\/script>\n<!-- \/ Yoast SEO plugin. -->","yoast_head_json":{"title":"Glutamine 500gr - Dubai Dates Nutrition","robots":{"index":"index","follow":"follow","max-snippet":"max-snippet:-1","max-image-preview":"max-image-preview:large","max-video-preview":"max-video-preview:-1"},"canonical":"https:\/\/dubaidatesnutrition.com\/de\/producto\/glutamine-500gr","og_locale":"de_DE","og_type":"article","og_title":"Glutamine 500gr - Dubai Dates Nutrition","og_description":"Bei Dubai Dates haben wir uns f\u00fcr hochreines Glutamin entschieden. Wir f\u00fcgen einen milden Zitronengeschmack hinzu, um die Einnahme angenehm und effektiv bei M\u00fcdigkeit zu gestalten. Und das alles, ohne den Gehalt an Kohlenhydraten und Zucker zu erh\u00f6hen.","og_url":"https:\/\/dubaidatesnutrition.com\/de\/producto\/glutamine-500gr","og_site_name":"Dubai Dates Nutrition","og_image":[{"width":591,"height":591,"url":"https:\/\/dubaidatesnutrition.com\/wp-content\/uploads\/2025\/03\/glutamine1.png","type":"image\/png"}],"twitter_card":"summary_large_image","schema":{"@context":"https:\/\/schema.org","@graph":[{"@type":"WebPage","@id":"https:\/\/dubaidatesnutrition.com\/de\/producto\/glutamine-500gr","url":"https:\/\/dubaidatesnutrition.com\/de\/producto\/glutamine-500gr","name":"Glutamine 500gr - Dubai Dates Nutrition","isPartOf":{"@id":"https:\/\/dubaidatesnutrition.com\/#website"},"primaryImageOfPage":{"@id":"https:\/\/dubaidatesnutrition.com\/de\/producto\/glutamine-500gr#primaryimage"},"image":{"@id":"https:\/\/dubaidatesnutrition.com\/de\/producto\/glutamine-500gr#primaryimage"},"thumbnailUrl":"https:\/\/dubaidatesnutrition.com\/wp-content\/uploads\/2025\/03\/glutamine1.png","datePublished":"2025-03-27T13:57:18+00:00","breadcrumb":{"@id":"https:\/\/dubaidatesnutrition.com\/de\/producto\/glutamine-500gr#breadcrumb"},"inLanguage":"de","potentialAction":[{"@type":"ReadAction","target":["https:\/\/dubaidatesnutrition.com\/de\/producto\/glutamine-500gr"]}]},{"@type":"ImageObject","inLanguage":"de","@id":"https:\/\/dubaidatesnutrition.com\/de\/producto\/glutamine-500gr#primaryimage","url":"https:\/\/dubaidatesnutrition.com\/wp-content\/uploads\/2025\/03\/glutamine1.png","contentUrl":"https:\/\/dubaidatesnutrition.com\/wp-content\/uploads\/2025\/03\/glutamine1.png","width":591,"height":591},{"@type":"BreadcrumbList","@id":"https:\/\/dubaidatesnutrition.com\/de\/producto\/glutamine-500gr#breadcrumb","itemListElement":[{"@type":"ListItem","position":1,"name":"Portada","item":"https:\/\/dubaidatesnutrition.com\/"},{"@type":"ListItem","position":2,"name":"Tienda","item":"https:\/\/dubaidatesnutrition.com\/tienda"},{"@type":"ListItem","position":3,"name":"Glutamine 500gr"}]},{"@type":"WebSite","@id":"https:\/\/dubaidatesnutrition.com\/#website","url":"https:\/\/dubaidatesnutrition.com\/","name":"Dubai Dates Nutrition","description":"","potentialAction":[{"@type":"SearchAction","target":{"@type":"EntryPoint","urlTemplate":"https:\/\/dubaidatesnutrition.com\/?s={search_term_string}"},"query-input":{"@type":"PropertyValueSpecification","valueRequired":true,"valueName":"search_term_string"}}],"inLanguage":"de"}]}},"_links":{"self":[{"href":"https:\/\/dubaidatesnutrition.com\/de\/wp-json\/wp\/v2\/product\/2286","targetHints":{"allow":["GET"]}}],"collection":[{"href":"https:\/\/dubaidatesnutrition.com\/de\/wp-json\/wp\/v2\/product"}],"about":[{"href":"https:\/\/dubaidatesnutrition.com\/de\/wp-json\/wp\/v2\/types\/product"}],"replies":[{"embeddable":true,"href":"https:\/\/dubaidatesnutrition.com\/de\/wp-json\/wp\/v2\/comments?post=2286"}],"wp:featuredmedia":[{"embeddable":true,"href":"https:\/\/dubaidatesnutrition.com\/de\/wp-json\/wp\/v2\/media\/1737"}],"wp:attachment":[{"href":"https:\/\/dubaidatesnutrition.com\/de\/wp-json\/wp\/v2\/media?parent=2286"}],"wp:term":[{"taxonomy":"product_brand","embeddable":true,"href":"https:\/\/dubaidatesnutrition.com\/de\/wp-json\/wp\/v2\/product_brand?post=2286"},{"taxonomy":"product_cat","embeddable":true,"href":"https:\/\/dubaidatesnutrition.com\/de\/wp-json\/wp\/v2\/product_cat?post=2286"},{"taxonomy":"product_tag","embeddable":true,"href":"https:\/\/dubaidatesnutrition.com\/de\/wp-json\/wp\/v2\/product_tag?post=2286"}],"curies":[{"name":"wp","href":"https:\/\/api.w.org\/{rel}","templated":true}]}}