{"id":2757,"date":"2025-10-01T13:45:55","date_gmt":"2025-10-01T13:45:55","guid":{"rendered":"https:\/\/dubaidatesnutrition.com\/producto\/fatburner"},"modified":"2025-10-01T13:50:44","modified_gmt":"2025-10-01T13:50:44","slug":"fatburner","status":"publish","type":"product","link":"https:\/\/dubaidatesnutrition.com\/de\/producto\/fatburner","title":{"rendered":"Fatburner"},"content":{"rendered":"","protected":false},"excerpt":{"rendered":"<p>Es erm\u00f6glicht die Reduzierung von Fettablagerungen dank einer starken thermogenen und lipotropen Formel. Seine lipotropen Bestandteile mobilisieren Fette und erleichtern deren Beseitigung, w\u00e4hrend seine thermogenen Inhaltsstoffe mit stimulierender Wirkung die Verbrennung von Fetten beschleunigen.<\/p>\n<p><strong>Unsere Formel aus wissenschaftlich gepr\u00fcften Komponenten:<\/strong><br \/>\nCitrus Aurantium<br \/>\nGarcinia Cambogia<br \/>\nL-Carnitina Tr\u00e1tate<br \/>\nCafe\u00edna<br \/>\nTaurina<\/p>\n","protected":false},"featured_media":2755,"comment_status":"open","ping_status":"closed","template":"","meta":{"_acf_changed":false,"_et_pb_use_builder":"","_et_pb_old_content":"","_et_gb_content_width":""},"product_brand":[],"product_cat":[157],"product_tag":[],"class_list":{"0":"post-2757","1":"product","2":"type-product","3":"status-publish","4":"has-post-thumbnail","6":"product_cat-gewichtsverlust","8":"first","9":"instock","10":"taxable","11":"shipping-taxable","12":"purchasable","13":"product-type-simple"},"acf":[],"yoast_head":"<!-- This site is optimized with the Yoast SEO plugin v26.9 - https:\/\/yoast.com\/product\/yoast-seo-wordpress\/ -->\n<title>Fatburner - Dubai Dates Nutrition<\/title>\n<meta name=\"robots\" content=\"index, follow, max-snippet:-1, max-image-preview:large, max-video-preview:-1\" \/>\n<link rel=\"canonical\" href=\"https:\/\/dubaidatesnutrition.com\/producto\/fat-burner\" \/>\n<meta property=\"og:locale\" content=\"de_DE\" \/>\n<meta property=\"og:type\" content=\"article\" \/>\n<meta property=\"og:title\" content=\"Fatburner - Dubai Dates Nutrition\" \/>\n<meta property=\"og:description\" content=\"Es erm\u00f6glicht die Reduzierung von Fettablagerungen dank einer starken thermogenen und lipotropen Formel. Seine lipotropen Bestandteile mobilisieren Fette und erleichtern deren Beseitigung, w\u00e4hrend seine thermogenen Inhaltsstoffe mit stimulierender Wirkung die Verbrennung von Fetten beschleunigen.  Unsere Formel aus wissenschaftlich gepr\u00fcften Komponenten: Citrus Aurantium Garcinia Cambogia L-Carnitina Tr\u00e1tate Cafe\u00edna Taurina\" \/>\n<meta property=\"og:url\" content=\"https:\/\/dubaidatesnutrition.com\/producto\/fat-burner\" \/>\n<meta property=\"og:site_name\" content=\"Dubai Dates Nutrition\" \/>\n<meta property=\"article:modified_time\" content=\"2025-10-01T13:50:44+00:00\" \/>\n<meta property=\"og:image\" content=\"https:\/\/dubaidatesnutrition.com\/wp-content\/uploads\/2025\/10\/IMG_8393.jpg\" \/>\n\t<meta property=\"og:image:width\" content=\"1066\" \/>\n\t<meta property=\"og:image:height\" content=\"1600\" \/>\n\t<meta property=\"og:image:type\" content=\"image\/jpeg\" \/>\n<meta name=\"twitter:card\" content=\"summary_large_image\" \/>\n<meta name=\"twitter:label1\" content=\"Gesch\u00e4tzte Lesezeit\" \/>\n\t<meta name=\"twitter:data1\" content=\"1\u00a0Minute\" \/>\n<script type=\"application\/ld+json\" class=\"yoast-schema-graph\">{\"@context\":\"https:\/\/schema.org\",\"@graph\":[{\"@type\":\"WebPage\",\"@id\":\"https:\/\/dubaidatesnutrition.com\/producto\/fat-burner\",\"url\":\"https:\/\/dubaidatesnutrition.com\/producto\/fat-burner\",\"name\":\"Fatburner - Dubai Dates Nutrition\",\"isPartOf\":{\"@id\":\"https:\/\/dubaidatesnutrition.com\/#website\"},\"primaryImageOfPage\":{\"@id\":\"https:\/\/dubaidatesnutrition.com\/producto\/fat-burner#primaryimage\"},\"image\":{\"@id\":\"https:\/\/dubaidatesnutrition.com\/producto\/fat-burner#primaryimage\"},\"thumbnailUrl\":\"https:\/\/dubaidatesnutrition.com\/wp-content\/uploads\/2025\/10\/IMG_8393.jpg\",\"datePublished\":\"2025-10-01T13:45:55+00:00\",\"dateModified\":\"2025-10-01T13:50:44+00:00\",\"breadcrumb\":{\"@id\":\"https:\/\/dubaidatesnutrition.com\/producto\/fat-burner#breadcrumb\"},\"inLanguage\":\"de\",\"potentialAction\":[{\"@type\":\"ReadAction\",\"target\":[\"https:\/\/dubaidatesnutrition.com\/producto\/fat-burner\"]}]},{\"@type\":\"ImageObject\",\"inLanguage\":\"de\",\"@id\":\"https:\/\/dubaidatesnutrition.com\/producto\/fat-burner#primaryimage\",\"url\":\"https:\/\/dubaidatesnutrition.com\/wp-content\/uploads\/2025\/10\/IMG_8393.jpg\",\"contentUrl\":\"https:\/\/dubaidatesnutrition.com\/wp-content\/uploads\/2025\/10\/IMG_8393.jpg\",\"width\":1066,\"height\":1600},{\"@type\":\"BreadcrumbList\",\"@id\":\"https:\/\/dubaidatesnutrition.com\/producto\/fat-burner#breadcrumb\",\"itemListElement\":[{\"@type\":\"ListItem\",\"position\":1,\"name\":\"Portada\",\"item\":\"https:\/\/dubaidatesnutrition.com\/\"},{\"@type\":\"ListItem\",\"position\":2,\"name\":\"Tienda\",\"item\":\"https:\/\/dubaidatesnutrition.com\/tienda\"},{\"@type\":\"ListItem\",\"position\":3,\"name\":\"Fatburner\"}]},{\"@type\":\"WebSite\",\"@id\":\"https:\/\/dubaidatesnutrition.com\/#website\",\"url\":\"https:\/\/dubaidatesnutrition.com\/\",\"name\":\"Dubai Dates Nutrition\",\"description\":\"\",\"potentialAction\":[{\"@type\":\"SearchAction\",\"target\":{\"@type\":\"EntryPoint\",\"urlTemplate\":\"https:\/\/dubaidatesnutrition.com\/?s={search_term_string}\"},\"query-input\":{\"@type\":\"PropertyValueSpecification\",\"valueRequired\":true,\"valueName\":\"search_term_string\"}}],\"inLanguage\":\"de\"}]}<\/script>\n<!-- \/ Yoast SEO plugin. -->","yoast_head_json":{"title":"Fatburner - Dubai Dates Nutrition","robots":{"index":"index","follow":"follow","max-snippet":"max-snippet:-1","max-image-preview":"max-image-preview:large","max-video-preview":"max-video-preview:-1"},"canonical":"https:\/\/dubaidatesnutrition.com\/producto\/fat-burner","og_locale":"de_DE","og_type":"article","og_title":"Fatburner - Dubai Dates Nutrition","og_description":"Es erm\u00f6glicht die Reduzierung von Fettablagerungen dank einer starken thermogenen und lipotropen Formel. Seine lipotropen Bestandteile mobilisieren Fette und erleichtern deren Beseitigung, w\u00e4hrend seine thermogenen Inhaltsstoffe mit stimulierender Wirkung die Verbrennung von Fetten beschleunigen.  Unsere Formel aus wissenschaftlich gepr\u00fcften Komponenten: Citrus Aurantium Garcinia Cambogia L-Carnitina Tr\u00e1tate Cafe\u00edna Taurina","og_url":"https:\/\/dubaidatesnutrition.com\/producto\/fat-burner","og_site_name":"Dubai Dates Nutrition","article_modified_time":"2025-10-01T13:50:44+00:00","og_image":[{"width":1066,"height":1600,"url":"https:\/\/dubaidatesnutrition.com\/wp-content\/uploads\/2025\/10\/IMG_8393.jpg","type":"image\/jpeg"}],"twitter_card":"summary_large_image","twitter_misc":{"Gesch\u00e4tzte Lesezeit":"1\u00a0Minute"},"schema":{"@context":"https:\/\/schema.org","@graph":[{"@type":"WebPage","@id":"https:\/\/dubaidatesnutrition.com\/producto\/fat-burner","url":"https:\/\/dubaidatesnutrition.com\/producto\/fat-burner","name":"Fatburner - Dubai Dates Nutrition","isPartOf":{"@id":"https:\/\/dubaidatesnutrition.com\/#website"},"primaryImageOfPage":{"@id":"https:\/\/dubaidatesnutrition.com\/producto\/fat-burner#primaryimage"},"image":{"@id":"https:\/\/dubaidatesnutrition.com\/producto\/fat-burner#primaryimage"},"thumbnailUrl":"https:\/\/dubaidatesnutrition.com\/wp-content\/uploads\/2025\/10\/IMG_8393.jpg","datePublished":"2025-10-01T13:45:55+00:00","dateModified":"2025-10-01T13:50:44+00:00","breadcrumb":{"@id":"https:\/\/dubaidatesnutrition.com\/producto\/fat-burner#breadcrumb"},"inLanguage":"de","potentialAction":[{"@type":"ReadAction","target":["https:\/\/dubaidatesnutrition.com\/producto\/fat-burner"]}]},{"@type":"ImageObject","inLanguage":"de","@id":"https:\/\/dubaidatesnutrition.com\/producto\/fat-burner#primaryimage","url":"https:\/\/dubaidatesnutrition.com\/wp-content\/uploads\/2025\/10\/IMG_8393.jpg","contentUrl":"https:\/\/dubaidatesnutrition.com\/wp-content\/uploads\/2025\/10\/IMG_8393.jpg","width":1066,"height":1600},{"@type":"BreadcrumbList","@id":"https:\/\/dubaidatesnutrition.com\/producto\/fat-burner#breadcrumb","itemListElement":[{"@type":"ListItem","position":1,"name":"Portada","item":"https:\/\/dubaidatesnutrition.com\/"},{"@type":"ListItem","position":2,"name":"Tienda","item":"https:\/\/dubaidatesnutrition.com\/tienda"},{"@type":"ListItem","position":3,"name":"Fatburner"}]},{"@type":"WebSite","@id":"https:\/\/dubaidatesnutrition.com\/#website","url":"https:\/\/dubaidatesnutrition.com\/","name":"Dubai Dates Nutrition","description":"","potentialAction":[{"@type":"SearchAction","target":{"@type":"EntryPoint","urlTemplate":"https:\/\/dubaidatesnutrition.com\/?s={search_term_string}"},"query-input":{"@type":"PropertyValueSpecification","valueRequired":true,"valueName":"search_term_string"}}],"inLanguage":"de"}]}},"_links":{"self":[{"href":"https:\/\/dubaidatesnutrition.com\/de\/wp-json\/wp\/v2\/product\/2757","targetHints":{"allow":["GET"]}}],"collection":[{"href":"https:\/\/dubaidatesnutrition.com\/de\/wp-json\/wp\/v2\/product"}],"about":[{"href":"https:\/\/dubaidatesnutrition.com\/de\/wp-json\/wp\/v2\/types\/product"}],"replies":[{"embeddable":true,"href":"https:\/\/dubaidatesnutrition.com\/de\/wp-json\/wp\/v2\/comments?post=2757"}],"wp:featuredmedia":[{"embeddable":true,"href":"https:\/\/dubaidatesnutrition.com\/de\/wp-json\/wp\/v2\/media\/2755"}],"wp:attachment":[{"href":"https:\/\/dubaidatesnutrition.com\/de\/wp-json\/wp\/v2\/media?parent=2757"}],"wp:term":[{"taxonomy":"product_brand","embeddable":true,"href":"https:\/\/dubaidatesnutrition.com\/de\/wp-json\/wp\/v2\/product_brand?post=2757"},{"taxonomy":"product_cat","embeddable":true,"href":"https:\/\/dubaidatesnutrition.com\/de\/wp-json\/wp\/v2\/product_cat?post=2757"},{"taxonomy":"product_tag","embeddable":true,"href":"https:\/\/dubaidatesnutrition.com\/de\/wp-json\/wp\/v2\/product_tag?post=2757"}],"curies":[{"name":"wp","href":"https:\/\/api.w.org\/{rel}","templated":true}]}}