{"id":1470,"date":"2025-03-27T10:42:55","date_gmt":"2025-03-27T10:42:55","guid":{"rendered":"https:\/\/dubaidatesnutrition.com\/salute-e-cura-di-se"},"modified":"2025-07-17T08:02:41","modified_gmt":"2025-07-17T08:02:41","slug":"salute-e-cura-di-se","status":"publish","type":"page","link":"https:\/\/dubaidatesnutrition.com\/it\/obiettivi\/salute-e-cura-di-se","title":{"rendered":"Salute e cura di s\u00e9"},"content":{"rendered":"<p>[et_pb_section fb_built=&#8221;1&#8243; disabled_on=&#8221;on|on|off&#8221; _builder_version=&#8221;4.27.4&#8243; _module_preset=&#8221;default&#8221; custom_padding=&#8221;0%||0.2%||false|false&#8221; global_colors_info=&#8221;{}&#8221;][et_pb_row column_structure=&#8221;1_3,1_3,1_3&#8243; use_custom_gutter=&#8221;on&#8221; gutter_width=&#8221;1&#8243; _builder_version=&#8221;4.27.4&#8243; _module_preset=&#8221;default&#8221; width=&#8221;100%&#8221; max_width=&#8221;100%&#8221; custom_padding=&#8221;0px||0px||true|true&#8221; global_colors_info=&#8221;{}&#8221;][et_pb_column type=&#8221;1_3&#8243; _builder_version=&#8221;4.27.0&#8243; _module_preset=&#8221;default&#8221; custom_css_main_element=&#8221;display:flex !important;||justify-content: center !important;||align-items: center !important;&#8221; global_colors_info=&#8221;{}&#8221;][et_pb_blurb title=&#8221;Perdita di peso&#8221; url=&#8221;@ET-DC@eyJkeW5hbWljIjp0cnVlLCJjb250ZW50IjoicG9zdF9saW5rX3VybF9wYWdlIiwic2V0dGluZ3MiOnsicG9zdF9pZCI6IjQ3NyJ9fQ==@&#8221; image=&#8221;https:\/\/dubaidatesnutrition.com\/wp-content\/uploads\/2024\/10\/saludable-4.png&#8221; image_icon_width=&#8221;15%&#8221; _builder_version=&#8221;4.27.4&#8243; _dynamic_attributes=&#8221;url,link_option_url&#8221; _module_preset=&#8221;default&#8221; header_font=&#8221;uninanova regular|300|||||||&#8221; header_text_align=&#8221;center&#8221; header_text_color=&#8221;#2B2B2B&#8221; header_font_size=&#8221;16px&#8221; background_color=&#8221;RGBA(255,255,255,0)&#8221; width=&#8221;100%&#8221; module_alignment=&#8221;right&#8221; link_option_url=&#8221;@ET-DC@eyJkeW5hbWljIjp0cnVlLCJjb250ZW50IjoicG9zdF9saW5rX3VybF9wYWdlIiwic2V0dGluZ3MiOnsicG9zdF9pZCI6IjQ3NyJ9fQ==@&#8221; custom_css_blurb_title=&#8221;margin-top:-5% !important;&#8221; border_color_all=&#8221;#bababa&#8221; global_colors_info=&#8221;{}&#8221; border_color_all__hover_enabled=&#8221;on|hover&#8221; border_color_all__hover=&#8221;#2b2b2b&#8221;][\/et_pb_blurb][\/et_pb_column][et_pb_column type=&#8221;1_3&#8243; _builder_version=&#8221;4.27.0&#8243; _module_preset=&#8221;default&#8221; custom_css_main_element=&#8221;display:flex !important;||justify-content: center !important;||align-items: center !important;&#8221; global_colors_info=&#8221;{}&#8221;][et_pb_blurb title=&#8221;Guadagno muscolare&#8221; url=&#8221;@ET-DC@eyJkeW5hbWljIjp0cnVlLCJjb250ZW50IjoicG9zdF9saW5rX3VybF9wYWdlIiwic2V0dGluZ3MiOnsicG9zdF9pZCI6IjQ3OSJ9fQ==@&#8221; image=&#8221;https:\/\/dubaidatesnutrition.com\/wp-content\/uploads\/2024\/10\/saludable-2.png&#8221; image_icon_width=&#8221;15%&#8221; _builder_version=&#8221;4.27.4&#8243; _dynamic_attributes=&#8221;url,link_option_url&#8221; _module_preset=&#8221;default&#8221; header_font=&#8221;uninanova regular|300|||||||&#8221; header_text_align=&#8221;center&#8221; header_text_color=&#8221;#000000&#8243; header_font_size=&#8221;16px&#8221; background_color=&#8221;#FFFFFF&#8221; width=&#8221;100%&#8221; link_option_url=&#8221;@ET-DC@eyJkeW5hbWljIjp0cnVlLCJjb250ZW50IjoicG9zdF9saW5rX3VybF9wYWdlIiwic2V0dGluZ3MiOnsicG9zdF9pZCI6IjQ3OSJ9fQ==@&#8221; custom_css_blurb_title=&#8221;margin-top:-5% !important;&#8221; border_radii=&#8221;on|10px|10px|10px|10px&#8221; global_colors_info=&#8221;{}&#8221;][\/et_pb_blurb][\/et_pb_column][et_pb_column type=&#8221;1_3&#8243; _builder_version=&#8221;4.27.0&#8243; _module_preset=&#8221;default&#8221; custom_css_main_element=&#8221;display:flex !important;||justify-content: center !important;||align-items: center !important;&#8221; global_colors_info=&#8221;{}&#8221;][et_pb_blurb title=&#8221;Salute e cura di s\u00e9&#8221; url=&#8221;@ET-DC@eyJkeW5hbWljIjp0cnVlLCJjb250ZW50IjoicG9zdF9saW5rX3VybF9wYWdlIiwic2V0dGluZ3MiOnsicG9zdF9pZCI6IjQ4MSJ9fQ==@&#8221; image=&#8221;https:\/\/dubaidatesnutrition.com\/wp-content\/uploads\/2024\/10\/saludable-1.png&#8221; image_icon_width=&#8221;15%&#8221; _builder_version=&#8221;4.27.4&#8243; _dynamic_attributes=&#8221;url,link_option_url&#8221; _module_preset=&#8221;default&#8221; header_font=&#8221;uninanova regular|300|||||||&#8221; header_text_align=&#8221;center&#8221; header_text_color=&#8221;#FFFFFF&#8221; header_font_size=&#8221;16px&#8221; background_color=&#8221;#000000&#8243; width=&#8221;100%&#8221; module_alignment=&#8221;right&#8221; link_option_url=&#8221;@ET-DC@eyJkeW5hbWljIjp0cnVlLCJjb250ZW50IjoicG9zdF9saW5rX3VybF9wYWdlIiwic2V0dGluZ3MiOnsicG9zdF9pZCI6IjQ4MSJ9fQ==@&#8221; custom_css_blurb_title=&#8221;margin-top:-5% !important;&#8221; border_width_all=&#8221;1px&#8221; border_color_all=&#8221;#bababa&#8221; global_colors_info=&#8221;{}&#8221; border_color_all__hover=&#8221;#2b2b2b&#8221; border_color_all__hover_enabled=&#8221;on|hover&#8221;][\/et_pb_blurb][\/et_pb_column][\/et_pb_row][\/et_pb_section][et_pb_section fb_built=&#8221;1&#8243; _builder_version=&#8221;4.27.0&#8243; _module_preset=&#8221;default&#8221; custom_padding=&#8221;0px||0px||true|false&#8221; global_colors_info=&#8221;{}&#8221;][et_pb_row column_structure=&#8221;1_2,1_2&#8243; use_custom_gutter=&#8221;on&#8221; gutter_width=&#8221;1&#8243; make_equal=&#8221;on&#8221; _builder_version=&#8221;4.27.4&#8243; _module_preset=&#8221;default&#8221; width=&#8221;100%&#8221; max_width=&#8221;100%&#8221; custom_padding=&#8221;0px||0px||true|false&#8221; global_colors_info=&#8221;{}&#8221; custom_css_main_element_last_edited=&#8221;on|phone&#8221; custom_css_main_element_phone=&#8221;display:flex;||flex-direction:column-reverse;&#8221;][et_pb_column type=&#8221;1_2&#8243; _builder_version=&#8221;4.27.4&#8243; _module_preset=&#8221;default&#8221; background_color=&#8221;#000000&#8243; custom_padding=&#8221;10%|5%|10%|5%|true|true&#8221; global_colors_info=&#8221;{}&#8221;][et_pb_text _builder_version=&#8221;4.27.0&#8243; _module_preset=&#8221;default&#8221; text_font=&#8221;|300|||||||&#8221; text_text_color=&#8221;#FFFFFF&#8221; header_text_color=&#8221;#FFFFFF&#8221; header_font_size=&#8221;45px&#8221; header_font_size_tablet=&#8221;45px&#8221; header_font_size_phone=&#8221;24px&#8221; header_font_size_last_edited=&#8221;on|phone&#8221; global_colors_info=&#8221;{}&#8221;]<\/p>\n<h1>Salute e cura di s\u00e9<\/h1>\n<p>[\/et_pb_text][et_pb_divider color=&#8221;#FFFFFF&#8221; _builder_version=&#8221;4.27.0&#8243; _module_preset=&#8221;default&#8221; global_colors_info=&#8221;{}&#8221;][\/et_pb_divider][et_pb_text _builder_version=&#8221;4.27.4&#8243; _module_preset=&#8221;default&#8221; text_font=&#8221;|300|||||||&#8221; text_text_color=&#8221;#FFFFFF&#8221; header_text_color=&#8221;#FFFFFF&#8221; header_font_size=&#8221;45px&#8221; hover_enabled=&#8221;0&#8243; text_font_size_tablet=&#8221;&#8221; text_font_size_phone=&#8221;12px&#8221; text_font_size_last_edited=&#8221;on|phone&#8221; global_colors_info=&#8221;{}&#8221; sticky_enabled=&#8221;0&#8243;]<strong>Ti prendi cura del tuo corpo tanto quanto lo esigi?<\/strong><br \/>Noi di Dubai Dates Nutrition crediamo che le prestazioni inizino dall&#8217;interno.<br \/>I nostri integratori per il benessere e la cura di s\u00e9 rafforzano il sistema immunitario,<br \/>equilibrano l&#8217;energia e riducono lo stress quotidiano.<br \/>Formule naturali, sapori delicati e una dissoluzione perfetta per integrarsi facilmente nella tua routine.<br \/>Ideale per chi cerca equilibrio fisico, mentale ed emotivo.<br \/>Perch\u00e9 sentirsi bene non \u00e8 un lusso, \u00e8 la base di tutto.<\/p>\n<p>Prenditi cura di te con la scienza, rendi al massimo con l&#8217;anima.[\/et_pb_text][\/et_pb_column][et_pb_column type=&#8221;1_2&#8243; _builder_version=&#8221;4.27.4&#8243; _module_preset=&#8221;default&#8221; background_image=&#8221;https:\/\/dubaidatesnutrition.com\/wp-content\/uploads\/2025\/03\/1.jpg&#8221; custom_padding=&#8221;10%||10%||true|false&#8221; custom_padding_tablet=&#8221;10%||10%||true|false&#8221; custom_padding_phone=&#8221;30%||30%||true|false&#8221; custom_padding_last_edited=&#8221;on|phone&#8221; global_colors_info=&#8221;{}&#8221;][et_pb_text _builder_version=&#8221;4.27.0&#8243; _module_preset=&#8221;default&#8221; global_colors_info=&#8221;{}&#8221;][\/et_pb_text][\/et_pb_column][\/et_pb_row][\/et_pb_section][et_pb_section fb_built=&#8221;1&#8243; _builder_version=&#8221;4.27.0&#8243; _module_preset=&#8221;default&#8221; custom_padding=&#8221;0px||||false|false&#8221; global_colors_info=&#8221;{}&#8221;][et_pb_row _builder_version=&#8221;4.27.0&#8243; _module_preset=&#8221;default&#8221; width=&#8221;90%&#8221; max_width=&#8221;90%&#8221; global_colors_info=&#8221;{}&#8221;][et_pb_column type=&#8221;4_4&#8243; _builder_version=&#8221;4.27.0&#8243; _module_preset=&#8221;default&#8221; global_colors_info=&#8221;{}&#8221;][et_pb_shop type=&#8221;product_category&#8221; posts_number=&#8221;9999&#8243; show_pagination=&#8221;on&#8221; include_categories=&#8221;48&#8243; columns_number=&#8221;4&#8243; orderby=&#8221;date-desc&#8221; icon_hover_color=&#8221;RGBA(255,255,255,0)&#8221; hover_overlay_color=&#8221;RGBA(255,255,255,0)&#8221; show_rating=&#8221;off&#8221; _builder_version=&#8221;4.27.0&#8243; _module_preset=&#8221;default&#8221; title_font=&#8221;uninanova regular|100|||||||&#8221; title_text_color=&#8221;#000000&#8243; title_font_size=&#8221;16px&#8221; price_font=&#8221;uninanova medium||||||||&#8221; price_text_color=&#8221;#000000&#8243; price_font_size=&#8221;16px&#8221; background_enable_color=&#8221;off&#8221; title_font_size_tablet=&#8221;20px&#8221; title_font_size_phone=&#8221;16px&#8221; title_font_size_last_edited=&#8221;on|phone&#8221; price_font_size_tablet=&#8221;16px&#8221; price_font_size_phone=&#8221;12px&#8221; price_font_size_last_edited=&#8221;on|phone&#8221; custom_css_product=&#8221;background:#f6f6f6;||padding-bottom:20px !important;||border-radius:20px !important;&#8221; custom_css_image=&#8221;border-top-right-radius:20px !important;||border-top-left-radius:20px !important;&#8221; custom_css_title=&#8221;padding-left:30px !important;&#8221; border_radii_image=&#8221;off|20px|20px||&#8221; locked=&#8221;off&#8221; global_colors_info=&#8221;{}&#8221; custom_css_price_last_edited=&#8221;on|phone&#8221; custom_css_price_phone=&#8221; &#8221; custom_css_title_last_edited=&#8221;on|phone&#8221; custom_css_title_phone=&#8221;padding-left:30px !important;||padding-right:30px !important;&#8221; custom_css_product_last_edited=&#8221;on|phone&#8221; custom_css_product_phone=&#8221;background:#f6f6f6;||padding-bottom:20px !important;||border-radius:20px !important;&#8221; custom_css_price_tablet=&#8221;padding-left:30px !important;&#8221; custom_css_title_tablet=&#8221;padding-left:30px !important;&#8221; custom_css_product_tablet=&#8221;background:#f6f6f6;||padding-bottom:20px !important;||border-radius:20px !important;&#8221;][\/et_pb_shop][\/et_pb_column][\/et_pb_row][\/et_pb_section][et_pb_section fb_built=&#8221;1&#8243; custom_padding_last_edited=&#8221;on|phone&#8221; disabled_on=&#8221;off|off|on&#8221; _builder_version=&#8221;4.27.0&#8243; _module_preset=&#8221;default&#8221; custom_padding_tablet=&#8221;&#8221; custom_padding_phone=&#8221;0px||||false|false&#8221; global_colors_info=&#8221;{}&#8221;][et_pb_row column_structure=&#8221;1_3,1_3,1_3&#8243; use_custom_gutter=&#8221;on&#8221; gutter_width=&#8221;2&#8243; custom_padding_last_edited=&#8221;on|phone&#8221; _builder_version=&#8221;4.27.0&#8243; _module_preset=&#8221;default&#8221; width=&#8221;90%&#8221; max_width=&#8221;90%&#8221; custom_padding=&#8221;0px||0px||true|true&#8221; custom_padding_tablet=&#8221;0px||0px||true|true&#8221; custom_padding_phone=&#8221;5%||0%||false|true&#8221; border_color_top=&#8221;#000000&#8243; border_width_top_tablet=&#8221;&#8221; border_width_top_phone=&#8221;1px&#8221; border_width_top_last_edited=&#8221;on|phone&#8221; global_colors_info=&#8221;{}&#8221;][et_pb_column type=&#8221;1_3&#8243; _builder_version=&#8221;4.27.0&#8243; _module_preset=&#8221;default&#8221; custom_css_main_element=&#8221;display:flex !important;||justify-content: center !important;||align-items: center !important;&#8221; global_colors_info=&#8221;{}&#8221;][et_pb_text _builder_version=&#8221;4.27.0&#8243; _module_preset=&#8221;default&#8221; text_font=&#8221;uninova bold||||||||&#8221; text_text_color=&#8221;#000000&#8243; text_font_size=&#8221;26px&#8221; global_colors_info=&#8221;{}&#8221;]<\/p>\n<p>Altri obiettivi<\/p>\n<p>[\/et_pb_text][\/et_pb_column][et_pb_column type=&#8221;1_3&#8243; _builder_version=&#8221;4.27.0&#8243; _module_preset=&#8221;default&#8221; custom_css_main_element=&#8221;display:flex !important;||justify-content: center !important;||align-items: center !important;&#8221; global_colors_info=&#8221;{}&#8221;][et_pb_blurb title=&#8221;Perdita di peso&#8221; url=&#8221;@ET-DC@eyJkeW5hbWljIjp0cnVlLCJjb250ZW50IjoicG9zdF9saW5rX3VybF9wYWdlIiwic2V0dGluZ3MiOnsicG9zdF9pZCI6IjQ3NyJ9fQ==@&#8221; image=&#8221;https:\/\/dubaidatesnutrition.com\/wp-content\/uploads\/2024\/10\/saludable-4.png&#8221; image_icon_width=&#8221;15%&#8221; _builder_version=&#8221;4.27.0&#8243; _dynamic_attributes=&#8221;url,link_option_url&#8221; _module_preset=&#8221;default&#8221; header_font=&#8221;uninanova regular|300|||||||&#8221; header_text_align=&#8221;center&#8221; header_text_color=&#8221;#2B2B2B&#8221; header_font_size=&#8221;16px&#8221; background_color=&#8221;RGBA(255,255,255,0)&#8221; width=&#8221;100%&#8221; module_alignment=&#8221;right&#8221; link_option_url=&#8221;@ET-DC@eyJkeW5hbWljIjp0cnVlLCJjb250ZW50IjoicG9zdF9saW5rX3VybF9wYWdlIiwic2V0dGluZ3MiOnsicG9zdF9pZCI6IjQ3NyJ9fQ==@&#8221; custom_css_blurb_title=&#8221;margin-top:-5% !important;&#8221; border_radii=&#8221;on|10px|10px|10px|10px&#8221; border_width_all=&#8221;1px&#8221; border_color_all=&#8221;#bababa&#8221; global_colors_info=&#8221;{}&#8221; border_color_all__hover_enabled=&#8221;on|hover&#8221; border_color_all__hover=&#8221;#2b2b2b&#8221;][\/et_pb_blurb][\/et_pb_column][et_pb_column type=&#8221;1_3&#8243; _builder_version=&#8221;4.27.0&#8243; _module_preset=&#8221;default&#8221; custom_css_main_element=&#8221;display:flex !important;||justify-content: center !important;||align-items: center !important;&#8221; global_colors_info=&#8221;{}&#8221;][et_pb_blurb title=&#8221;Guadagno muscolare&#8221; url=&#8221;@ET-DC@eyJkeW5hbWljIjp0cnVlLCJjb250ZW50IjoicG9zdF9saW5rX3VybF9wYWdlIiwic2V0dGluZ3MiOnsicG9zdF9pZCI6IjQ3OSJ9fQ==@&#8221; image=&#8221;https:\/\/dubaidatesnutrition.com\/wp-content\/uploads\/2024\/10\/saludable-2.png&#8221; image_icon_width=&#8221;15%&#8221; _builder_version=&#8221;4.27.0&#8243; _dynamic_attributes=&#8221;url,link_option_url&#8221; _module_preset=&#8221;default&#8221; header_font=&#8221;uninanova regular|300|||||||&#8221; header_text_align=&#8221;center&#8221; header_text_color=&#8221;#2B2B2B&#8221; header_font_size=&#8221;16px&#8221; background_color=&#8221;RGBA(255,255,255,0)&#8221; width=&#8221;100%&#8221; module_alignment=&#8221;right&#8221; link_option_url=&#8221;@ET-DC@eyJkeW5hbWljIjp0cnVlLCJjb250ZW50IjoicG9zdF9saW5rX3VybF9wYWdlIiwic2V0dGluZ3MiOnsicG9zdF9pZCI6IjQ3OSJ9fQ==@&#8221; custom_css_blurb_title=&#8221;margin-top:-5% !important;&#8221; border_radii=&#8221;on|10px|10px|10px|10px&#8221; border_width_all=&#8221;1px&#8221; border_color_all=&#8221;#bababa&#8221; global_colors_info=&#8221;{}&#8221; border_color_all__hover=&#8221;#2b2b2b&#8221; border_color_all__hover_enabled=&#8221;on|hover&#8221;][\/et_pb_blurb][\/et_pb_column][\/et_pb_row][\/et_pb_section]<\/p>\n","protected":false},"excerpt":{"rendered":"<p>Salute e cura di s\u00e9Ti prendi cura del tuo corpo tanto quanto lo esigi?Noi di Dubai Dates Nutrition crediamo che le prestazioni inizino dall&#8217;interno.I nostri integratori per il benessere e la cura di s\u00e9 rafforzano il sistema immunitario,equilibrano l&#8217;energia e riducono lo stress quotidiano.Formule naturali, sapori delicati e una dissoluzione perfetta per integrarsi facilmente nella [&hellip;]<\/p>\n","protected":false},"author":1,"featured_media":0,"parent":1842,"menu_order":0,"comment_status":"closed","ping_status":"closed","template":"","meta":{"_acf_changed":false,"_et_pb_use_builder":"on","_et_pb_old_content":"","_et_gb_content_width":"","footnotes":""},"class_list":["post-1470","page","type-page","status-publish","hentry"],"acf":[],"yoast_head":"<!-- This site is optimized with the Yoast SEO plugin v26.9 - https:\/\/yoast.com\/product\/yoast-seo-wordpress\/ -->\n<title>Salute e cura di s\u00e9 - Dubai Dates Nutrition<\/title>\n<meta name=\"robots\" content=\"index, follow, max-snippet:-1, max-image-preview:large, max-video-preview:-1\" \/>\n<link rel=\"canonical\" href=\"https:\/\/dubaidatesnutrition.com\/objetivos\/salud-y-autocuidado\" \/>\n<meta property=\"og:locale\" content=\"it_IT\" \/>\n<meta property=\"og:type\" content=\"article\" \/>\n<meta property=\"og:title\" content=\"Salute e cura di s\u00e9 - Dubai Dates Nutrition\" \/>\n<meta property=\"og:description\" content=\"Salute e cura di s\u00e9Ti prendi cura del tuo corpo tanto quanto lo esigi?Noi di Dubai Dates Nutrition crediamo che le prestazioni inizino dall&#039;interno.I nostri integratori per il benessere e la cura di s\u00e9 rafforzano il sistema immunitario,equilibrano l&#039;energia e riducono lo stress quotidiano.Formule naturali, sapori delicati e una dissoluzione perfetta per integrarsi facilmente nella [&hellip;]\" \/>\n<meta property=\"og:url\" content=\"https:\/\/dubaidatesnutrition.com\/objetivos\/salud-y-autocuidado\" \/>\n<meta property=\"og:site_name\" content=\"Dubai Dates Nutrition\" \/>\n<meta property=\"article:modified_time\" content=\"2025-07-17T08:02:41+00:00\" \/>\n<meta name=\"twitter:card\" content=\"summary_large_image\" \/>\n<meta name=\"twitter:label1\" content=\"Tempo di lettura stimato\" \/>\n\t<meta name=\"twitter:data1\" content=\"8 minuti\" \/>\n<script type=\"application\/ld+json\" class=\"yoast-schema-graph\">{\"@context\":\"https:\/\/schema.org\",\"@graph\":[{\"@type\":\"WebPage\",\"@id\":\"https:\/\/dubaidatesnutrition.com\/objetivos\/salud-y-autocuidado\",\"url\":\"https:\/\/dubaidatesnutrition.com\/objetivos\/salud-y-autocuidado\",\"name\":\"Salute e cura di s\u00e9 - Dubai Dates Nutrition\",\"isPartOf\":{\"@id\":\"https:\/\/dubaidatesnutrition.com\/#website\"},\"datePublished\":\"2025-03-27T10:42:55+00:00\",\"dateModified\":\"2025-07-17T08:02:41+00:00\",\"breadcrumb\":{\"@id\":\"https:\/\/dubaidatesnutrition.com\/objetivos\/salud-y-autocuidado#breadcrumb\"},\"inLanguage\":\"it-IT\",\"potentialAction\":[{\"@type\":\"ReadAction\",\"target\":[\"https:\/\/dubaidatesnutrition.com\/objetivos\/salud-y-autocuidado\"]}]},{\"@type\":\"BreadcrumbList\",\"@id\":\"https:\/\/dubaidatesnutrition.com\/objetivos\/salud-y-autocuidado#breadcrumb\",\"itemListElement\":[{\"@type\":\"ListItem\",\"position\":1,\"name\":\"Portada\",\"item\":\"https:\/\/dubaidatesnutrition.com\/\"},{\"@type\":\"ListItem\",\"position\":2,\"name\":\"Obiettivi\",\"item\":\"https:\/\/dubaidatesnutrition.com\/objetivos\"},{\"@type\":\"ListItem\",\"position\":3,\"name\":\"Salute e cura di s\u00e9\"}]},{\"@type\":\"WebSite\",\"@id\":\"https:\/\/dubaidatesnutrition.com\/#website\",\"url\":\"https:\/\/dubaidatesnutrition.com\/\",\"name\":\"Dubai Dates Nutrition\",\"description\":\"\",\"potentialAction\":[{\"@type\":\"SearchAction\",\"target\":{\"@type\":\"EntryPoint\",\"urlTemplate\":\"https:\/\/dubaidatesnutrition.com\/?s={search_term_string}\"},\"query-input\":{\"@type\":\"PropertyValueSpecification\",\"valueRequired\":true,\"valueName\":\"search_term_string\"}}],\"inLanguage\":\"it-IT\"}]}<\/script>\n<!-- \/ Yoast SEO plugin. -->","yoast_head_json":{"title":"Salute e cura di s\u00e9 - Dubai Dates Nutrition","robots":{"index":"index","follow":"follow","max-snippet":"max-snippet:-1","max-image-preview":"max-image-preview:large","max-video-preview":"max-video-preview:-1"},"canonical":"https:\/\/dubaidatesnutrition.com\/objetivos\/salud-y-autocuidado","og_locale":"it_IT","og_type":"article","og_title":"Salute e cura di s\u00e9 - Dubai Dates Nutrition","og_description":"Salute e cura di s\u00e9Ti prendi cura del tuo corpo tanto quanto lo esigi?Noi di Dubai Dates Nutrition crediamo che le prestazioni inizino dall'interno.I nostri integratori per il benessere e la cura di s\u00e9 rafforzano il sistema immunitario,equilibrano l'energia e riducono lo stress quotidiano.Formule naturali, sapori delicati e una dissoluzione perfetta per integrarsi facilmente nella [&hellip;]","og_url":"https:\/\/dubaidatesnutrition.com\/objetivos\/salud-y-autocuidado","og_site_name":"Dubai Dates Nutrition","article_modified_time":"2025-07-17T08:02:41+00:00","twitter_card":"summary_large_image","twitter_misc":{"Tempo di lettura stimato":"8 minuti"},"schema":{"@context":"https:\/\/schema.org","@graph":[{"@type":"WebPage","@id":"https:\/\/dubaidatesnutrition.com\/objetivos\/salud-y-autocuidado","url":"https:\/\/dubaidatesnutrition.com\/objetivos\/salud-y-autocuidado","name":"Salute e cura di s\u00e9 - Dubai Dates Nutrition","isPartOf":{"@id":"https:\/\/dubaidatesnutrition.com\/#website"},"datePublished":"2025-03-27T10:42:55+00:00","dateModified":"2025-07-17T08:02:41+00:00","breadcrumb":{"@id":"https:\/\/dubaidatesnutrition.com\/objetivos\/salud-y-autocuidado#breadcrumb"},"inLanguage":"it-IT","potentialAction":[{"@type":"ReadAction","target":["https:\/\/dubaidatesnutrition.com\/objetivos\/salud-y-autocuidado"]}]},{"@type":"BreadcrumbList","@id":"https:\/\/dubaidatesnutrition.com\/objetivos\/salud-y-autocuidado#breadcrumb","itemListElement":[{"@type":"ListItem","position":1,"name":"Portada","item":"https:\/\/dubaidatesnutrition.com\/"},{"@type":"ListItem","position":2,"name":"Obiettivi","item":"https:\/\/dubaidatesnutrition.com\/objetivos"},{"@type":"ListItem","position":3,"name":"Salute e cura di s\u00e9"}]},{"@type":"WebSite","@id":"https:\/\/dubaidatesnutrition.com\/#website","url":"https:\/\/dubaidatesnutrition.com\/","name":"Dubai Dates Nutrition","description":"","potentialAction":[{"@type":"SearchAction","target":{"@type":"EntryPoint","urlTemplate":"https:\/\/dubaidatesnutrition.com\/?s={search_term_string}"},"query-input":{"@type":"PropertyValueSpecification","valueRequired":true,"valueName":"search_term_string"}}],"inLanguage":"it-IT"}]}},"_links":{"self":[{"href":"https:\/\/dubaidatesnutrition.com\/it\/wp-json\/wp\/v2\/pages\/1470","targetHints":{"allow":["GET"]}}],"collection":[{"href":"https:\/\/dubaidatesnutrition.com\/it\/wp-json\/wp\/v2\/pages"}],"about":[{"href":"https:\/\/dubaidatesnutrition.com\/it\/wp-json\/wp\/v2\/types\/page"}],"author":[{"embeddable":true,"href":"https:\/\/dubaidatesnutrition.com\/it\/wp-json\/wp\/v2\/users\/1"}],"replies":[{"embeddable":true,"href":"https:\/\/dubaidatesnutrition.com\/it\/wp-json\/wp\/v2\/comments?post=1470"}],"version-history":[{"count":4,"href":"https:\/\/dubaidatesnutrition.com\/it\/wp-json\/wp\/v2\/pages\/1470\/revisions"}],"predecessor-version":[{"id":2454,"href":"https:\/\/dubaidatesnutrition.com\/it\/wp-json\/wp\/v2\/pages\/1470\/revisions\/2454"}],"up":[{"embeddable":true,"href":"https:\/\/dubaidatesnutrition.com\/it\/wp-json\/wp\/v2\/pages\/1842"}],"wp:attachment":[{"href":"https:\/\/dubaidatesnutrition.com\/it\/wp-json\/wp\/v2\/media?parent=1470"}],"curies":[{"name":"wp","href":"https:\/\/api.w.org\/{rel}","templated":true}]}}