{"id":1853,"date":"2025-03-31T09:38:13","date_gmt":"2025-03-31T09:38:13","guid":{"rendered":"https:\/\/dubaidatesnutrition.com\/nota-legale-e-cookie"},"modified":"2025-03-31T09:38:14","modified_gmt":"2025-03-31T09:38:14","slug":"nota-legale-e-cookie","status":"publish","type":"page","link":"https:\/\/dubaidatesnutrition.com\/it\/nota-legale-e-cookie","title":{"rendered":"Nota legale e cookie"},"content":{"rendered":"<p>[et_pb_section fb_built=&#8221;1&#8243; _builder_version=&#8221;4.27.0&#8243; _module_preset=&#8221;default&#8221; background_color=&#8221;#FFFFFF&#8221; global_colors_info=&#8221;{}&#8221; theme_builder_area=&#8221;post_content&#8221;][et_pb_row _builder_version=&#8221;4.27.0&#8243; _module_preset=&#8221;default&#8221; global_colors_info=&#8221;{}&#8221; theme_builder_area=&#8221;post_content&#8221;][et_pb_column type=&#8221;4_4&#8243; _builder_version=&#8221;4.27.0&#8243; _module_preset=&#8221;default&#8221; global_colors_info=&#8221;{}&#8221; theme_builder_area=&#8221;post_content&#8221;][et_pb_text _builder_version=&#8221;4.27.0&#8243; _module_preset=&#8221;default&#8221; hover_enabled=&#8221;0&#8243; global_colors_info=&#8221;{}&#8221; theme_builder_area=&#8221;post_content&#8221; sticky_enabled=&#8221;0&#8243;]<\/p>\n<h2>Nota legale e cookie<\/h2>\n<p><\/p>\n<div class=\"et_pb_module et_pb_text et_pb_text_4  et_pb_text_align_left et_pb_bg_layout_light\">\n<div class=\"et_pb_text_inner\">\n<p style=\"margin-left: 35.4pt; text-indent: -35.4pt;\"><strong>Identificazione e propriet\u00e0<\/strong><\/p>\n<p style=\"margin-left: 35.4pt; text-indent: -35.4pt;\">Ai sensi dell&#8217;articolo 10 della legge 34\/2002, dell&#8217;11 luglio 2002, sui servizi della societ\u00e0 dell&#8217;informazione e del commercio elettronico, il Titolare indica i propri dati identificativi.<br \/>\u2022\u00a0 Azienda : DUBAI DATES NUTRITION GMBH &amp; CO.<br \/>&#8211; Indirizzo : KGK-S Slavejkov BL. 42 7 St.6, 8000 Burgas<br \/>&#8211; E-mail: info@dubaidatesnutrition.com<br \/>&#8211; Sito web | dubaidatesnutrition.com<\/p>\n<p><strong>Scopo<\/strong><br \/>Lo scopo del sito web dubaidatesnutrition.com \u00e8 lo scopo di dubaidatesnutrition.com<\/p>\n<p>Termini e condizioni d&#8217;uso<br \/>L&#8217;utilizzo del sito web conferisce lo status di Utente e implica la piena accettazione di tutte le clausole e condizioni d&#8217;uso incluse nelle pagine:<br \/>&#8211; Avviso legale<br \/>&#8211; Informativa sulla privacy<br \/>&#8211; Politica sui cookie<br \/>Se non siete d&#8217;accordo con ognuna di queste clausole e condizioni, siete pregati di non utilizzare questo sito web. L&#8217;accesso a questo sito web non implica in alcun modo l&#8217;avvio di un rapporto commerciale con il Titolare.<br \/>Attraverso questo sito web, il Titolare vi fornisce l&#8217;accesso e l&#8217;utilizzo di vari contenuti che il Titolare o i suoi collaboratori hanno pubblicato su Internet.<br \/>A tal fine, l&#8217;utente ha l&#8217;obbligo e l&#8217;impegno di NON utilizzare alcuno dei contenuti del sito web per scopi o effetti illegali, vietati dal presente Avviso legale o dalla legge, lesivi dei diritti e degli interessi altrui, n\u00e9 di danneggiare, disattivare, sovraccaricare, compromettere, deteriorare o impedire in alcun modo il normale utilizzo del sito web.<br \/>o impedire il normale utilizzo dei contenuti, delle apparecchiature informatiche o dei documenti, dei file e di tutti i tipi di contenuti memorizzati su qualsiasi apparecchiatura informatica di propriet\u00e0 o in appalto del Titolare, di altri utenti o di qualsiasi utente di Internet.<\/p>\n<p>Misure di sicurezza<br \/>I dati personali forniti dall&#8217;Utente al Titolare possono essere archiviati in banche dati automatizzate o meno, la cui titolarit\u00e0 corrisponde esclusivamente al Titolare, che assume tutte le misure tecniche, organizzative e di sicurezza per garantire la riservatezza, l&#8217;integrit\u00e0 e la qualit\u00e0 delle informazioni in esse contenute in conformit\u00e0 a quanto previsto dalla normativa vigente in materia di protezione dei dati. Tuttavia, l&#8217;Utente deve essere consapevole che le misure di sicurezza dei sistemi informatici su Internet non sono del tutto affidabili e che, pertanto, il Titolare non pu\u00f2 garantire l&#8217;assenza di virus o di altri elementi che possano causare alterazioni nei sistemi informatici (software e hardware) dell&#8217;Utente o nei suoi documenti elettronici e nei file in essi contenuti, sebbene il Titolare metta in campo tutti i mezzi necessari e adotti misure di sicurezza adeguate per prevenire la presenza di tali elementi dannosi.<\/p>\n<p><strong>Dati personali<\/strong><br \/>\u00c8 possibile consultare tutte le informazioni relative al trattamento dei dati personali raccolti dal Titolare del trattamento alla pagina Privacy Policy.<\/p>\n<p>Contenuto<br \/>Il Titolare ha ottenuto le informazioni, i contenuti multimediali e i materiali contenuti nel sito web da fonti che ritiene affidabili; tuttavia, pur avendo adottato ogni ragionevole cura per assicurare che le informazioni contenute siano corrette, il Titolare non garantisce che siano accurate, complete o aggiornate. Il Titolare declina espressamente ogni responsabilit\u00e0 per errori o omissioni nelle informazioni contenute nelle pagine di questo sito web.<br \/>nelle pagine di questo sito. \u00c8 vietato trasmettere o inviare attraverso il Sito web contenuti illegali o illeciti, virus informatici o messaggi che, in generale, ledano o violino i diritti del Titolare o di terzi. I contenuti del Sito Web hanno uno scopo puramente informativo e non devono in nessun caso essere utilizzati o considerati come un&#8217;offerta di vendita, una sollecitazione di un&#8217;offerta di acquisto o una raccomandazione ad effettuare qualsiasi altra transazione, a meno che non sia espressamente indicato. L&#8217;albergatore si riserva il diritto di modificare, sospendere, cancellare o limitare il contenuto del sito web, i link o le informazioni ottenute tramite il sito web, senza preavviso.<br \/>L&#8217;albergatore non \u00e8 responsabile di eventuali danni che possono derivare dall&#8217;uso delle informazioni presenti sul sito web o di quelle contenute nelle reti sociali dell&#8217;albergatore.<\/p>\n<p>Politica sui cookie<br \/>Alla pagina Cookie Policy \u00e8 possibile consultare tutte le informazioni relative alla politica di raccolta e trattamento dei cookie.<br \/>Il Titolare ottiene e conserva solo le seguenti informazioni sui visitatori del sito web:<br \/>&#8211; Il nome di dominio del provider (ISP) e\/o l&#8217;indirizzo IP che consente l&#8217;accesso alla rete.<br \/>&#8211; La data e l&#8217;ora di accesso al sito web.<br \/>&#8211; L&#8217;indirizzo Internet di origine del link al Sito web.<br \/>&#8211; Il numero di visitatori giornalieri di ciascuna sezione.<br \/>&#8211; Le informazioni ottenute sono completamente anonime e in nessun caso possono essere associate a un Utente specifico e identificato.<\/p>\n<p>Link di interesse ad altri siti web<br \/>L&#8217;albergatore pu\u00f2 fornire all&#8217;utente l&#8217;accesso a siti web di terzi tramite link con lo scopo di informarlo dell&#8217;esistenza di altre fonti di informazione su Internet dove pu\u00f2 trovare ulteriori informazioni sul sito.<br \/>Questi link ad altri siti web non costituiscono in alcun modo un suggerimento o una raccomandazione a visitare i siti web di destinazione, che sfuggono al controllo dell&#8217;albergatore, il quale non \u00e8 pertanto responsabile del contenuto dei siti web collegati o del risultato ottenuto seguendo i link.<br \/>Inoltre, l&#8217;albergatore non \u00e8 responsabile dei link presenti sui siti web collegati ai quali fornisce l&#8217;accesso. La creazione del link non implica in alcun caso l&#8217;esistenza di una relazione tra il Titolare e il proprietario del sito in cui \u00e8 stato stabilito il link, n\u00e9 l&#8217;accettazione o l&#8217;approvazione da parte del Titolare dei suoi contenuti o servizi.<br \/>Se si accede a un sito web esterno da un link presente sul Sito, \u00e8 necessario leggere l&#8217;informativa sulla privacy dell&#8217;altro sito web, che pu\u00f2 differire da quella del presente Sito.<\/p>\n<p>Propriet\u00e0 intellettuale e industriale<br \/>Tutti i diritti sono riservati.<br \/>L&#8217;accesso a questo sito web \u00e8 soggetto alle seguenti condizioni: la riproduzione, l&#8217;archiviazione permanente e la diffusione dei contenuti o qualsiasi altro utilizzo a fini pubblici o commerciali \u00e8 espressamente vietato senza il previo consenso scritto del proprietario.<\/p>\n<p><strong>Contacto<\/strong><br \/>En caso de que usted tenga cualquier duda acerca de estas Condiciones legales o quiera realizar cualquier comentario sobre este sitio Web, puede enviar un mensaje de correo electr\u00f3nico a la direcci\u00f3n correo electr\u00f3nico info@dubaidatesnutrition.com<\/p>\n<p>Limitazione di responsabilit\u00e0<br \/>Le informazioni e i servizi inclusi o disponibili attraverso questo sito web possono contenere imprecisioni o errori tipografici. L&#8217;albergatore incorpora periodicamente miglioramenti e\/o modifiche alle informazioni contenute e\/o ai servizi che possono essere introdotti in qualsiasi momento. L&#8217;albergatore non dichiara n\u00e9 garantisce che i servizi o i contenuti saranno ininterrotti o privi di errori, che i difetti saranno corretti, o che il servizio o il server che lo rende disponibile siano privi di virus o altri componenti dannosi, fermo restando che l&#8217;albergatore fa ogni sforzo per<br \/>per evitare tali inconvenienti. L&#8217;albergatore declina ogni responsabilit\u00e0 in caso di interruzioni o malfunzionamenti dei Servizi o dei contenuti offerti su Internet, qualunque ne sia la causa. Allo stesso modo, il Titolare non \u00e8 responsabile per i crash della rete, la perdita di attivit\u00e0 in seguito a tali crash, le sospensioni temporanee della fornitura di energia elettrica o qualsiasi altro tipo di danno indiretto che possa essere<br \/>cause che esulano dal controllo del Titolare. Prima di prendere decisioni e\/o azioni basate sulle informazioni contenute nel sito web, il Titolare consiglia di verificare e confrontare le informazioni ricevute con altre fonti.<\/p>\n<p>Giurisdizione<br \/>Il presente Avviso legale \u00e8 interamente disciplinato dalla legge spagnola.<br \/>In assenza di norme che impongano diversamente, per qualsiasi questione che possa sorgere in merito all&#8217;interpretazione, all&#8217;applicazione e all&#8217;osservanza del presente Avviso legale, nonch\u00e9 per qualsiasi reclamo che possa derivare dal suo utilizzo, le parti accettano di sottoporsi alle Corti e ai Tribunali della provincia corrispondente, rinunciando espressamente a qualsiasi altra giurisdizione che possa corrispondere loro.<\/p>\n<\/div>\n<p><\/div>\n<p>[\/et_pb_text][\/et_pb_column][\/et_pb_row][\/et_pb_section]<\/p>\n","protected":false},"excerpt":{"rendered":"<p>Nota legale e cookie Identificazione e propriet\u00e0 Ai sensi dell&#8217;articolo 10 della legge 34\/2002, dell&#8217;11 luglio 2002, sui servizi della societ\u00e0 dell&#8217;informazione e del commercio elettronico, il Titolare indica i propri dati identificativi.\u2022\u00a0 Azienda : DUBAI DATES NUTRITION GMBH &amp; CO.- Indirizzo : KGK-S Slavejkov BL. 42 7 St.6, 8000 Burgas- E-mail: info@dubaidatesnutrition.com- Sito web [&hellip;]<\/p>\n","protected":false},"author":1,"featured_media":0,"parent":0,"menu_order":0,"comment_status":"closed","ping_status":"closed","template":"","meta":{"_acf_changed":false,"_et_pb_use_builder":"on","_et_pb_old_content":"","_et_gb_content_width":"","footnotes":""},"class_list":["post-1853","page","type-page","status-publish","hentry"],"acf":[],"yoast_head":"<!-- This site is optimized with the Yoast SEO plugin v26.9 - https:\/\/yoast.com\/product\/yoast-seo-wordpress\/ -->\n<title>Nota legale e cookie - Dubai Dates Nutrition<\/title>\n<meta name=\"robots\" content=\"index, follow, max-snippet:-1, max-image-preview:large, max-video-preview:-1\" \/>\n<link rel=\"canonical\" href=\"https:\/\/dubaidatesnutrition.com\/aviso-legal-y-cookies\" \/>\n<meta property=\"og:locale\" content=\"it_IT\" \/>\n<meta property=\"og:type\" content=\"article\" \/>\n<meta property=\"og:title\" content=\"Nota legale e cookie - Dubai Dates Nutrition\" \/>\n<meta property=\"og:description\" content=\"Nota legale e cookie Identificazione e propriet\u00e0 Ai sensi dell&#039;articolo 10 della legge 34\/2002, dell&#039;11 luglio 2002, sui servizi della societ\u00e0 dell&#039;informazione e del commercio elettronico, il Titolare indica i propri dati identificativi.\u2022\u00a0 Azienda : DUBAI DATES NUTRITION GMBH &amp; CO.- Indirizzo : KGK-S Slavejkov BL. 42 7 St.6, 8000 Burgas- E-mail: info@dubaidatesnutrition.com- Sito web [&hellip;]\" \/>\n<meta property=\"og:url\" content=\"https:\/\/dubaidatesnutrition.com\/aviso-legal-y-cookies\" \/>\n<meta property=\"og:site_name\" content=\"Dubai Dates Nutrition\" \/>\n<meta property=\"article:modified_time\" content=\"2025-03-31T09:38:14+00:00\" \/>\n<meta name=\"twitter:card\" content=\"summary_large_image\" \/>\n<meta name=\"twitter:label1\" content=\"Tempo di lettura stimato\" \/>\n\t<meta name=\"twitter:data1\" content=\"7 minuti\" \/>\n<script type=\"application\/ld+json\" class=\"yoast-schema-graph\">{\"@context\":\"https:\/\/schema.org\",\"@graph\":[{\"@type\":\"WebPage\",\"@id\":\"https:\/\/dubaidatesnutrition.com\/aviso-legal-y-cookies\",\"url\":\"https:\/\/dubaidatesnutrition.com\/aviso-legal-y-cookies\",\"name\":\"Nota legale e cookie - Dubai Dates Nutrition\",\"isPartOf\":{\"@id\":\"https:\/\/dubaidatesnutrition.com\/#website\"},\"datePublished\":\"2025-03-31T09:38:13+00:00\",\"dateModified\":\"2025-03-31T09:38:14+00:00\",\"breadcrumb\":{\"@id\":\"https:\/\/dubaidatesnutrition.com\/aviso-legal-y-cookies#breadcrumb\"},\"inLanguage\":\"it-IT\",\"potentialAction\":[{\"@type\":\"ReadAction\",\"target\":[\"https:\/\/dubaidatesnutrition.com\/aviso-legal-y-cookies\"]}]},{\"@type\":\"BreadcrumbList\",\"@id\":\"https:\/\/dubaidatesnutrition.com\/aviso-legal-y-cookies#breadcrumb\",\"itemListElement\":[{\"@type\":\"ListItem\",\"position\":1,\"name\":\"Portada\",\"item\":\"https:\/\/dubaidatesnutrition.com\/\"},{\"@type\":\"ListItem\",\"position\":2,\"name\":\"Nota legale e cookie\"}]},{\"@type\":\"WebSite\",\"@id\":\"https:\/\/dubaidatesnutrition.com\/#website\",\"url\":\"https:\/\/dubaidatesnutrition.com\/\",\"name\":\"Dubai Dates Nutrition\",\"description\":\"\",\"potentialAction\":[{\"@type\":\"SearchAction\",\"target\":{\"@type\":\"EntryPoint\",\"urlTemplate\":\"https:\/\/dubaidatesnutrition.com\/?s={search_term_string}\"},\"query-input\":{\"@type\":\"PropertyValueSpecification\",\"valueRequired\":true,\"valueName\":\"search_term_string\"}}],\"inLanguage\":\"it-IT\"}]}<\/script>\n<!-- \/ Yoast SEO plugin. -->","yoast_head_json":{"title":"Nota legale e cookie - Dubai Dates Nutrition","robots":{"index":"index","follow":"follow","max-snippet":"max-snippet:-1","max-image-preview":"max-image-preview:large","max-video-preview":"max-video-preview:-1"},"canonical":"https:\/\/dubaidatesnutrition.com\/aviso-legal-y-cookies","og_locale":"it_IT","og_type":"article","og_title":"Nota legale e cookie - Dubai Dates Nutrition","og_description":"Nota legale e cookie Identificazione e propriet\u00e0 Ai sensi dell'articolo 10 della legge 34\/2002, dell'11 luglio 2002, sui servizi della societ\u00e0 dell'informazione e del commercio elettronico, il Titolare indica i propri dati identificativi.\u2022\u00a0 Azienda : DUBAI DATES NUTRITION GMBH &amp; CO.- Indirizzo : KGK-S Slavejkov BL. 42 7 St.6, 8000 Burgas- E-mail: info@dubaidatesnutrition.com- Sito web [&hellip;]","og_url":"https:\/\/dubaidatesnutrition.com\/aviso-legal-y-cookies","og_site_name":"Dubai Dates Nutrition","article_modified_time":"2025-03-31T09:38:14+00:00","twitter_card":"summary_large_image","twitter_misc":{"Tempo di lettura stimato":"7 minuti"},"schema":{"@context":"https:\/\/schema.org","@graph":[{"@type":"WebPage","@id":"https:\/\/dubaidatesnutrition.com\/aviso-legal-y-cookies","url":"https:\/\/dubaidatesnutrition.com\/aviso-legal-y-cookies","name":"Nota legale e cookie - Dubai Dates Nutrition","isPartOf":{"@id":"https:\/\/dubaidatesnutrition.com\/#website"},"datePublished":"2025-03-31T09:38:13+00:00","dateModified":"2025-03-31T09:38:14+00:00","breadcrumb":{"@id":"https:\/\/dubaidatesnutrition.com\/aviso-legal-y-cookies#breadcrumb"},"inLanguage":"it-IT","potentialAction":[{"@type":"ReadAction","target":["https:\/\/dubaidatesnutrition.com\/aviso-legal-y-cookies"]}]},{"@type":"BreadcrumbList","@id":"https:\/\/dubaidatesnutrition.com\/aviso-legal-y-cookies#breadcrumb","itemListElement":[{"@type":"ListItem","position":1,"name":"Portada","item":"https:\/\/dubaidatesnutrition.com\/"},{"@type":"ListItem","position":2,"name":"Nota legale e cookie"}]},{"@type":"WebSite","@id":"https:\/\/dubaidatesnutrition.com\/#website","url":"https:\/\/dubaidatesnutrition.com\/","name":"Dubai Dates Nutrition","description":"","potentialAction":[{"@type":"SearchAction","target":{"@type":"EntryPoint","urlTemplate":"https:\/\/dubaidatesnutrition.com\/?s={search_term_string}"},"query-input":{"@type":"PropertyValueSpecification","valueRequired":true,"valueName":"search_term_string"}}],"inLanguage":"it-IT"}]}},"_links":{"self":[{"href":"https:\/\/dubaidatesnutrition.com\/it\/wp-json\/wp\/v2\/pages\/1853","targetHints":{"allow":["GET"]}}],"collection":[{"href":"https:\/\/dubaidatesnutrition.com\/it\/wp-json\/wp\/v2\/pages"}],"about":[{"href":"https:\/\/dubaidatesnutrition.com\/it\/wp-json\/wp\/v2\/types\/page"}],"author":[{"embeddable":true,"href":"https:\/\/dubaidatesnutrition.com\/it\/wp-json\/wp\/v2\/users\/1"}],"replies":[{"embeddable":true,"href":"https:\/\/dubaidatesnutrition.com\/it\/wp-json\/wp\/v2\/comments?post=1853"}],"version-history":[{"count":2,"href":"https:\/\/dubaidatesnutrition.com\/it\/wp-json\/wp\/v2\/pages\/1853\/revisions"}],"predecessor-version":[{"id":1855,"href":"https:\/\/dubaidatesnutrition.com\/it\/wp-json\/wp\/v2\/pages\/1853\/revisions\/1855"}],"wp:attachment":[{"href":"https:\/\/dubaidatesnutrition.com\/it\/wp-json\/wp\/v2\/media?parent=1853"}],"curies":[{"name":"wp","href":"https:\/\/api.w.org\/{rel}","templated":true}]}}