{"id":1868,"date":"2025-03-31T10:12:12","date_gmt":"2025-03-31T10:12:12","guid":{"rendered":"https:\/\/dubaidatesnutrition.com\/termini-e-condizioni-generali"},"modified":"2025-03-31T10:12:12","modified_gmt":"2025-03-31T10:12:12","slug":"termini-e-condizioni-generali","status":"publish","type":"page","link":"https:\/\/dubaidatesnutrition.com\/it\/termini-e-condizioni-generali","title":{"rendered":"Termini e condizioni generali"},"content":{"rendered":"<p>[et_pb_section fb_built=&#8221;1&#8243; _builder_version=&#8221;4.27.0&#8243; _module_preset=&#8221;default&#8221; background_color=&#8221;#FFFFFF&#8221; global_colors_info=&#8221;{}&#8221; theme_builder_area=&#8221;post_content&#8221;][et_pb_row _builder_version=&#8221;4.27.0&#8243; _module_preset=&#8221;default&#8221; global_colors_info=&#8221;{}&#8221; theme_builder_area=&#8221;post_content&#8221;][et_pb_column type=&#8221;4_4&#8243; _builder_version=&#8221;4.27.0&#8243; _module_preset=&#8221;default&#8221; global_colors_info=&#8221;{}&#8221; theme_builder_area=&#8221;post_content&#8221;][et_pb_text _builder_version=&#8221;4.27.0&#8243; _module_preset=&#8221;default&#8221; hover_enabled=&#8221;0&#8243; global_colors_info=&#8221;{}&#8221; theme_builder_area=&#8221;post_content&#8221; sticky_enabled=&#8221;0&#8243;]<\/p>\n<h2>Termini e condizioni generali<\/h2>\n<p><\/p>\n<div class=\"et_pb_module et_pb_text et_pb_text_4  et_pb_text_align_left et_pb_bg_layout_light\">\n<div class=\"et_pb_text_inner\">\n<ol>\n<li>I. DISPOSIZIONI GENERALI<\/li>\n<\/ol>\n<p>Il presente documento contiene i Termini e le Condizioni Generali, in base ai quali \u201cDUBAI DATES NUTRITION Ltd &amp;Co\u201d SL, con partita IVA: 205325957, sede legale e indirizzo: Bulgaria, citt\u00e0 di Burgas, casella postale 8000, zona Slaveykov, numero 42, ingresso 7, piano 6 effettua la vendita di beni ai propri utenti attraverso il negozio online con indirizzo Internet: www.dubaidatesnutrition.com, di seguito denominato NEGOZIO DEL VENDITORE.<\/p>\n<p>Ogni persona che carica la pagina Internet www.dubaidatesnutrition.com sul proprio dispositivo tecnico \u00e8 di seguito denominata UTENTE.<\/p>\n<p>Le presenti condizioni sono ugualmente vincolanti per tutti gli utenti e i clienti.<\/p>\n<p>Cliccando sul pulsante \u201cAccetto le condizioni d&#8217;uso\u201d, l&#8217;UTENTE\/CLIENTE approva, accetta integralmente e si impegna a rispettare le presenti Condizioni Generali (se tale pulsante esiste).<\/p>\n<p>Caricando una qualsiasi delle pagine del NEGOZIO con i suoi collegamenti ipertestuali integrati, come le altre pagine di www.dubaidatesnutrition.com o utilizzando la funzione di pagamento degli articoli proposti dal NEGOZIO, IL CONSUMATORE si impegna ad accettare e rispettare integralmente le presenti Condizioni Generali.<\/p>\n<p>Il consumatore si identifica per dichiarare l&#8217;accettazione delle Condizioni Generali, processo reso effettivo dalla memorizzazione nei file di log del server www.dubaidatesnutrition.com, dell&#8217;indirizzo IP del consumatore o di altre informazioni.<\/p>\n<ol>\n<li>Il NEGOZIO ha il diritto di modificare i prezzi in qualsiasi momento, senza doverne dare preavviso ai consumatori. L&#8217;utente \u00e8 tenuto a pagare il prezzo corrente al momento dell&#8217;ordine. In caso di riduzioni di prezzo, i prezzi ridotti saranno annunciati, con il nuovo prezzo posto accanto al precedente, che sar\u00e0 barrato. In caso di errori tecnici commessi dall&#8217;utente nelle informazioni da lui fornite durante la formulazione dell&#8217;ordine, il NEGOZIO ha il diritto di rifiutare l&#8217;esecuzione dell&#8217;ordine senza dover alcun risarcimento all&#8217;utente. In caso di importi versati dall&#8217;utente per un determinato ordine che, per i motivi di cui sopra, non pu\u00f2 essere evaso, il NEGOZIO si impegna a rimborsarli.<br \/>Il cliente pu\u00f2 effettuare un ordine tramite il modulo d&#8217;ordine integrato nel negozio online del venditore. In questo caso, il cliente, dopo aver inserito i prodotti selezionati nel carrello virtuale e aver fatto clic sul pulsante \u201cAcquista\u201d, accetta di acquistare i prodotti presenti nel carrello. Questa azione \u00e8 legalmente vincolante. Il cliente riceve la conferma del suo ordine entro 24 ore dalla data dell&#8217;ordine e, al ricevimento di tale conferma, il contratto si considera concluso.<\/li>\n<li>Il NEGOZIO ha il diritto di modificare i prezzi in qualsiasi momento, senza doverne dare preavviso ai consumatori. L&#8217;utente \u00e8 tenuto a pagare il prezzo corrente al momento dell&#8217;ordine. In caso di riduzioni di prezzo, i prezzi ridotti saranno annunciati, con il nuovo prezzo posto accanto al precedente, che sar\u00e0 barrato. In caso di errori tecnici commessi dall&#8217;utente nelle informazioni da lui fornite durante la formulazione dell&#8217;ordine, il NEGOZIO ha il diritto di rifiutare l&#8217;esecuzione dell&#8217;ordine senza dover alcun risarcimento all&#8217;utente. In caso di importi versati dall&#8217;utente per un determinato ordine che, per i motivi sopra citati, non pu\u00f2 essere evaso, il NEGOZIO si impegna a rimborsarli.<\/li>\n<li>Il cliente pu\u00f2 effettuare un ordine tramite il modulo d&#8217;ordine integrato nel negozio online del venditore. In questo caso, il cliente, dopo aver inserito i prodotti selezionati nel carrello virtuale e aver fatto clic sul pulsante \u201cAcquista\u201d, accetta di acquistare i prodotti presenti nel carrello. Questa azione \u00e8 legalmente vincolante. Il cliente riceve la conferma dell&#8217;ordine entro 24 ore dalla data dell&#8217;ordine e, al ricevimento di tale conferma, il contratto si considera concluso.<br \/><strong>7.<\/strong> Il VENDITORE si riserva il diritto di rifiutare la consegna di un ordine confermato nel caso in cui i prodotti non siano disponibili. In caso di indisponibilit\u00e0 delle scorte dei prodotti ordinati entro la settimana lavorativa, il VENDITORE comunicher\u00e0 all&#8217;utente\/cliente l&#8217;esaurimento delle scorte inviando un messaggio all&#8217;indirizzo e-mail o al numero di telefono indicato dal CLIENTE. Nel caso in cui sia gi\u00e0 stato effettuato un bonifico sul conto del VENDITORE, il cliente potr\u00e0 scegliere tra il rimborso, l&#8217;annullamento dell&#8217;ordine o la sostituzione dello stesso.<br \/>La lingua del contratto sar\u00e0 lo spagnolo e il tedesco, i pagamenti saranno effettuati in euro, con prezzi comprensivi di IVA.<\/li>\n<\/ol>\n<p><strong>XI. CONSEGNA<\/strong><\/p>\n<p>I prodotti ordinati tramite il NEGOZIO saranno consegnati dal corriere UPS.<\/p>\n<p>Per l&#8217;esatta consegna dei prodotti ordinati, si prega di inserire l&#8217;indirizzo di spedizione corretto, nonch\u00e9 un numero di telefono di contatto preciso.<\/p>\n<p>I tempi di consegna sono:<\/p>\n<p>Per la SPAGNA: 2 o 3 giorni dal ricevimento dell&#8217;ordine*.<\/p>\n<p>Per la GERMANIA: 4 o 5 giorni dal ricevimento dell&#8217;ordine*.<\/p>\n<p>Per l&#8217;AUSTRIA: 4 o 5 giorni dal ricevimento dell&#8217;ordine*.<\/p>\n<p>Per \u201cricezione\u201d dell&#8217;ordine si intende il momento in cui confermiamo l&#8217;ordine, non il momento in cui viene effettuato l&#8217;ordine.<\/p>\n<p>Nel caso in cui la consegna sia impedita per motivi oggettivi, il VENDITORE \u00e8 tenuto a informare immediatamente il cliente.<\/p>\n<p><strong>PREZZO DI SPEDIZIONE<\/strong><\/p>\n<p>Per la SPAGNA: 6,19 EUR*.<\/p>\n<p>Per la GERMANIA: 10,05 EUR*.<\/p>\n<p>Per l&#8217;AUSTRIA: 12,38 EUR*.<\/p>\n<p>Preparare il pacco &#8211; EUR1,90<\/p>\n<p>* I prezzi indicati sono validi per pacchi di peso compreso tra 1 e 5 kg. Per ordini di peso superiore a 1 chilo, vi comunicheremo il prezzo di spedizione insieme alla conferma d&#8217;ordine tramite e-mail o telefonata.<\/p>\n<p><strong>XII. METODI DI PAGAMENTO SICURI<\/strong><\/p>\n<p>Al fine di garantire la sicurezza dei pagamenti effettuati per i vostri ordini nel negozio online, abbiamo scelto i seguenti metodi di pagamento per i prodotti scelti:<\/p>\n<p>1) Tramite bonifico bancario: con bonifico sul seguente conto bancario:<br \/>Beneficiario: \u201cDUBAI DATES NUTRITION Ltd &amp;Co\u201d SL.<\/p>\n<p>IBAN BG24RZBB91551009758776<br \/>Banca: Raiffeisenbank SL &#8211; Bulgaria<br \/>BIC: RZBBBGSF<\/p>\n<p>Nella sezione CONCEPT del bonifico si prega di indicare il numero dell&#8217;ordine.<\/p>\n<p>I prodotti saranno spediti dopo aver registrato il pagamento sul nostro conto.<\/p>\n<p>* Le spese di bonifico sono a carico del cliente.<\/p>\n<p>2) PayPal<br \/>3) Pagamento con carta di credito o di debito.<\/p>\n<p><strong>Rimborsi<\/strong><br \/>En caso de un reembolso total o parcial a favor del Usuario por parte de la TIENDA, se realizar\u00e1n \u00fanicamente en la cuenta bancaria o de la tarjeta del cliente. En el caso de que el consumidor cancele el contrato, la TIENDA reembolsar\u00e1 todos los pagos recibidos, incluido el costo de la entrega (con la excepci\u00f3n de los costos adicionales asociados con la elecci\u00f3n de la entrega por parte del consumidor que no sea el m\u00e9todo de entrega est\u00e1ndar m\u00e1s econ\u00f3mico ofrecido por el vendedor) sin demoras indebidas, y en ning\u00fan caso m\u00e1s tarde de 14 d\u00edas despu\u00e9s de la fecha en que el consumidor informa a la TIENDA de su decisi\u00f3n de retirarse del contrato.<\/p>\n<p>&nbsp;<\/p>\n<\/div>\n<p><\/div>\n<p>[\/et_pb_text][\/et_pb_column][\/et_pb_row][\/et_pb_section]<\/p>\n","protected":false},"excerpt":{"rendered":"<p>Termini e condizioni generali I. DISPOSIZIONI GENERALI Il presente documento contiene i Termini e le Condizioni Generali, in base ai quali \u201cDUBAI DATES NUTRITION Ltd &amp;Co\u201d SL, con partita IVA: 205325957, sede legale e indirizzo: Bulgaria, citt\u00e0 di Burgas, casella postale 8000, zona Slaveykov, numero 42, ingresso 7, piano 6 effettua la vendita di beni [&hellip;]<\/p>\n","protected":false},"author":1,"featured_media":0,"parent":0,"menu_order":0,"comment_status":"closed","ping_status":"closed","template":"","meta":{"_acf_changed":false,"_et_pb_use_builder":"on","_et_pb_old_content":"","_et_gb_content_width":"","footnotes":""},"class_list":["post-1868","page","type-page","status-publish","hentry"],"acf":[],"yoast_head":"<!-- This site is optimized with the Yoast SEO plugin v26.9 - https:\/\/yoast.com\/product\/yoast-seo-wordpress\/ -->\n<title>Termini e condizioni generali - Dubai Dates Nutrition<\/title>\n<meta name=\"robots\" content=\"index, follow, max-snippet:-1, max-image-preview:large, max-video-preview:-1\" \/>\n<link rel=\"canonical\" href=\"https:\/\/dubaidatesnutrition.com\/condiciones-generales\" \/>\n<meta property=\"og:locale\" content=\"it_IT\" \/>\n<meta property=\"og:type\" content=\"article\" \/>\n<meta property=\"og:title\" content=\"Termini e condizioni generali - Dubai Dates Nutrition\" \/>\n<meta property=\"og:description\" content=\"Termini e condizioni generali I. DISPOSIZIONI GENERALI Il presente documento contiene i Termini e le Condizioni Generali, in base ai quali \u201cDUBAI DATES NUTRITION Ltd &amp;Co\u201d SL, con partita IVA: 205325957, sede legale e indirizzo: Bulgaria, citt\u00e0 di Burgas, casella postale 8000, zona Slaveykov, numero 42, ingresso 7, piano 6 effettua la vendita di beni [&hellip;]\" \/>\n<meta property=\"og:url\" content=\"https:\/\/dubaidatesnutrition.com\/condiciones-generales\" \/>\n<meta property=\"og:site_name\" content=\"Dubai Dates Nutrition\" \/>\n<meta name=\"twitter:card\" content=\"summary_large_image\" \/>\n<meta name=\"twitter:label1\" content=\"Tempo di lettura stimato\" \/>\n\t<meta name=\"twitter:data1\" content=\"6 minuti\" \/>\n<script type=\"application\/ld+json\" class=\"yoast-schema-graph\">{\"@context\":\"https:\/\/schema.org\",\"@graph\":[{\"@type\":\"WebPage\",\"@id\":\"https:\/\/dubaidatesnutrition.com\/condiciones-generales\",\"url\":\"https:\/\/dubaidatesnutrition.com\/condiciones-generales\",\"name\":\"Termini e condizioni generali - Dubai Dates Nutrition\",\"isPartOf\":{\"@id\":\"https:\/\/dubaidatesnutrition.com\/#website\"},\"datePublished\":\"2025-03-31T10:12:12+00:00\",\"breadcrumb\":{\"@id\":\"https:\/\/dubaidatesnutrition.com\/condiciones-generales#breadcrumb\"},\"inLanguage\":\"it-IT\",\"potentialAction\":[{\"@type\":\"ReadAction\",\"target\":[\"https:\/\/dubaidatesnutrition.com\/condiciones-generales\"]}]},{\"@type\":\"BreadcrumbList\",\"@id\":\"https:\/\/dubaidatesnutrition.com\/condiciones-generales#breadcrumb\",\"itemListElement\":[{\"@type\":\"ListItem\",\"position\":1,\"name\":\"Portada\",\"item\":\"https:\/\/dubaidatesnutrition.com\/\"},{\"@type\":\"ListItem\",\"position\":2,\"name\":\"Termini e condizioni generali\"}]},{\"@type\":\"WebSite\",\"@id\":\"https:\/\/dubaidatesnutrition.com\/#website\",\"url\":\"https:\/\/dubaidatesnutrition.com\/\",\"name\":\"Dubai Dates Nutrition\",\"description\":\"\",\"potentialAction\":[{\"@type\":\"SearchAction\",\"target\":{\"@type\":\"EntryPoint\",\"urlTemplate\":\"https:\/\/dubaidatesnutrition.com\/?s={search_term_string}\"},\"query-input\":{\"@type\":\"PropertyValueSpecification\",\"valueRequired\":true,\"valueName\":\"search_term_string\"}}],\"inLanguage\":\"it-IT\"}]}<\/script>\n<!-- \/ Yoast SEO plugin. -->","yoast_head_json":{"title":"Termini e condizioni generali - Dubai Dates Nutrition","robots":{"index":"index","follow":"follow","max-snippet":"max-snippet:-1","max-image-preview":"max-image-preview:large","max-video-preview":"max-video-preview:-1"},"canonical":"https:\/\/dubaidatesnutrition.com\/condiciones-generales","og_locale":"it_IT","og_type":"article","og_title":"Termini e condizioni generali - Dubai Dates Nutrition","og_description":"Termini e condizioni generali I. DISPOSIZIONI GENERALI Il presente documento contiene i Termini e le Condizioni Generali, in base ai quali \u201cDUBAI DATES NUTRITION Ltd &amp;Co\u201d SL, con partita IVA: 205325957, sede legale e indirizzo: Bulgaria, citt\u00e0 di Burgas, casella postale 8000, zona Slaveykov, numero 42, ingresso 7, piano 6 effettua la vendita di beni [&hellip;]","og_url":"https:\/\/dubaidatesnutrition.com\/condiciones-generales","og_site_name":"Dubai Dates Nutrition","twitter_card":"summary_large_image","twitter_misc":{"Tempo di lettura stimato":"6 minuti"},"schema":{"@context":"https:\/\/schema.org","@graph":[{"@type":"WebPage","@id":"https:\/\/dubaidatesnutrition.com\/condiciones-generales","url":"https:\/\/dubaidatesnutrition.com\/condiciones-generales","name":"Termini e condizioni generali - Dubai Dates Nutrition","isPartOf":{"@id":"https:\/\/dubaidatesnutrition.com\/#website"},"datePublished":"2025-03-31T10:12:12+00:00","breadcrumb":{"@id":"https:\/\/dubaidatesnutrition.com\/condiciones-generales#breadcrumb"},"inLanguage":"it-IT","potentialAction":[{"@type":"ReadAction","target":["https:\/\/dubaidatesnutrition.com\/condiciones-generales"]}]},{"@type":"BreadcrumbList","@id":"https:\/\/dubaidatesnutrition.com\/condiciones-generales#breadcrumb","itemListElement":[{"@type":"ListItem","position":1,"name":"Portada","item":"https:\/\/dubaidatesnutrition.com\/"},{"@type":"ListItem","position":2,"name":"Termini e condizioni generali"}]},{"@type":"WebSite","@id":"https:\/\/dubaidatesnutrition.com\/#website","url":"https:\/\/dubaidatesnutrition.com\/","name":"Dubai Dates Nutrition","description":"","potentialAction":[{"@type":"SearchAction","target":{"@type":"EntryPoint","urlTemplate":"https:\/\/dubaidatesnutrition.com\/?s={search_term_string}"},"query-input":{"@type":"PropertyValueSpecification","valueRequired":true,"valueName":"search_term_string"}}],"inLanguage":"it-IT"}]}},"_links":{"self":[{"href":"https:\/\/dubaidatesnutrition.com\/it\/wp-json\/wp\/v2\/pages\/1868","targetHints":{"allow":["GET"]}}],"collection":[{"href":"https:\/\/dubaidatesnutrition.com\/it\/wp-json\/wp\/v2\/pages"}],"about":[{"href":"https:\/\/dubaidatesnutrition.com\/it\/wp-json\/wp\/v2\/types\/page"}],"author":[{"embeddable":true,"href":"https:\/\/dubaidatesnutrition.com\/it\/wp-json\/wp\/v2\/users\/1"}],"replies":[{"embeddable":true,"href":"https:\/\/dubaidatesnutrition.com\/it\/wp-json\/wp\/v2\/comments?post=1868"}],"version-history":[{"count":2,"href":"https:\/\/dubaidatesnutrition.com\/it\/wp-json\/wp\/v2\/pages\/1868\/revisions"}],"predecessor-version":[{"id":1870,"href":"https:\/\/dubaidatesnutrition.com\/it\/wp-json\/wp\/v2\/pages\/1868\/revisions\/1870"}],"wp:attachment":[{"href":"https:\/\/dubaidatesnutrition.com\/it\/wp-json\/wp\/v2\/media?parent=1868"}],"curies":[{"name":"wp","href":"https:\/\/api.w.org\/{rel}","templated":true}]}}