{"id":2069,"date":"2025-03-27T13:01:32","date_gmt":"2025-03-27T13:01:32","guid":{"rendered":"https:\/\/dubaidatesnutrition.com\/producto\/eaa-500gr"},"modified":"2025-04-03T09:29:15","modified_gmt":"2025-04-03T09:29:15","slug":"eaa-500gr","status":"publish","type":"product","link":"https:\/\/dubaidatesnutrition.com\/it\/producto\/eaa-500gr","title":{"rendered":"EAA 500gr"},"content":{"rendered":"<p>&nbsp;<\/p>\n<p>&nbsp;<\/p>\n","protected":false},"excerpt":{"rendered":"<p>Gli \u201cEAA\u201d sono aminoacidi che l&#8217;organismo non \u00e8 in grado di sintetizzare da solo. Poich\u00e9 tutti gli aminoacidi devono essere presenti in quantit\u00e0 sufficiente nell&#8217;organismo per la formazione del tessuto muscolare, l&#8217;integrazione con gli EAA \u00e8 fortemente consigliata agli atleti. Per inciso, questo non vale solo per la fase di sviluppo muscolare: l&#8217;assunzione di aminoacidi \u00e8 importante anche come \u201cmisura di protezione muscolare\u201d in una fase di dieta. Altrimenti, soprattutto in caso di dieta, si rischia di bruciare non solo i grassi ma anche i muscoli per coprire il fabbisogno energetico. Per questo motivo una bevanda EAA pu\u00f2 essere bevuta anche poco prima o addirittura durante l&#8217;allenamento come bevanda intra-workout. T\u00e8 freddo al gusto di pesca contenente aminoacidi essenziali, vitamina B6 e vitamina B12 in polvere con edulcorante. La vitamina B6 contribuisce al normale metabolismo energetico e al normale metabolismo delle proteine e del glicogeno. La vitamina B12 contribuisce alla riduzione della stanchezza e dell&#8217;affaticamento e al normale funzionamento del sistema immunitario.<\/p>\n<p>&nbsp;<\/p>\n","protected":false},"featured_media":2660,"comment_status":"open","ping_status":"closed","template":"","meta":{"_acf_changed":false,"_et_pb_use_builder":"","_et_pb_old_content":"","_et_gb_content_width":""},"product_brand":[],"product_cat":[127,126],"product_tag":[],"class_list":{"0":"post-2069","1":"product","2":"type-product","3":"status-publish","4":"has-post-thumbnail","6":"product_cat-ganancia-de-musculo-it","7":"product_cat-suplementos-de-refuerzo-it","9":"first","10":"instock","11":"taxable","12":"shipping-taxable","13":"purchasable","14":"product-type-variable"},"acf":[],"yoast_head":"<!-- This site is optimized with the Yoast SEO plugin v26.9 - https:\/\/yoast.com\/product\/yoast-seo-wordpress\/ -->\n<title>EAA 500gr - Dubai Dates Nutrition<\/title>\n<meta name=\"robots\" content=\"index, follow, max-snippet:-1, max-image-preview:large, max-video-preview:-1\" \/>\n<link rel=\"canonical\" href=\"https:\/\/dubaidatesnutrition.com\/it\/producto\/eaa-500gr\" \/>\n<meta property=\"og:locale\" content=\"it_IT\" \/>\n<meta property=\"og:type\" content=\"article\" \/>\n<meta property=\"og:title\" content=\"EAA 500gr - Dubai Dates Nutrition\" \/>\n<meta property=\"og:description\" content=\"Gli \u201cEAA\u201d sono aminoacidi che l&#039;organismo non \u00e8 in grado di sintetizzare da solo. Poich\u00e9 tutti gli aminoacidi devono essere presenti in quantit\u00e0 sufficiente nell&#039;organismo per la formazione del tessuto muscolare, l&#039;integrazione con gli EAA \u00e8 fortemente consigliata agli atleti. Per inciso, questo non vale solo per la fase di sviluppo muscolare: l&#039;assunzione di aminoacidi \u00e8 importante anche come \u201cmisura di protezione muscolare\u201d in una fase di dieta. Altrimenti, soprattutto in caso di dieta, si rischia di bruciare non solo i grassi ma anche i muscoli per coprire il fabbisogno energetico. Per questo motivo una bevanda EAA pu\u00f2 essere bevuta anche poco prima o addirittura durante l&#039;allenamento come bevanda intra-workout. T\u00e8 freddo al gusto di pesca contenente aminoacidi essenziali, vitamina B6 e vitamina B12 in polvere con edulcorante. La vitamina B6 contribuisce al normale metabolismo energetico e al normale metabolismo delle proteine e del glicogeno. La vitamina B12 contribuisce alla riduzione della stanchezza e dell&#039;affaticamento e al normale funzionamento del sistema immunitario.  &nbsp;\" \/>\n<meta property=\"og:url\" content=\"https:\/\/dubaidatesnutrition.com\/it\/producto\/eaa-500gr\" \/>\n<meta property=\"og:site_name\" content=\"Dubai Dates Nutrition\" \/>\n<meta property=\"article:modified_time\" content=\"2025-04-03T09:29:15+00:00\" \/>\n<meta property=\"og:image\" content=\"https:\/\/dubaidatesnutrition.com\/wp-content\/uploads\/2025\/08\/DSC09099-scaled.jpg\" \/>\n\t<meta property=\"og:image:width\" content=\"1707\" \/>\n\t<meta property=\"og:image:height\" content=\"2560\" \/>\n\t<meta property=\"og:image:type\" content=\"image\/jpeg\" \/>\n<meta name=\"twitter:card\" content=\"summary_large_image\" \/>\n<script type=\"application\/ld+json\" class=\"yoast-schema-graph\">{\"@context\":\"https:\/\/schema.org\",\"@graph\":[{\"@type\":\"WebPage\",\"@id\":\"https:\/\/dubaidatesnutrition.com\/it\/producto\/eaa-500gr\",\"url\":\"https:\/\/dubaidatesnutrition.com\/it\/producto\/eaa-500gr\",\"name\":\"EAA 500gr - Dubai Dates Nutrition\",\"isPartOf\":{\"@id\":\"https:\/\/dubaidatesnutrition.com\/#website\"},\"primaryImageOfPage\":{\"@id\":\"https:\/\/dubaidatesnutrition.com\/it\/producto\/eaa-500gr#primaryimage\"},\"image\":{\"@id\":\"https:\/\/dubaidatesnutrition.com\/it\/producto\/eaa-500gr#primaryimage\"},\"thumbnailUrl\":\"https:\/\/dubaidatesnutrition.com\/wp-content\/uploads\/2025\/08\/DSC09099-scaled.jpg\",\"datePublished\":\"2025-03-27T13:01:32+00:00\",\"dateModified\":\"2025-04-03T09:29:15+00:00\",\"breadcrumb\":{\"@id\":\"https:\/\/dubaidatesnutrition.com\/it\/producto\/eaa-500gr#breadcrumb\"},\"inLanguage\":\"it-IT\",\"potentialAction\":[{\"@type\":\"ReadAction\",\"target\":[\"https:\/\/dubaidatesnutrition.com\/it\/producto\/eaa-500gr\"]}]},{\"@type\":\"ImageObject\",\"inLanguage\":\"it-IT\",\"@id\":\"https:\/\/dubaidatesnutrition.com\/it\/producto\/eaa-500gr#primaryimage\",\"url\":\"https:\/\/dubaidatesnutrition.com\/wp-content\/uploads\/2025\/08\/DSC09099-scaled.jpg\",\"contentUrl\":\"https:\/\/dubaidatesnutrition.com\/wp-content\/uploads\/2025\/08\/DSC09099-scaled.jpg\",\"width\":1707,\"height\":2560},{\"@type\":\"BreadcrumbList\",\"@id\":\"https:\/\/dubaidatesnutrition.com\/it\/producto\/eaa-500gr#breadcrumb\",\"itemListElement\":[{\"@type\":\"ListItem\",\"position\":1,\"name\":\"Portada\",\"item\":\"https:\/\/dubaidatesnutrition.com\/\"},{\"@type\":\"ListItem\",\"position\":2,\"name\":\"Tienda\",\"item\":\"https:\/\/dubaidatesnutrition.com\/tienda\"},{\"@type\":\"ListItem\",\"position\":3,\"name\":\"EAA 500gr\"}]},{\"@type\":\"WebSite\",\"@id\":\"https:\/\/dubaidatesnutrition.com\/#website\",\"url\":\"https:\/\/dubaidatesnutrition.com\/\",\"name\":\"Dubai Dates Nutrition\",\"description\":\"\",\"potentialAction\":[{\"@type\":\"SearchAction\",\"target\":{\"@type\":\"EntryPoint\",\"urlTemplate\":\"https:\/\/dubaidatesnutrition.com\/?s={search_term_string}\"},\"query-input\":{\"@type\":\"PropertyValueSpecification\",\"valueRequired\":true,\"valueName\":\"search_term_string\"}}],\"inLanguage\":\"it-IT\"}]}<\/script>\n<!-- \/ Yoast SEO plugin. -->","yoast_head_json":{"title":"EAA 500gr - Dubai Dates Nutrition","robots":{"index":"index","follow":"follow","max-snippet":"max-snippet:-1","max-image-preview":"max-image-preview:large","max-video-preview":"max-video-preview:-1"},"canonical":"https:\/\/dubaidatesnutrition.com\/it\/producto\/eaa-500gr","og_locale":"it_IT","og_type":"article","og_title":"EAA 500gr - Dubai Dates Nutrition","og_description":"Gli \u201cEAA\u201d sono aminoacidi che l'organismo non \u00e8 in grado di sintetizzare da solo. Poich\u00e9 tutti gli aminoacidi devono essere presenti in quantit\u00e0 sufficiente nell'organismo per la formazione del tessuto muscolare, l'integrazione con gli EAA \u00e8 fortemente consigliata agli atleti. Per inciso, questo non vale solo per la fase di sviluppo muscolare: l'assunzione di aminoacidi \u00e8 importante anche come \u201cmisura di protezione muscolare\u201d in una fase di dieta. Altrimenti, soprattutto in caso di dieta, si rischia di bruciare non solo i grassi ma anche i muscoli per coprire il fabbisogno energetico. Per questo motivo una bevanda EAA pu\u00f2 essere bevuta anche poco prima o addirittura durante l'allenamento come bevanda intra-workout. T\u00e8 freddo al gusto di pesca contenente aminoacidi essenziali, vitamina B6 e vitamina B12 in polvere con edulcorante. La vitamina B6 contribuisce al normale metabolismo energetico e al normale metabolismo delle proteine e del glicogeno. La vitamina B12 contribuisce alla riduzione della stanchezza e dell'affaticamento e al normale funzionamento del sistema immunitario.  &nbsp;","og_url":"https:\/\/dubaidatesnutrition.com\/it\/producto\/eaa-500gr","og_site_name":"Dubai Dates Nutrition","article_modified_time":"2025-04-03T09:29:15+00:00","og_image":[{"width":1707,"height":2560,"url":"https:\/\/dubaidatesnutrition.com\/wp-content\/uploads\/2025\/08\/DSC09099-scaled.jpg","type":"image\/jpeg"}],"twitter_card":"summary_large_image","schema":{"@context":"https:\/\/schema.org","@graph":[{"@type":"WebPage","@id":"https:\/\/dubaidatesnutrition.com\/it\/producto\/eaa-500gr","url":"https:\/\/dubaidatesnutrition.com\/it\/producto\/eaa-500gr","name":"EAA 500gr - Dubai Dates Nutrition","isPartOf":{"@id":"https:\/\/dubaidatesnutrition.com\/#website"},"primaryImageOfPage":{"@id":"https:\/\/dubaidatesnutrition.com\/it\/producto\/eaa-500gr#primaryimage"},"image":{"@id":"https:\/\/dubaidatesnutrition.com\/it\/producto\/eaa-500gr#primaryimage"},"thumbnailUrl":"https:\/\/dubaidatesnutrition.com\/wp-content\/uploads\/2025\/08\/DSC09099-scaled.jpg","datePublished":"2025-03-27T13:01:32+00:00","dateModified":"2025-04-03T09:29:15+00:00","breadcrumb":{"@id":"https:\/\/dubaidatesnutrition.com\/it\/producto\/eaa-500gr#breadcrumb"},"inLanguage":"it-IT","potentialAction":[{"@type":"ReadAction","target":["https:\/\/dubaidatesnutrition.com\/it\/producto\/eaa-500gr"]}]},{"@type":"ImageObject","inLanguage":"it-IT","@id":"https:\/\/dubaidatesnutrition.com\/it\/producto\/eaa-500gr#primaryimage","url":"https:\/\/dubaidatesnutrition.com\/wp-content\/uploads\/2025\/08\/DSC09099-scaled.jpg","contentUrl":"https:\/\/dubaidatesnutrition.com\/wp-content\/uploads\/2025\/08\/DSC09099-scaled.jpg","width":1707,"height":2560},{"@type":"BreadcrumbList","@id":"https:\/\/dubaidatesnutrition.com\/it\/producto\/eaa-500gr#breadcrumb","itemListElement":[{"@type":"ListItem","position":1,"name":"Portada","item":"https:\/\/dubaidatesnutrition.com\/"},{"@type":"ListItem","position":2,"name":"Tienda","item":"https:\/\/dubaidatesnutrition.com\/tienda"},{"@type":"ListItem","position":3,"name":"EAA 500gr"}]},{"@type":"WebSite","@id":"https:\/\/dubaidatesnutrition.com\/#website","url":"https:\/\/dubaidatesnutrition.com\/","name":"Dubai Dates Nutrition","description":"","potentialAction":[{"@type":"SearchAction","target":{"@type":"EntryPoint","urlTemplate":"https:\/\/dubaidatesnutrition.com\/?s={search_term_string}"},"query-input":{"@type":"PropertyValueSpecification","valueRequired":true,"valueName":"search_term_string"}}],"inLanguage":"it-IT"}]}},"_links":{"self":[{"href":"https:\/\/dubaidatesnutrition.com\/it\/wp-json\/wp\/v2\/product\/2069","targetHints":{"allow":["GET"]}}],"collection":[{"href":"https:\/\/dubaidatesnutrition.com\/it\/wp-json\/wp\/v2\/product"}],"about":[{"href":"https:\/\/dubaidatesnutrition.com\/it\/wp-json\/wp\/v2\/types\/product"}],"replies":[{"embeddable":true,"href":"https:\/\/dubaidatesnutrition.com\/it\/wp-json\/wp\/v2\/comments?post=2069"}],"wp:featuredmedia":[{"embeddable":true,"href":"https:\/\/dubaidatesnutrition.com\/it\/wp-json\/wp\/v2\/media\/2660"}],"wp:attachment":[{"href":"https:\/\/dubaidatesnutrition.com\/it\/wp-json\/wp\/v2\/media?parent=2069"}],"wp:term":[{"taxonomy":"product_brand","embeddable":true,"href":"https:\/\/dubaidatesnutrition.com\/it\/wp-json\/wp\/v2\/product_brand?post=2069"},{"taxonomy":"product_cat","embeddable":true,"href":"https:\/\/dubaidatesnutrition.com\/it\/wp-json\/wp\/v2\/product_cat?post=2069"},{"taxonomy":"product_tag","embeddable":true,"href":"https:\/\/dubaidatesnutrition.com\/it\/wp-json\/wp\/v2\/product_tag?post=2069"}],"curies":[{"name":"wp","href":"https:\/\/api.w.org\/{rel}","templated":true}]}}