{"id":2077,"date":"2025-03-27T13:25:35","date_gmt":"2025-03-27T13:25:35","guid":{"rendered":"https:\/\/dubaidatesnutrition.com\/producto\/dubai-dates-shaker"},"modified":"2025-04-01T11:35:39","modified_gmt":"2025-04-01T11:35:39","slug":"dubai-dates-shaker","status":"publish","type":"product","link":"https:\/\/dubaidatesnutrition.com\/it\/producto\/dubai-dates-shaker","title":{"rendered":"Dubai Dates Shaker"},"content":{"rendered":"","protected":false},"excerpt":{"rendered":"<p>Frullate i vostri frullati e le vostre bevande preferite in modo pratico ed efficiente con lo shaker Dubai Dates.<\/p>\n<p>Su dise\u00f1o de 600 ml de capacidad incluye una escala de medici\u00f3n en la parte posterior para mayor precisi\u00f3n y un tamiz acoplable que asegura mezclas suaves y sin grumos.<\/p>\n<p>Realizzata in plastica di alta qualit\u00e0, priva di BPA e DHE, \u00e8 sicura, resistente e lavabile in lavastoviglie, per cui \u00e8 facile da pulire. Perfetto da portare con s\u00e9 in palestra, in ufficio o ovunque sia necessario.<\/p>\n<p><strong>Materiale<\/strong>: Plastica sicura e resistente.<br \/>\n<strong>Dettagli<\/strong>: Design leggero, funzionale e privo di sostanze tossiche.<\/p>\n","protected":false},"featured_media":1687,"comment_status":"open","ping_status":"closed","template":"","meta":{"_acf_changed":false,"_et_pb_use_builder":"","_et_pb_old_content":"","_et_gb_content_width":""},"product_brand":[],"product_cat":[136],"product_tag":[],"class_list":{"0":"post-2077","1":"product","2":"type-product","3":"status-publish","4":"has-post-thumbnail","6":"product_cat-ropa-y-accesorios-it","8":"first","9":"instock","10":"taxable","11":"shipping-taxable","12":"purchasable","13":"product-type-simple"},"acf":[],"yoast_head":"<!-- This site is optimized with the Yoast SEO plugin v26.9 - https:\/\/yoast.com\/product\/yoast-seo-wordpress\/ -->\n<title>Dubai Dates Shaker - Dubai Dates Nutrition<\/title>\n<meta name=\"robots\" content=\"index, follow, max-snippet:-1, max-image-preview:large, max-video-preview:-1\" \/>\n<link rel=\"canonical\" href=\"https:\/\/dubaidatesnutrition.com\/producto\/shaker\" \/>\n<meta property=\"og:locale\" content=\"it_IT\" \/>\n<meta property=\"og:type\" content=\"article\" \/>\n<meta property=\"og:title\" content=\"Dubai Dates Shaker - Dubai Dates Nutrition\" \/>\n<meta property=\"og:description\" content=\"Frullate i vostri frullati e le vostre bevande preferite in modo pratico ed efficiente con lo shaker Dubai Dates. Su dise\u00f1o de 600 ml de capacidad incluye una escala de medici\u00f3n en la parte posterior para mayor precisi\u00f3n y un tamiz acoplable que asegura mezclas suaves y sin grumos. Realizzata in plastica di alta qualit\u00e0, priva di BPA e DHE, \u00e8 sicura, resistente e lavabile in lavastoviglie, per cui \u00e8 facile da pulire. Perfetto da portare con s\u00e9 in palestra, in ufficio o ovunque sia necessario. Materiale: Plastica sicura e resistente. Dettagli: Design leggero, funzionale e privo di sostanze tossiche.\" \/>\n<meta property=\"og:url\" content=\"https:\/\/dubaidatesnutrition.com\/producto\/shaker\" \/>\n<meta property=\"og:site_name\" content=\"Dubai Dates Nutrition\" \/>\n<meta property=\"article:modified_time\" content=\"2025-04-01T11:35:39+00:00\" \/>\n<meta property=\"og:image\" content=\"https:\/\/dubaidatesnutrition.com\/wp-content\/uploads\/2025\/03\/shaker1.png\" \/>\n\t<meta property=\"og:image:width\" content=\"591\" \/>\n\t<meta property=\"og:image:height\" content=\"591\" \/>\n\t<meta property=\"og:image:type\" content=\"image\/png\" \/>\n<meta name=\"twitter:card\" content=\"summary_large_image\" \/>\n<script type=\"application\/ld+json\" class=\"yoast-schema-graph\">{\"@context\":\"https:\/\/schema.org\",\"@graph\":[{\"@type\":\"WebPage\",\"@id\":\"https:\/\/dubaidatesnutrition.com\/producto\/shaker\",\"url\":\"https:\/\/dubaidatesnutrition.com\/producto\/shaker\",\"name\":\"Dubai Dates Shaker - Dubai Dates Nutrition\",\"isPartOf\":{\"@id\":\"https:\/\/dubaidatesnutrition.com\/#website\"},\"primaryImageOfPage\":{\"@id\":\"https:\/\/dubaidatesnutrition.com\/producto\/shaker#primaryimage\"},\"image\":{\"@id\":\"https:\/\/dubaidatesnutrition.com\/producto\/shaker#primaryimage\"},\"thumbnailUrl\":\"https:\/\/dubaidatesnutrition.com\/wp-content\/uploads\/2025\/03\/shaker1.png\",\"datePublished\":\"2025-03-27T13:25:35+00:00\",\"dateModified\":\"2025-04-01T11:35:39+00:00\",\"breadcrumb\":{\"@id\":\"https:\/\/dubaidatesnutrition.com\/producto\/shaker#breadcrumb\"},\"inLanguage\":\"it-IT\",\"potentialAction\":[{\"@type\":\"ReadAction\",\"target\":[\"https:\/\/dubaidatesnutrition.com\/producto\/shaker\"]}]},{\"@type\":\"ImageObject\",\"inLanguage\":\"it-IT\",\"@id\":\"https:\/\/dubaidatesnutrition.com\/producto\/shaker#primaryimage\",\"url\":\"https:\/\/dubaidatesnutrition.com\/wp-content\/uploads\/2025\/03\/shaker1.png\",\"contentUrl\":\"https:\/\/dubaidatesnutrition.com\/wp-content\/uploads\/2025\/03\/shaker1.png\",\"width\":591,\"height\":591},{\"@type\":\"BreadcrumbList\",\"@id\":\"https:\/\/dubaidatesnutrition.com\/producto\/shaker#breadcrumb\",\"itemListElement\":[{\"@type\":\"ListItem\",\"position\":1,\"name\":\"Portada\",\"item\":\"https:\/\/dubaidatesnutrition.com\/\"},{\"@type\":\"ListItem\",\"position\":2,\"name\":\"Tienda\",\"item\":\"https:\/\/dubaidatesnutrition.com\/tienda\"},{\"@type\":\"ListItem\",\"position\":3,\"name\":\"Dubai Dates Shaker\"}]},{\"@type\":\"WebSite\",\"@id\":\"https:\/\/dubaidatesnutrition.com\/#website\",\"url\":\"https:\/\/dubaidatesnutrition.com\/\",\"name\":\"Dubai Dates Nutrition\",\"description\":\"\",\"potentialAction\":[{\"@type\":\"SearchAction\",\"target\":{\"@type\":\"EntryPoint\",\"urlTemplate\":\"https:\/\/dubaidatesnutrition.com\/?s={search_term_string}\"},\"query-input\":{\"@type\":\"PropertyValueSpecification\",\"valueRequired\":true,\"valueName\":\"search_term_string\"}}],\"inLanguage\":\"it-IT\"}]}<\/script>\n<!-- \/ Yoast SEO plugin. -->","yoast_head_json":{"title":"Dubai Dates Shaker - Dubai Dates Nutrition","robots":{"index":"index","follow":"follow","max-snippet":"max-snippet:-1","max-image-preview":"max-image-preview:large","max-video-preview":"max-video-preview:-1"},"canonical":"https:\/\/dubaidatesnutrition.com\/producto\/shaker","og_locale":"it_IT","og_type":"article","og_title":"Dubai Dates Shaker - Dubai Dates Nutrition","og_description":"Frullate i vostri frullati e le vostre bevande preferite in modo pratico ed efficiente con lo shaker Dubai Dates. Su dise\u00f1o de 600 ml de capacidad incluye una escala de medici\u00f3n en la parte posterior para mayor precisi\u00f3n y un tamiz acoplable que asegura mezclas suaves y sin grumos. Realizzata in plastica di alta qualit\u00e0, priva di BPA e DHE, \u00e8 sicura, resistente e lavabile in lavastoviglie, per cui \u00e8 facile da pulire. Perfetto da portare con s\u00e9 in palestra, in ufficio o ovunque sia necessario. Materiale: Plastica sicura e resistente. Dettagli: Design leggero, funzionale e privo di sostanze tossiche.","og_url":"https:\/\/dubaidatesnutrition.com\/producto\/shaker","og_site_name":"Dubai Dates Nutrition","article_modified_time":"2025-04-01T11:35:39+00:00","og_image":[{"width":591,"height":591,"url":"https:\/\/dubaidatesnutrition.com\/wp-content\/uploads\/2025\/03\/shaker1.png","type":"image\/png"}],"twitter_card":"summary_large_image","schema":{"@context":"https:\/\/schema.org","@graph":[{"@type":"WebPage","@id":"https:\/\/dubaidatesnutrition.com\/producto\/shaker","url":"https:\/\/dubaidatesnutrition.com\/producto\/shaker","name":"Dubai Dates Shaker - Dubai Dates Nutrition","isPartOf":{"@id":"https:\/\/dubaidatesnutrition.com\/#website"},"primaryImageOfPage":{"@id":"https:\/\/dubaidatesnutrition.com\/producto\/shaker#primaryimage"},"image":{"@id":"https:\/\/dubaidatesnutrition.com\/producto\/shaker#primaryimage"},"thumbnailUrl":"https:\/\/dubaidatesnutrition.com\/wp-content\/uploads\/2025\/03\/shaker1.png","datePublished":"2025-03-27T13:25:35+00:00","dateModified":"2025-04-01T11:35:39+00:00","breadcrumb":{"@id":"https:\/\/dubaidatesnutrition.com\/producto\/shaker#breadcrumb"},"inLanguage":"it-IT","potentialAction":[{"@type":"ReadAction","target":["https:\/\/dubaidatesnutrition.com\/producto\/shaker"]}]},{"@type":"ImageObject","inLanguage":"it-IT","@id":"https:\/\/dubaidatesnutrition.com\/producto\/shaker#primaryimage","url":"https:\/\/dubaidatesnutrition.com\/wp-content\/uploads\/2025\/03\/shaker1.png","contentUrl":"https:\/\/dubaidatesnutrition.com\/wp-content\/uploads\/2025\/03\/shaker1.png","width":591,"height":591},{"@type":"BreadcrumbList","@id":"https:\/\/dubaidatesnutrition.com\/producto\/shaker#breadcrumb","itemListElement":[{"@type":"ListItem","position":1,"name":"Portada","item":"https:\/\/dubaidatesnutrition.com\/"},{"@type":"ListItem","position":2,"name":"Tienda","item":"https:\/\/dubaidatesnutrition.com\/tienda"},{"@type":"ListItem","position":3,"name":"Dubai Dates Shaker"}]},{"@type":"WebSite","@id":"https:\/\/dubaidatesnutrition.com\/#website","url":"https:\/\/dubaidatesnutrition.com\/","name":"Dubai Dates Nutrition","description":"","potentialAction":[{"@type":"SearchAction","target":{"@type":"EntryPoint","urlTemplate":"https:\/\/dubaidatesnutrition.com\/?s={search_term_string}"},"query-input":{"@type":"PropertyValueSpecification","valueRequired":true,"valueName":"search_term_string"}}],"inLanguage":"it-IT"}]}},"_links":{"self":[{"href":"https:\/\/dubaidatesnutrition.com\/it\/wp-json\/wp\/v2\/product\/2077","targetHints":{"allow":["GET"]}}],"collection":[{"href":"https:\/\/dubaidatesnutrition.com\/it\/wp-json\/wp\/v2\/product"}],"about":[{"href":"https:\/\/dubaidatesnutrition.com\/it\/wp-json\/wp\/v2\/types\/product"}],"replies":[{"embeddable":true,"href":"https:\/\/dubaidatesnutrition.com\/it\/wp-json\/wp\/v2\/comments?post=2077"}],"wp:featuredmedia":[{"embeddable":true,"href":"https:\/\/dubaidatesnutrition.com\/it\/wp-json\/wp\/v2\/media\/1687"}],"wp:attachment":[{"href":"https:\/\/dubaidatesnutrition.com\/it\/wp-json\/wp\/v2\/media?parent=2077"}],"wp:term":[{"taxonomy":"product_brand","embeddable":true,"href":"https:\/\/dubaidatesnutrition.com\/it\/wp-json\/wp\/v2\/product_brand?post=2077"},{"taxonomy":"product_cat","embeddable":true,"href":"https:\/\/dubaidatesnutrition.com\/it\/wp-json\/wp\/v2\/product_cat?post=2077"},{"taxonomy":"product_tag","embeddable":true,"href":"https:\/\/dubaidatesnutrition.com\/it\/wp-json\/wp\/v2\/product_tag?post=2077"}],"curies":[{"name":"wp","href":"https:\/\/api.w.org\/{rel}","templated":true}]}}