{"id":2099,"date":"2025-03-26T11:42:14","date_gmt":"2025-03-26T11:42:14","guid":{"rendered":"https:\/\/dubaidatesnutrition.com\/producto\/whey-isolate-1kg"},"modified":"2025-04-02T15:53:09","modified_gmt":"2025-04-02T15:53:09","slug":"whey-isolate-1kg","status":"publish","type":"product","link":"https:\/\/dubaidatesnutrition.com\/it\/producto\/whey-isolate-1kg","title":{"rendered":"Whey Isolate 1kg"},"content":{"rendered":"","protected":false},"excerpt":{"rendered":"<p>Le proteine isolate del siero di latte forniscono ingredienti biologicamente attivi che rafforzano il sistema immunitario. Grazie alle sue proteine all&#8217;avanguardia, fornisce una biodisponibilit\u00e0 immediata, rendendole le proteine pi\u00f9 digeribili sul mercato. In generale, le proteine isolate del siero di latte hanno una percentuale di proteine pi\u00f9 elevata rispetto alle proteine concentrate del siero di latte, il che significa anche che le proteine isolate contengono meno zuccheri (compreso il lattosio) e grassi. Le proteine alimentari sono fonti di azoto e di aminoacidi essenziali di cui l&#8217;organismo ha bisogno per la crescita e il mantenimento dei tessuti. Realizzato con FONTERRA, il principale produttore mondiale di proteine del latte. Con oltre 30 anni di ricerca e valutazione per ottenere le proteine migliori e di pi\u00f9 alta qualit\u00e0. Queste proteine vengono sottoposte al processo di separazione mediante membrane di microfiltrazione a flusso incrociato (CFM), ottenendo PROTEINE con un&#8217;alta percentuale di proteine per porzione.<\/p>\n","protected":false},"featured_media":2612,"comment_status":"open","ping_status":"closed","template":"","meta":{"_acf_changed":false,"_et_pb_use_builder":"","_et_pb_old_content":"","_et_gb_content_width":""},"product_brand":[],"product_cat":[127,125],"product_tag":[],"class_list":{"0":"post-2099","1":"product","2":"type-product","3":"status-publish","4":"has-post-thumbnail","6":"product_cat-ganancia-de-musculo-it","7":"product_cat-proteinas-it","9":"first","10":"instock","11":"taxable","12":"shipping-taxable","13":"purchasable","14":"product-type-variable"},"acf":[],"yoast_head":"<!-- This site is optimized with the Yoast SEO plugin v26.9 - https:\/\/yoast.com\/product\/yoast-seo-wordpress\/ -->\n<title>Whey Isolate 1kg - Dubai Dates Nutrition<\/title>\n<meta name=\"robots\" content=\"index, follow, max-snippet:-1, max-image-preview:large, max-video-preview:-1\" \/>\n<link rel=\"canonical\" href=\"https:\/\/dubaidatesnutrition.com\/it\/producto\/whey-isolate-1kg\" \/>\n<meta property=\"og:locale\" content=\"it_IT\" \/>\n<meta property=\"og:type\" content=\"article\" \/>\n<meta property=\"og:title\" content=\"Whey Isolate 1kg - Dubai Dates Nutrition\" \/>\n<meta property=\"og:description\" content=\"Le proteine isolate del siero di latte forniscono ingredienti biologicamente attivi che rafforzano il sistema immunitario. Grazie alle sue proteine all&#039;avanguardia, fornisce una biodisponibilit\u00e0 immediata, rendendole le proteine pi\u00f9 digeribili sul mercato. In generale, le proteine isolate del siero di latte hanno una percentuale di proteine pi\u00f9 elevata rispetto alle proteine concentrate del siero di latte, il che significa anche che le proteine isolate contengono meno zuccheri (compreso il lattosio) e grassi. Le proteine alimentari sono fonti di azoto e di aminoacidi essenziali di cui l&#039;organismo ha bisogno per la crescita e il mantenimento dei tessuti. Realizzato con FONTERRA, il principale produttore mondiale di proteine del latte. Con oltre 30 anni di ricerca e valutazione per ottenere le proteine migliori e di pi\u00f9 alta qualit\u00e0. Queste proteine vengono sottoposte al processo di separazione mediante membrane di microfiltrazione a flusso incrociato (CFM), ottenendo PROTEINE con un&#039;alta percentuale di proteine per porzione.\" \/>\n<meta property=\"og:url\" content=\"https:\/\/dubaidatesnutrition.com\/it\/producto\/whey-isolate-1kg\" \/>\n<meta property=\"og:site_name\" content=\"Dubai Dates Nutrition\" \/>\n<meta property=\"article:modified_time\" content=\"2025-04-02T15:53:09+00:00\" \/>\n<meta property=\"og:image\" content=\"https:\/\/dubaidatesnutrition.com\/wp-content\/uploads\/2025\/08\/DSC09116-scaled.jpg\" \/>\n\t<meta property=\"og:image:width\" content=\"1707\" \/>\n\t<meta property=\"og:image:height\" content=\"2560\" \/>\n\t<meta property=\"og:image:type\" content=\"image\/jpeg\" \/>\n<meta name=\"twitter:card\" content=\"summary_large_image\" \/>\n<script type=\"application\/ld+json\" class=\"yoast-schema-graph\">{\"@context\":\"https:\/\/schema.org\",\"@graph\":[{\"@type\":\"WebPage\",\"@id\":\"https:\/\/dubaidatesnutrition.com\/it\/producto\/whey-isolate-1kg\",\"url\":\"https:\/\/dubaidatesnutrition.com\/it\/producto\/whey-isolate-1kg\",\"name\":\"Whey Isolate 1kg - Dubai Dates Nutrition\",\"isPartOf\":{\"@id\":\"https:\/\/dubaidatesnutrition.com\/#website\"},\"primaryImageOfPage\":{\"@id\":\"https:\/\/dubaidatesnutrition.com\/it\/producto\/whey-isolate-1kg#primaryimage\"},\"image\":{\"@id\":\"https:\/\/dubaidatesnutrition.com\/it\/producto\/whey-isolate-1kg#primaryimage\"},\"thumbnailUrl\":\"https:\/\/dubaidatesnutrition.com\/wp-content\/uploads\/2025\/08\/DSC09116-scaled.jpg\",\"datePublished\":\"2025-03-26T11:42:14+00:00\",\"dateModified\":\"2025-04-02T15:53:09+00:00\",\"breadcrumb\":{\"@id\":\"https:\/\/dubaidatesnutrition.com\/it\/producto\/whey-isolate-1kg#breadcrumb\"},\"inLanguage\":\"it-IT\",\"potentialAction\":[{\"@type\":\"ReadAction\",\"target\":[\"https:\/\/dubaidatesnutrition.com\/it\/producto\/whey-isolate-1kg\"]}]},{\"@type\":\"ImageObject\",\"inLanguage\":\"it-IT\",\"@id\":\"https:\/\/dubaidatesnutrition.com\/it\/producto\/whey-isolate-1kg#primaryimage\",\"url\":\"https:\/\/dubaidatesnutrition.com\/wp-content\/uploads\/2025\/08\/DSC09116-scaled.jpg\",\"contentUrl\":\"https:\/\/dubaidatesnutrition.com\/wp-content\/uploads\/2025\/08\/DSC09116-scaled.jpg\",\"width\":1707,\"height\":2560},{\"@type\":\"BreadcrumbList\",\"@id\":\"https:\/\/dubaidatesnutrition.com\/it\/producto\/whey-isolate-1kg#breadcrumb\",\"itemListElement\":[{\"@type\":\"ListItem\",\"position\":1,\"name\":\"Portada\",\"item\":\"https:\/\/dubaidatesnutrition.com\/\"},{\"@type\":\"ListItem\",\"position\":2,\"name\":\"Tienda\",\"item\":\"https:\/\/dubaidatesnutrition.com\/tienda\"},{\"@type\":\"ListItem\",\"position\":3,\"name\":\"Whey Isolate 1kg\"}]},{\"@type\":\"WebSite\",\"@id\":\"https:\/\/dubaidatesnutrition.com\/#website\",\"url\":\"https:\/\/dubaidatesnutrition.com\/\",\"name\":\"Dubai Dates Nutrition\",\"description\":\"\",\"potentialAction\":[{\"@type\":\"SearchAction\",\"target\":{\"@type\":\"EntryPoint\",\"urlTemplate\":\"https:\/\/dubaidatesnutrition.com\/?s={search_term_string}\"},\"query-input\":{\"@type\":\"PropertyValueSpecification\",\"valueRequired\":true,\"valueName\":\"search_term_string\"}}],\"inLanguage\":\"it-IT\"}]}<\/script>\n<!-- \/ Yoast SEO plugin. -->","yoast_head_json":{"title":"Whey Isolate 1kg - Dubai Dates Nutrition","robots":{"index":"index","follow":"follow","max-snippet":"max-snippet:-1","max-image-preview":"max-image-preview:large","max-video-preview":"max-video-preview:-1"},"canonical":"https:\/\/dubaidatesnutrition.com\/it\/producto\/whey-isolate-1kg","og_locale":"it_IT","og_type":"article","og_title":"Whey Isolate 1kg - Dubai Dates Nutrition","og_description":"Le proteine isolate del siero di latte forniscono ingredienti biologicamente attivi che rafforzano il sistema immunitario. Grazie alle sue proteine all'avanguardia, fornisce una biodisponibilit\u00e0 immediata, rendendole le proteine pi\u00f9 digeribili sul mercato. In generale, le proteine isolate del siero di latte hanno una percentuale di proteine pi\u00f9 elevata rispetto alle proteine concentrate del siero di latte, il che significa anche che le proteine isolate contengono meno zuccheri (compreso il lattosio) e grassi. Le proteine alimentari sono fonti di azoto e di aminoacidi essenziali di cui l'organismo ha bisogno per la crescita e il mantenimento dei tessuti. Realizzato con FONTERRA, il principale produttore mondiale di proteine del latte. Con oltre 30 anni di ricerca e valutazione per ottenere le proteine migliori e di pi\u00f9 alta qualit\u00e0. Queste proteine vengono sottoposte al processo di separazione mediante membrane di microfiltrazione a flusso incrociato (CFM), ottenendo PROTEINE con un'alta percentuale di proteine per porzione.","og_url":"https:\/\/dubaidatesnutrition.com\/it\/producto\/whey-isolate-1kg","og_site_name":"Dubai Dates Nutrition","article_modified_time":"2025-04-02T15:53:09+00:00","og_image":[{"width":1707,"height":2560,"url":"https:\/\/dubaidatesnutrition.com\/wp-content\/uploads\/2025\/08\/DSC09116-scaled.jpg","type":"image\/jpeg"}],"twitter_card":"summary_large_image","schema":{"@context":"https:\/\/schema.org","@graph":[{"@type":"WebPage","@id":"https:\/\/dubaidatesnutrition.com\/it\/producto\/whey-isolate-1kg","url":"https:\/\/dubaidatesnutrition.com\/it\/producto\/whey-isolate-1kg","name":"Whey Isolate 1kg - Dubai Dates Nutrition","isPartOf":{"@id":"https:\/\/dubaidatesnutrition.com\/#website"},"primaryImageOfPage":{"@id":"https:\/\/dubaidatesnutrition.com\/it\/producto\/whey-isolate-1kg#primaryimage"},"image":{"@id":"https:\/\/dubaidatesnutrition.com\/it\/producto\/whey-isolate-1kg#primaryimage"},"thumbnailUrl":"https:\/\/dubaidatesnutrition.com\/wp-content\/uploads\/2025\/08\/DSC09116-scaled.jpg","datePublished":"2025-03-26T11:42:14+00:00","dateModified":"2025-04-02T15:53:09+00:00","breadcrumb":{"@id":"https:\/\/dubaidatesnutrition.com\/it\/producto\/whey-isolate-1kg#breadcrumb"},"inLanguage":"it-IT","potentialAction":[{"@type":"ReadAction","target":["https:\/\/dubaidatesnutrition.com\/it\/producto\/whey-isolate-1kg"]}]},{"@type":"ImageObject","inLanguage":"it-IT","@id":"https:\/\/dubaidatesnutrition.com\/it\/producto\/whey-isolate-1kg#primaryimage","url":"https:\/\/dubaidatesnutrition.com\/wp-content\/uploads\/2025\/08\/DSC09116-scaled.jpg","contentUrl":"https:\/\/dubaidatesnutrition.com\/wp-content\/uploads\/2025\/08\/DSC09116-scaled.jpg","width":1707,"height":2560},{"@type":"BreadcrumbList","@id":"https:\/\/dubaidatesnutrition.com\/it\/producto\/whey-isolate-1kg#breadcrumb","itemListElement":[{"@type":"ListItem","position":1,"name":"Portada","item":"https:\/\/dubaidatesnutrition.com\/"},{"@type":"ListItem","position":2,"name":"Tienda","item":"https:\/\/dubaidatesnutrition.com\/tienda"},{"@type":"ListItem","position":3,"name":"Whey Isolate 1kg"}]},{"@type":"WebSite","@id":"https:\/\/dubaidatesnutrition.com\/#website","url":"https:\/\/dubaidatesnutrition.com\/","name":"Dubai Dates Nutrition","description":"","potentialAction":[{"@type":"SearchAction","target":{"@type":"EntryPoint","urlTemplate":"https:\/\/dubaidatesnutrition.com\/?s={search_term_string}"},"query-input":{"@type":"PropertyValueSpecification","valueRequired":true,"valueName":"search_term_string"}}],"inLanguage":"it-IT"}]}},"_links":{"self":[{"href":"https:\/\/dubaidatesnutrition.com\/it\/wp-json\/wp\/v2\/product\/2099","targetHints":{"allow":["GET"]}}],"collection":[{"href":"https:\/\/dubaidatesnutrition.com\/it\/wp-json\/wp\/v2\/product"}],"about":[{"href":"https:\/\/dubaidatesnutrition.com\/it\/wp-json\/wp\/v2\/types\/product"}],"replies":[{"embeddable":true,"href":"https:\/\/dubaidatesnutrition.com\/it\/wp-json\/wp\/v2\/comments?post=2099"}],"wp:featuredmedia":[{"embeddable":true,"href":"https:\/\/dubaidatesnutrition.com\/it\/wp-json\/wp\/v2\/media\/2612"}],"wp:attachment":[{"href":"https:\/\/dubaidatesnutrition.com\/it\/wp-json\/wp\/v2\/media?parent=2099"}],"wp:term":[{"taxonomy":"product_brand","embeddable":true,"href":"https:\/\/dubaidatesnutrition.com\/it\/wp-json\/wp\/v2\/product_brand?post=2099"},{"taxonomy":"product_cat","embeddable":true,"href":"https:\/\/dubaidatesnutrition.com\/it\/wp-json\/wp\/v2\/product_cat?post=2099"},{"taxonomy":"product_tag","embeddable":true,"href":"https:\/\/dubaidatesnutrition.com\/it\/wp-json\/wp\/v2\/product_tag?post=2099"}],"curies":[{"name":"wp","href":"https:\/\/api.w.org\/{rel}","templated":true}]}}