{"id":2758,"date":"2025-10-01T13:45:55","date_gmt":"2025-10-01T13:45:55","guid":{"rendered":"https:\/\/dubaidatesnutrition.com\/producto\/bruciagrassi"},"modified":"2025-10-02T07:19:04","modified_gmt":"2025-10-02T07:19:04","slug":"bruciagrassi","status":"publish","type":"product","link":"https:\/\/dubaidatesnutrition.com\/it\/producto\/bruciagrassi","title":{"rendered":"Bruciagrassi"},"content":{"rendered":"","protected":false},"excerpt":{"rendered":"<p>Aiuta a ridurre le riserve di grasso grazie a una potente formula termogenica e lipotropica: i suoi ingredienti lipotropici mobilitano il grasso e ne facilitano l&#8217;eliminazione, mentre i suoi ingredienti termogenici con effetti stimolanti accelerano la combustione dei grassi. Questo si traduce in un aumento di energia, resistenza e definizione muscolare.<\/p>\n<p><strong>La nostra formula con ingredienti scientificamente provati:<\/strong><br \/>\nCitrus Aurantium<br \/>\nGarcinia Cambogia<br \/>\nL-Carnitina<br \/>\nCaffeina<br \/>\nTaurina<\/p>\n<p>E con tecnologia all&#8217;avanguardia applicata. Tutto ci\u00f2 di cui hai bisogno \u00e8 la tua forza di volont\u00e0 per raggiungere il tuo obiettivo.<\/p>\n","protected":false},"featured_media":2756,"comment_status":"open","ping_status":"closed","template":"","meta":{"_acf_changed":false,"_et_pb_use_builder":"","_et_pb_old_content":"","_et_gb_content_width":""},"product_brand":[],"product_cat":[158],"product_tag":[],"class_list":{"0":"post-2758","1":"product","2":"type-product","3":"status-publish","4":"has-post-thumbnail","6":"product_cat-perdida-de-peso-it","8":"first","9":"instock","10":"taxable","11":"shipping-taxable","12":"purchasable","13":"product-type-simple"},"acf":[],"yoast_head":"<!-- This site is optimized with the Yoast SEO plugin v26.9 - https:\/\/yoast.com\/product\/yoast-seo-wordpress\/ -->\n<title>Bruciagrassi - Dubai Dates Nutrition<\/title>\n<meta name=\"robots\" content=\"index, follow, max-snippet:-1, max-image-preview:large, max-video-preview:-1\" \/>\n<link rel=\"canonical\" href=\"https:\/\/dubaidatesnutrition.com\/it\/producto\/bruciagrassi\" \/>\n<meta property=\"og:locale\" content=\"it_IT\" \/>\n<meta property=\"og:type\" content=\"article\" \/>\n<meta property=\"og:title\" content=\"Bruciagrassi - Dubai Dates Nutrition\" \/>\n<meta property=\"og:description\" content=\"Aiuta a ridurre le riserve di grasso grazie a una potente formula termogenica e lipotropica: i suoi ingredienti lipotropici mobilitano il grasso e ne facilitano l&#039;eliminazione, mentre i suoi ingredienti termogenici con effetti stimolanti accelerano la combustione dei grassi. Questo si traduce in un aumento di energia, resistenza e definizione muscolare.  La nostra formula con ingredienti scientificamente provati: Citrus Aurantium Garcinia Cambogia L-Carnitina Caffeina Taurina  E con tecnologia all&#039;avanguardia applicata. Tutto ci\u00f2 di cui hai bisogno \u00e8 la tua forza di volont\u00e0 per raggiungere il tuo obiettivo.\" \/>\n<meta property=\"og:url\" content=\"https:\/\/dubaidatesnutrition.com\/it\/producto\/bruciagrassi\" \/>\n<meta property=\"og:site_name\" content=\"Dubai Dates Nutrition\" \/>\n<meta property=\"article:modified_time\" content=\"2025-10-02T07:19:04+00:00\" \/>\n<meta property=\"og:image\" content=\"https:\/\/dubaidatesnutrition.com\/wp-content\/uploads\/2025\/10\/IMG_8393.jpg\" \/>\n\t<meta property=\"og:image:width\" content=\"1066\" \/>\n\t<meta property=\"og:image:height\" content=\"1600\" \/>\n\t<meta property=\"og:image:type\" content=\"image\/jpeg\" \/>\n<meta name=\"twitter:card\" content=\"summary_large_image\" \/>\n<meta name=\"twitter:label1\" content=\"Tempo di lettura stimato\" \/>\n\t<meta name=\"twitter:data1\" content=\"1 minuto\" \/>\n<script type=\"application\/ld+json\" class=\"yoast-schema-graph\">{\"@context\":\"https:\/\/schema.org\",\"@graph\":[{\"@type\":\"WebPage\",\"@id\":\"https:\/\/dubaidatesnutrition.com\/it\/producto\/bruciagrassi\",\"url\":\"https:\/\/dubaidatesnutrition.com\/it\/producto\/bruciagrassi\",\"name\":\"Bruciagrassi - Dubai Dates Nutrition\",\"isPartOf\":{\"@id\":\"https:\/\/dubaidatesnutrition.com\/#website\"},\"primaryImageOfPage\":{\"@id\":\"https:\/\/dubaidatesnutrition.com\/it\/producto\/bruciagrassi#primaryimage\"},\"image\":{\"@id\":\"https:\/\/dubaidatesnutrition.com\/it\/producto\/bruciagrassi#primaryimage\"},\"thumbnailUrl\":\"https:\/\/dubaidatesnutrition.com\/wp-content\/uploads\/2025\/10\/IMG_8393.jpg\",\"datePublished\":\"2025-10-01T13:45:55+00:00\",\"dateModified\":\"2025-10-02T07:19:04+00:00\",\"breadcrumb\":{\"@id\":\"https:\/\/dubaidatesnutrition.com\/it\/producto\/bruciagrassi#breadcrumb\"},\"inLanguage\":\"it-IT\",\"potentialAction\":[{\"@type\":\"ReadAction\",\"target\":[\"https:\/\/dubaidatesnutrition.com\/it\/producto\/bruciagrassi\"]}]},{\"@type\":\"ImageObject\",\"inLanguage\":\"it-IT\",\"@id\":\"https:\/\/dubaidatesnutrition.com\/it\/producto\/bruciagrassi#primaryimage\",\"url\":\"https:\/\/dubaidatesnutrition.com\/wp-content\/uploads\/2025\/10\/IMG_8393.jpg\",\"contentUrl\":\"https:\/\/dubaidatesnutrition.com\/wp-content\/uploads\/2025\/10\/IMG_8393.jpg\",\"width\":1066,\"height\":1600},{\"@type\":\"BreadcrumbList\",\"@id\":\"https:\/\/dubaidatesnutrition.com\/it\/producto\/bruciagrassi#breadcrumb\",\"itemListElement\":[{\"@type\":\"ListItem\",\"position\":1,\"name\":\"Portada\",\"item\":\"https:\/\/dubaidatesnutrition.com\/\"},{\"@type\":\"ListItem\",\"position\":2,\"name\":\"Tienda\",\"item\":\"https:\/\/dubaidatesnutrition.com\/tienda\"},{\"@type\":\"ListItem\",\"position\":3,\"name\":\"Bruciagrassi\"}]},{\"@type\":\"WebSite\",\"@id\":\"https:\/\/dubaidatesnutrition.com\/#website\",\"url\":\"https:\/\/dubaidatesnutrition.com\/\",\"name\":\"Dubai Dates Nutrition\",\"description\":\"\",\"potentialAction\":[{\"@type\":\"SearchAction\",\"target\":{\"@type\":\"EntryPoint\",\"urlTemplate\":\"https:\/\/dubaidatesnutrition.com\/?s={search_term_string}\"},\"query-input\":{\"@type\":\"PropertyValueSpecification\",\"valueRequired\":true,\"valueName\":\"search_term_string\"}}],\"inLanguage\":\"it-IT\"}]}<\/script>\n<!-- \/ Yoast SEO plugin. -->","yoast_head_json":{"title":"Bruciagrassi - Dubai Dates Nutrition","robots":{"index":"index","follow":"follow","max-snippet":"max-snippet:-1","max-image-preview":"max-image-preview:large","max-video-preview":"max-video-preview:-1"},"canonical":"https:\/\/dubaidatesnutrition.com\/it\/producto\/bruciagrassi","og_locale":"it_IT","og_type":"article","og_title":"Bruciagrassi - Dubai Dates Nutrition","og_description":"Aiuta a ridurre le riserve di grasso grazie a una potente formula termogenica e lipotropica: i suoi ingredienti lipotropici mobilitano il grasso e ne facilitano l'eliminazione, mentre i suoi ingredienti termogenici con effetti stimolanti accelerano la combustione dei grassi. Questo si traduce in un aumento di energia, resistenza e definizione muscolare.  La nostra formula con ingredienti scientificamente provati: Citrus Aurantium Garcinia Cambogia L-Carnitina Caffeina Taurina  E con tecnologia all'avanguardia applicata. Tutto ci\u00f2 di cui hai bisogno \u00e8 la tua forza di volont\u00e0 per raggiungere il tuo obiettivo.","og_url":"https:\/\/dubaidatesnutrition.com\/it\/producto\/bruciagrassi","og_site_name":"Dubai Dates Nutrition","article_modified_time":"2025-10-02T07:19:04+00:00","og_image":[{"width":1066,"height":1600,"url":"https:\/\/dubaidatesnutrition.com\/wp-content\/uploads\/2025\/10\/IMG_8393.jpg","type":"image\/jpeg"}],"twitter_card":"summary_large_image","twitter_misc":{"Tempo di lettura stimato":"1 minuto"},"schema":{"@context":"https:\/\/schema.org","@graph":[{"@type":"WebPage","@id":"https:\/\/dubaidatesnutrition.com\/it\/producto\/bruciagrassi","url":"https:\/\/dubaidatesnutrition.com\/it\/producto\/bruciagrassi","name":"Bruciagrassi - Dubai Dates Nutrition","isPartOf":{"@id":"https:\/\/dubaidatesnutrition.com\/#website"},"primaryImageOfPage":{"@id":"https:\/\/dubaidatesnutrition.com\/it\/producto\/bruciagrassi#primaryimage"},"image":{"@id":"https:\/\/dubaidatesnutrition.com\/it\/producto\/bruciagrassi#primaryimage"},"thumbnailUrl":"https:\/\/dubaidatesnutrition.com\/wp-content\/uploads\/2025\/10\/IMG_8393.jpg","datePublished":"2025-10-01T13:45:55+00:00","dateModified":"2025-10-02T07:19:04+00:00","breadcrumb":{"@id":"https:\/\/dubaidatesnutrition.com\/it\/producto\/bruciagrassi#breadcrumb"},"inLanguage":"it-IT","potentialAction":[{"@type":"ReadAction","target":["https:\/\/dubaidatesnutrition.com\/it\/producto\/bruciagrassi"]}]},{"@type":"ImageObject","inLanguage":"it-IT","@id":"https:\/\/dubaidatesnutrition.com\/it\/producto\/bruciagrassi#primaryimage","url":"https:\/\/dubaidatesnutrition.com\/wp-content\/uploads\/2025\/10\/IMG_8393.jpg","contentUrl":"https:\/\/dubaidatesnutrition.com\/wp-content\/uploads\/2025\/10\/IMG_8393.jpg","width":1066,"height":1600},{"@type":"BreadcrumbList","@id":"https:\/\/dubaidatesnutrition.com\/it\/producto\/bruciagrassi#breadcrumb","itemListElement":[{"@type":"ListItem","position":1,"name":"Portada","item":"https:\/\/dubaidatesnutrition.com\/"},{"@type":"ListItem","position":2,"name":"Tienda","item":"https:\/\/dubaidatesnutrition.com\/tienda"},{"@type":"ListItem","position":3,"name":"Bruciagrassi"}]},{"@type":"WebSite","@id":"https:\/\/dubaidatesnutrition.com\/#website","url":"https:\/\/dubaidatesnutrition.com\/","name":"Dubai Dates Nutrition","description":"","potentialAction":[{"@type":"SearchAction","target":{"@type":"EntryPoint","urlTemplate":"https:\/\/dubaidatesnutrition.com\/?s={search_term_string}"},"query-input":{"@type":"PropertyValueSpecification","valueRequired":true,"valueName":"search_term_string"}}],"inLanguage":"it-IT"}]}},"_links":{"self":[{"href":"https:\/\/dubaidatesnutrition.com\/it\/wp-json\/wp\/v2\/product\/2758","targetHints":{"allow":["GET"]}}],"collection":[{"href":"https:\/\/dubaidatesnutrition.com\/it\/wp-json\/wp\/v2\/product"}],"about":[{"href":"https:\/\/dubaidatesnutrition.com\/it\/wp-json\/wp\/v2\/types\/product"}],"replies":[{"embeddable":true,"href":"https:\/\/dubaidatesnutrition.com\/it\/wp-json\/wp\/v2\/comments?post=2758"}],"wp:featuredmedia":[{"embeddable":true,"href":"https:\/\/dubaidatesnutrition.com\/it\/wp-json\/wp\/v2\/media\/2756"}],"wp:attachment":[{"href":"https:\/\/dubaidatesnutrition.com\/it\/wp-json\/wp\/v2\/media?parent=2758"}],"wp:term":[{"taxonomy":"product_brand","embeddable":true,"href":"https:\/\/dubaidatesnutrition.com\/it\/wp-json\/wp\/v2\/product_brand?post=2758"},{"taxonomy":"product_cat","embeddable":true,"href":"https:\/\/dubaidatesnutrition.com\/it\/wp-json\/wp\/v2\/product_cat?post=2758"},{"taxonomy":"product_tag","embeddable":true,"href":"https:\/\/dubaidatesnutrition.com\/it\/wp-json\/wp\/v2\/product_tag?post=2758"}],"curies":[{"name":"wp","href":"https:\/\/api.w.org\/{rel}","templated":true}]}}